{"id":28833,"date":"2025-02-24T13:45:41","date_gmt":"2025-02-24T05:45:41","guid":{"rendered":"https:\/\/maquinasparafabricarbolsas.co\/es\/?post_type=product&#038;p=28833"},"modified":"2025-10-25T22:04:10","modified_gmt":"2025-10-25T14:04:10","slug":"rebobinadoras-de-plastico-film-y-alumimio-foil-y-papel","status":"publish","type":"product","link":"https:\/\/maquinasparafabricarbolsas.co\/es\/product\/rebobinadoras-de-plastico-film-y-alumimio-foil-y-papel","title":{"rendered":"M\u00e1quina Refiladora Film Y Alumimio Foil Y Papel"},"content":{"rendered":"<p>M\u00e1quina Refiladora Film Y Alumimio Foil Y Papel<\/p>\n<p>La M\u00e1quina Refiladora longitudinal es id\u00f3nea para el corte y rebobinado de una variedad de materiales en rollo, tales como BOPP, PET, CPP, CPE, PVC, papel de aluminio y papel, entre otros. Esta m\u00e1quina tiene la capacidad de recortar los bordes, as\u00ed como separar y cortar el material de acuerdo con los distintos requisitos establecidos durante el proceso de producci\u00f3n.<\/p>\n<table border=\"0\" cellspacing=\"1\" cellpadding=\"2\">\n<tbody>\n<tr>\n<td>Type<\/td>\n<td>LFQ-700A<\/td>\n<td>LFQ-1100A<\/td>\n<td>LFQ-1300A<\/td>\n<\/tr>\n<tr>\n<td>Max.Width of Mother Roll<\/td>\n<td>700mm<\/td>\n<td>1100mm<\/td>\n<td>1300mm<\/td>\n<\/tr>\n<tr>\n<td>MAX.Diameter of Mother Roll<\/td>\n<td>Dia600mm<\/td>\n<td>Dia600mm<\/td>\n<td>Dia600mm<\/td>\n<\/tr>\n<tr>\n<td>Width of Final Roll<\/td>\n<td>30-600mm<\/td>\n<td>30-600mm<\/td>\n<td>30-600mm<\/td>\n<\/tr>\n<tr>\n<td>Slitting and Rewinging Speed<\/td>\n<td>5-160m\/min<\/td>\n<td>5-160m\/min<\/td>\n<td>5-160m\/min<\/td>\n<\/tr>\n<tr>\n<td>Tolerance of EPC<\/td>\n<td>more or less 0.5mm<\/td>\n<td>0.5mm<\/td>\n<td>0.5mm<\/td>\n<\/tr>\n<tr>\n<td>Total Power<\/td>\n<td>2.7kw<\/td>\n<td>3.5kw<\/td>\n<td>3.5kw<\/td>\n<\/tr>\n<tr>\n<td>Weight of Machine<\/td>\n<td>1200kg<\/td>\n<td>1500kg<\/td>\n<td>1800kg<\/td>\n<\/tr>\n<tr>\n<td>Overall Dimension<\/td>\n<td>2000*1110*1400mm<\/td>\n<td>2400*1110*1400mm<\/td>\n<td>2600*1110*1400mm<\/td>\n<\/tr>\n<\/tbody>\n<\/table>\n","protected":false},"excerpt":{"rendered":"<p>M\u00e1quina Refiladora F<\/p>\n","protected":false},"featured_media":30246,"comment_status":"closed","ping_status":"closed","template":"","meta":{"_acf_changed":false},"product_brand":[],"product_cat":[76],"product_tag":[],"class_list":{"0":"post-28833","1":"product","2":"type-product","3":"status-publish","4":"has-post-thumbnail","6":"product_cat-maquina-refiladora","8":"first","9":"instock","10":"shipping-taxable","11":"product-type-simple"},"acf":[],"_links":{"self":[{"href":"https:\/\/maquinasparafabricarbolsas.co\/es\/wp-json\/wp\/v2\/product\/28833","targetHints":{"allow":["GET"]}}],"collection":[{"href":"https:\/\/maquinasparafabricarbolsas.co\/es\/wp-json\/wp\/v2\/product"}],"about":[{"href":"https:\/\/maquinasparafabricarbolsas.co\/es\/wp-json\/wp\/v2\/types\/product"}],"replies":[{"embeddable":true,"href":"https:\/\/maquinasparafabricarbolsas.co\/es\/wp-json\/wp\/v2\/comments?post=28833"}],"version-history":[{"count":3,"href":"https:\/\/maquinasparafabricarbolsas.co\/es\/wp-json\/wp\/v2\/product\/28833\/revisions"}],"predecessor-version":[{"id":30249,"href":"https:\/\/maquinasparafabricarbolsas.co\/es\/wp-json\/wp\/v2\/product\/28833\/revisions\/30249"}],"wp:featuredmedia":[{"embeddable":true,"href":"https:\/\/maquinasparafabricarbolsas.co\/es\/wp-json\/wp\/v2\/media\/30246"}],"wp:attachment":[{"href":"https:\/\/maquinasparafabricarbolsas.co\/es\/wp-json\/wp\/v2\/media?parent=28833"}],"wp:term":[{"taxonomy":"product_brand","embeddable":true,"href":"https:\/\/maquinasparafabricarbolsas.co\/es\/wp-json\/wp\/v2\/product_brand?post=28833"},{"taxonomy":"product_cat","embeddable":true,"href":"https:\/\/maquinasparafabricarbolsas.co\/es\/wp-json\/wp\/v2\/product_cat?post=28833"},{"taxonomy":"product_tag","embeddable":true,"href":"https:\/\/maquinasparafabricarbolsas.co\/es\/wp-json\/wp\/v2\/product_tag?post=28833"}],"curies":[{"name":"wp","href":"https:\/\/api.w.org\/{rel}","templated":true}]}}