{"id":29594,"date":"2025-09-26T21:44:14","date_gmt":"2025-09-26T13:44:14","guid":{"rendered":"https:\/\/maquinasparafabricarbolsas.co\/es\/?post_type=product&#038;p=29594"},"modified":"2025-10-24T01:19:13","modified_gmt":"2025-10-23T17:19:13","slug":"automatico-maquina-para-hacer-bolsas-de-plastico-tipo-camiseta","status":"publish","type":"product","link":"https:\/\/maquinasparafabricarbolsas.co\/es\/maquina-para-hacer-bolsas-de-plastico-tipo-camiseta","title":{"rendered":"Autom\u00e1tico M\u00e1quina Para Hacer Bolsas de Pl\u00e1stico Tipo Camiseta"},"content":{"rendered":"<p>Descripci\u00f3n de la M\u00e1quina Para Hacer Bolsas de Pl\u00e1stico Tipo Camiseta<\/p>\n<p>La M\u00e1quina Para Hacer Bolsas de Pl\u00e1stico Tipo Camiseta ha sido dise\u00f1ada para llevar a cabo el termosellado y el corte t\u00e9rmico de una variedad de pel\u00edculas pl\u00e1sticas, como LDPE y HDPE. Este equipo resulta id\u00f3neo para la producci\u00f3n automatizada de bolsas pl\u00e1sticas.<\/p>\n<p>Este modelo de m\u00e1quina para la fabricaci\u00f3n de bolsas cuenta con sensores de color dual, dos motores paso a paso, dos sistemas de accionamiento, dos unidades de corte y dos marcos de desbobinado, lo que facilita la producci\u00f3n simult\u00e1nea de dos bolsas. Adem\u00e1s, tiene la capacidad de generar dos bolsas de diferentes tama\u00f1os al mismo tiempo, alcanzando una velocidad operativa de hasta 360 bolsas por minuto.<\/p>\n<p>Dispone de una pantalla t\u00e1ctil.<br \/>\nEst\u00e1 equipado con dos sensores para la producci\u00f3n de bolsas, tanto con impresi\u00f3n como sin impresi\u00f3n.<br \/>\nIncorpora dos motores paso a paso.<br \/>\nPosee dos desbobinadores.<br \/>\nCapacidad de producci\u00f3n de 400 bolsas por minuto.<\/p>\n<p data-rm-block-id=\"block-1\"><img loading=\"lazy\" decoding=\"async\" class=\" Bolsas De Plastico Tipo Camiseta wp-image-29424 \" title=\" Bolsas De Plastico Tipo Camiseta\" src=\"https:\/\/bolseadora.com.mx\/wp-content\/uploads\/2025\/02\/Bolsas-De-Plastico-Tipo-Camiseta.jpg\" alt=\" Bolsas De Plastico Tipo Camiseta\" width=\"450\" height=\"225\" \/><\/p>\n<div>\n<p>Bolsas De Plastico Tipo Camiseta<\/p>\n<p data-rm-block-id=\"block-6\"><strong>Aplicaci\u00f3n\u00a0<\/strong><br \/>\nLa\u00a0m\u00e1quina\u00a0para\u00a0fabricar\u00a0bolsas\u00a0camisetas\u00a0utilice\u00a0para\u00a0fabricar\u00a0e\u00a0imprimirbolsas\u00a0de\u00a0vestiduras\u00a0incolora<\/p>\n<\/div>\n<div data-rm-block-id=\"block-7\"><span data-scayt_word=\"hecha\" data-scaytid=\"124\">hecha<\/span>\u00a0de\u00a0<span data-scayt_word=\"rollos\" data-scaytid=\"125\">rollos<\/span>\u00a0de\u00a0<span data-scayt_word=\"pel\u00edculas\" data-scaytid=\"126\">pel\u00edculas<\/span>\u00a0<span data-scayt_word=\"HDPE\" data-scaytid=\"114\">HDPE<\/span>,\u00a0<span data-scayt_word=\"LDPE\" data-scaytid=\"115\">LDPE<\/span>.<br \/>\n<strong>Especificaciones\u00a0t\u00e9cnicas\u00a0de la\u00a0m\u00e1quina\u00a0para\u00a0fabricar\u00a0bolsascamisetas<\/strong><\/div>\n<div>\n<table style=\"padding: 0px; margin: 0px; width: 677px;\" border=\"0\" cellspacing=\"1\" cellpadding=\"0\">\n<tbody>\n<tr>\n<td data-rm-block-id=\"block-8\"><strong>Modelo<\/strong><\/td>\n<td data-rm-block-id=\"block-9\"><strong>DFHQ-350X2<\/strong><\/td>\n<td data-rm-block-id=\"block-10\"><strong>DFHQ-450X2<\/strong><\/td>\n<\/tr>\n<tr>\n<td data-rm-block-id=\"block-11\">M\u00e1x.\u00a0ancho\u00a0de la\u00a0fabricaci\u00f3n\u00a0de la\u00a0bolsa<\/td>\n<td data-rm-block-id=\"block-12\"><span data-scayt_word=\"300mmX2\" data-scaytid=\"135\">300mmX2<\/span><\/td>\n<td data-rm-block-id=\"block-13\"><span data-scayt_word=\"400mmX2\" data-scaytid=\"136\">400mmX2<\/span><\/td>\n<\/tr>\n<tr>\n<td data-rm-block-id=\"block-14\"><span data-scayt_word=\"M\u00e1s\" data-scaytid=\"137\">M\u00e1s<\/span>.\u00a0<span data-scayt_word=\"Longitud\" data-scaytid=\"138\">Longitud<\/span>\u00a0de la\u00a0<span data-scayt_word=\"fabricaci\u00f3n\" data-scaytid=\"139\">fabricaci\u00f3n<\/span>\u00a0de la\u00a0<span data-scayt_word=\"bolsa\" data-scaytid=\"141\">bolsa<\/span><\/td>\n<td data-rm-block-id=\"block-15\"><span data-scayt_word=\"650mm\" data-scaytid=\"143\">650mm<\/span><\/td>\n<td data-rm-block-id=\"block-16\"><span data-scayt_word=\"650mm\" data-scaytid=\"144\">650mm<\/span><\/td>\n<\/tr>\n<tr>\n<td data-rm-block-id=\"block-17\"><span data-scayt_word=\"Grosor\" data-scaytid=\"145\">Grosor<\/span>\u00a0de la\u00a0<span data-scayt_word=\"fabricaci\u00f3n\" data-scaytid=\"140\">fabricaci\u00f3n<\/span>\u00a0de la\u00a0<span data-scayt_word=\"bolsa\" data-scaytid=\"142\">bolsa<\/span><\/td>\n<td data-rm-block-id=\"block-18\">0.015-0.035mm<\/td>\n<td data-rm-block-id=\"block-19\">0.015-0.035mm<\/td>\n<\/tr>\n<tr>\n<td data-rm-block-id=\"block-20\"><span data-scayt_word=\"Velocidad\" data-scaytid=\"150\">Velocidad<\/span>\u00a0de la\u00a0<span data-scayt_word=\"fabricaci\u00f3n\" data-scaytid=\"146\">fabricaci\u00f3n<\/span>\u00a0de la\u00a0<span data-scayt_word=\"bolsa\" data-scaytid=\"147\">bolsa<\/span><\/td>\n<td data-rm-block-id=\"block-21\"><span data-scayt_word=\"140-200pcs\" data-scaytid=\"148\">140-200pcs<\/span>\/<span data-scayt_word=\"minX2\" data-scaytid=\"155\">minX2<\/span><\/td>\n<td data-rm-block-id=\"block-22\"><span data-scayt_word=\"140-200pcs\" data-scaytid=\"149\">140-200pcs<\/span>\/minX2<\/td>\n<\/tr>\n<tr>\n<td data-rm-block-id=\"block-23\">Presi\u00f3n\u00a0del\u00a0aire<\/td>\n<td data-rm-block-id=\"block-24\">5kg\/cm\u00b2<\/td>\n<td data-rm-block-id=\"block-25\">5kg\/cm\u00b2<\/td>\n<\/tr>\n<tr>\n<td data-rm-block-id=\"block-26\">Potencia\u00a0total<\/td>\n<td data-rm-block-id=\"block-27\">7kw<\/td>\n<td data-rm-block-id=\"block-28\">9kw<\/td>\n<\/tr>\n<tr>\n<td data-rm-block-id=\"block-29\">Peso de la\u00a0m\u00e1quina<\/td>\n<td data-rm-block-id=\"block-30\">1200kg<\/td>\n<td data-rm-block-id=\"block-31\">1600kg<\/td>\n<\/tr>\n<tr>\n<td data-rm-block-id=\"block-32\"><span data-scayt_word=\"Dimensiones\" data-scaytid=\"181\">Dimensiones<\/span>\u00a0<span data-scayt_word=\"totales\" data-scaytid=\"182\">totales<\/span><\/td>\n<td data-rm-block-id=\"block-33\"><span data-scayt_word=\"6000X1400X1600mm\" data-scaytid=\"183\">6000X1400X1600mm<\/span><\/td>\n<td data-rm-block-id=\"block-34\"><span data-scayt_word=\"6000X1500X1600mm\" data-scaytid=\"184\">6000X1500X1600mm<\/span><\/td>\n<\/tr>\n<\/tbody>\n<\/table>\n<p data-rm-block-id=\"block-35\">\t\t<div data-elementor-type=\"page\" data-elementor-id=\"29875\" class=\"elementor elementor-29875\" data-elementor-post-type=\"elementor_library\">\n\t\t\t\t\t\t<section class=\"elementor-section elementor-top-section elementor-element elementor-element-490c8a90 elementor-section-boxed elementor-section-height-default elementor-section-height-default\" data-id=\"490c8a90\" data-element_type=\"section\">\n\t\t\t\t\t\t<div class=\"elementor-container elementor-column-gap-default\">\n\t\t\t\t\t<div class=\"elementor-column elementor-col-100 elementor-top-column elementor-element elementor-element-2a2a048d\" data-id=\"2a2a048d\" data-element_type=\"column\">\n\t\t\t<div class=\"elementor-widget-wrap elementor-element-populated\">\n\t\t\t\t\t\t<div class=\"elementor-element elementor-element-3d029a9f elementor-widget elementor-widget-heading\" data-id=\"3d029a9f\" data-element_type=\"widget\" data-widget_type=\"heading.default\">\n\t\t\t\t<div class=\"elementor-widget-container\">\n\t\t\t\t\t<h2 class=\"elementor-heading-title elementor-size-default\">Shipment<\/h2>\t\t\t\t<\/div>\n\t\t\t\t<\/div>\n\t\t\t\t<div class=\"elementor-element elementor-element-4a6d279d elementor-widget-divider--view-line elementor-widget elementor-widget-divider\" data-id=\"4a6d279d\" data-element_type=\"widget\" data-widget_type=\"divider.default\">\n\t\t\t\t<div class=\"elementor-widget-container\">\n\t\t\t\t\t\t\t<div class=\"elementor-divider\">\n\t\t\t<span class=\"elementor-divider-separator\">\n\t\t\t\t\t\t<\/span>\n\t\t<\/div>\n\t\t\t\t\t\t<\/div>\n\t\t\t\t<\/div>\n\t\t\t\t\t<\/div>\n\t\t<\/div>\n\t\t\t\t\t<\/div>\n\t\t<\/section>\n\t\t<div class=\"wd-negative-gap elementor-element elementor-element-7e6fceb7 e-flex e-con-boxed e-con e-parent\" data-id=\"7e6fceb7\" data-element_type=\"container\">\n\t\t\t\t\t<div class=\"e-con-inner\">\n\t\t\t\t<div class=\"elementor-element elementor-element-42573631 elementor-widget elementor-widget-wp-widget-text\" data-id=\"42573631\" data-element_type=\"widget\" data-widget_type=\"wp-widget-text.default\">\n\t\t\t\t<div class=\"elementor-widget-container\">\n\t\t\t\t\t<h5>Env\u00edo de m\u00e1quina para fabricar bolsas de pl\u00e1stico<\/h5>\t\t\t<div class=\"textwidget\"><p>Si solo compra una m\u00e1quina, la empacaremos con un paquete de madera y la cargaremos en un contenedor con carga menor a la del contenedor (LCL).<\/p>\n<div id=\"attachment_29396\" style=\"width: 460px\" class=\"wp-caption alignnone\"><img fetchpriority=\"high\" decoding=\"async\" fetchpriority=\"high\" aria-describedby=\"caption-attachment-29396\" class=\"wp-image-29396\" src=\"https:\/\/mx.maquinaparahacerbolsas.com.mx\/wp-content\/uploads\/2025\/09\/Maquina-para-hacer-bolsas-de-plastico-con-paquete-de-madera.webp\" alt=\"M\u00e1quina para hacer bolsas de pl\u00e1stico con paquete de madera\" width=\"450\" height=\"338\" \/><p id=\"caption-attachment-29396\" class=\"wp-caption-text\">M\u00e1quina para hacer bolsas de pl\u00e1stico con paquete de madera<\/p><\/div>\n<p>Si compra m\u00e1s m\u00e1quinas, empacaremos las m\u00e1quinas con pel\u00edcula estirable y las cargaremos en un contenedor completo directamente (carga de contenedor completo FCL).<\/p>\n<div id=\"attachment_29403\" style=\"width: 460px\" class=\"wp-caption alignnone\"><img loading=\"lazy\" decoding=\"async\" aria-describedby=\"caption-attachment-29403\" class=\"wp-image-29403\" src=\"https:\/\/mx.maquinaparahacerbolsas.com.mx\/wp-content\/uploads\/2025\/09\/film-blowing-machine-loading-container-export.webp\" alt=\"contenedor de carga para extrusi\u00f3n de pel\u00edcula soplada\" width=\"450\" height=\"450\" \/><p id=\"caption-attachment-29403\" class=\"wp-caption-text\">contenedor de carga para extrusi\u00f3n de pel\u00edcula soplada<\/p><\/div>\n<div id=\"attachment_29402\" style=\"width: 460px\" class=\"wp-caption alignnone\"><img loading=\"lazy\" decoding=\"async\" aria-describedby=\"caption-attachment-29402\" class=\"wp-image-29402\" src=\"https:\/\/mx.maquinaparahacerbolsas.com.mx\/wp-content\/uploads\/2025\/09\/plasticbagmachinesolution.webp\" alt=\"L\u00ednea completa de m\u00e1quinas para hacer bolsas de pl\u00e1stico\" width=\"450\" height=\"429\" \/><p id=\"caption-attachment-29402\" class=\"wp-caption-text\">L\u00ednea completa de m\u00e1quinas para hacer bolsas de pl\u00e1stico<\/p><\/div>\n<div id=\"attachment_29401\" style=\"width: 460px\" class=\"wp-caption alignnone\"><img loading=\"lazy\" decoding=\"async\" loading=\"lazy\" aria-describedby=\"caption-attachment-29401\" class=\"wp-image-29401\" src=\"https:\/\/mx.maquinaparahacerbolsas.com.mx\/wp-content\/uploads\/2025\/09\/shipmentplasticmachines.webp\" alt=\"Exportar m\u00e1quinas para hacer bolsas de pl\u00e1stico a diferentes pa\u00edses.\" width=\"450\" height=\"227\" \/><p id=\"caption-attachment-29401\" class=\"wp-caption-text\">Exportar m\u00e1quinas para hacer bolsas de pl\u00e1stico a diferentes pa\u00edses.<\/p><\/div>\n<p>&nbsp;<\/p>\n<\/div>\n\t\t\t\t\t\t<\/div>\n\t\t\t\t<\/div>\n\t\t\t\t\t<\/div>\n\t\t\t\t<\/div>\n\t\t<div class=\"wd-negative-gap elementor-element elementor-element-1d82cf68 e-flex e-con-boxed e-con e-parent\" data-id=\"1d82cf68\" data-element_type=\"container\">\n\t\t\t\t\t<div class=\"e-con-inner\">\n\t\t\t\t<div class=\"elementor-element elementor-element-51e47a49 elementor-widget elementor-widget-heading\" data-id=\"51e47a49\" data-element_type=\"widget\" data-widget_type=\"heading.default\">\n\t\t\t\t<div class=\"elementor-widget-container\">\n\t\t\t\t\t<h2 class=\"elementor-heading-title elementor-size-default\">Instalar la m\u00e1quina en la f\u00e1brica del cliente.<\/h2>\t\t\t\t<\/div>\n\t\t\t\t<\/div>\n\t\t\t\t\t<\/div>\n\t\t\t\t<\/div>\n\t\t<div class=\"wd-negative-gap elementor-element elementor-element-4ff599f8 e-flex e-con-boxed e-con e-parent\" data-id=\"4ff599f8\" data-element_type=\"container\">\n\t\t\t\t\t<div class=\"e-con-inner\">\n\t\t\t\t<div class=\"elementor-element elementor-element-45dfc6fb elementor-widget elementor-widget-heading\" data-id=\"45dfc6fb\" data-element_type=\"widget\" data-widget_type=\"heading.default\">\n\t\t\t\t<div class=\"elementor-widget-container\">\n\t\t\t\t\t<h2 class=\"elementor-heading-title elementor-size-default\">install machines in customer factory<br><img loading=\"lazy\" decoding=\"async\" class=\"alignnone wp-image-29400\" src=\"https:\/\/mx.maquinaparahacerbolsas.com.mx\/wp-content\/uploads\/2025\/09\/plastic-bag-machine-supplier.webp\" alt=\"\" width=\"450\" height=\"450\"><img loading=\"lazy\" decoding=\"async\" class=\"wp-image-29399\" src=\"https:\/\/mx.maquinaparahacerbolsas.com.mx\/wp-content\/uploads\/2025\/09\/Plastic-bag-machine-factory.webp\" alt=\"M\u00e1quina para fabricar bolsas de pl\u00e1stico en la f\u00e1brica del cliente\" width=\"450\" height=\"457\" style=\"font-size: 15px\"><\/h2>\t\t\t\t<\/div>\n\t\t\t\t<\/div>\n\t\t\t\t\t<\/div>\n\t\t\t\t<\/div>\n\t\t<div class=\"wd-negative-gap elementor-element elementor-element-1dd6c737 e-flex e-con-boxed e-con e-parent\" data-id=\"1dd6c737\" data-element_type=\"container\">\n\t\t\t\t\t<div class=\"e-con-inner\">\n\t\t\t\t<div class=\"elementor-element elementor-element-16dbb173 elementor-widget elementor-widget-heading\" data-id=\"16dbb173\" data-element_type=\"widget\" data-widget_type=\"heading.default\">\n\t\t\t\t<div class=\"elementor-widget-container\">\n\t\t\t\t\t<h2 class=\"elementor-heading-title elementor-size-default\">Proveedor de piezas de maquinaria<\/h2>\t\t\t\t<\/div>\n\t\t\t\t<\/div>\n\t\t\t\t\t<\/div>\n\t\t\t\t<\/div>\n\t\t<div class=\"wd-negative-gap elementor-element elementor-element-47782de6 e-flex e-con-boxed e-con e-parent\" data-id=\"47782de6\" data-element_type=\"container\">\n\t\t\t\t\t<div class=\"e-con-inner\">\n\t\t\t\t<div class=\"elementor-element elementor-element-d9cde2c elementor-widget elementor-widget-heading\" data-id=\"d9cde2c\" data-element_type=\"widget\" data-widget_type=\"heading.default\">\n\t\t\t\t<div class=\"elementor-widget-container\">\n\t\t\t\t\t<h2 class=\"elementor-heading-title elementor-size-default\"><img loading=\"lazy\" decoding=\"async\" class=\"wp-image-29398\" src=\"https:\/\/mx.maquinaparahacerbolsas.com.mx\/wp-content\/uploads\/2025\/09\/machinepartssupplier.webp\" alt=\"Proveedor de piezas de maquinaria\" width=\"450\" height=\"259\" style=\"font-size: 15px\"><\/h2>\t\t\t\t<\/div>\n\t\t\t\t<\/div>\n\t\t\t\t\t<\/div>\n\t\t\t\t<\/div>\n\t\t<div class=\"wd-negative-gap elementor-element elementor-element-3cfcb806 e-flex e-con-boxed e-con e-parent\" data-id=\"3cfcb806\" data-element_type=\"container\">\n\t\t\t\t\t<div class=\"e-con-inner\">\n\t\t\t\t<div class=\"elementor-element elementor-element-7da69e1d elementor-widget elementor-widget-heading\" data-id=\"7da69e1d\" data-element_type=\"widget\" data-widget_type=\"heading.default\">\n\t\t\t\t<div class=\"elementor-widget-container\">\n\t\t\t\t\t<h2 class=\"elementor-heading-title elementor-size-default\">Proveedor de materia prima de polietileno<\/h2>\t\t\t\t<\/div>\n\t\t\t\t<\/div>\n\t\t\t\t\t<\/div>\n\t\t\t\t<\/div>\n\t\t<div class=\"wd-negative-gap elementor-element elementor-element-34f78e0d e-flex e-con-boxed e-con e-parent\" data-id=\"34f78e0d\" data-element_type=\"container\">\n\t\t\t\t\t<div class=\"e-con-inner\">\n\t\t\t\t<div class=\"elementor-element elementor-element-71ba6c50 elementor-widget elementor-widget-wd_text_block\" data-id=\"71ba6c50\" data-element_type=\"widget\" data-widget_type=\"wd_text_block.default\">\n\t\t\t\t<div class=\"elementor-widget-container\">\n\t\t\t\t\t\t\t<div class=\"wd-text-block reset-last-child text-left\">\n\t\t\t\n\t\t\t<p><strong>C\u00f3mo encontrar polietileno para la extrusi\u00f3n de pel\u00edcula soplada. La extrusi\u00f3n de pel\u00edcula utiliza polietileno, como polietileno de baja densidad (LDPE), polietileno de alta densidad (HDPE), polietileno lineal de baja densidad (LLDPE) y polipropileno (PP).<\/strong><\/p><p>A continuaci\u00f3n, se presentan importantes proveedores de materiales a nivel mundial con oficinas en todo el mundo. Puede consultarlos en el mercado local.<\/p><p>1.<a href=\"http:\/\/www.sabic.com\/\" target=\"_blank\" rel=\"noopener\"><strong><u>Sabic Saudi Basic Industries Corporation<\/u><\/strong><\/a><\/p><p>2.<a href=\"http:\/\/www.exxonmobilchemical.com\/\" target=\"_blank\" rel=\"noopener\"><strong><u>ExxonMobil Chemical Company<\/u><\/strong><\/a><\/p><p>3.<a href=\"http:\/\/www.dow.com\/\" target=\"_blank\" rel=\"noopener\"><strong><u>Dow Chemical Company<\/u><\/strong><\/a><strong>\u00a0<\/strong><\/p><p><img loading=\"lazy\" decoding=\"async\" class=\"wp-image-29397\" style=\"font-size: 14px;\" src=\"https:\/\/mx.maquinaparahacerbolsas.com.mx\/wp-content\/uploads\/2025\/09\/polyethylene-HDPE-LDPE-supplier.webp\" alt=\"Proveedor de materiales\" width=\"450\" height=\"462\" \/><\/p>\n\t\t\t\t\t<\/div>\n\t\t\t\t\t\t<\/div>\n\t\t\t\t<\/div>\n\t\t\t\t\t<\/div>\n\t\t\t\t<\/div>\n\t\t\t\t<\/div>\n\t\t<\/p>\n<\/div>\n","protected":false},"excerpt":{"rendered":"<p>Descripci\u00f3n de la M\u00e1<\/p>\n","protected":false},"featured_media":29627,"comment_status":"closed","ping_status":"closed","template":"","meta":{"_acf_changed":false},"product_brand":[],"product_cat":[86],"product_tag":[],"class_list":{"0":"post-29594","1":"product","2":"type-product","3":"status-publish","4":"has-post-thumbnail","6":"product_cat-maquina-para-hacer-bolsas-plastico","8":"first","9":"instock","10":"shipping-taxable","11":"product-type-simple"},"acf":[],"_links":{"self":[{"href":"https:\/\/maquinasparafabricarbolsas.co\/es\/wp-json\/wp\/v2\/product\/29594","targetHints":{"allow":["GET"]}}],"collection":[{"href":"https:\/\/maquinasparafabricarbolsas.co\/es\/wp-json\/wp\/v2\/product"}],"about":[{"href":"https:\/\/maquinasparafabricarbolsas.co\/es\/wp-json\/wp\/v2\/types\/product"}],"replies":[{"embeddable":true,"href":"https:\/\/maquinasparafabricarbolsas.co\/es\/wp-json\/wp\/v2\/comments?post=29594"}],"version-history":[{"count":2,"href":"https:\/\/maquinasparafabricarbolsas.co\/es\/wp-json\/wp\/v2\/product\/29594\/revisions"}],"predecessor-version":[{"id":30089,"href":"https:\/\/maquinasparafabricarbolsas.co\/es\/wp-json\/wp\/v2\/product\/29594\/revisions\/30089"}],"wp:featuredmedia":[{"embeddable":true,"href":"https:\/\/maquinasparafabricarbolsas.co\/es\/wp-json\/wp\/v2\/media\/29627"}],"wp:attachment":[{"href":"https:\/\/maquinasparafabricarbolsas.co\/es\/wp-json\/wp\/v2\/media?parent=29594"}],"wp:term":[{"taxonomy":"product_brand","embeddable":true,"href":"https:\/\/maquinasparafabricarbolsas.co\/es\/wp-json\/wp\/v2\/product_brand?post=29594"},{"taxonomy":"product_cat","embeddable":true,"href":"https:\/\/maquinasparafabricarbolsas.co\/es\/wp-json\/wp\/v2\/product_cat?post=29594"},{"taxonomy":"product_tag","embeddable":true,"href":"https:\/\/maquinasparafabricarbolsas.co\/es\/wp-json\/wp\/v2\/product_tag?post=29594"}],"curies":[{"name":"wp","href":"https:\/\/api.w.org\/{rel}","templated":true}]}}