{"id":29595,"date":"2025-09-26T21:44:14","date_gmt":"2025-09-26T13:44:14","guid":{"rendered":"https:\/\/maquinasparafabricarbolsas.co\/es\/?post_type=product&#038;p=29595"},"modified":"2025-10-24T01:17:52","modified_gmt":"2025-10-23T17:17:52","slug":"maquina-para-hacer-bolsas-de-basura-en-colombia","status":"publish","type":"product","link":"https:\/\/maquinasparafabricarbolsas.co\/es\/maquina-para-hacer-bolsas-de-basura-en-colombia","title":{"rendered":"M\u00e1quina para hacer bolsas de basura en roll"},"content":{"rendered":"<p>Caracter\u00edsticas de la M\u00e1quina para hacer bolsas de basura de pl\u00e1stico:<\/p>\n<p>Dispone de una pantalla t\u00e1ctil.<br \/>\nIncorpora un sensor que permite la producci\u00f3n de bolsas con y sin impresi\u00f3n.<br \/>\nEquipado con un motor paso a paso.<br \/>\nCuenta con dos desenrolladores.<br \/>\nCapacidad de producci\u00f3n de 200 bolsas por minuto.<br \/>\nMaterial utilizado: PEAD y PEBD polietileno.<br \/>\nFabricaci\u00f3n de bolsas tipo camiseta y bolsas planas en rollo.<br \/>\nAlimentaci\u00f3n el\u00e9ctrica de 220 V.<br \/>\nOperaci\u00f3n sencilla y con un a\u00f1o de garant\u00eda.<br \/>\nM\u00e1quina dise\u00f1ada para la fabricaci\u00f3n de bolsas tipo camiseta en rollo.<\/p>\n<div id=\"attachment_29427\" style=\"width: 410px\" class=\"wp-caption alignnone\"><img loading=\"lazy\" decoding=\"async\" aria-describedby=\"caption-attachment-29427\" class=\"bolsas de basura en rollo plastico wp-image-29427 size-full\" title=\"bolsas de basura en rollo plastico\" src=\"https:\/\/bolseadora.com.mx\/wp-content\/uploads\/2025\/02\/bolsas-de-basura-en-rollo-plastico.jpg\" alt=\"bolsas de basura en rollo plastico\" width=\"400\" height=\"300\" \/><p id=\"caption-attachment-29427\" class=\"wp-caption-text\">bolsas de basura en rollo plastico<\/p><\/div>\n<p data-rm-block-id=\"block-2\"><strong>Especificaciones\u00a0t\u00e9cnicas\u00a0de la\u00a0m\u00e1quina\u00a0para\u00a0fabricar\u00a0bolsascamisetas<\/strong><\/p>\n<p data-rm-block-id=\"block-3\">La <strong>M\u00e1quina para fabricar bolsas camisetas en roll<\/strong> es ideal para la producci\u00f3n eficiente de bolsas de alta calidad.<\/p>\n<table style=\"padding: 0px; margin: 0px; font-family: Verdana, Arial, Helvetica, sans-serif; width: 730px;\" border=\"0\" cellspacing=\"1\" cellpadding=\"0\">\n<tbody>\n<tr>\n<td data-rm-block-id=\"block-4\"><strong>Modelo<\/strong><\/td>\n<td data-rm-block-id=\"block-5\"><strong>KDB-500<\/strong><\/td>\n<td data-rm-block-id=\"block-6\"><strong>KDB-600<\/strong><\/td>\n<td data-rm-block-id=\"block-7\"><strong>KDB-800<\/strong><\/td>\n<\/tr>\n<tr>\n<td data-rm-block-id=\"block-8\">M\u00e1x.\u00a0ancho\u00a0para\u00a0fabricar\u00a0bolsas\u00a0(mm )<\/td>\n<td data-rm-block-id=\"block-9\">400<\/td>\n<td data-rm-block-id=\"block-10\">500<\/td>\n<td data-rm-block-id=\"block-11\">700<\/td>\n<\/tr>\n<tr>\n<td data-rm-block-id=\"block-12\">M\u00e1x.\u00a0longitud\u00a0para\u00a0fabricar\u00a0bolsas\u00a0(mm )<\/td>\n<td data-rm-block-id=\"block-13\">1200<\/td>\n<td data-rm-block-id=\"block-14\">1200<\/td>\n<td data-rm-block-id=\"block-15\">1200<\/td>\n<\/tr>\n<tr>\n<td data-rm-block-id=\"block-16\">Grosor\u00a0para\u00a0fabricar\u00a0bolsas<\/td>\n<td data-rm-block-id=\"block-17\">0.008-0.15<\/td>\n<td data-rm-block-id=\"block-18\">0.008-0.15<\/td>\n<td data-rm-block-id=\"block-19\">0.008-0.10<\/td>\n<\/tr>\n<tr>\n<td data-rm-block-id=\"block-20\">Velocidad\u00a0para\u00a0fabricar\u00a0bolsas\u00a0(pc \/min )<\/td>\n<td data-rm-block-id=\"block-21\">140-200<\/td>\n<td data-rm-block-id=\"block-22\">40-120<\/td>\n<td data-rm-block-id=\"block-23\">40-120<\/td>\n<\/tr>\n<tr>\n<td data-rm-block-id=\"block-24\">Potencia\u00a0del motor (kw\u00a0)<\/td>\n<td data-rm-block-id=\"block-25\">1.1<\/td>\n<td data-rm-block-id=\"block-26\">1.1<\/td>\n<td data-rm-block-id=\"block-27\">1.5<\/td>\n<\/tr>\n<tr>\n<td data-rm-block-id=\"block-28\"><span data-scayt_word=\"Potencia\" data-scaytid=\"228\">Potencia<\/span>\u00a0del\u00a0<span data-scayt_word=\"calentador\" data-scaytid=\"230\">calentador<\/span>\u00a0<span data-scayt_word=\"el\u00e9ctrico\" data-scaytid=\"231\">el\u00e9ctrico<\/span><\/td>\n<td data-rm-block-id=\"block-29\">1.2<\/td>\n<td data-rm-block-id=\"block-30\">1.6<\/td>\n<td data-rm-block-id=\"block-31\">2.2<\/td>\n<\/tr>\n<tr>\n<td data-rm-block-id=\"block-32\"><span data-scayt_word=\"Dimensiones\" data-scaytid=\"232\">Dimensiones<\/span>\u00a0del\u00a0<span data-scayt_word=\"embalaje\" data-scaytid=\"233\">embalaje<\/span>\u00a0(L x Ax A)mm<\/td>\n<td data-rm-block-id=\"block-33\"><span data-scayt_word=\"3600X1200X1700\" data-scaytid=\"234\">3600X1200X1700<\/span><\/td>\n<td data-rm-block-id=\"block-34\"><span data-scayt_word=\"3400X1300X1700\" data-scaytid=\"235\">3400X1300X1700<\/span><\/td>\n<td data-rm-block-id=\"block-35\"><span data-scayt_word=\"3600X1500X1700\" data-scaytid=\"236\">3600X1500X1700<\/span><\/td>\n<\/tr>\n<tr>\n<td data-rm-block-id=\"block-36\">Peso de la\u00a0<span data-scayt_word=\"maquinar\u00eda\" data-scaytid=\"237\">maquinar\u00eda<\/span>\u00a0(kg )<\/td>\n<td data-rm-block-id=\"block-37\">800<\/td>\n<td data-rm-block-id=\"block-38\">900<\/td>\n<td data-rm-block-id=\"block-39\">100<\/td>\n<\/tr>\n<\/tbody>\n<\/table>\n<p data-rm-block-id=\"block-40\">\t\t<div data-elementor-type=\"page\" data-elementor-id=\"29875\" class=\"elementor elementor-29875\" data-elementor-post-type=\"elementor_library\">\n\t\t\t\t\t\t<section class=\"elementor-section elementor-top-section elementor-element elementor-element-490c8a90 elementor-section-boxed elementor-section-height-default elementor-section-height-default\" data-id=\"490c8a90\" data-element_type=\"section\">\n\t\t\t\t\t\t<div class=\"elementor-container elementor-column-gap-default\">\n\t\t\t\t\t<div class=\"elementor-column elementor-col-100 elementor-top-column elementor-element elementor-element-2a2a048d\" data-id=\"2a2a048d\" data-element_type=\"column\">\n\t\t\t<div class=\"elementor-widget-wrap elementor-element-populated\">\n\t\t\t\t\t\t<div class=\"elementor-element elementor-element-3d029a9f elementor-widget elementor-widget-heading\" data-id=\"3d029a9f\" data-element_type=\"widget\" data-widget_type=\"heading.default\">\n\t\t\t\t<div class=\"elementor-widget-container\">\n\t\t\t\t\t<h2 class=\"elementor-heading-title elementor-size-default\">Shipment<\/h2>\t\t\t\t<\/div>\n\t\t\t\t<\/div>\n\t\t\t\t<div class=\"elementor-element elementor-element-4a6d279d elementor-widget-divider--view-line elementor-widget elementor-widget-divider\" data-id=\"4a6d279d\" data-element_type=\"widget\" data-widget_type=\"divider.default\">\n\t\t\t\t<div class=\"elementor-widget-container\">\n\t\t\t\t\t\t\t<div class=\"elementor-divider\">\n\t\t\t<span class=\"elementor-divider-separator\">\n\t\t\t\t\t\t<\/span>\n\t\t<\/div>\n\t\t\t\t\t\t<\/div>\n\t\t\t\t<\/div>\n\t\t\t\t\t<\/div>\n\t\t<\/div>\n\t\t\t\t\t<\/div>\n\t\t<\/section>\n\t\t<div class=\"wd-negative-gap elementor-element elementor-element-7e6fceb7 e-flex e-con-boxed e-con e-parent\" data-id=\"7e6fceb7\" data-element_type=\"container\">\n\t\t\t\t\t<div class=\"e-con-inner\">\n\t\t\t\t<div class=\"elementor-element elementor-element-42573631 elementor-widget elementor-widget-wp-widget-text\" data-id=\"42573631\" data-element_type=\"widget\" data-widget_type=\"wp-widget-text.default\">\n\t\t\t\t<div class=\"elementor-widget-container\">\n\t\t\t\t\t<h5>Env\u00edo de m\u00e1quina para fabricar bolsas de pl\u00e1stico<\/h5>\t\t\t<div class=\"textwidget\"><p>Si solo compra una m\u00e1quina, la empacaremos con un paquete de madera y la cargaremos en un contenedor con carga menor a la del contenedor (LCL).<\/p>\n<div id=\"attachment_29396\" style=\"width: 460px\" class=\"wp-caption alignnone\"><img fetchpriority=\"high\" decoding=\"async\" fetchpriority=\"high\" aria-describedby=\"caption-attachment-29396\" class=\"wp-image-29396\" src=\"https:\/\/mx.maquinaparahacerbolsas.com.mx\/wp-content\/uploads\/2025\/09\/Maquina-para-hacer-bolsas-de-plastico-con-paquete-de-madera.webp\" alt=\"M\u00e1quina para hacer bolsas de pl\u00e1stico con paquete de madera\" width=\"450\" height=\"338\" \/><p id=\"caption-attachment-29396\" class=\"wp-caption-text\">M\u00e1quina para hacer bolsas de pl\u00e1stico con paquete de madera<\/p><\/div>\n<p>Si compra m\u00e1s m\u00e1quinas, empacaremos las m\u00e1quinas con pel\u00edcula estirable y las cargaremos en un contenedor completo directamente (carga de contenedor completo FCL).<\/p>\n<div id=\"attachment_29403\" style=\"width: 460px\" class=\"wp-caption alignnone\"><img loading=\"lazy\" decoding=\"async\" aria-describedby=\"caption-attachment-29403\" class=\"wp-image-29403\" src=\"https:\/\/mx.maquinaparahacerbolsas.com.mx\/wp-content\/uploads\/2025\/09\/film-blowing-machine-loading-container-export.webp\" alt=\"contenedor de carga para extrusi\u00f3n de pel\u00edcula soplada\" width=\"450\" height=\"450\" \/><p id=\"caption-attachment-29403\" class=\"wp-caption-text\">contenedor de carga para extrusi\u00f3n de pel\u00edcula soplada<\/p><\/div>\n<div id=\"attachment_29402\" style=\"width: 460px\" class=\"wp-caption alignnone\"><img loading=\"lazy\" decoding=\"async\" aria-describedby=\"caption-attachment-29402\" class=\"wp-image-29402\" src=\"https:\/\/mx.maquinaparahacerbolsas.com.mx\/wp-content\/uploads\/2025\/09\/plasticbagmachinesolution.webp\" alt=\"L\u00ednea completa de m\u00e1quinas para hacer bolsas de pl\u00e1stico\" width=\"450\" height=\"429\" \/><p id=\"caption-attachment-29402\" class=\"wp-caption-text\">L\u00ednea completa de m\u00e1quinas para hacer bolsas de pl\u00e1stico<\/p><\/div>\n<div id=\"attachment_29401\" style=\"width: 460px\" class=\"wp-caption alignnone\"><img loading=\"lazy\" decoding=\"async\" loading=\"lazy\" aria-describedby=\"caption-attachment-29401\" class=\"wp-image-29401\" src=\"https:\/\/mx.maquinaparahacerbolsas.com.mx\/wp-content\/uploads\/2025\/09\/shipmentplasticmachines.webp\" alt=\"Exportar m\u00e1quinas para hacer bolsas de pl\u00e1stico a diferentes pa\u00edses.\" width=\"450\" height=\"227\" \/><p id=\"caption-attachment-29401\" class=\"wp-caption-text\">Exportar m\u00e1quinas para hacer bolsas de pl\u00e1stico a diferentes pa\u00edses.<\/p><\/div>\n<p>&nbsp;<\/p>\n<\/div>\n\t\t\t\t\t\t<\/div>\n\t\t\t\t<\/div>\n\t\t\t\t\t<\/div>\n\t\t\t\t<\/div>\n\t\t<div class=\"wd-negative-gap elementor-element elementor-element-1d82cf68 e-flex e-con-boxed e-con e-parent\" data-id=\"1d82cf68\" data-element_type=\"container\">\n\t\t\t\t\t<div class=\"e-con-inner\">\n\t\t\t\t<div class=\"elementor-element elementor-element-51e47a49 elementor-widget elementor-widget-heading\" data-id=\"51e47a49\" data-element_type=\"widget\" data-widget_type=\"heading.default\">\n\t\t\t\t<div class=\"elementor-widget-container\">\n\t\t\t\t\t<h2 class=\"elementor-heading-title elementor-size-default\">Instalar la m\u00e1quina en la f\u00e1brica del cliente.<\/h2>\t\t\t\t<\/div>\n\t\t\t\t<\/div>\n\t\t\t\t\t<\/div>\n\t\t\t\t<\/div>\n\t\t<div class=\"wd-negative-gap elementor-element elementor-element-4ff599f8 e-flex e-con-boxed e-con e-parent\" data-id=\"4ff599f8\" data-element_type=\"container\">\n\t\t\t\t\t<div class=\"e-con-inner\">\n\t\t\t\t<div class=\"elementor-element elementor-element-45dfc6fb elementor-widget elementor-widget-heading\" data-id=\"45dfc6fb\" data-element_type=\"widget\" data-widget_type=\"heading.default\">\n\t\t\t\t<div class=\"elementor-widget-container\">\n\t\t\t\t\t<h2 class=\"elementor-heading-title elementor-size-default\">install machines in customer factory<br><img loading=\"lazy\" decoding=\"async\" class=\"alignnone wp-image-29400\" src=\"https:\/\/mx.maquinaparahacerbolsas.com.mx\/wp-content\/uploads\/2025\/09\/plastic-bag-machine-supplier.webp\" alt=\"\" width=\"450\" height=\"450\"><img loading=\"lazy\" decoding=\"async\" class=\"wp-image-29399\" src=\"https:\/\/mx.maquinaparahacerbolsas.com.mx\/wp-content\/uploads\/2025\/09\/Plastic-bag-machine-factory.webp\" alt=\"M\u00e1quina para fabricar bolsas de pl\u00e1stico en la f\u00e1brica del cliente\" width=\"450\" height=\"457\" style=\"font-size: 15px\"><\/h2>\t\t\t\t<\/div>\n\t\t\t\t<\/div>\n\t\t\t\t\t<\/div>\n\t\t\t\t<\/div>\n\t\t<div class=\"wd-negative-gap elementor-element elementor-element-1dd6c737 e-flex e-con-boxed e-con e-parent\" data-id=\"1dd6c737\" data-element_type=\"container\">\n\t\t\t\t\t<div class=\"e-con-inner\">\n\t\t\t\t<div class=\"elementor-element elementor-element-16dbb173 elementor-widget elementor-widget-heading\" data-id=\"16dbb173\" data-element_type=\"widget\" data-widget_type=\"heading.default\">\n\t\t\t\t<div class=\"elementor-widget-container\">\n\t\t\t\t\t<h2 class=\"elementor-heading-title elementor-size-default\">Proveedor de piezas de maquinaria<\/h2>\t\t\t\t<\/div>\n\t\t\t\t<\/div>\n\t\t\t\t\t<\/div>\n\t\t\t\t<\/div>\n\t\t<div class=\"wd-negative-gap elementor-element elementor-element-47782de6 e-flex e-con-boxed e-con e-parent\" data-id=\"47782de6\" data-element_type=\"container\">\n\t\t\t\t\t<div class=\"e-con-inner\">\n\t\t\t\t<div class=\"elementor-element elementor-element-d9cde2c elementor-widget elementor-widget-heading\" data-id=\"d9cde2c\" data-element_type=\"widget\" data-widget_type=\"heading.default\">\n\t\t\t\t<div class=\"elementor-widget-container\">\n\t\t\t\t\t<h2 class=\"elementor-heading-title elementor-size-default\"><img loading=\"lazy\" decoding=\"async\" class=\"wp-image-29398\" src=\"https:\/\/mx.maquinaparahacerbolsas.com.mx\/wp-content\/uploads\/2025\/09\/machinepartssupplier.webp\" alt=\"Proveedor de piezas de maquinaria\" width=\"450\" height=\"259\" style=\"font-size: 15px\"><\/h2>\t\t\t\t<\/div>\n\t\t\t\t<\/div>\n\t\t\t\t\t<\/div>\n\t\t\t\t<\/div>\n\t\t<div class=\"wd-negative-gap elementor-element elementor-element-3cfcb806 e-flex e-con-boxed e-con e-parent\" data-id=\"3cfcb806\" data-element_type=\"container\">\n\t\t\t\t\t<div class=\"e-con-inner\">\n\t\t\t\t<div class=\"elementor-element elementor-element-7da69e1d elementor-widget elementor-widget-heading\" data-id=\"7da69e1d\" data-element_type=\"widget\" data-widget_type=\"heading.default\">\n\t\t\t\t<div class=\"elementor-widget-container\">\n\t\t\t\t\t<h2 class=\"elementor-heading-title elementor-size-default\">Proveedor de materia prima de polietileno<\/h2>\t\t\t\t<\/div>\n\t\t\t\t<\/div>\n\t\t\t\t\t<\/div>\n\t\t\t\t<\/div>\n\t\t<div class=\"wd-negative-gap elementor-element elementor-element-34f78e0d e-flex e-con-boxed e-con e-parent\" data-id=\"34f78e0d\" data-element_type=\"container\">\n\t\t\t\t\t<div class=\"e-con-inner\">\n\t\t\t\t<div class=\"elementor-element elementor-element-71ba6c50 elementor-widget elementor-widget-wd_text_block\" data-id=\"71ba6c50\" data-element_type=\"widget\" data-widget_type=\"wd_text_block.default\">\n\t\t\t\t<div class=\"elementor-widget-container\">\n\t\t\t\t\t\t\t<div class=\"wd-text-block reset-last-child text-left\">\n\t\t\t\n\t\t\t<p><strong>C\u00f3mo encontrar polietileno para la extrusi\u00f3n de pel\u00edcula soplada. La extrusi\u00f3n de pel\u00edcula utiliza polietileno, como polietileno de baja densidad (LDPE), polietileno de alta densidad (HDPE), polietileno lineal de baja densidad (LLDPE) y polipropileno (PP).<\/strong><\/p><p>A continuaci\u00f3n, se presentan importantes proveedores de materiales a nivel mundial con oficinas en todo el mundo. Puede consultarlos en el mercado local.<\/p><p>1.<a href=\"http:\/\/www.sabic.com\/\" target=\"_blank\" rel=\"noopener\"><strong><u>Sabic Saudi Basic Industries Corporation<\/u><\/strong><\/a><\/p><p>2.<a href=\"http:\/\/www.exxonmobilchemical.com\/\" target=\"_blank\" rel=\"noopener\"><strong><u>ExxonMobil Chemical Company<\/u><\/strong><\/a><\/p><p>3.<a href=\"http:\/\/www.dow.com\/\" target=\"_blank\" rel=\"noopener\"><strong><u>Dow Chemical Company<\/u><\/strong><\/a><strong>\u00a0<\/strong><\/p><p><img loading=\"lazy\" decoding=\"async\" class=\"wp-image-29397\" style=\"font-size: 14px;\" src=\"https:\/\/mx.maquinaparahacerbolsas.com.mx\/wp-content\/uploads\/2025\/09\/polyethylene-HDPE-LDPE-supplier.webp\" alt=\"Proveedor de materiales\" width=\"450\" height=\"462\" \/><\/p>\n\t\t\t\t\t<\/div>\n\t\t\t\t\t\t<\/div>\n\t\t\t\t<\/div>\n\t\t\t\t\t<\/div>\n\t\t\t\t<\/div>\n\t\t\t\t<\/div>\n\t\t<\/p>\n","protected":false},"excerpt":{"rendered":"<p>Caracter\u00edsticas de l<\/p>\n","protected":false},"featured_media":29629,"comment_status":"closed","ping_status":"closed","template":"","meta":{"_acf_changed":false},"product_brand":[],"product_cat":[86],"product_tag":[],"class_list":{"0":"post-29595","1":"product","2":"type-product","3":"status-publish","4":"has-post-thumbnail","6":"product_cat-maquina-para-hacer-bolsas-plastico","8":"first","9":"instock","10":"shipping-taxable","11":"product-type-simple"},"acf":[],"_links":{"self":[{"href":"https:\/\/maquinasparafabricarbolsas.co\/es\/wp-json\/wp\/v2\/product\/29595","targetHints":{"allow":["GET"]}}],"collection":[{"href":"https:\/\/maquinasparafabricarbolsas.co\/es\/wp-json\/wp\/v2\/product"}],"about":[{"href":"https:\/\/maquinasparafabricarbolsas.co\/es\/wp-json\/wp\/v2\/types\/product"}],"replies":[{"embeddable":true,"href":"https:\/\/maquinasparafabricarbolsas.co\/es\/wp-json\/wp\/v2\/comments?post=29595"}],"version-history":[{"count":1,"href":"https:\/\/maquinasparafabricarbolsas.co\/es\/wp-json\/wp\/v2\/product\/29595\/revisions"}],"predecessor-version":[{"id":30087,"href":"https:\/\/maquinasparafabricarbolsas.co\/es\/wp-json\/wp\/v2\/product\/29595\/revisions\/30087"}],"wp:featuredmedia":[{"embeddable":true,"href":"https:\/\/maquinasparafabricarbolsas.co\/es\/wp-json\/wp\/v2\/media\/29629"}],"wp:attachment":[{"href":"https:\/\/maquinasparafabricarbolsas.co\/es\/wp-json\/wp\/v2\/media?parent=29595"}],"wp:term":[{"taxonomy":"product_brand","embeddable":true,"href":"https:\/\/maquinasparafabricarbolsas.co\/es\/wp-json\/wp\/v2\/product_brand?post=29595"},{"taxonomy":"product_cat","embeddable":true,"href":"https:\/\/maquinasparafabricarbolsas.co\/es\/wp-json\/wp\/v2\/product_cat?post=29595"},{"taxonomy":"product_tag","embeddable":true,"href":"https:\/\/maquinasparafabricarbolsas.co\/es\/wp-json\/wp\/v2\/product_tag?post=29595"}],"curies":[{"name":"wp","href":"https:\/\/api.w.org\/{rel}","templated":true}]}}