{"id":29597,"date":"2025-09-26T21:44:14","date_gmt":"2025-09-26T13:44:14","guid":{"rendered":"https:\/\/maquinasparafabricarbolsas.co\/es\/?post_type=product&#038;p=29597"},"modified":"2025-10-24T01:15:49","modified_gmt":"2025-10-23T17:15:49","slug":"maquina-para-hacer-bolsas-de-plastico-con-manija-de-plastico","status":"publish","type":"product","link":"https:\/\/maquinasparafabricarbolsas.co\/es\/maquina-para-hacer-bolsas-de-plastico-con-manija-de-plastico","title":{"rendered":"M\u00e1quina para hacer bolsas de plastico con manija"},"content":{"rendered":"<p data-rm-block-id=\"block-1\">Caracter\u00edsticas de la M\u00e1quina para hacer bolsas de pl\u00e1stico con manija<\/p>\n<p data-rm-block-id=\"block-2\">Este equipo, concebido para la producci\u00f3n de bolsas de pl\u00e1stico con asas, opera a trav\u00e9s de un sistema de control que utiliza microcomputadoras y un motor servo de la prestigiosa marca PANASONIC. Entre sus caracter\u00edsticas se destacan la longitud ajustable, un sistema de rastreo fotoel\u00e9ctrico que garantiza estabilidad y precisi\u00f3n, as\u00ed como una funci\u00f3n de detenci\u00f3n autom\u00e1tica ante la p\u00e9rdida de etiqueta. La bolseadora est\u00e1 dotada de perforaciones sincronizadas que permiten una presi\u00f3n autom\u00e1tica, sellado coordinado, conteo autom\u00e1tico con alarma ajustable y un control de temperatura autom\u00e1tico que asegura un sellado consistente y uniforme.<\/p>\n<p data-rm-block-id=\"block-3\">La M\u00e1quina para hacer bolsas de pl\u00e1stico con manija resulta id\u00f3nea para optimizar la eficiencia en la producci\u00f3n y garantizar la calidad de cada bolsa.<\/p>\n<p data-rm-block-id=\"block-4\"><img loading=\"lazy\" decoding=\"async\" class=\"bolsas de plastico con manija de pl\u00e1stico wp-image-29436\" title=\"bolsas de plastico con manija de pl\u00e1stico\" src=\"https:\/\/bolseadora.com.mx\/wp-content\/uploads\/2025\/02\/bolsas-de-plastico-con-manija-de-plastico.jpg\" alt=\"bolsas de plastico con manija de pl\u00e1stico\" width=\"358\" height=\"358\" \/><\/p>\n<p data-rm-block-id=\"block-5\">bolsas de plastico con manija de pl\u00e1stico<\/p>\n<p data-rm-block-id=\"block-6\"><strong><span data-scayt_word=\"Especificaciones\" data-scaytid=\"137\">Especificaciones<\/span>\u00a0<span data-scayt_word=\"t\u00e9cnicas\" data-scaytid=\"138\">t\u00e9cnicas<\/span>\u00a0de la\u00a0<span data-scayt_word=\"m\u00e1quina\" data-scaytid=\"122\">m\u00e1quina<\/span>\u00a0<span data-scayt_word=\"para\" data-scaytid=\"123\">para<\/span>\u00a0<span data-scayt_word=\"hacer\" data-scaytid=\"20\">hacer<\/span>\u00a0<span data-scayt_word=\"bolsas\" data-scaytid=\"125\">bolsas<\/span>\u00a0<span data-scayt_word=\"de\" data-scaytid=\"22\">de<\/span>\u00a0<span data-scayt_word=\"pl\u00e1stico\" data-scaytid=\"126\">pl\u00e1stico<\/span>\u00a0<span data-scayt_word=\"con\" data-scaytid=\"22\">con<\/span>\u00a0<span data-scayt_word=\"manija\" data-scaytid=\"25\">manija<\/span>\u00a0de\u00a0<span data-scayt_word=\"pl\u00e1stico\" data-scaytid=\"60\">pl\u00e1stico<\/span><\/strong><\/p>\n<table border=\"0\" cellspacing=\"1\" cellpadding=\"0\">\n<tbody>\n<tr>\n<td colspan=\"2\" width=\"396\" data-rm-block-id=\"block-7\"><strong><span data-scayt_word=\"Modelo\" data-scaytid=\"145\">Modelo<\/span><\/strong><\/td>\n<td data-rm-block-id=\"block-8\"><strong><span data-scayt_word=\"RJHQ-800\" data-scaytid=\"133\">RJHQ-800<\/span><\/strong><\/td>\n<\/tr>\n<tr>\n<td colspan=\"2\" width=\"396\" data-rm-block-id=\"block-9\"><span data-scayt_word=\"Longitud\" data-scaytid=\"147\">Longitud<\/span>\u00a0de la\u00a0<span data-scayt_word=\"fabricaci\u00f3n\" data-scaytid=\"148\">fabricaci\u00f3n<\/span>\u00a0de la\u00a0<span data-scayt_word=\"bolsa\" data-scaytid=\"150\">bolsa<\/span><\/td>\n<td data-rm-block-id=\"block-10\"><span data-scayt_word=\"250-730mm\" data-scaytid=\"134\">250-730mm<\/span><\/td>\n<\/tr>\n<tr>\n<td colspan=\"2\" width=\"396\" data-rm-block-id=\"block-11\"><span data-scayt_word=\"Ancho\" data-scaytid=\"153\">Ancho<\/span>\u00a0de la\u00a0<span data-scayt_word=\"fabricaci\u00f3n\" data-scaytid=\"149\">fabricaci\u00f3n<\/span>\u00a0de la\u00a0<span data-scayt_word=\"bolsa\" data-scaytid=\"151\">bolsa<\/span><\/td>\n<td data-rm-block-id=\"block-12\"><span data-scayt_word=\"250-600mm\" data-scaytid=\"154\">250-600mm<\/span><\/td>\n<\/tr>\n<tr>\n<td colspan=\"2\" width=\"396\" data-rm-block-id=\"block-13\"><span data-scayt_word=\"Esquina\" data-scaytid=\"165\">Esquina<\/span>\u00a0<span data-scayt_word=\"doblada\" data-scaytid=\"166\">doblada<\/span>\u00a0superior<\/td>\n<td data-rm-block-id=\"block-14\"><span data-scayt_word=\"50-75mm\" data-scaytid=\"155\">50-75mm<\/span><\/td>\n<\/tr>\n<tr>\n<td colspan=\"2\" width=\"396\" data-rm-block-id=\"block-15\"><span data-scayt_word=\"Fondo\" data-scaytid=\"168\">Fondo<\/span>\u00a0de\u00a0<span data-scayt_word=\"entretela\" data-scaytid=\"169\">entretela<\/span><\/td>\n<td data-rm-block-id=\"block-16\"><span data-scayt_word=\"20-70mm\" data-scaytid=\"156\">20-70mm<\/span><\/td>\n<\/tr>\n<tr>\n<td data-rm-block-id=\"block-17\"><span data-scayt_word=\"Velocidad\" data-scaytid=\"171\">Velocidad<\/span>\u00a0de <span data-scayt_word=\"lafabricaci\u00f3n\" data-scaytid=\"172\">lafabricaci\u00f3n<\/span>\u00a0<span data-scayt_word=\"debolsas\" data-scaytid=\"173\">debolsas<\/span><\/td>\n<td width=\"192\">\n<p data-rm-block-id=\"block-18\"><span data-scayt_word=\"Bolsa\" data-scaytid=\"174\">Bolsa<\/span>\u00a0de\u00a0<span data-scayt_word=\"manija\" data-scaytid=\"160\">manija<\/span>\u00a0de\u00a0<span data-scayt_word=\"gancho\" data-scaytid=\"181\">gancho<\/span>\u00a0suave<\/p>\n<p data-rm-block-id=\"block-19\"><span data-scayt_word=\"Bolsa\" data-scaytid=\"175\">Bolsa<\/span>\u00a0de\u00a0<span data-scayt_word=\"manija\" data-scaytid=\"161\">manija<\/span>\u00a0<span data-scayt_word=\"tipo\" data-scaytid=\"182\">tipo<\/span>\u00a0<span data-scayt_word=\"parche\" data-scaytid=\"183\">parche<\/span><\/p>\n<p data-rm-block-id=\"block-20\"><span data-scayt_word=\"Bolsade\" data-scaytid=\"184\">Bolsade<\/span>\u00a0<span data-scayt_word=\"manija\" data-scaytid=\"162\">manija<\/span>\u00a0con\u00a0<span data-scayt_word=\"poli\" data-scaytid=\"185\">poli<\/span>\u00a0<span data-scayt_word=\"dise\u00f1o\" data-scaytid=\"186\">dise\u00f1o<\/span><\/p>\n<p data-rm-block-id=\"block-21\"><span data-scayt_word=\"Bolsa\" data-scaytid=\"176\">Bolsa<\/span>\u00a0de\u00a0<span data-scayt_word=\"manija\" data-scaytid=\"163\">manija<\/span>\u00a0de\u00a0<span data-scayt_word=\"corte\" data-scaytid=\"187\">corte<\/span>\u00a0de\u00a0<span data-scayt_word=\"matriz\" data-scaytid=\"188\">matriz<\/span><\/p>\n<\/td>\n<td>\n<p data-rm-block-id=\"block-22\"><span data-scayt_word=\"60pcs\" data-scaytid=\"189\">60pcs<\/span>\/min<\/p>\n<p data-rm-block-id=\"block-23\"><span data-scayt_word=\"60pcs\" data-scaytid=\"190\">60pcs<\/span>\/min<\/p>\n<p data-rm-block-id=\"block-24\"><span data-scayt_word=\"70pcs\" data-scaytid=\"195\">70pcs<\/span>\/min<\/p>\n<p data-rm-block-id=\"block-25\"><span data-scayt_word=\"70pcs\" data-scaytid=\"196\">70pcs<\/span>\/min<\/p>\n<\/td>\n<\/tr>\n<tr>\n<td colspan=\"2\" width=\"396\" data-rm-block-id=\"block-26\"><span data-scayt_word=\"Potencia\" data-scaytid=\"197\">Potencia<\/span>\u00a0total<\/td>\n<td data-rm-block-id=\"block-27\"><span data-scayt_word=\"13KW\" data-scaytid=\"191\">13KW<\/span><\/td>\n<\/tr>\n<tr>\n<td colspan=\"2\" width=\"396\" data-rm-block-id=\"block-28\">Peso de la\u00a0<span data-scayt_word=\"m\u00e1quina\" data-scaytid=\"192\">m\u00e1quina<\/span><\/td>\n<td data-rm-block-id=\"block-29\"><span data-scayt_word=\"3500kg\" data-scaytid=\"200\">3500kg<\/span><\/td>\n<\/tr>\n<tr>\n<td colspan=\"2\" width=\"396\" data-rm-block-id=\"block-30\"><span data-scayt_word=\"Dimensi\u00f3n\" data-scaytid=\"203\">Dimensi\u00f3n<\/span>\u00a0de la\u00a0<span data-scayt_word=\"m\u00e1quina\" data-scaytid=\"201\">m\u00e1quina<\/span> <span data-scayt_word=\"\uff08mm\uff09\" data-scaytid=\"205\">\uff08mm\uff09<\/span><\/td>\n<td data-rm-block-id=\"block-31\">8200*3100*1870<\/td>\n<\/tr>\n<\/tbody>\n<\/table>\n<p data-rm-block-id=\"block-32\">\t\t<div data-elementor-type=\"page\" data-elementor-id=\"29875\" class=\"elementor elementor-29875\" data-elementor-post-type=\"elementor_library\">\n\t\t\t\t\t\t<section class=\"elementor-section elementor-top-section elementor-element elementor-element-490c8a90 elementor-section-boxed elementor-section-height-default elementor-section-height-default\" data-id=\"490c8a90\" data-element_type=\"section\">\n\t\t\t\t\t\t<div class=\"elementor-container elementor-column-gap-default\">\n\t\t\t\t\t<div class=\"elementor-column elementor-col-100 elementor-top-column elementor-element elementor-element-2a2a048d\" data-id=\"2a2a048d\" data-element_type=\"column\">\n\t\t\t<div class=\"elementor-widget-wrap elementor-element-populated\">\n\t\t\t\t\t\t<div class=\"elementor-element elementor-element-3d029a9f elementor-widget elementor-widget-heading\" data-id=\"3d029a9f\" data-element_type=\"widget\" data-widget_type=\"heading.default\">\n\t\t\t\t<div class=\"elementor-widget-container\">\n\t\t\t\t\t<h2 class=\"elementor-heading-title elementor-size-default\">Shipment<\/h2>\t\t\t\t<\/div>\n\t\t\t\t<\/div>\n\t\t\t\t<div class=\"elementor-element elementor-element-4a6d279d elementor-widget-divider--view-line elementor-widget elementor-widget-divider\" data-id=\"4a6d279d\" data-element_type=\"widget\" data-widget_type=\"divider.default\">\n\t\t\t\t<div class=\"elementor-widget-container\">\n\t\t\t\t\t\t\t<div class=\"elementor-divider\">\n\t\t\t<span class=\"elementor-divider-separator\">\n\t\t\t\t\t\t<\/span>\n\t\t<\/div>\n\t\t\t\t\t\t<\/div>\n\t\t\t\t<\/div>\n\t\t\t\t\t<\/div>\n\t\t<\/div>\n\t\t\t\t\t<\/div>\n\t\t<\/section>\n\t\t<div class=\"wd-negative-gap elementor-element elementor-element-7e6fceb7 e-flex e-con-boxed e-con e-parent\" data-id=\"7e6fceb7\" data-element_type=\"container\">\n\t\t\t\t\t<div class=\"e-con-inner\">\n\t\t\t\t<div class=\"elementor-element elementor-element-42573631 elementor-widget elementor-widget-wp-widget-text\" data-id=\"42573631\" data-element_type=\"widget\" data-widget_type=\"wp-widget-text.default\">\n\t\t\t\t<div class=\"elementor-widget-container\">\n\t\t\t\t\t<h5>Env\u00edo de m\u00e1quina para fabricar bolsas de pl\u00e1stico<\/h5>\t\t\t<div class=\"textwidget\"><p>Si solo compra una m\u00e1quina, la empacaremos con un paquete de madera y la cargaremos en un contenedor con carga menor a la del contenedor (LCL).<\/p>\n<div id=\"attachment_29396\" style=\"width: 460px\" class=\"wp-caption alignnone\"><img fetchpriority=\"high\" decoding=\"async\" fetchpriority=\"high\" aria-describedby=\"caption-attachment-29396\" class=\"wp-image-29396\" src=\"https:\/\/mx.maquinaparahacerbolsas.com.mx\/wp-content\/uploads\/2025\/09\/Maquina-para-hacer-bolsas-de-plastico-con-paquete-de-madera.webp\" alt=\"M\u00e1quina para hacer bolsas de pl\u00e1stico con paquete de madera\" width=\"450\" height=\"338\" \/><p id=\"caption-attachment-29396\" class=\"wp-caption-text\">M\u00e1quina para hacer bolsas de pl\u00e1stico con paquete de madera<\/p><\/div>\n<p>Si compra m\u00e1s m\u00e1quinas, empacaremos las m\u00e1quinas con pel\u00edcula estirable y las cargaremos en un contenedor completo directamente (carga de contenedor completo FCL).<\/p>\n<div id=\"attachment_29403\" style=\"width: 460px\" class=\"wp-caption alignnone\"><img loading=\"lazy\" decoding=\"async\" aria-describedby=\"caption-attachment-29403\" class=\"wp-image-29403\" src=\"https:\/\/mx.maquinaparahacerbolsas.com.mx\/wp-content\/uploads\/2025\/09\/film-blowing-machine-loading-container-export.webp\" alt=\"contenedor de carga para extrusi\u00f3n de pel\u00edcula soplada\" width=\"450\" height=\"450\" \/><p id=\"caption-attachment-29403\" class=\"wp-caption-text\">contenedor de carga para extrusi\u00f3n de pel\u00edcula soplada<\/p><\/div>\n<div id=\"attachment_29402\" style=\"width: 460px\" class=\"wp-caption alignnone\"><img loading=\"lazy\" decoding=\"async\" aria-describedby=\"caption-attachment-29402\" class=\"wp-image-29402\" src=\"https:\/\/mx.maquinaparahacerbolsas.com.mx\/wp-content\/uploads\/2025\/09\/plasticbagmachinesolution.webp\" alt=\"L\u00ednea completa de m\u00e1quinas para hacer bolsas de pl\u00e1stico\" width=\"450\" height=\"429\" \/><p id=\"caption-attachment-29402\" class=\"wp-caption-text\">L\u00ednea completa de m\u00e1quinas para hacer bolsas de pl\u00e1stico<\/p><\/div>\n<div id=\"attachment_29401\" style=\"width: 460px\" class=\"wp-caption alignnone\"><img loading=\"lazy\" decoding=\"async\" loading=\"lazy\" aria-describedby=\"caption-attachment-29401\" class=\"wp-image-29401\" src=\"https:\/\/mx.maquinaparahacerbolsas.com.mx\/wp-content\/uploads\/2025\/09\/shipmentplasticmachines.webp\" alt=\"Exportar m\u00e1quinas para hacer bolsas de pl\u00e1stico a diferentes pa\u00edses.\" width=\"450\" height=\"227\" \/><p id=\"caption-attachment-29401\" class=\"wp-caption-text\">Exportar m\u00e1quinas para hacer bolsas de pl\u00e1stico a diferentes pa\u00edses.<\/p><\/div>\n<p>&nbsp;<\/p>\n<\/div>\n\t\t\t\t\t\t<\/div>\n\t\t\t\t<\/div>\n\t\t\t\t\t<\/div>\n\t\t\t\t<\/div>\n\t\t<div class=\"wd-negative-gap elementor-element elementor-element-1d82cf68 e-flex e-con-boxed e-con e-parent\" data-id=\"1d82cf68\" data-element_type=\"container\">\n\t\t\t\t\t<div class=\"e-con-inner\">\n\t\t\t\t<div class=\"elementor-element elementor-element-51e47a49 elementor-widget elementor-widget-heading\" data-id=\"51e47a49\" data-element_type=\"widget\" data-widget_type=\"heading.default\">\n\t\t\t\t<div class=\"elementor-widget-container\">\n\t\t\t\t\t<h2 class=\"elementor-heading-title elementor-size-default\">Instalar la m\u00e1quina en la f\u00e1brica del cliente.<\/h2>\t\t\t\t<\/div>\n\t\t\t\t<\/div>\n\t\t\t\t\t<\/div>\n\t\t\t\t<\/div>\n\t\t<div class=\"wd-negative-gap elementor-element elementor-element-4ff599f8 e-flex e-con-boxed e-con e-parent\" data-id=\"4ff599f8\" data-element_type=\"container\">\n\t\t\t\t\t<div class=\"e-con-inner\">\n\t\t\t\t<div class=\"elementor-element elementor-element-45dfc6fb elementor-widget elementor-widget-heading\" data-id=\"45dfc6fb\" data-element_type=\"widget\" data-widget_type=\"heading.default\">\n\t\t\t\t<div class=\"elementor-widget-container\">\n\t\t\t\t\t<h2 class=\"elementor-heading-title elementor-size-default\">install machines in customer factory<br><img loading=\"lazy\" decoding=\"async\" class=\"alignnone wp-image-29400\" src=\"https:\/\/mx.maquinaparahacerbolsas.com.mx\/wp-content\/uploads\/2025\/09\/plastic-bag-machine-supplier.webp\" alt=\"\" width=\"450\" height=\"450\"><img loading=\"lazy\" decoding=\"async\" class=\"wp-image-29399\" src=\"https:\/\/mx.maquinaparahacerbolsas.com.mx\/wp-content\/uploads\/2025\/09\/Plastic-bag-machine-factory.webp\" alt=\"M\u00e1quina para fabricar bolsas de pl\u00e1stico en la f\u00e1brica del cliente\" width=\"450\" height=\"457\" style=\"font-size: 15px\"><\/h2>\t\t\t\t<\/div>\n\t\t\t\t<\/div>\n\t\t\t\t\t<\/div>\n\t\t\t\t<\/div>\n\t\t<div class=\"wd-negative-gap elementor-element elementor-element-1dd6c737 e-flex e-con-boxed e-con e-parent\" data-id=\"1dd6c737\" data-element_type=\"container\">\n\t\t\t\t\t<div class=\"e-con-inner\">\n\t\t\t\t<div class=\"elementor-element elementor-element-16dbb173 elementor-widget elementor-widget-heading\" data-id=\"16dbb173\" data-element_type=\"widget\" data-widget_type=\"heading.default\">\n\t\t\t\t<div class=\"elementor-widget-container\">\n\t\t\t\t\t<h2 class=\"elementor-heading-title elementor-size-default\">Proveedor de piezas de maquinaria<\/h2>\t\t\t\t<\/div>\n\t\t\t\t<\/div>\n\t\t\t\t\t<\/div>\n\t\t\t\t<\/div>\n\t\t<div class=\"wd-negative-gap elementor-element elementor-element-47782de6 e-flex e-con-boxed e-con e-parent\" data-id=\"47782de6\" data-element_type=\"container\">\n\t\t\t\t\t<div class=\"e-con-inner\">\n\t\t\t\t<div class=\"elementor-element elementor-element-d9cde2c elementor-widget elementor-widget-heading\" data-id=\"d9cde2c\" data-element_type=\"widget\" data-widget_type=\"heading.default\">\n\t\t\t\t<div class=\"elementor-widget-container\">\n\t\t\t\t\t<h2 class=\"elementor-heading-title elementor-size-default\"><img loading=\"lazy\" decoding=\"async\" class=\"wp-image-29398\" src=\"https:\/\/mx.maquinaparahacerbolsas.com.mx\/wp-content\/uploads\/2025\/09\/machinepartssupplier.webp\" alt=\"Proveedor de piezas de maquinaria\" width=\"450\" height=\"259\" style=\"font-size: 15px\"><\/h2>\t\t\t\t<\/div>\n\t\t\t\t<\/div>\n\t\t\t\t\t<\/div>\n\t\t\t\t<\/div>\n\t\t<div class=\"wd-negative-gap elementor-element elementor-element-3cfcb806 e-flex e-con-boxed e-con e-parent\" data-id=\"3cfcb806\" data-element_type=\"container\">\n\t\t\t\t\t<div class=\"e-con-inner\">\n\t\t\t\t<div class=\"elementor-element elementor-element-7da69e1d elementor-widget elementor-widget-heading\" data-id=\"7da69e1d\" data-element_type=\"widget\" data-widget_type=\"heading.default\">\n\t\t\t\t<div class=\"elementor-widget-container\">\n\t\t\t\t\t<h2 class=\"elementor-heading-title elementor-size-default\">Proveedor de materia prima de polietileno<\/h2>\t\t\t\t<\/div>\n\t\t\t\t<\/div>\n\t\t\t\t\t<\/div>\n\t\t\t\t<\/div>\n\t\t<div class=\"wd-negative-gap elementor-element elementor-element-34f78e0d e-flex e-con-boxed e-con e-parent\" data-id=\"34f78e0d\" data-element_type=\"container\">\n\t\t\t\t\t<div class=\"e-con-inner\">\n\t\t\t\t<div class=\"elementor-element elementor-element-71ba6c50 elementor-widget elementor-widget-wd_text_block\" data-id=\"71ba6c50\" data-element_type=\"widget\" data-widget_type=\"wd_text_block.default\">\n\t\t\t\t<div class=\"elementor-widget-container\">\n\t\t\t\t\t\t\t<div class=\"wd-text-block reset-last-child text-left\">\n\t\t\t\n\t\t\t<p><strong>C\u00f3mo encontrar polietileno para la extrusi\u00f3n de pel\u00edcula soplada. La extrusi\u00f3n de pel\u00edcula utiliza polietileno, como polietileno de baja densidad (LDPE), polietileno de alta densidad (HDPE), polietileno lineal de baja densidad (LLDPE) y polipropileno (PP).<\/strong><\/p><p>A continuaci\u00f3n, se presentan importantes proveedores de materiales a nivel mundial con oficinas en todo el mundo. Puede consultarlos en el mercado local.<\/p><p>1.<a href=\"http:\/\/www.sabic.com\/\" target=\"_blank\" rel=\"noopener\"><strong><u>Sabic Saudi Basic Industries Corporation<\/u><\/strong><\/a><\/p><p>2.<a href=\"http:\/\/www.exxonmobilchemical.com\/\" target=\"_blank\" rel=\"noopener\"><strong><u>ExxonMobil Chemical Company<\/u><\/strong><\/a><\/p><p>3.<a href=\"http:\/\/www.dow.com\/\" target=\"_blank\" rel=\"noopener\"><strong><u>Dow Chemical Company<\/u><\/strong><\/a><strong>\u00a0<\/strong><\/p><p><img loading=\"lazy\" decoding=\"async\" class=\"wp-image-29397\" style=\"font-size: 14px;\" src=\"https:\/\/mx.maquinaparahacerbolsas.com.mx\/wp-content\/uploads\/2025\/09\/polyethylene-HDPE-LDPE-supplier.webp\" alt=\"Proveedor de materiales\" width=\"450\" height=\"462\" \/><\/p>\n\t\t\t\t\t<\/div>\n\t\t\t\t\t\t<\/div>\n\t\t\t\t<\/div>\n\t\t\t\t\t<\/div>\n\t\t\t\t<\/div>\n\t\t\t\t<\/div>\n\t\t<\/p>\n","protected":false},"excerpt":{"rendered":"<p>Caracter\u00edsticas de l<\/p>\n","protected":false},"featured_media":29633,"comment_status":"closed","ping_status":"closed","template":"","meta":{"_acf_changed":false},"product_brand":[],"product_cat":[86],"product_tag":[],"class_list":{"0":"post-29597","1":"product","2":"type-product","3":"status-publish","4":"has-post-thumbnail","6":"product_cat-maquina-para-hacer-bolsas-plastico","8":"first","9":"instock","10":"shipping-taxable","11":"product-type-simple"},"acf":[],"_links":{"self":[{"href":"https:\/\/maquinasparafabricarbolsas.co\/es\/wp-json\/wp\/v2\/product\/29597","targetHints":{"allow":["GET"]}}],"collection":[{"href":"https:\/\/maquinasparafabricarbolsas.co\/es\/wp-json\/wp\/v2\/product"}],"about":[{"href":"https:\/\/maquinasparafabricarbolsas.co\/es\/wp-json\/wp\/v2\/types\/product"}],"replies":[{"embeddable":true,"href":"https:\/\/maquinasparafabricarbolsas.co\/es\/wp-json\/wp\/v2\/comments?post=29597"}],"version-history":[{"count":2,"href":"https:\/\/maquinasparafabricarbolsas.co\/es\/wp-json\/wp\/v2\/product\/29597\/revisions"}],"predecessor-version":[{"id":30084,"href":"https:\/\/maquinasparafabricarbolsas.co\/es\/wp-json\/wp\/v2\/product\/29597\/revisions\/30084"}],"wp:featuredmedia":[{"embeddable":true,"href":"https:\/\/maquinasparafabricarbolsas.co\/es\/wp-json\/wp\/v2\/media\/29633"}],"wp:attachment":[{"href":"https:\/\/maquinasparafabricarbolsas.co\/es\/wp-json\/wp\/v2\/media?parent=29597"}],"wp:term":[{"taxonomy":"product_brand","embeddable":true,"href":"https:\/\/maquinasparafabricarbolsas.co\/es\/wp-json\/wp\/v2\/product_brand?post=29597"},{"taxonomy":"product_cat","embeddable":true,"href":"https:\/\/maquinasparafabricarbolsas.co\/es\/wp-json\/wp\/v2\/product_cat?post=29597"},{"taxonomy":"product_tag","embeddable":true,"href":"https:\/\/maquinasparafabricarbolsas.co\/es\/wp-json\/wp\/v2\/product_tag?post=29597"}],"curies":[{"name":"wp","href":"https:\/\/api.w.org\/{rel}","templated":true}]}}