{"id":29598,"date":"2025-09-26T21:44:15","date_gmt":"2025-09-26T13:44:15","guid":{"rendered":"https:\/\/maquinasparafabricarbolsas.co\/es\/?post_type=product&#038;p=29598"},"modified":"2025-10-24T01:33:14","modified_gmt":"2025-10-23T17:33:14","slug":"maquina-para-hacer-bolsas-de-plasticos-de-fondo","status":"publish","type":"product","link":"https:\/\/maquinasparafabricarbolsas.co\/es\/maquina-para-hacer-bolsas-de-plasticos-de-fondo","title":{"rendered":"Maquina Para Hacer Bolsas de plasticos de fondo"},"content":{"rendered":"<p>Maquina Para Hacer Bolsas de plasticos de fondo<\/p>\n<p>La Maquina Para Hacer Bolsas de plasticos de fondo, tambi\u00e9n denominada m\u00e1quina de corte y sellado de fondo (con l\u00edneas dobles), est\u00e1 destinada a la fabricaci\u00f3n de bolsas tipo chaleco y bolsas de abertura plana con dise\u00f1os personalizados. Este equipo opera mediante un motor de conversi\u00f3n de frecuencia, lo que maximiza la eficiencia energ\u00e9tica y permite un control m\u00e1s preciso de la velocidad. Gracias a un rastreador de c\u00f3digo de color de alto rendimiento, se garantiza una mayor exactitud en las longitudes de sellado y corte, reduciendo as\u00ed los errores. Adem\u00e1s, la m\u00e1quina integra tecnolog\u00eda inform\u00e1tica avanzada que facilita ajustes de longitud de manera m\u00e1s flexible y precisa.<\/p>\n<div data-rm-block-id=\"block-2\">\n<p>Maquina Para Hacer Bolsas de pl\u00e1sticos de fondo<\/p>\n<p>Cuenta con una pantalla t\u00e1ctil.<br \/>\nIncorpora un sensor que permite la producci\u00f3n de bolsas con y sin impresi\u00f3n.<br \/>\nEquipado con un motor paso a paso.<br \/>\nDispone de dos desbobinadores.<br \/>\nTiene una capacidad de producci\u00f3n de 300 bolsas por minuto.<br \/>\nCompatible con materiales LDPE y HDPE.<br \/>\nRequiere una alimentaci\u00f3n de 220 V.<br \/>\nSu dise\u00f1o facilita el uso y incluye una garant\u00eda de un a\u00f1o.<\/p>\n<\/div>\n<div data-rm-block-id=\"block-3\">\n<div id=\"attachment_29438\" style=\"width: 355px\" class=\"wp-caption alignnone\"><img loading=\"lazy\" decoding=\"async\" aria-describedby=\"caption-attachment-29438\" class=\"Bolsas de plasticos de fondo wp-image-29438\" title=\"Bolsas de plasticos de fondo\" src=\"https:\/\/bolseadora.com.mx\/wp-content\/uploads\/2025\/02\/Bolsas-de-plastico-de-fondo.jpg\" alt=\"Bolsas de plasticos de fondo\" width=\"345\" height=\"345\" \/><p id=\"caption-attachment-29438\" class=\"wp-caption-text\">Bolsas de plasticos de fondo<\/p><\/div>\n<\/div>\n<div data-rm-block-id=\"block-4\">Technical Parameter :<\/div>\n<p data-rm-block-id=\"block-5\">La <strong>Maquina Para Hacer Bolsas de plasticos de fondo<\/strong> es ideal para maximizar la producci\u00f3n y eficiencia en tu negocio.<\/p>\n<div>\n<table border=\"0\" cellspacing=\"1\" cellpadding=\"5\">\n<tbody>\n<tr>\n<td width=\"187\">\n<div data-rm-block-id=\"block-6\">Model<\/div>\n<\/td>\n<td>\n<div data-rm-block-id=\"block-7\">SHXJ-A600<\/div>\n<\/td>\n<td>\n<div data-rm-block-id=\"block-8\">SHXJ-A700<\/div>\n<\/td>\n<td>\n<div data-rm-block-id=\"block-9\">SHXJ-A800<\/div>\n<\/td>\n<td>\n<div data-rm-block-id=\"block-10\">SHXJ-A900<\/div>\n<\/td>\n<td>\n<div data-rm-block-id=\"block-11\">SHXJ-A1000<\/div>\n<\/td>\n<\/tr>\n<tr>\n<td width=\"187\">\n<div data-rm-block-id=\"block-12\">width of sealing &amp;cutting<\/div>\n<\/td>\n<td>\n<div data-rm-block-id=\"block-13\">580 mm<\/div>\n<\/td>\n<td>\n<div data-rm-block-id=\"block-14\">680 mm<\/div>\n<\/td>\n<td>\n<div data-rm-block-id=\"block-15\">780 mm<\/div>\n<\/td>\n<td>\n<div data-rm-block-id=\"block-16\">880 mm<\/div>\n<\/td>\n<td>\n<div data-rm-block-id=\"block-17\">980 mm<\/div>\n<\/td>\n<\/tr>\n<tr>\n<td width=\"187\">\n<div data-rm-block-id=\"block-18\">length of sealing &amp; cutting<\/div>\n<\/td>\n<td>\n<div data-rm-block-id=\"block-19\">700 mm<\/div>\n<\/td>\n<td>\n<div data-rm-block-id=\"block-20\">1200 mm<\/div>\n<\/td>\n<td>\n<div data-rm-block-id=\"block-21\">1200 mm<\/div>\n<\/td>\n<td>\n<div data-rm-block-id=\"block-22\">1400 mm<\/div>\n<\/td>\n<td>\n<div data-rm-block-id=\"block-23\">1600 mm<\/div>\n<\/td>\n<\/tr>\n<tr>\n<td width=\"187\">\n<div data-rm-block-id=\"block-24\"><strong>speed of bag-making<\/strong><\/div>\n<div data-rm-block-id=\"block-25\"><strong>(pc\/min)<\/strong><\/div>\n<\/td>\n<td>\n<div data-rm-block-id=\"block-26\">240-400<\/div>\n<\/td>\n<td>\n<div data-rm-block-id=\"block-27\">240-400<\/div>\n<\/td>\n<td>\n<div data-rm-block-id=\"block-28\">60-100<\/div>\n<\/td>\n<td>\n<div data-rm-block-id=\"block-29\">50-100<\/div>\n<\/td>\n<td>\n<div data-rm-block-id=\"block-30\">40-100<\/div>\n<\/td>\n<\/tr>\n<tr>\n<td width=\"187\">\n<div data-rm-block-id=\"block-31\"><strong>Number of strip(pc)<\/strong><\/div>\n<\/td>\n<td>\n<div data-rm-block-id=\"block-32\">4<\/div>\n<\/td>\n<td>\n<div data-rm-block-id=\"block-33\">4<\/div>\n<\/td>\n<td>\n<div data-rm-block-id=\"block-34\">2<\/div>\n<\/td>\n<td>\n<div data-rm-block-id=\"block-35\">1<\/div>\n<\/td>\n<td>\n<div data-rm-block-id=\"block-36\">1<\/div>\n<\/td>\n<\/tr>\n<tr>\n<td width=\"187\">\n<div data-rm-block-id=\"block-37\"><strong>Power of motor(kw)<\/strong><\/div>\n<\/td>\n<td>\n<div data-rm-block-id=\"block-38\">1.1<\/div>\n<\/td>\n<td>\n<div data-rm-block-id=\"block-39\">1.5<\/div>\n<\/td>\n<td>\n<div data-rm-block-id=\"block-40\">1.5<\/div>\n<\/td>\n<td>\n<div data-rm-block-id=\"block-41\">2.2<\/div>\n<\/td>\n<td>\n<div data-rm-block-id=\"block-42\">3<\/div>\n<\/td>\n<\/tr>\n<tr>\n<td width=\"187\">\n<div data-rm-block-id=\"block-43\">Weight(kg)<\/div>\n<\/td>\n<td>\n<div data-rm-block-id=\"block-44\">700<\/div>\n<\/td>\n<td>\n<div data-rm-block-id=\"block-45\">850<\/div>\n<\/td>\n<td>\n<div data-rm-block-id=\"block-46\">900<\/div>\n<\/td>\n<td>\n<div data-rm-block-id=\"block-47\">1000<\/div>\n<\/td>\n<td>\n<div data-rm-block-id=\"block-48\">1100<\/div>\n<\/td>\n<\/tr>\n<tr>\n<td width=\"187\">\n<div data-rm-block-id=\"block-49\">Outine dimension(m)<\/div>\n<\/td>\n<td>\n<div data-rm-block-id=\"block-50\">3.2*1.2*1.7<\/div>\n<\/td>\n<td>\n<div data-rm-block-id=\"block-51\">3.5*1.3*1.85<\/div>\n<\/td>\n<td>\n<div data-rm-block-id=\"block-52\">3.6\u00a0*1.5*1.95<\/div>\n<\/td>\n<td>\n<div data-rm-block-id=\"block-53\">3.7 *1.6 *2<\/div>\n<\/td>\n<td>\n<div data-rm-block-id=\"block-54\">3.8 *1.8*2.1<\/div>\n<\/td>\n<\/tr>\n<\/tbody>\n<\/table>\n<p data-rm-block-id=\"block-55\">\t\t<div data-elementor-type=\"page\" data-elementor-id=\"29875\" class=\"elementor elementor-29875\" data-elementor-post-type=\"elementor_library\">\n\t\t\t\t\t\t<section class=\"elementor-section elementor-top-section elementor-element elementor-element-490c8a90 elementor-section-boxed elementor-section-height-default elementor-section-height-default\" data-id=\"490c8a90\" data-element_type=\"section\">\n\t\t\t\t\t\t<div class=\"elementor-container elementor-column-gap-default\">\n\t\t\t\t\t<div class=\"elementor-column elementor-col-100 elementor-top-column elementor-element elementor-element-2a2a048d\" data-id=\"2a2a048d\" data-element_type=\"column\">\n\t\t\t<div class=\"elementor-widget-wrap elementor-element-populated\">\n\t\t\t\t\t\t<div class=\"elementor-element elementor-element-3d029a9f elementor-widget elementor-widget-heading\" data-id=\"3d029a9f\" data-element_type=\"widget\" data-widget_type=\"heading.default\">\n\t\t\t\t<div class=\"elementor-widget-container\">\n\t\t\t\t\t<h2 class=\"elementor-heading-title elementor-size-default\">Shipment<\/h2>\t\t\t\t<\/div>\n\t\t\t\t<\/div>\n\t\t\t\t<div class=\"elementor-element elementor-element-4a6d279d elementor-widget-divider--view-line elementor-widget elementor-widget-divider\" data-id=\"4a6d279d\" data-element_type=\"widget\" data-widget_type=\"divider.default\">\n\t\t\t\t<div class=\"elementor-widget-container\">\n\t\t\t\t\t\t\t<div class=\"elementor-divider\">\n\t\t\t<span class=\"elementor-divider-separator\">\n\t\t\t\t\t\t<\/span>\n\t\t<\/div>\n\t\t\t\t\t\t<\/div>\n\t\t\t\t<\/div>\n\t\t\t\t\t<\/div>\n\t\t<\/div>\n\t\t\t\t\t<\/div>\n\t\t<\/section>\n\t\t<div class=\"wd-negative-gap elementor-element elementor-element-7e6fceb7 e-flex e-con-boxed e-con e-parent\" data-id=\"7e6fceb7\" data-element_type=\"container\">\n\t\t\t\t\t<div class=\"e-con-inner\">\n\t\t\t\t<div class=\"elementor-element elementor-element-42573631 elementor-widget elementor-widget-wp-widget-text\" data-id=\"42573631\" data-element_type=\"widget\" data-widget_type=\"wp-widget-text.default\">\n\t\t\t\t<div class=\"elementor-widget-container\">\n\t\t\t\t\t<h5>Env\u00edo de m\u00e1quina para fabricar bolsas de pl\u00e1stico<\/h5>\t\t\t<div class=\"textwidget\"><p>Si solo compra una m\u00e1quina, la empacaremos con un paquete de madera y la cargaremos en un contenedor con carga menor a la del contenedor (LCL).<\/p>\n<div id=\"attachment_29396\" style=\"width: 460px\" class=\"wp-caption alignnone\"><img fetchpriority=\"high\" decoding=\"async\" fetchpriority=\"high\" aria-describedby=\"caption-attachment-29396\" class=\"wp-image-29396\" src=\"https:\/\/mx.maquinaparahacerbolsas.com.mx\/wp-content\/uploads\/2025\/09\/Maquina-para-hacer-bolsas-de-plastico-con-paquete-de-madera.webp\" alt=\"M\u00e1quina para hacer bolsas de pl\u00e1stico con paquete de madera\" width=\"450\" height=\"338\" \/><p id=\"caption-attachment-29396\" class=\"wp-caption-text\">M\u00e1quina para hacer bolsas de pl\u00e1stico con paquete de madera<\/p><\/div>\n<p>Si compra m\u00e1s m\u00e1quinas, empacaremos las m\u00e1quinas con pel\u00edcula estirable y las cargaremos en un contenedor completo directamente (carga de contenedor completo FCL).<\/p>\n<div id=\"attachment_29403\" style=\"width: 460px\" class=\"wp-caption alignnone\"><img loading=\"lazy\" decoding=\"async\" aria-describedby=\"caption-attachment-29403\" class=\"wp-image-29403\" src=\"https:\/\/mx.maquinaparahacerbolsas.com.mx\/wp-content\/uploads\/2025\/09\/film-blowing-machine-loading-container-export.webp\" alt=\"contenedor de carga para extrusi\u00f3n de pel\u00edcula soplada\" width=\"450\" height=\"450\" \/><p id=\"caption-attachment-29403\" class=\"wp-caption-text\">contenedor de carga para extrusi\u00f3n de pel\u00edcula soplada<\/p><\/div>\n<div id=\"attachment_29402\" style=\"width: 460px\" class=\"wp-caption alignnone\"><img loading=\"lazy\" decoding=\"async\" aria-describedby=\"caption-attachment-29402\" class=\"wp-image-29402\" src=\"https:\/\/mx.maquinaparahacerbolsas.com.mx\/wp-content\/uploads\/2025\/09\/plasticbagmachinesolution.webp\" alt=\"L\u00ednea completa de m\u00e1quinas para hacer bolsas de pl\u00e1stico\" width=\"450\" height=\"429\" \/><p id=\"caption-attachment-29402\" class=\"wp-caption-text\">L\u00ednea completa de m\u00e1quinas para hacer bolsas de pl\u00e1stico<\/p><\/div>\n<div id=\"attachment_29401\" style=\"width: 460px\" class=\"wp-caption alignnone\"><img loading=\"lazy\" decoding=\"async\" loading=\"lazy\" aria-describedby=\"caption-attachment-29401\" class=\"wp-image-29401\" src=\"https:\/\/mx.maquinaparahacerbolsas.com.mx\/wp-content\/uploads\/2025\/09\/shipmentplasticmachines.webp\" alt=\"Exportar m\u00e1quinas para hacer bolsas de pl\u00e1stico a diferentes pa\u00edses.\" width=\"450\" height=\"227\" \/><p id=\"caption-attachment-29401\" class=\"wp-caption-text\">Exportar m\u00e1quinas para hacer bolsas de pl\u00e1stico a diferentes pa\u00edses.<\/p><\/div>\n<p>&nbsp;<\/p>\n<\/div>\n\t\t\t\t\t\t<\/div>\n\t\t\t\t<\/div>\n\t\t\t\t\t<\/div>\n\t\t\t\t<\/div>\n\t\t<div class=\"wd-negative-gap elementor-element elementor-element-1d82cf68 e-flex e-con-boxed e-con e-parent\" data-id=\"1d82cf68\" data-element_type=\"container\">\n\t\t\t\t\t<div class=\"e-con-inner\">\n\t\t\t\t<div class=\"elementor-element elementor-element-51e47a49 elementor-widget elementor-widget-heading\" data-id=\"51e47a49\" data-element_type=\"widget\" data-widget_type=\"heading.default\">\n\t\t\t\t<div class=\"elementor-widget-container\">\n\t\t\t\t\t<h2 class=\"elementor-heading-title elementor-size-default\">Instalar la m\u00e1quina en la f\u00e1brica del cliente.<\/h2>\t\t\t\t<\/div>\n\t\t\t\t<\/div>\n\t\t\t\t\t<\/div>\n\t\t\t\t<\/div>\n\t\t<div class=\"wd-negative-gap elementor-element elementor-element-4ff599f8 e-flex e-con-boxed e-con e-parent\" data-id=\"4ff599f8\" data-element_type=\"container\">\n\t\t\t\t\t<div class=\"e-con-inner\">\n\t\t\t\t<div class=\"elementor-element elementor-element-45dfc6fb elementor-widget elementor-widget-heading\" data-id=\"45dfc6fb\" data-element_type=\"widget\" data-widget_type=\"heading.default\">\n\t\t\t\t<div class=\"elementor-widget-container\">\n\t\t\t\t\t<h2 class=\"elementor-heading-title elementor-size-default\">install machines in customer factory<br><img loading=\"lazy\" decoding=\"async\" class=\"alignnone wp-image-29400\" src=\"https:\/\/mx.maquinaparahacerbolsas.com.mx\/wp-content\/uploads\/2025\/09\/plastic-bag-machine-supplier.webp\" alt=\"\" width=\"450\" height=\"450\"><img loading=\"lazy\" decoding=\"async\" class=\"wp-image-29399\" src=\"https:\/\/mx.maquinaparahacerbolsas.com.mx\/wp-content\/uploads\/2025\/09\/Plastic-bag-machine-factory.webp\" alt=\"M\u00e1quina para fabricar bolsas de pl\u00e1stico en la f\u00e1brica del cliente\" width=\"450\" height=\"457\" style=\"font-size: 15px\"><\/h2>\t\t\t\t<\/div>\n\t\t\t\t<\/div>\n\t\t\t\t\t<\/div>\n\t\t\t\t<\/div>\n\t\t<div class=\"wd-negative-gap elementor-element elementor-element-1dd6c737 e-flex e-con-boxed e-con e-parent\" data-id=\"1dd6c737\" data-element_type=\"container\">\n\t\t\t\t\t<div class=\"e-con-inner\">\n\t\t\t\t<div class=\"elementor-element elementor-element-16dbb173 elementor-widget elementor-widget-heading\" data-id=\"16dbb173\" data-element_type=\"widget\" data-widget_type=\"heading.default\">\n\t\t\t\t<div class=\"elementor-widget-container\">\n\t\t\t\t\t<h2 class=\"elementor-heading-title elementor-size-default\">Proveedor de piezas de maquinaria<\/h2>\t\t\t\t<\/div>\n\t\t\t\t<\/div>\n\t\t\t\t\t<\/div>\n\t\t\t\t<\/div>\n\t\t<div class=\"wd-negative-gap elementor-element elementor-element-47782de6 e-flex e-con-boxed e-con e-parent\" data-id=\"47782de6\" data-element_type=\"container\">\n\t\t\t\t\t<div class=\"e-con-inner\">\n\t\t\t\t<div class=\"elementor-element elementor-element-d9cde2c elementor-widget elementor-widget-heading\" data-id=\"d9cde2c\" data-element_type=\"widget\" data-widget_type=\"heading.default\">\n\t\t\t\t<div class=\"elementor-widget-container\">\n\t\t\t\t\t<h2 class=\"elementor-heading-title elementor-size-default\"><img loading=\"lazy\" decoding=\"async\" class=\"wp-image-29398\" src=\"https:\/\/mx.maquinaparahacerbolsas.com.mx\/wp-content\/uploads\/2025\/09\/machinepartssupplier.webp\" alt=\"Proveedor de piezas de maquinaria\" width=\"450\" height=\"259\" style=\"font-size: 15px\"><\/h2>\t\t\t\t<\/div>\n\t\t\t\t<\/div>\n\t\t\t\t\t<\/div>\n\t\t\t\t<\/div>\n\t\t<div class=\"wd-negative-gap elementor-element elementor-element-3cfcb806 e-flex e-con-boxed e-con e-parent\" data-id=\"3cfcb806\" data-element_type=\"container\">\n\t\t\t\t\t<div class=\"e-con-inner\">\n\t\t\t\t<div class=\"elementor-element elementor-element-7da69e1d elementor-widget elementor-widget-heading\" data-id=\"7da69e1d\" data-element_type=\"widget\" data-widget_type=\"heading.default\">\n\t\t\t\t<div class=\"elementor-widget-container\">\n\t\t\t\t\t<h2 class=\"elementor-heading-title elementor-size-default\">Proveedor de materia prima de polietileno<\/h2>\t\t\t\t<\/div>\n\t\t\t\t<\/div>\n\t\t\t\t\t<\/div>\n\t\t\t\t<\/div>\n\t\t<div class=\"wd-negative-gap elementor-element elementor-element-34f78e0d e-flex e-con-boxed e-con e-parent\" data-id=\"34f78e0d\" data-element_type=\"container\">\n\t\t\t\t\t<div class=\"e-con-inner\">\n\t\t\t\t<div class=\"elementor-element elementor-element-71ba6c50 elementor-widget elementor-widget-wd_text_block\" data-id=\"71ba6c50\" data-element_type=\"widget\" data-widget_type=\"wd_text_block.default\">\n\t\t\t\t<div class=\"elementor-widget-container\">\n\t\t\t\t\t\t\t<div class=\"wd-text-block reset-last-child text-left\">\n\t\t\t\n\t\t\t<p><strong>C\u00f3mo encontrar polietileno para la extrusi\u00f3n de pel\u00edcula soplada. La extrusi\u00f3n de pel\u00edcula utiliza polietileno, como polietileno de baja densidad (LDPE), polietileno de alta densidad (HDPE), polietileno lineal de baja densidad (LLDPE) y polipropileno (PP).<\/strong><\/p><p>A continuaci\u00f3n, se presentan importantes proveedores de materiales a nivel mundial con oficinas en todo el mundo. Puede consultarlos en el mercado local.<\/p><p>1.<a href=\"http:\/\/www.sabic.com\/\" target=\"_blank\" rel=\"noopener\"><strong><u>Sabic Saudi Basic Industries Corporation<\/u><\/strong><\/a><\/p><p>2.<a href=\"http:\/\/www.exxonmobilchemical.com\/\" target=\"_blank\" rel=\"noopener\"><strong><u>ExxonMobil Chemical Company<\/u><\/strong><\/a><\/p><p>3.<a href=\"http:\/\/www.dow.com\/\" target=\"_blank\" rel=\"noopener\"><strong><u>Dow Chemical Company<\/u><\/strong><\/a><strong>\u00a0<\/strong><\/p><p><img loading=\"lazy\" decoding=\"async\" class=\"wp-image-29397\" style=\"font-size: 14px;\" src=\"https:\/\/mx.maquinaparahacerbolsas.com.mx\/wp-content\/uploads\/2025\/09\/polyethylene-HDPE-LDPE-supplier.webp\" alt=\"Proveedor de materiales\" width=\"450\" height=\"462\" \/><\/p>\n\t\t\t\t\t<\/div>\n\t\t\t\t\t\t<\/div>\n\t\t\t\t<\/div>\n\t\t\t\t\t<\/div>\n\t\t\t\t<\/div>\n\t\t\t\t<\/div>\n\t\t<\/p>\n<\/div>\n","protected":false},"excerpt":{"rendered":"<p>Maquina Para Hacer B<\/p>\n","protected":false},"featured_media":29635,"comment_status":"closed","ping_status":"closed","template":"","meta":{"_acf_changed":false},"product_brand":[],"product_cat":[86],"product_tag":[],"class_list":{"0":"post-29598","1":"product","2":"type-product","3":"status-publish","4":"has-post-thumbnail","6":"product_cat-maquina-para-hacer-bolsas-plastico","8":"first","9":"instock","10":"shipping-taxable","11":"product-type-simple"},"acf":[],"_links":{"self":[{"href":"https:\/\/maquinasparafabricarbolsas.co\/es\/wp-json\/wp\/v2\/product\/29598","targetHints":{"allow":["GET"]}}],"collection":[{"href":"https:\/\/maquinasparafabricarbolsas.co\/es\/wp-json\/wp\/v2\/product"}],"about":[{"href":"https:\/\/maquinasparafabricarbolsas.co\/es\/wp-json\/wp\/v2\/types\/product"}],"replies":[{"embeddable":true,"href":"https:\/\/maquinasparafabricarbolsas.co\/es\/wp-json\/wp\/v2\/comments?post=29598"}],"version-history":[{"count":1,"href":"https:\/\/maquinasparafabricarbolsas.co\/es\/wp-json\/wp\/v2\/product\/29598\/revisions"}],"predecessor-version":[{"id":30105,"href":"https:\/\/maquinasparafabricarbolsas.co\/es\/wp-json\/wp\/v2\/product\/29598\/revisions\/30105"}],"wp:featuredmedia":[{"embeddable":true,"href":"https:\/\/maquinasparafabricarbolsas.co\/es\/wp-json\/wp\/v2\/media\/29635"}],"wp:attachment":[{"href":"https:\/\/maquinasparafabricarbolsas.co\/es\/wp-json\/wp\/v2\/media?parent=29598"}],"wp:term":[{"taxonomy":"product_brand","embeddable":true,"href":"https:\/\/maquinasparafabricarbolsas.co\/es\/wp-json\/wp\/v2\/product_brand?post=29598"},{"taxonomy":"product_cat","embeddable":true,"href":"https:\/\/maquinasparafabricarbolsas.co\/es\/wp-json\/wp\/v2\/product_cat?post=29598"},{"taxonomy":"product_tag","embeddable":true,"href":"https:\/\/maquinasparafabricarbolsas.co\/es\/wp-json\/wp\/v2\/product_tag?post=29598"}],"curies":[{"name":"wp","href":"https:\/\/api.w.org\/{rel}","templated":true}]}}