{"id":29599,"date":"2025-09-26T21:44:15","date_gmt":"2025-09-26T13:44:15","guid":{"rendered":"https:\/\/maquinasparafabricarbolsas.co\/es\/?post_type=product&#038;p=29599"},"modified":"2025-10-24T01:31:53","modified_gmt":"2025-10-23T17:31:53","slug":"maquina-para-hacer-bolsas-de-plasticos-6-lineas","status":"publish","type":"product","link":"https:\/\/maquinasparafabricarbolsas.co\/es\/maquina-para-hacer-bolsas-de-plasticos-6-lineas","title":{"rendered":"M\u00e1quina para hacer bolsas de plasticos 6 l\u00edneas"},"content":{"rendered":"<p data-rm-block-id=\"block-1\"><strong>M\u00e1quina para hacer bolsas de pl\u00e1sticos 6 l\u00edneas <\/strong><br \/>\nLa m\u00e1quina para fabricar bolsas de pl\u00e1stico tipo camiseta (6 l\u00edneas) es un dispositivo que emplea tecnolog\u00eda de sellado t\u00e9rmico y corte en fr\u00edo. Con la incorporaci\u00f3n de un motor paso a paso y un fotodetector, este equipo tiene la capacidad de generar dos bolsas simult\u00e1neamente en dos l\u00edneas. Est\u00e1 especialmente dise\u00f1ada para la producci\u00f3n de bolsas tipo camiseta, bolsas con parches y bolsas de basura, satisfaciendo as\u00ed diversas necesidades de envasado de manera eficaz.<\/p>\n<p data-rm-block-id=\"block-2\">Pantalla t\u00e1ctil<br \/>\nUn sensor que permite la producci\u00f3n de bolsas con y sin impresi\u00f3n<br \/>\nMotor paso a paso<br \/>\nSeis desenrolladores<br \/>\nCapacidad de producci\u00f3n de 600 bolsas por minuto<br \/>\nMateriales: LDPE, HDPE<br \/>\nAlimentaci\u00f3n: 220 V<br \/>\nF\u00e1cil de operar, con un a\u00f1o de garant\u00eda<br \/>\nProduce bolsas planas abiertas, bolsas con asa, bolsas de compra y bolsas de basura<\/p>\n<div id=\"attachment_29279\" style=\"width: 308px\" class=\"wp-caption alignnone\"><img loading=\"lazy\" decoding=\"async\" aria-describedby=\"caption-attachment-29279\" class=\"M\u00e1quina para hacer bolsas de plasticos 6 l\u00edneas wp-image-29279\" title=\"M\u00e1quina para hacer bolsas de plasticos 6 l\u00edneas\" src=\"https:\/\/bolseadora.com.mx\/wp-content\/uploads\/2025\/03\/123.jpg\" alt=\"M\u00e1quina para hacer bolsas de plasticos 6 l\u00edneas\" width=\"298\" height=\"298\" srcset=\"https:\/\/maquinasparafabricarbolsas.co\/es\/wp-content\/uploads\/2025\/03\/123.jpg 500w, https:\/\/maquinasparafabricarbolsas.co\/es\/wp-content\/uploads\/2025\/03\/123-300x300.jpg 300w, https:\/\/maquinasparafabricarbolsas.co\/es\/wp-content\/uploads\/2025\/03\/123-150x150.jpg 150w, https:\/\/maquinasparafabricarbolsas.co\/es\/wp-content\/uploads\/2025\/03\/123-430x430.jpg 430w\" sizes=\"(max-width: 298px) 100vw, 298px\" \/><p id=\"caption-attachment-29279\" class=\"wp-caption-text\">M\u00e1quina para hacer bolsas de plasticos 6 l\u00edneas<\/p><\/div>\n<p data-rm-block-id=\"block-3\"><strong><span data-scayt_word=\"Especificaciones\" data-scaytid=\"204\">Especificaciones<\/span>\u00a0<span data-scayt_word=\"t\u00e9cnicas\" data-scaytid=\"205\">t\u00e9cnicas<\/span>\u00a0de la\u00a0<span data-scayt_word=\"m\u00e1quina\" data-scaytid=\"93\">m\u00e1quina<\/span>\u00a0<span data-scayt_word=\"para\" data-scaytid=\"65\">para<\/span>\u00a0<span data-scayt_word=\"fabricar\" data-scaytid=\"70\">fabricar<\/span>\u00a0<span data-scayt_word=\"bolsas\" data-scaytid=\"76\">bolsas<\/span>\u00a0de <span data-scayt_word=\"6l\u00edneas\" data-scaytid=\"206\">6l\u00edneas<\/span><\/strong><\/p>\n<table border=\"0\" cellspacing=\"1\" cellpadding=\"0\">\n<tbody>\n<tr>\n<td data-rm-block-id=\"block-4\"><strong>Modelo<\/strong><\/td>\n<td data-rm-block-id=\"block-5\"><strong>SHXJ-D<\/strong><strong>1000<\/strong><\/td>\n<td data-rm-block-id=\"block-6\"><strong>SHXJ-D<\/strong><strong>1200<\/strong><\/td>\n<td data-rm-block-id=\"block-7\"><strong>SHXJ-D<\/strong><strong>1500<\/strong><\/td>\n<\/tr>\n<tr>\n<td data-rm-block-id=\"block-8\">Ancho\u00a0del\u00a0sellado\u00a0y\u00a0corte(mm)<\/td>\n<td data-rm-block-id=\"block-9\">980<\/td>\n<td data-rm-block-id=\"block-10\">1180<\/td>\n<td data-rm-block-id=\"block-11\">1480<\/td>\n<\/tr>\n<tr>\n<td data-rm-block-id=\"block-12\">Longitud\u00a0del\u00a0sellado\u00a0y\u00a0corte(mm)<\/td>\n<td data-rm-block-id=\"block-13\">2000<\/td>\n<td data-rm-block-id=\"block-14\">2000<\/td>\n<td data-rm-block-id=\"block-15\">2000<\/td>\n<\/tr>\n<tr>\n<td data-rm-block-id=\"block-16\">Velocidad de la\u00a0fabricaci\u00f3n\u00a0de\u00a0bolsas(pc\/min)<\/td>\n<td data-rm-block-id=\"block-17\">(40-100)*6<\/td>\n<td data-rm-block-id=\"block-18\">(40-100)*6<\/td>\n<td data-rm-block-id=\"block-19\">(40-100)*6<\/td>\n<\/tr>\n<tr>\n<td data-rm-block-id=\"block-20\">N\u00famero de tiras (pc)<\/td>\n<td data-rm-block-id=\"block-21\">6<\/td>\n<td data-rm-block-id=\"block-22\">6<\/td>\n<td data-rm-block-id=\"block-23\">6<\/td>\n<\/tr>\n<tr>\n<td data-rm-block-id=\"block-24\">Potencia del motor (kw)<\/td>\n<td data-rm-block-id=\"block-25\">2.2<\/td>\n<td data-rm-block-id=\"block-26\">3<\/td>\n<td data-rm-block-id=\"block-27\">4<\/td>\n<\/tr>\n<tr>\n<td data-rm-block-id=\"block-28\">Peso (T)<\/td>\n<td data-rm-block-id=\"block-29\">1.3<\/td>\n<td data-rm-block-id=\"block-30\">1.3<\/td>\n<td data-rm-block-id=\"block-31\">1.6<\/td>\n<\/tr>\n<tr>\n<td data-rm-block-id=\"block-32\">Dimensi\u00f3n del exterior (L*A*A)mm<\/td>\n<td data-rm-block-id=\"block-33\">4800*2200*1800<\/td>\n<td data-rm-block-id=\"block-34\">4800*2200*2000<\/td>\n<td data-rm-block-id=\"block-35\">4800*2200*2600<\/td>\n<\/tr>\n<\/tbody>\n<\/table>\n<p data-rm-block-id=\"block-36\">\t\t<div data-elementor-type=\"page\" data-elementor-id=\"29875\" class=\"elementor elementor-29875\" data-elementor-post-type=\"elementor_library\">\n\t\t\t\t\t\t<section class=\"elementor-section elementor-top-section elementor-element elementor-element-490c8a90 elementor-section-boxed elementor-section-height-default elementor-section-height-default\" data-id=\"490c8a90\" data-element_type=\"section\">\n\t\t\t\t\t\t<div class=\"elementor-container elementor-column-gap-default\">\n\t\t\t\t\t<div class=\"elementor-column elementor-col-100 elementor-top-column elementor-element elementor-element-2a2a048d\" data-id=\"2a2a048d\" data-element_type=\"column\">\n\t\t\t<div class=\"elementor-widget-wrap elementor-element-populated\">\n\t\t\t\t\t\t<div class=\"elementor-element elementor-element-3d029a9f elementor-widget elementor-widget-heading\" data-id=\"3d029a9f\" data-element_type=\"widget\" data-widget_type=\"heading.default\">\n\t\t\t\t<div class=\"elementor-widget-container\">\n\t\t\t\t\t<h2 class=\"elementor-heading-title elementor-size-default\">Shipment<\/h2>\t\t\t\t<\/div>\n\t\t\t\t<\/div>\n\t\t\t\t<div class=\"elementor-element elementor-element-4a6d279d elementor-widget-divider--view-line elementor-widget elementor-widget-divider\" data-id=\"4a6d279d\" data-element_type=\"widget\" data-widget_type=\"divider.default\">\n\t\t\t\t<div class=\"elementor-widget-container\">\n\t\t\t\t\t\t\t<div class=\"elementor-divider\">\n\t\t\t<span class=\"elementor-divider-separator\">\n\t\t\t\t\t\t<\/span>\n\t\t<\/div>\n\t\t\t\t\t\t<\/div>\n\t\t\t\t<\/div>\n\t\t\t\t\t<\/div>\n\t\t<\/div>\n\t\t\t\t\t<\/div>\n\t\t<\/section>\n\t\t<div class=\"wd-negative-gap elementor-element elementor-element-7e6fceb7 e-flex e-con-boxed e-con e-parent\" data-id=\"7e6fceb7\" data-element_type=\"container\">\n\t\t\t\t\t<div class=\"e-con-inner\">\n\t\t\t\t<div class=\"elementor-element elementor-element-42573631 elementor-widget elementor-widget-wp-widget-text\" data-id=\"42573631\" data-element_type=\"widget\" data-widget_type=\"wp-widget-text.default\">\n\t\t\t\t<div class=\"elementor-widget-container\">\n\t\t\t\t\t<h5>Env\u00edo de m\u00e1quina para fabricar bolsas de pl\u00e1stico<\/h5>\t\t\t<div class=\"textwidget\"><p>Si solo compra una m\u00e1quina, la empacaremos con un paquete de madera y la cargaremos en un contenedor con carga menor a la del contenedor (LCL).<\/p>\n<div id=\"attachment_29396\" style=\"width: 460px\" class=\"wp-caption alignnone\"><img fetchpriority=\"high\" decoding=\"async\" fetchpriority=\"high\" aria-describedby=\"caption-attachment-29396\" class=\"wp-image-29396\" src=\"https:\/\/mx.maquinaparahacerbolsas.com.mx\/wp-content\/uploads\/2025\/09\/Maquina-para-hacer-bolsas-de-plastico-con-paquete-de-madera.webp\" alt=\"M\u00e1quina para hacer bolsas de pl\u00e1stico con paquete de madera\" width=\"450\" height=\"338\" \/><p id=\"caption-attachment-29396\" class=\"wp-caption-text\">M\u00e1quina para hacer bolsas de pl\u00e1stico con paquete de madera<\/p><\/div>\n<p>Si compra m\u00e1s m\u00e1quinas, empacaremos las m\u00e1quinas con pel\u00edcula estirable y las cargaremos en un contenedor completo directamente (carga de contenedor completo FCL).<\/p>\n<div id=\"attachment_29403\" style=\"width: 460px\" class=\"wp-caption alignnone\"><img loading=\"lazy\" decoding=\"async\" aria-describedby=\"caption-attachment-29403\" class=\"wp-image-29403\" src=\"https:\/\/mx.maquinaparahacerbolsas.com.mx\/wp-content\/uploads\/2025\/09\/film-blowing-machine-loading-container-export.webp\" alt=\"contenedor de carga para extrusi\u00f3n de pel\u00edcula soplada\" width=\"450\" height=\"450\" \/><p id=\"caption-attachment-29403\" class=\"wp-caption-text\">contenedor de carga para extrusi\u00f3n de pel\u00edcula soplada<\/p><\/div>\n<div id=\"attachment_29402\" style=\"width: 460px\" class=\"wp-caption alignnone\"><img loading=\"lazy\" decoding=\"async\" aria-describedby=\"caption-attachment-29402\" class=\"wp-image-29402\" src=\"https:\/\/mx.maquinaparahacerbolsas.com.mx\/wp-content\/uploads\/2025\/09\/plasticbagmachinesolution.webp\" alt=\"L\u00ednea completa de m\u00e1quinas para hacer bolsas de pl\u00e1stico\" width=\"450\" height=\"429\" \/><p id=\"caption-attachment-29402\" class=\"wp-caption-text\">L\u00ednea completa de m\u00e1quinas para hacer bolsas de pl\u00e1stico<\/p><\/div>\n<div id=\"attachment_29401\" style=\"width: 460px\" class=\"wp-caption alignnone\"><img loading=\"lazy\" decoding=\"async\" loading=\"lazy\" aria-describedby=\"caption-attachment-29401\" class=\"wp-image-29401\" src=\"https:\/\/mx.maquinaparahacerbolsas.com.mx\/wp-content\/uploads\/2025\/09\/shipmentplasticmachines.webp\" alt=\"Exportar m\u00e1quinas para hacer bolsas de pl\u00e1stico a diferentes pa\u00edses.\" width=\"450\" height=\"227\" \/><p id=\"caption-attachment-29401\" class=\"wp-caption-text\">Exportar m\u00e1quinas para hacer bolsas de pl\u00e1stico a diferentes pa\u00edses.<\/p><\/div>\n<p>&nbsp;<\/p>\n<\/div>\n\t\t\t\t\t\t<\/div>\n\t\t\t\t<\/div>\n\t\t\t\t\t<\/div>\n\t\t\t\t<\/div>\n\t\t<div class=\"wd-negative-gap elementor-element elementor-element-1d82cf68 e-flex e-con-boxed e-con e-parent\" data-id=\"1d82cf68\" data-element_type=\"container\">\n\t\t\t\t\t<div class=\"e-con-inner\">\n\t\t\t\t<div class=\"elementor-element elementor-element-51e47a49 elementor-widget elementor-widget-heading\" data-id=\"51e47a49\" data-element_type=\"widget\" data-widget_type=\"heading.default\">\n\t\t\t\t<div class=\"elementor-widget-container\">\n\t\t\t\t\t<h2 class=\"elementor-heading-title elementor-size-default\">Instalar la m\u00e1quina en la f\u00e1brica del cliente.<\/h2>\t\t\t\t<\/div>\n\t\t\t\t<\/div>\n\t\t\t\t\t<\/div>\n\t\t\t\t<\/div>\n\t\t<div class=\"wd-negative-gap elementor-element elementor-element-4ff599f8 e-flex e-con-boxed e-con e-parent\" data-id=\"4ff599f8\" data-element_type=\"container\">\n\t\t\t\t\t<div class=\"e-con-inner\">\n\t\t\t\t<div class=\"elementor-element elementor-element-45dfc6fb elementor-widget elementor-widget-heading\" data-id=\"45dfc6fb\" data-element_type=\"widget\" data-widget_type=\"heading.default\">\n\t\t\t\t<div class=\"elementor-widget-container\">\n\t\t\t\t\t<h2 class=\"elementor-heading-title elementor-size-default\">install machines in customer factory<br><img loading=\"lazy\" decoding=\"async\" class=\"alignnone wp-image-29400\" src=\"https:\/\/mx.maquinaparahacerbolsas.com.mx\/wp-content\/uploads\/2025\/09\/plastic-bag-machine-supplier.webp\" alt=\"\" width=\"450\" height=\"450\"><img loading=\"lazy\" decoding=\"async\" class=\"wp-image-29399\" src=\"https:\/\/mx.maquinaparahacerbolsas.com.mx\/wp-content\/uploads\/2025\/09\/Plastic-bag-machine-factory.webp\" alt=\"M\u00e1quina para fabricar bolsas de pl\u00e1stico en la f\u00e1brica del cliente\" width=\"450\" height=\"457\" style=\"font-size: 15px\"><\/h2>\t\t\t\t<\/div>\n\t\t\t\t<\/div>\n\t\t\t\t\t<\/div>\n\t\t\t\t<\/div>\n\t\t<div class=\"wd-negative-gap elementor-element elementor-element-1dd6c737 e-flex e-con-boxed e-con e-parent\" data-id=\"1dd6c737\" data-element_type=\"container\">\n\t\t\t\t\t<div class=\"e-con-inner\">\n\t\t\t\t<div class=\"elementor-element elementor-element-16dbb173 elementor-widget elementor-widget-heading\" data-id=\"16dbb173\" data-element_type=\"widget\" data-widget_type=\"heading.default\">\n\t\t\t\t<div class=\"elementor-widget-container\">\n\t\t\t\t\t<h2 class=\"elementor-heading-title elementor-size-default\">Proveedor de piezas de maquinaria<\/h2>\t\t\t\t<\/div>\n\t\t\t\t<\/div>\n\t\t\t\t\t<\/div>\n\t\t\t\t<\/div>\n\t\t<div class=\"wd-negative-gap elementor-element elementor-element-47782de6 e-flex e-con-boxed e-con e-parent\" data-id=\"47782de6\" data-element_type=\"container\">\n\t\t\t\t\t<div class=\"e-con-inner\">\n\t\t\t\t<div class=\"elementor-element elementor-element-d9cde2c elementor-widget elementor-widget-heading\" data-id=\"d9cde2c\" data-element_type=\"widget\" data-widget_type=\"heading.default\">\n\t\t\t\t<div class=\"elementor-widget-container\">\n\t\t\t\t\t<h2 class=\"elementor-heading-title elementor-size-default\"><img loading=\"lazy\" decoding=\"async\" class=\"wp-image-29398\" src=\"https:\/\/mx.maquinaparahacerbolsas.com.mx\/wp-content\/uploads\/2025\/09\/machinepartssupplier.webp\" alt=\"Proveedor de piezas de maquinaria\" width=\"450\" height=\"259\" style=\"font-size: 15px\"><\/h2>\t\t\t\t<\/div>\n\t\t\t\t<\/div>\n\t\t\t\t\t<\/div>\n\t\t\t\t<\/div>\n\t\t<div class=\"wd-negative-gap elementor-element elementor-element-3cfcb806 e-flex e-con-boxed e-con e-parent\" data-id=\"3cfcb806\" data-element_type=\"container\">\n\t\t\t\t\t<div class=\"e-con-inner\">\n\t\t\t\t<div class=\"elementor-element elementor-element-7da69e1d elementor-widget elementor-widget-heading\" data-id=\"7da69e1d\" data-element_type=\"widget\" data-widget_type=\"heading.default\">\n\t\t\t\t<div class=\"elementor-widget-container\">\n\t\t\t\t\t<h2 class=\"elementor-heading-title elementor-size-default\">Proveedor de materia prima de polietileno<\/h2>\t\t\t\t<\/div>\n\t\t\t\t<\/div>\n\t\t\t\t\t<\/div>\n\t\t\t\t<\/div>\n\t\t<div class=\"wd-negative-gap elementor-element elementor-element-34f78e0d e-flex e-con-boxed e-con e-parent\" data-id=\"34f78e0d\" data-element_type=\"container\">\n\t\t\t\t\t<div class=\"e-con-inner\">\n\t\t\t\t<div class=\"elementor-element elementor-element-71ba6c50 elementor-widget elementor-widget-wd_text_block\" data-id=\"71ba6c50\" data-element_type=\"widget\" data-widget_type=\"wd_text_block.default\">\n\t\t\t\t<div class=\"elementor-widget-container\">\n\t\t\t\t\t\t\t<div class=\"wd-text-block reset-last-child text-left\">\n\t\t\t\n\t\t\t<p><strong>C\u00f3mo encontrar polietileno para la extrusi\u00f3n de pel\u00edcula soplada. La extrusi\u00f3n de pel\u00edcula utiliza polietileno, como polietileno de baja densidad (LDPE), polietileno de alta densidad (HDPE), polietileno lineal de baja densidad (LLDPE) y polipropileno (PP).<\/strong><\/p><p>A continuaci\u00f3n, se presentan importantes proveedores de materiales a nivel mundial con oficinas en todo el mundo. Puede consultarlos en el mercado local.<\/p><p>1.<a href=\"http:\/\/www.sabic.com\/\" target=\"_blank\" rel=\"noopener\"><strong><u>Sabic Saudi Basic Industries Corporation<\/u><\/strong><\/a><\/p><p>2.<a href=\"http:\/\/www.exxonmobilchemical.com\/\" target=\"_blank\" rel=\"noopener\"><strong><u>ExxonMobil Chemical Company<\/u><\/strong><\/a><\/p><p>3.<a href=\"http:\/\/www.dow.com\/\" target=\"_blank\" rel=\"noopener\"><strong><u>Dow Chemical Company<\/u><\/strong><\/a><strong>\u00a0<\/strong><\/p><p><img loading=\"lazy\" decoding=\"async\" class=\"wp-image-29397\" style=\"font-size: 14px;\" src=\"https:\/\/mx.maquinaparahacerbolsas.com.mx\/wp-content\/uploads\/2025\/09\/polyethylene-HDPE-LDPE-supplier.webp\" alt=\"Proveedor de materiales\" width=\"450\" height=\"462\" \/><\/p>\n\t\t\t\t\t<\/div>\n\t\t\t\t\t\t<\/div>\n\t\t\t\t<\/div>\n\t\t\t\t\t<\/div>\n\t\t\t\t<\/div>\n\t\t\t\t<\/div>\n\t\t<\/p>\n","protected":false},"excerpt":{"rendered":"<p>M\u00e1quina para hacer b<\/p>\n","protected":false},"featured_media":29637,"comment_status":"closed","ping_status":"closed","template":"","meta":{"_acf_changed":false},"product_brand":[],"product_cat":[86],"product_tag":[],"class_list":{"0":"post-29599","1":"product","2":"type-product","3":"status-publish","4":"has-post-thumbnail","6":"product_cat-maquina-para-hacer-bolsas-plastico","8":"first","9":"instock","10":"shipping-taxable","11":"product-type-simple"},"acf":[],"_links":{"self":[{"href":"https:\/\/maquinasparafabricarbolsas.co\/es\/wp-json\/wp\/v2\/product\/29599","targetHints":{"allow":["GET"]}}],"collection":[{"href":"https:\/\/maquinasparafabricarbolsas.co\/es\/wp-json\/wp\/v2\/product"}],"about":[{"href":"https:\/\/maquinasparafabricarbolsas.co\/es\/wp-json\/wp\/v2\/types\/product"}],"replies":[{"embeddable":true,"href":"https:\/\/maquinasparafabricarbolsas.co\/es\/wp-json\/wp\/v2\/comments?post=29599"}],"version-history":[{"count":2,"href":"https:\/\/maquinasparafabricarbolsas.co\/es\/wp-json\/wp\/v2\/product\/29599\/revisions"}],"predecessor-version":[{"id":30104,"href":"https:\/\/maquinasparafabricarbolsas.co\/es\/wp-json\/wp\/v2\/product\/29599\/revisions\/30104"}],"wp:featuredmedia":[{"embeddable":true,"href":"https:\/\/maquinasparafabricarbolsas.co\/es\/wp-json\/wp\/v2\/media\/29637"}],"wp:attachment":[{"href":"https:\/\/maquinasparafabricarbolsas.co\/es\/wp-json\/wp\/v2\/media?parent=29599"}],"wp:term":[{"taxonomy":"product_brand","embeddable":true,"href":"https:\/\/maquinasparafabricarbolsas.co\/es\/wp-json\/wp\/v2\/product_brand?post=29599"},{"taxonomy":"product_cat","embeddable":true,"href":"https:\/\/maquinasparafabricarbolsas.co\/es\/wp-json\/wp\/v2\/product_cat?post=29599"},{"taxonomy":"product_tag","embeddable":true,"href":"https:\/\/maquinasparafabricarbolsas.co\/es\/wp-json\/wp\/v2\/product_tag?post=29599"}],"curies":[{"name":"wp","href":"https:\/\/api.w.org\/{rel}","templated":true}]}}