{"id":29602,"date":"2025-09-26T21:44:15","date_gmt":"2025-09-26T13:44:15","guid":{"rendered":"https:\/\/maquinasparafabricarbolsas.co\/es\/?post_type=product&#038;p=29602"},"modified":"2025-10-24T01:27:27","modified_gmt":"2025-10-23T17:27:27","slug":"mejor-guia-maquina-para-hacer-bolsas-de-celofan","status":"publish","type":"product","link":"https:\/\/maquinasparafabricarbolsas.co\/es\/mejor-guia-maquina-para-hacer-bolsas-de-celofan","title":{"rendered":"Maquina Para Hacer Bolsas de Celofan\u200b"},"content":{"rendered":"<p><strong>M\u00e1quina para la Fabricaci\u00f3n de Bolsas de Celof\u00e1n &#8211; La Mejor Maquina Para Hacer Bolsas de Celofan\u200b<\/strong><\/p>\n<p>La M\u00e1quina para Hacer Bolsas de Celof\u00e1n est\u00e1 dise\u00f1ada para el corte y termosellado de bolsas confeccionadas en BOPP, PP, PE y otros materiales. Es ideal para producir bolsas para flores, bolsas triangulares y aquellas destinadas a confiter\u00eda, especialmente utilizando la Maquina Para Hacer Bolsas de Celofan\u200b.<\/p>\n<p>Esta m\u00e1quina cuenta con un control inversor en el motor, lo que posibilita ajustes precisos en la velocidad de funcionamiento. A trav\u00e9s de una interfaz de pantalla t\u00e1ctil f\u00e1cil de usar, los operadores pueden modificar la velocidad de la m\u00e1quina y la longitud de las bolsas generadas.<\/p>\n<p>Equipado con un sensor fotoel\u00e9ctrico, el equipo puede fabricar bolsas con o sin impresi\u00f3n. Tambi\u00e9n dispone de una funci\u00f3n de perforaci\u00f3n, y se ofrece un dispositivo de plegado opcional para incrementar su funcionalidad.<\/p>\n<p>Considera invertir en una Maquina Para Hacer Bolsas de Celofan\u200b para optimizar tu producci\u00f3n y mejorar la calidad de tus productos.<\/p>\n<p>Los materiales que son compatibles con esta m\u00e1quina incluyen BOPP, PP, PE, POF y CPP, entre otros, que son adecuados para los procesos de termosellado y corte.<\/p>\n<p>La m\u00e1quina para hacer bolsas de celof\u00e1n que se produce incluye una amplia gama de art\u00edculos, tales como bolsas para prendas de vestir, calcetines, toallas, pan, decorativas, ropa interior, papeler\u00eda, componentes el\u00e9ctricos, as\u00ed como bolsas para productos de bamb\u00fa y de carpinter\u00eda.<\/p>\n<p>Pantalla t\u00e1ctil<br \/>\nSensor que permite la producci\u00f3n de bolsas con y sin impresi\u00f3n<br \/>\nMotor paso a paso<br \/>\nDos desbobinadores, dos l\u00edneas de producci\u00f3n<br \/>\nCapacidad de producci\u00f3n de 100 a 300 bolsas por minuto<br \/>\nMaterial utilizado: polietileno LDPE y HDPE<br \/>\nFabricaci\u00f3n de bolsas en HDPE y BOPP<br \/>\nAlimentaci\u00f3n el\u00e9ctrica: 220 V<br \/>\nFacilidad de uso, con una garant\u00eda de un a\u00f1o<\/p>\n<div id=\"attachment_28571\" style=\"width: 410px\" class=\"wp-caption alignnone\"><img loading=\"lazy\" decoding=\"async\" aria-describedby=\"caption-attachment-28571\" class=\"Maquina Para Hacer Bolsa celofan wp-image-28571 size-full\" title=\"Maquina Para Hacer Bolsa celofan\" src=\"https:\/\/maquinasparafabricarbolsas.co\/es\/wp-content\/uploads\/2025\/02\/Bolsas-de-BOPP-lateral.jpg\" alt=\"Maquina Para Hacer Bolsa celofan\" width=\"400\" height=\"300\" srcset=\"https:\/\/maquinasparafabricarbolsas.co\/es\/wp-content\/uploads\/2025\/02\/Bolsas-de-BOPP-lateral.jpg 400w, https:\/\/maquinasparafabricarbolsas.co\/es\/wp-content\/uploads\/2025\/02\/Bolsas-de-BOPP-lateral-150x113.jpg 150w\" sizes=\"(max-width: 400px) 100vw, 400px\" \/><p id=\"caption-attachment-28571\" class=\"wp-caption-text\">Maquina Para Hacer Bolsa celofan<\/p><\/div>\n<div>Main Technical Variables:<\/div>\n<table border=\"0\" cellspacing=\"1\" cellpadding=\"5\">\n<tbody>\n<tr>\n<td width=\"188\">\n<div>Model<\/div>\n<\/td>\n<td>\n<div><span data-scayt_word=\"RQL-600\" data-scaytid=\"13\">RQL-600<\/span><\/div>\n<\/td>\n<td width=\"109\">\n<div><span data-scayt_word=\"RQL-800\" data-scaytid=\"14\">RQL-800<\/span><\/div>\n<\/td>\n<td width=\"109\">\n<div><span data-scayt_word=\"RQL-1000\" data-scaytid=\"15\">RQL-1000<\/span><\/div>\n<\/td>\n<\/tr>\n<tr>\n<td width=\"188\">\n<div>Width of sealing &amp; cutting<\/div>\n<\/td>\n<td>\n<div><span data-scayt_word=\"580mm\" data-scaytid=\"16\">580mm<\/span><\/div>\n<\/td>\n<td width=\"109\">\n<div><span data-scayt_word=\"780mm\" data-scaytid=\"17\">780mm<\/span><\/div>\n<\/td>\n<td width=\"109\">\n<div><span data-scayt_word=\"980mm\" data-scaytid=\"18\">980mm<\/span><\/div>\n<\/td>\n<\/tr>\n<tr>\n<td width=\"188\">\n<div>Length of sealing &amp;cutting<\/div>\n<\/td>\n<td>\n<div><span data-scayt_word=\"999mm\" data-scaytid=\"19\">999mm<\/span><\/div>\n<\/td>\n<td width=\"109\">\n<div><span data-scayt_word=\"999mm\" data-scaytid=\"20\">999mm<\/span><\/div>\n<\/td>\n<td width=\"109\">\n<div><span data-scayt_word=\"999mm\" data-scaytid=\"21\">999mm<\/span><\/div>\n<\/td>\n<\/tr>\n<tr>\n<td width=\"188\">\n<div>Speed of bag-making<\/div>\n<\/td>\n<td>\n<div><span data-scayt_word=\"40-240pc\" data-scaytid=\"22\">40-240pc<\/span>\/min<\/div>\n<\/td>\n<td width=\"109\">\n<div><span data-scayt_word=\"40-240pc\" data-scaytid=\"23\">40-240pc<\/span>\/min<\/div>\n<\/td>\n<td width=\"109\">\n<div><span data-scayt_word=\"40-240pc\" data-scaytid=\"24\">40-240pc<\/span>\/min<\/div>\n<\/td>\n<\/tr>\n<tr>\n<td width=\"188\">\n<div>Power of motor<\/div>\n<\/td>\n<td>\n<div><span data-scayt_word=\"3kw\" data-scaytid=\"25\">3kw<\/span><\/div>\n<\/td>\n<td width=\"109\">\n<div><span data-scayt_word=\"7kw\" data-scaytid=\"26\">7kw<\/span><\/div>\n<\/td>\n<td width=\"109\">\n<div><span data-scayt_word=\"10kw\" data-scaytid=\"27\">10kw<\/span><\/div>\n<\/td>\n<\/tr>\n<tr>\n<td width=\"188\">\n<div>Weight<\/div>\n<\/td>\n<td>\n<div><span data-scayt_word=\"700kg\" data-scaytid=\"28\">700kg<\/span><\/div>\n<\/td>\n<td width=\"109\">\n<div><span data-scayt_word=\"850kg\" data-scaytid=\"29\">850kg<\/span><\/div>\n<\/td>\n<td width=\"109\">\n<div><span data-scayt_word=\"950kg\" data-scaytid=\"30\">950kg<\/span><\/div>\n<\/td>\n<\/tr>\n<tr>\n<td width=\"188\">\n<div>Outline dimension (m)<\/div>\n<\/td>\n<td>\n<div>3.6*1.2*1.7<\/div>\n<\/td>\n<td width=\"109\">\n<div>3.6*1.4*1.7<\/div>\n<\/td>\n<td width=\"109\">\n<div>3.6*1.6*1.7<\/div>\n<\/td>\n<\/tr>\n<\/tbody>\n<\/table>\n\t\t<div data-elementor-type=\"page\" data-elementor-id=\"29875\" class=\"elementor elementor-29875\" data-elementor-post-type=\"elementor_library\">\n\t\t\t\t\t\t<section class=\"elementor-section elementor-top-section elementor-element elementor-element-490c8a90 elementor-section-boxed elementor-section-height-default elementor-section-height-default\" data-id=\"490c8a90\" data-element_type=\"section\">\n\t\t\t\t\t\t<div class=\"elementor-container elementor-column-gap-default\">\n\t\t\t\t\t<div class=\"elementor-column elementor-col-100 elementor-top-column elementor-element elementor-element-2a2a048d\" data-id=\"2a2a048d\" data-element_type=\"column\">\n\t\t\t<div class=\"elementor-widget-wrap elementor-element-populated\">\n\t\t\t\t\t\t<div class=\"elementor-element elementor-element-3d029a9f elementor-widget elementor-widget-heading\" data-id=\"3d029a9f\" data-element_type=\"widget\" data-widget_type=\"heading.default\">\n\t\t\t\t<div class=\"elementor-widget-container\">\n\t\t\t\t\t<h2 class=\"elementor-heading-title elementor-size-default\">Shipment<\/h2>\t\t\t\t<\/div>\n\t\t\t\t<\/div>\n\t\t\t\t<div class=\"elementor-element elementor-element-4a6d279d elementor-widget-divider--view-line elementor-widget elementor-widget-divider\" data-id=\"4a6d279d\" data-element_type=\"widget\" data-widget_type=\"divider.default\">\n\t\t\t\t<div class=\"elementor-widget-container\">\n\t\t\t\t\t\t\t<div class=\"elementor-divider\">\n\t\t\t<span class=\"elementor-divider-separator\">\n\t\t\t\t\t\t<\/span>\n\t\t<\/div>\n\t\t\t\t\t\t<\/div>\n\t\t\t\t<\/div>\n\t\t\t\t\t<\/div>\n\t\t<\/div>\n\t\t\t\t\t<\/div>\n\t\t<\/section>\n\t\t<div class=\"wd-negative-gap elementor-element elementor-element-7e6fceb7 e-flex e-con-boxed e-con e-parent\" data-id=\"7e6fceb7\" data-element_type=\"container\">\n\t\t\t\t\t<div class=\"e-con-inner\">\n\t\t\t\t<div class=\"elementor-element elementor-element-42573631 elementor-widget elementor-widget-wp-widget-text\" data-id=\"42573631\" data-element_type=\"widget\" data-widget_type=\"wp-widget-text.default\">\n\t\t\t\t<div class=\"elementor-widget-container\">\n\t\t\t\t\t<h5>Env\u00edo de m\u00e1quina para fabricar bolsas de pl\u00e1stico<\/h5>\t\t\t<div class=\"textwidget\"><p>Si solo compra una m\u00e1quina, la empacaremos con un paquete de madera y la cargaremos en un contenedor con carga menor a la del contenedor (LCL).<\/p>\n<div id=\"attachment_29396\" style=\"width: 460px\" class=\"wp-caption alignnone\"><img fetchpriority=\"high\" decoding=\"async\" fetchpriority=\"high\" aria-describedby=\"caption-attachment-29396\" class=\"wp-image-29396\" src=\"https:\/\/mx.maquinaparahacerbolsas.com.mx\/wp-content\/uploads\/2025\/09\/Maquina-para-hacer-bolsas-de-plastico-con-paquete-de-madera.webp\" alt=\"M\u00e1quina para hacer bolsas de pl\u00e1stico con paquete de madera\" width=\"450\" height=\"338\" \/><p id=\"caption-attachment-29396\" class=\"wp-caption-text\">M\u00e1quina para hacer bolsas de pl\u00e1stico con paquete de madera<\/p><\/div>\n<p>Si compra m\u00e1s m\u00e1quinas, empacaremos las m\u00e1quinas con pel\u00edcula estirable y las cargaremos en un contenedor completo directamente (carga de contenedor completo FCL).<\/p>\n<div id=\"attachment_29403\" style=\"width: 460px\" class=\"wp-caption alignnone\"><img loading=\"lazy\" decoding=\"async\" aria-describedby=\"caption-attachment-29403\" class=\"wp-image-29403\" src=\"https:\/\/mx.maquinaparahacerbolsas.com.mx\/wp-content\/uploads\/2025\/09\/film-blowing-machine-loading-container-export.webp\" alt=\"contenedor de carga para extrusi\u00f3n de pel\u00edcula soplada\" width=\"450\" height=\"450\" \/><p id=\"caption-attachment-29403\" class=\"wp-caption-text\">contenedor de carga para extrusi\u00f3n de pel\u00edcula soplada<\/p><\/div>\n<div id=\"attachment_29402\" style=\"width: 460px\" class=\"wp-caption alignnone\"><img loading=\"lazy\" decoding=\"async\" aria-describedby=\"caption-attachment-29402\" class=\"wp-image-29402\" src=\"https:\/\/mx.maquinaparahacerbolsas.com.mx\/wp-content\/uploads\/2025\/09\/plasticbagmachinesolution.webp\" alt=\"L\u00ednea completa de m\u00e1quinas para hacer bolsas de pl\u00e1stico\" width=\"450\" height=\"429\" \/><p id=\"caption-attachment-29402\" class=\"wp-caption-text\">L\u00ednea completa de m\u00e1quinas para hacer bolsas de pl\u00e1stico<\/p><\/div>\n<div id=\"attachment_29401\" style=\"width: 460px\" class=\"wp-caption alignnone\"><img loading=\"lazy\" decoding=\"async\" loading=\"lazy\" aria-describedby=\"caption-attachment-29401\" class=\"wp-image-29401\" src=\"https:\/\/mx.maquinaparahacerbolsas.com.mx\/wp-content\/uploads\/2025\/09\/shipmentplasticmachines.webp\" alt=\"Exportar m\u00e1quinas para hacer bolsas de pl\u00e1stico a diferentes pa\u00edses.\" width=\"450\" height=\"227\" \/><p id=\"caption-attachment-29401\" class=\"wp-caption-text\">Exportar m\u00e1quinas para hacer bolsas de pl\u00e1stico a diferentes pa\u00edses.<\/p><\/div>\n<p>&nbsp;<\/p>\n<\/div>\n\t\t\t\t\t\t<\/div>\n\t\t\t\t<\/div>\n\t\t\t\t\t<\/div>\n\t\t\t\t<\/div>\n\t\t<div class=\"wd-negative-gap elementor-element elementor-element-1d82cf68 e-flex e-con-boxed e-con e-parent\" data-id=\"1d82cf68\" data-element_type=\"container\">\n\t\t\t\t\t<div class=\"e-con-inner\">\n\t\t\t\t<div class=\"elementor-element elementor-element-51e47a49 elementor-widget elementor-widget-heading\" data-id=\"51e47a49\" data-element_type=\"widget\" data-widget_type=\"heading.default\">\n\t\t\t\t<div class=\"elementor-widget-container\">\n\t\t\t\t\t<h2 class=\"elementor-heading-title elementor-size-default\">Instalar la m\u00e1quina en la f\u00e1brica del cliente.<\/h2>\t\t\t\t<\/div>\n\t\t\t\t<\/div>\n\t\t\t\t\t<\/div>\n\t\t\t\t<\/div>\n\t\t<div class=\"wd-negative-gap elementor-element elementor-element-4ff599f8 e-flex e-con-boxed e-con e-parent\" data-id=\"4ff599f8\" data-element_type=\"container\">\n\t\t\t\t\t<div class=\"e-con-inner\">\n\t\t\t\t<div class=\"elementor-element elementor-element-45dfc6fb elementor-widget elementor-widget-heading\" data-id=\"45dfc6fb\" data-element_type=\"widget\" data-widget_type=\"heading.default\">\n\t\t\t\t<div class=\"elementor-widget-container\">\n\t\t\t\t\t<h2 class=\"elementor-heading-title elementor-size-default\">install machines in customer factory<br><img loading=\"lazy\" decoding=\"async\" class=\"alignnone wp-image-29400\" src=\"https:\/\/mx.maquinaparahacerbolsas.com.mx\/wp-content\/uploads\/2025\/09\/plastic-bag-machine-supplier.webp\" alt=\"\" width=\"450\" height=\"450\"><img loading=\"lazy\" decoding=\"async\" class=\"wp-image-29399\" src=\"https:\/\/mx.maquinaparahacerbolsas.com.mx\/wp-content\/uploads\/2025\/09\/Plastic-bag-machine-factory.webp\" alt=\"M\u00e1quina para fabricar bolsas de pl\u00e1stico en la f\u00e1brica del cliente\" width=\"450\" height=\"457\" style=\"font-size: 15px\"><\/h2>\t\t\t\t<\/div>\n\t\t\t\t<\/div>\n\t\t\t\t\t<\/div>\n\t\t\t\t<\/div>\n\t\t<div class=\"wd-negative-gap elementor-element elementor-element-1dd6c737 e-flex e-con-boxed e-con e-parent\" data-id=\"1dd6c737\" data-element_type=\"container\">\n\t\t\t\t\t<div class=\"e-con-inner\">\n\t\t\t\t<div class=\"elementor-element elementor-element-16dbb173 elementor-widget elementor-widget-heading\" data-id=\"16dbb173\" data-element_type=\"widget\" data-widget_type=\"heading.default\">\n\t\t\t\t<div class=\"elementor-widget-container\">\n\t\t\t\t\t<h2 class=\"elementor-heading-title elementor-size-default\">Proveedor de piezas de maquinaria<\/h2>\t\t\t\t<\/div>\n\t\t\t\t<\/div>\n\t\t\t\t\t<\/div>\n\t\t\t\t<\/div>\n\t\t<div class=\"wd-negative-gap elementor-element elementor-element-47782de6 e-flex e-con-boxed e-con e-parent\" data-id=\"47782de6\" data-element_type=\"container\">\n\t\t\t\t\t<div class=\"e-con-inner\">\n\t\t\t\t<div class=\"elementor-element elementor-element-d9cde2c elementor-widget elementor-widget-heading\" data-id=\"d9cde2c\" data-element_type=\"widget\" data-widget_type=\"heading.default\">\n\t\t\t\t<div class=\"elementor-widget-container\">\n\t\t\t\t\t<h2 class=\"elementor-heading-title elementor-size-default\"><img loading=\"lazy\" decoding=\"async\" class=\"wp-image-29398\" src=\"https:\/\/mx.maquinaparahacerbolsas.com.mx\/wp-content\/uploads\/2025\/09\/machinepartssupplier.webp\" alt=\"Proveedor de piezas de maquinaria\" width=\"450\" height=\"259\" style=\"font-size: 15px\"><\/h2>\t\t\t\t<\/div>\n\t\t\t\t<\/div>\n\t\t\t\t\t<\/div>\n\t\t\t\t<\/div>\n\t\t<div class=\"wd-negative-gap elementor-element elementor-element-3cfcb806 e-flex e-con-boxed e-con e-parent\" data-id=\"3cfcb806\" data-element_type=\"container\">\n\t\t\t\t\t<div class=\"e-con-inner\">\n\t\t\t\t<div class=\"elementor-element elementor-element-7da69e1d elementor-widget elementor-widget-heading\" data-id=\"7da69e1d\" data-element_type=\"widget\" data-widget_type=\"heading.default\">\n\t\t\t\t<div class=\"elementor-widget-container\">\n\t\t\t\t\t<h2 class=\"elementor-heading-title elementor-size-default\">Proveedor de materia prima de polietileno<\/h2>\t\t\t\t<\/div>\n\t\t\t\t<\/div>\n\t\t\t\t\t<\/div>\n\t\t\t\t<\/div>\n\t\t<div class=\"wd-negative-gap elementor-element elementor-element-34f78e0d e-flex e-con-boxed e-con e-parent\" data-id=\"34f78e0d\" data-element_type=\"container\">\n\t\t\t\t\t<div class=\"e-con-inner\">\n\t\t\t\t<div class=\"elementor-element elementor-element-71ba6c50 elementor-widget elementor-widget-wd_text_block\" data-id=\"71ba6c50\" data-element_type=\"widget\" data-widget_type=\"wd_text_block.default\">\n\t\t\t\t<div class=\"elementor-widget-container\">\n\t\t\t\t\t\t\t<div class=\"wd-text-block reset-last-child text-left\">\n\t\t\t\n\t\t\t<p><strong>C\u00f3mo encontrar polietileno para la extrusi\u00f3n de pel\u00edcula soplada. La extrusi\u00f3n de pel\u00edcula utiliza polietileno, como polietileno de baja densidad (LDPE), polietileno de alta densidad (HDPE), polietileno lineal de baja densidad (LLDPE) y polipropileno (PP).<\/strong><\/p><p>A continuaci\u00f3n, se presentan importantes proveedores de materiales a nivel mundial con oficinas en todo el mundo. Puede consultarlos en el mercado local.<\/p><p>1.<a href=\"http:\/\/www.sabic.com\/\" target=\"_blank\" rel=\"noopener\"><strong><u>Sabic Saudi Basic Industries Corporation<\/u><\/strong><\/a><\/p><p>2.<a href=\"http:\/\/www.exxonmobilchemical.com\/\" target=\"_blank\" rel=\"noopener\"><strong><u>ExxonMobil Chemical Company<\/u><\/strong><\/a><\/p><p>3.<a href=\"http:\/\/www.dow.com\/\" target=\"_blank\" rel=\"noopener\"><strong><u>Dow Chemical Company<\/u><\/strong><\/a><strong>\u00a0<\/strong><\/p><p><img loading=\"lazy\" decoding=\"async\" class=\"wp-image-29397\" style=\"font-size: 14px;\" src=\"https:\/\/mx.maquinaparahacerbolsas.com.mx\/wp-content\/uploads\/2025\/09\/polyethylene-HDPE-LDPE-supplier.webp\" alt=\"Proveedor de materiales\" width=\"450\" height=\"462\" \/><\/p>\n\t\t\t\t\t<\/div>\n\t\t\t\t\t\t<\/div>\n\t\t\t\t<\/div>\n\t\t\t\t\t<\/div>\n\t\t\t\t<\/div>\n\t\t\t\t<\/div>\n\t\t\n","protected":false},"excerpt":{"rendered":"<p>M\u00e1quina para la Fabr<\/p>\n","protected":false},"featured_media":29643,"comment_status":"closed","ping_status":"closed","template":"","meta":{"_acf_changed":false},"product_brand":[],"product_cat":[86],"product_tag":[],"class_list":{"0":"post-29602","1":"product","2":"type-product","3":"status-publish","4":"has-post-thumbnail","6":"product_cat-maquina-para-hacer-bolsas-plastico","8":"first","9":"instock","10":"shipping-taxable","11":"product-type-simple"},"acf":[],"_links":{"self":[{"href":"https:\/\/maquinasparafabricarbolsas.co\/es\/wp-json\/wp\/v2\/product\/29602","targetHints":{"allow":["GET"]}}],"collection":[{"href":"https:\/\/maquinasparafabricarbolsas.co\/es\/wp-json\/wp\/v2\/product"}],"about":[{"href":"https:\/\/maquinasparafabricarbolsas.co\/es\/wp-json\/wp\/v2\/types\/product"}],"replies":[{"embeddable":true,"href":"https:\/\/maquinasparafabricarbolsas.co\/es\/wp-json\/wp\/v2\/comments?post=29602"}],"version-history":[{"count":2,"href":"https:\/\/maquinasparafabricarbolsas.co\/es\/wp-json\/wp\/v2\/product\/29602\/revisions"}],"predecessor-version":[{"id":30098,"href":"https:\/\/maquinasparafabricarbolsas.co\/es\/wp-json\/wp\/v2\/product\/29602\/revisions\/30098"}],"wp:featuredmedia":[{"embeddable":true,"href":"https:\/\/maquinasparafabricarbolsas.co\/es\/wp-json\/wp\/v2\/media\/29643"}],"wp:attachment":[{"href":"https:\/\/maquinasparafabricarbolsas.co\/es\/wp-json\/wp\/v2\/media?parent=29602"}],"wp:term":[{"taxonomy":"product_brand","embeddable":true,"href":"https:\/\/maquinasparafabricarbolsas.co\/es\/wp-json\/wp\/v2\/product_brand?post=29602"},{"taxonomy":"product_cat","embeddable":true,"href":"https:\/\/maquinasparafabricarbolsas.co\/es\/wp-json\/wp\/v2\/product_cat?post=29602"},{"taxonomy":"product_tag","embeddable":true,"href":"https:\/\/maquinasparafabricarbolsas.co\/es\/wp-json\/wp\/v2\/product_tag?post=29602"}],"curies":[{"name":"wp","href":"https:\/\/api.w.org\/{rel}","templated":true}]}}