{"id":29603,"date":"2025-09-26T21:44:15","date_gmt":"2025-09-26T13:44:15","guid":{"rendered":"https:\/\/maquinasparafabricarbolsas.co\/es\/?post_type=product&#038;p=29603"},"modified":"2025-10-24T01:25:44","modified_gmt":"2025-10-23T17:25:44","slug":"maquina-para-hacer-bolsas-flor","status":"publish","type":"product","link":"https:\/\/maquinasparafabricarbolsas.co\/es\/maquina-para-hacer-bolsas-flor","title":{"rendered":"M\u00e1quina Para Hacer bolsas flor"},"content":{"rendered":"<p data-rm-block-id=\"block-1\">M\u00e1quina Para Hacer Bolsas Flor: Caracter\u00edsticas y Aplicaciones<br \/>\nLa M\u00e1quina Para Hacer Bolsas Flor se emplea principalmente en la producci\u00f3n de diversas variedades de bolsas, incluyendo aquellas dise\u00f1adas para flores, paraguas y bolsas de atar. Tras un proceso de reacondicionamiento, tiene la capacidad de elaborar bolsas con forma de arco utilizando materiales como BOPP, PE y POF.<\/p>\n<p data-rm-block-id=\"block-2\">Rendimiento y modelos disponibles:<\/p>\n<p data-rm-block-id=\"block-3\">1) El modelo KDF400 es apropiado para la fabricaci\u00f3n de bolsas para pl\u00e1ntulas de flores y bolsas de grifo.<br \/>\n2) El modelo KDF600 es ideal para peque\u00f1as bolsas de pl\u00e1ntulas de flores frescas y bolsas para uvas.<br \/>\n3) El modelo KDF900 est\u00e1 destinado a la creaci\u00f3n de grandes bolsas para pl\u00e1ntulas de flores frescas,as\u00ed como bolsas para paraguas y de atar.<\/p>\n<p data-rm-block-id=\"block-4\">a) Cuenta con celdas fotoel\u00e9ctricas de alta sensibilidad que aseguran una producci\u00f3n precisa de las bolsas.<br \/>\nb) La opci\u00f3n de estampado est\u00e1 disponible de manera opcional.<br \/>\nc) Se aceptan pedidos para m\u00e1quinas con funciones personalizadas. d) Tambi\u00e9n se aceptan solicitudes para bolsas de dimensiones especiales. Par\u00e1metros t\u00e9cnicos destacados.<\/p>\n<div id=\"attachment_29463\" style=\"width: 360px\" class=\"wp-caption alignnone\"><img loading=\"lazy\" decoding=\"async\" aria-describedby=\"caption-attachment-29463\" class=\"M\u00e1quina Para Hacer bolsas flor wp-image-29463\" title=\"M\u00e1quina Para Hacer bolsas flor\" src=\"https:\/\/bolseadora.com.mx\/wp-content\/uploads\/2025\/02\/Maquina-Para-Hacer-bolsas-flor.webp\" alt=\"M\u00e1quina Para Hacer bolsas flor\" width=\"350\" height=\"243\" \/><p id=\"caption-attachment-29463\" class=\"wp-caption-text\">M\u00e1quina Para Hacer bolsas flor<\/p><\/div>\n<table border=\"0\" cellspacing=\"0\" cellpadding=\"0\">\n<tbody>\n<tr>\n<td valign=\"bottom\" data-rm-block-id=\"block-5\">Model<\/td>\n<td valign=\"bottom\" data-rm-block-id=\"block-6\"><span data-scayt_word=\"KDF400\" data-scaytid=\"9\">KDF400<\/span><\/td>\n<td valign=\"bottom\" data-rm-block-id=\"block-7\"><span data-scayt_word=\"KDF600\" data-scaytid=\"10\">KDF600<\/span><\/td>\n<td valign=\"bottom\" data-rm-block-id=\"block-8\"><span data-scayt_word=\"KDF900\" data-scaytid=\"11\">KDF900<\/span><\/td>\n<\/tr>\n<tr>\n<td valign=\"bottom\" data-rm-block-id=\"block-9\">Power<\/td>\n<td valign=\"bottom\" data-rm-block-id=\"block-10\"><span data-scayt_word=\"220V\" data-scaytid=\"18\">220V<\/span><\/td>\n<td valign=\"bottom\" data-rm-block-id=\"block-11\"><span data-scayt_word=\"220V\" data-scaytid=\"19\">220V<\/span><\/td>\n<td valign=\"bottom\" data-rm-block-id=\"block-12\"><span data-scayt_word=\"220V\" data-scaytid=\"20\">220V<\/span><\/td>\n<\/tr>\n<tr>\n<td valign=\"bottom\" data-rm-block-id=\"block-13\">Total power<\/td>\n<td valign=\"bottom\" data-rm-block-id=\"block-14\">3.5KW<\/td>\n<td valign=\"bottom\" data-rm-block-id=\"block-15\">\u00a05.0KW<\/td>\n<td valign=\"bottom\" data-rm-block-id=\"block-16\">8.5KW<\/td>\n<\/tr>\n<tr>\n<td valign=\"bottom\" data-rm-block-id=\"block-17\"><strong>Bag-making Width<\/strong><\/td>\n<td valign=\"bottom\" data-rm-block-id=\"block-18\"><span data-scayt_word=\"50-300mm\" data-scaytid=\"21\">50-300mm<\/span><\/td>\n<td valign=\"bottom\" data-rm-block-id=\"block-19\"><span data-scayt_word=\"50-500mm\" data-scaytid=\"22\">50-500mm<\/span><\/td>\n<td valign=\"bottom\" data-rm-block-id=\"block-20\"><span data-scayt_word=\"50-800mm\" data-scaytid=\"23\">50-800mm<\/span><\/td>\n<\/tr>\n<tr>\n<td valign=\"bottom\" data-rm-block-id=\"block-21\"><strong>Bag-making Length<\/strong><\/td>\n<td valign=\"bottom\" data-rm-block-id=\"block-22\"><span data-scayt_word=\"40-500mm\" data-scaytid=\"24\">40-500mm<\/span><\/td>\n<td valign=\"bottom\" data-rm-block-id=\"block-23\"><span data-scayt_word=\"40-500mm\" data-scaytid=\"25\">40-500mm<\/span><\/td>\n<td valign=\"bottom\" data-rm-block-id=\"block-24\"><span data-scayt_word=\"40-500mm\" data-scaytid=\"26\">40-500mm<\/span><\/td>\n<\/tr>\n<tr>\n<td valign=\"bottom\" data-rm-block-id=\"block-25\"><strong>Bag-making Speed<\/strong><\/td>\n<td valign=\"bottom\" data-rm-block-id=\"block-26\"><span data-scayt_word=\"30-160P\" data-scaytid=\"27\">30-160P<\/span>\/min<\/td>\n<td valign=\"bottom\" data-rm-block-id=\"block-27\"><span data-scayt_word=\"30-140P\" data-scaytid=\"28\">30-140P<\/span>\/min<\/td>\n<td valign=\"bottom\" data-rm-block-id=\"block-28\"><span data-scayt_word=\"30-120P\" data-scaytid=\"29\">30-120P<\/span>\/min<\/td>\n<\/tr>\n<tr>\n<td valign=\"bottom\" data-rm-block-id=\"block-29\">Weight<\/td>\n<td valign=\"bottom\" data-rm-block-id=\"block-30\"><span data-scayt_word=\"450kg\" data-scaytid=\"30\">450kg<\/span><\/td>\n<td valign=\"bottom\" data-rm-block-id=\"block-31\"><span data-scayt_word=\"800kg\" data-scaytid=\"31\">800kg<\/span><\/td>\n<td valign=\"bottom\" data-rm-block-id=\"block-32\"><span data-scayt_word=\"1000kg\" data-scaytid=\"32\">1000kg<\/span><\/td>\n<\/tr>\n<tr>\n<td valign=\"bottom\" data-rm-block-id=\"block-33\">Length of machine<\/td>\n<td valign=\"bottom\" data-rm-block-id=\"block-34\"><span data-scayt_word=\"3300mm\" data-scaytid=\"33\">3300mm<\/span><\/td>\n<td valign=\"bottom\" data-rm-block-id=\"block-35\"><span data-scayt_word=\"3600mm\" data-scaytid=\"34\">3600mm<\/span><\/td>\n<td valign=\"bottom\" data-rm-block-id=\"block-36\"><span data-scayt_word=\"3600mm\" data-scaytid=\"35\">3600mm<\/span><\/td>\n<\/tr>\n<tr>\n<td valign=\"bottom\" data-rm-block-id=\"block-37\">Width of machine<\/td>\n<td valign=\"bottom\" data-rm-block-id=\"block-38\"><span data-scayt_word=\"860mm\" data-scaytid=\"36\">860mm<\/span><\/td>\n<td valign=\"bottom\" data-rm-block-id=\"block-39\"><span data-scayt_word=\"1140mm\" data-scaytid=\"37\">1140mm<\/span><\/td>\n<td valign=\"bottom\" data-rm-block-id=\"block-40\"><span data-scayt_word=\"1440mm\" data-scaytid=\"38\">1440mm<\/span><\/td>\n<\/tr>\n<tr>\n<td valign=\"bottom\" data-rm-block-id=\"block-41\">Height of machine<\/td>\n<td valign=\"bottom\" data-rm-block-id=\"block-42\"><span data-scayt_word=\"1225mm\" data-scaytid=\"39\">1225mm<\/span><\/td>\n<td valign=\"bottom\" data-rm-block-id=\"block-43\"><span data-scayt_word=\"1225mm\" data-scaytid=\"40\">1225mm<\/span><\/td>\n<td valign=\"bottom\" data-rm-block-id=\"block-44\"><span data-scayt_word=\"1225mm\" data-scaytid=\"41\">1225mm<\/span><\/td>\n<\/tr>\n<\/tbody>\n<\/table>\n<p data-rm-block-id=\"block-45\">\t\t<div data-elementor-type=\"page\" data-elementor-id=\"29875\" class=\"elementor elementor-29875\" data-elementor-post-type=\"elementor_library\">\n\t\t\t\t\t\t<section class=\"elementor-section elementor-top-section elementor-element elementor-element-490c8a90 elementor-section-boxed elementor-section-height-default elementor-section-height-default\" data-id=\"490c8a90\" data-element_type=\"section\">\n\t\t\t\t\t\t<div class=\"elementor-container elementor-column-gap-default\">\n\t\t\t\t\t<div class=\"elementor-column elementor-col-100 elementor-top-column elementor-element elementor-element-2a2a048d\" data-id=\"2a2a048d\" data-element_type=\"column\">\n\t\t\t<div class=\"elementor-widget-wrap elementor-element-populated\">\n\t\t\t\t\t\t<div class=\"elementor-element elementor-element-3d029a9f elementor-widget elementor-widget-heading\" data-id=\"3d029a9f\" data-element_type=\"widget\" data-widget_type=\"heading.default\">\n\t\t\t\t<div class=\"elementor-widget-container\">\n\t\t\t\t\t<h2 class=\"elementor-heading-title elementor-size-default\">Shipment<\/h2>\t\t\t\t<\/div>\n\t\t\t\t<\/div>\n\t\t\t\t<div class=\"elementor-element elementor-element-4a6d279d elementor-widget-divider--view-line elementor-widget elementor-widget-divider\" data-id=\"4a6d279d\" data-element_type=\"widget\" data-widget_type=\"divider.default\">\n\t\t\t\t<div class=\"elementor-widget-container\">\n\t\t\t\t\t\t\t<div class=\"elementor-divider\">\n\t\t\t<span class=\"elementor-divider-separator\">\n\t\t\t\t\t\t<\/span>\n\t\t<\/div>\n\t\t\t\t\t\t<\/div>\n\t\t\t\t<\/div>\n\t\t\t\t\t<\/div>\n\t\t<\/div>\n\t\t\t\t\t<\/div>\n\t\t<\/section>\n\t\t<div class=\"wd-negative-gap elementor-element elementor-element-7e6fceb7 e-flex e-con-boxed e-con e-parent\" data-id=\"7e6fceb7\" data-element_type=\"container\">\n\t\t\t\t\t<div class=\"e-con-inner\">\n\t\t\t\t<div class=\"elementor-element elementor-element-42573631 elementor-widget elementor-widget-wp-widget-text\" data-id=\"42573631\" data-element_type=\"widget\" data-widget_type=\"wp-widget-text.default\">\n\t\t\t\t<div class=\"elementor-widget-container\">\n\t\t\t\t\t<h5>Env\u00edo de m\u00e1quina para fabricar bolsas de pl\u00e1stico<\/h5>\t\t\t<div class=\"textwidget\"><p>Si solo compra una m\u00e1quina, la empacaremos con un paquete de madera y la cargaremos en un contenedor con carga menor a la del contenedor (LCL).<\/p>\n<div id=\"attachment_29396\" style=\"width: 460px\" class=\"wp-caption alignnone\"><img fetchpriority=\"high\" decoding=\"async\" fetchpriority=\"high\" aria-describedby=\"caption-attachment-29396\" class=\"wp-image-29396\" src=\"https:\/\/mx.maquinaparahacerbolsas.com.mx\/wp-content\/uploads\/2025\/09\/Maquina-para-hacer-bolsas-de-plastico-con-paquete-de-madera.webp\" alt=\"M\u00e1quina para hacer bolsas de pl\u00e1stico con paquete de madera\" width=\"450\" height=\"338\" \/><p id=\"caption-attachment-29396\" class=\"wp-caption-text\">M\u00e1quina para hacer bolsas de pl\u00e1stico con paquete de madera<\/p><\/div>\n<p>Si compra m\u00e1s m\u00e1quinas, empacaremos las m\u00e1quinas con pel\u00edcula estirable y las cargaremos en un contenedor completo directamente (carga de contenedor completo FCL).<\/p>\n<div id=\"attachment_29403\" style=\"width: 460px\" class=\"wp-caption alignnone\"><img loading=\"lazy\" decoding=\"async\" aria-describedby=\"caption-attachment-29403\" class=\"wp-image-29403\" src=\"https:\/\/mx.maquinaparahacerbolsas.com.mx\/wp-content\/uploads\/2025\/09\/film-blowing-machine-loading-container-export.webp\" alt=\"contenedor de carga para extrusi\u00f3n de pel\u00edcula soplada\" width=\"450\" height=\"450\" \/><p id=\"caption-attachment-29403\" class=\"wp-caption-text\">contenedor de carga para extrusi\u00f3n de pel\u00edcula soplada<\/p><\/div>\n<div id=\"attachment_29402\" style=\"width: 460px\" class=\"wp-caption alignnone\"><img loading=\"lazy\" decoding=\"async\" aria-describedby=\"caption-attachment-29402\" class=\"wp-image-29402\" src=\"https:\/\/mx.maquinaparahacerbolsas.com.mx\/wp-content\/uploads\/2025\/09\/plasticbagmachinesolution.webp\" alt=\"L\u00ednea completa de m\u00e1quinas para hacer bolsas de pl\u00e1stico\" width=\"450\" height=\"429\" \/><p id=\"caption-attachment-29402\" class=\"wp-caption-text\">L\u00ednea completa de m\u00e1quinas para hacer bolsas de pl\u00e1stico<\/p><\/div>\n<div id=\"attachment_29401\" style=\"width: 460px\" class=\"wp-caption alignnone\"><img loading=\"lazy\" decoding=\"async\" loading=\"lazy\" aria-describedby=\"caption-attachment-29401\" class=\"wp-image-29401\" src=\"https:\/\/mx.maquinaparahacerbolsas.com.mx\/wp-content\/uploads\/2025\/09\/shipmentplasticmachines.webp\" alt=\"Exportar m\u00e1quinas para hacer bolsas de pl\u00e1stico a diferentes pa\u00edses.\" width=\"450\" height=\"227\" \/><p id=\"caption-attachment-29401\" class=\"wp-caption-text\">Exportar m\u00e1quinas para hacer bolsas de pl\u00e1stico a diferentes pa\u00edses.<\/p><\/div>\n<p>&nbsp;<\/p>\n<\/div>\n\t\t\t\t\t\t<\/div>\n\t\t\t\t<\/div>\n\t\t\t\t\t<\/div>\n\t\t\t\t<\/div>\n\t\t<div class=\"wd-negative-gap elementor-element elementor-element-1d82cf68 e-flex e-con-boxed e-con e-parent\" data-id=\"1d82cf68\" data-element_type=\"container\">\n\t\t\t\t\t<div class=\"e-con-inner\">\n\t\t\t\t<div class=\"elementor-element elementor-element-51e47a49 elementor-widget elementor-widget-heading\" data-id=\"51e47a49\" data-element_type=\"widget\" data-widget_type=\"heading.default\">\n\t\t\t\t<div class=\"elementor-widget-container\">\n\t\t\t\t\t<h2 class=\"elementor-heading-title elementor-size-default\">Instalar la m\u00e1quina en la f\u00e1brica del cliente.<\/h2>\t\t\t\t<\/div>\n\t\t\t\t<\/div>\n\t\t\t\t\t<\/div>\n\t\t\t\t<\/div>\n\t\t<div class=\"wd-negative-gap elementor-element elementor-element-4ff599f8 e-flex e-con-boxed e-con e-parent\" data-id=\"4ff599f8\" data-element_type=\"container\">\n\t\t\t\t\t<div class=\"e-con-inner\">\n\t\t\t\t<div class=\"elementor-element elementor-element-45dfc6fb elementor-widget elementor-widget-heading\" data-id=\"45dfc6fb\" data-element_type=\"widget\" data-widget_type=\"heading.default\">\n\t\t\t\t<div class=\"elementor-widget-container\">\n\t\t\t\t\t<h2 class=\"elementor-heading-title elementor-size-default\">install machines in customer factory<br><img loading=\"lazy\" decoding=\"async\" class=\"alignnone wp-image-29400\" src=\"https:\/\/mx.maquinaparahacerbolsas.com.mx\/wp-content\/uploads\/2025\/09\/plastic-bag-machine-supplier.webp\" alt=\"\" width=\"450\" height=\"450\"><img loading=\"lazy\" decoding=\"async\" class=\"wp-image-29399\" src=\"https:\/\/mx.maquinaparahacerbolsas.com.mx\/wp-content\/uploads\/2025\/09\/Plastic-bag-machine-factory.webp\" alt=\"M\u00e1quina para fabricar bolsas de pl\u00e1stico en la f\u00e1brica del cliente\" width=\"450\" height=\"457\" style=\"font-size: 15px\"><\/h2>\t\t\t\t<\/div>\n\t\t\t\t<\/div>\n\t\t\t\t\t<\/div>\n\t\t\t\t<\/div>\n\t\t<div class=\"wd-negative-gap elementor-element elementor-element-1dd6c737 e-flex e-con-boxed e-con e-parent\" data-id=\"1dd6c737\" data-element_type=\"container\">\n\t\t\t\t\t<div class=\"e-con-inner\">\n\t\t\t\t<div class=\"elementor-element elementor-element-16dbb173 elementor-widget elementor-widget-heading\" data-id=\"16dbb173\" data-element_type=\"widget\" data-widget_type=\"heading.default\">\n\t\t\t\t<div class=\"elementor-widget-container\">\n\t\t\t\t\t<h2 class=\"elementor-heading-title elementor-size-default\">Proveedor de piezas de maquinaria<\/h2>\t\t\t\t<\/div>\n\t\t\t\t<\/div>\n\t\t\t\t\t<\/div>\n\t\t\t\t<\/div>\n\t\t<div class=\"wd-negative-gap elementor-element elementor-element-47782de6 e-flex e-con-boxed e-con e-parent\" data-id=\"47782de6\" data-element_type=\"container\">\n\t\t\t\t\t<div class=\"e-con-inner\">\n\t\t\t\t<div class=\"elementor-element elementor-element-d9cde2c elementor-widget elementor-widget-heading\" data-id=\"d9cde2c\" data-element_type=\"widget\" data-widget_type=\"heading.default\">\n\t\t\t\t<div class=\"elementor-widget-container\">\n\t\t\t\t\t<h2 class=\"elementor-heading-title elementor-size-default\"><img loading=\"lazy\" decoding=\"async\" class=\"wp-image-29398\" src=\"https:\/\/mx.maquinaparahacerbolsas.com.mx\/wp-content\/uploads\/2025\/09\/machinepartssupplier.webp\" alt=\"Proveedor de piezas de maquinaria\" width=\"450\" height=\"259\" style=\"font-size: 15px\"><\/h2>\t\t\t\t<\/div>\n\t\t\t\t<\/div>\n\t\t\t\t\t<\/div>\n\t\t\t\t<\/div>\n\t\t<div class=\"wd-negative-gap elementor-element elementor-element-3cfcb806 e-flex e-con-boxed e-con e-parent\" data-id=\"3cfcb806\" data-element_type=\"container\">\n\t\t\t\t\t<div class=\"e-con-inner\">\n\t\t\t\t<div class=\"elementor-element elementor-element-7da69e1d elementor-widget elementor-widget-heading\" data-id=\"7da69e1d\" data-element_type=\"widget\" data-widget_type=\"heading.default\">\n\t\t\t\t<div class=\"elementor-widget-container\">\n\t\t\t\t\t<h2 class=\"elementor-heading-title elementor-size-default\">Proveedor de materia prima de polietileno<\/h2>\t\t\t\t<\/div>\n\t\t\t\t<\/div>\n\t\t\t\t\t<\/div>\n\t\t\t\t<\/div>\n\t\t<div class=\"wd-negative-gap elementor-element elementor-element-34f78e0d e-flex e-con-boxed e-con e-parent\" data-id=\"34f78e0d\" data-element_type=\"container\">\n\t\t\t\t\t<div class=\"e-con-inner\">\n\t\t\t\t<div class=\"elementor-element elementor-element-71ba6c50 elementor-widget elementor-widget-wd_text_block\" data-id=\"71ba6c50\" data-element_type=\"widget\" data-widget_type=\"wd_text_block.default\">\n\t\t\t\t<div class=\"elementor-widget-container\">\n\t\t\t\t\t\t\t<div class=\"wd-text-block reset-last-child text-left\">\n\t\t\t\n\t\t\t<p><strong>C\u00f3mo encontrar polietileno para la extrusi\u00f3n de pel\u00edcula soplada. La extrusi\u00f3n de pel\u00edcula utiliza polietileno, como polietileno de baja densidad (LDPE), polietileno de alta densidad (HDPE), polietileno lineal de baja densidad (LLDPE) y polipropileno (PP).<\/strong><\/p><p>A continuaci\u00f3n, se presentan importantes proveedores de materiales a nivel mundial con oficinas en todo el mundo. Puede consultarlos en el mercado local.<\/p><p>1.<a href=\"http:\/\/www.sabic.com\/\" target=\"_blank\" rel=\"noopener\"><strong><u>Sabic Saudi Basic Industries Corporation<\/u><\/strong><\/a><\/p><p>2.<a href=\"http:\/\/www.exxonmobilchemical.com\/\" target=\"_blank\" rel=\"noopener\"><strong><u>ExxonMobil Chemical Company<\/u><\/strong><\/a><\/p><p>3.<a href=\"http:\/\/www.dow.com\/\" target=\"_blank\" rel=\"noopener\"><strong><u>Dow Chemical Company<\/u><\/strong><\/a><strong>\u00a0<\/strong><\/p><p><img loading=\"lazy\" decoding=\"async\" class=\"wp-image-29397\" style=\"font-size: 14px;\" src=\"https:\/\/mx.maquinaparahacerbolsas.com.mx\/wp-content\/uploads\/2025\/09\/polyethylene-HDPE-LDPE-supplier.webp\" alt=\"Proveedor de materiales\" width=\"450\" height=\"462\" \/><\/p>\n\t\t\t\t\t<\/div>\n\t\t\t\t\t\t<\/div>\n\t\t\t\t<\/div>\n\t\t\t\t\t<\/div>\n\t\t\t\t<\/div>\n\t\t\t\t<\/div>\n\t\t<\/p>\n","protected":false},"excerpt":{"rendered":"<p>M\u00e1quina Para Hacer B<\/p>\n","protected":false},"featured_media":29956,"comment_status":"closed","ping_status":"closed","template":"","meta":{"_acf_changed":false},"product_brand":[],"product_cat":[86],"product_tag":[],"class_list":{"0":"post-29603","1":"product","2":"type-product","3":"status-publish","4":"has-post-thumbnail","6":"product_cat-maquina-para-hacer-bolsas-plastico","8":"first","9":"instock","10":"shipping-taxable","11":"product-type-simple"},"acf":[],"_links":{"self":[{"href":"https:\/\/maquinasparafabricarbolsas.co\/es\/wp-json\/wp\/v2\/product\/29603","targetHints":{"allow":["GET"]}}],"collection":[{"href":"https:\/\/maquinasparafabricarbolsas.co\/es\/wp-json\/wp\/v2\/product"}],"about":[{"href":"https:\/\/maquinasparafabricarbolsas.co\/es\/wp-json\/wp\/v2\/types\/product"}],"replies":[{"embeddable":true,"href":"https:\/\/maquinasparafabricarbolsas.co\/es\/wp-json\/wp\/v2\/comments?post=29603"}],"version-history":[{"count":2,"href":"https:\/\/maquinasparafabricarbolsas.co\/es\/wp-json\/wp\/v2\/product\/29603\/revisions"}],"predecessor-version":[{"id":30096,"href":"https:\/\/maquinasparafabricarbolsas.co\/es\/wp-json\/wp\/v2\/product\/29603\/revisions\/30096"}],"wp:featuredmedia":[{"embeddable":true,"href":"https:\/\/maquinasparafabricarbolsas.co\/es\/wp-json\/wp\/v2\/media\/29956"}],"wp:attachment":[{"href":"https:\/\/maquinasparafabricarbolsas.co\/es\/wp-json\/wp\/v2\/media?parent=29603"}],"wp:term":[{"taxonomy":"product_brand","embeddable":true,"href":"https:\/\/maquinasparafabricarbolsas.co\/es\/wp-json\/wp\/v2\/product_brand?post=29603"},{"taxonomy":"product_cat","embeddable":true,"href":"https:\/\/maquinasparafabricarbolsas.co\/es\/wp-json\/wp\/v2\/product_cat?post=29603"},{"taxonomy":"product_tag","embeddable":true,"href":"https:\/\/maquinasparafabricarbolsas.co\/es\/wp-json\/wp\/v2\/product_tag?post=29603"}],"curies":[{"name":"wp","href":"https:\/\/api.w.org\/{rel}","templated":true}]}}