{"id":29604,"date":"2025-09-26T21:44:15","date_gmt":"2025-09-26T13:44:15","guid":{"rendered":"https:\/\/maquinasparafabricarbolsas.co\/es\/?post_type=product&#038;p=29604"},"modified":"2025-10-25T15:41:22","modified_gmt":"2025-10-25T07:41:22","slug":"optimiza-tecnologia-extrusion-de-pelicula","status":"publish","type":"product","link":"https:\/\/maquinasparafabricarbolsas.co\/es\/optimiza-tecnologia-extrusion-de-pelicula","title":{"rendered":"Extrusion de pelicula cabezal doble"},"content":{"rendered":"<p data-rm-block-id=\"block-1\">Extrusion de pelicula cabezal doble<\/p>\n<p data-rm-block-id=\"block-2\">La Extrusion de pelicula cabezal doble facilita la creaci\u00f3n de pel\u00edculas de polietileno, abarcando tanto la baja densidad (LDPE) como la alta densidad (HDPE). Estas pel\u00edculas son adecuadas para la elaboraci\u00f3n de una variedad de productos, incluyendo bolsas tipo chaleco, bolsas de basura, bolsas para ropa, bolsas planas, bolsas para alimentos y bolsas de compras, gracias al proceso de extrusi\u00f3n de pel\u00edcula.<\/p>\n<p data-rm-block-id=\"block-3\">Caracter\u00edsticas de la extrusora de film soplado de cabezal doble:<br \/>\n&#8211; Husillo y cilindro de alta calidad.<br \/>\n&#8211; Un husillo que incluye dos matrices, permitiendo la producci\u00f3n simult\u00e1nea de dos rollos de pel\u00edcula.<br \/>\n&#8211; Control autom\u00e1tico de temperatura y velocidad variable.<br \/>\n&#8211; Opciones de rebobinado, tanto simple como doble.<br \/>\n&#8211; Materiales compatibles: LDPE, HDPE, LLDPE.<br \/>\n&#8211; Ideal para la fabricaci\u00f3n de bolsas tipo camiseta, bolsas pl\u00e1sticas, bolsas de basura, bolsas para ropa y pel\u00edculas de embalaje.<br \/>\n&#8211; Ancho de pel\u00edcula disponible: de 100 mm a 1000 mm.<br \/>\n&#8211; Espesor de pel\u00edcula: de 0,01 mm a 0,1 mm.<\/p>\n<div data-rm-block-id=\"block-4\">\n<div id=\"attachment_29424\" style=\"width: 534px\" class=\"wp-caption alignnone\"><img loading=\"lazy\" decoding=\"async\" aria-describedby=\"caption-attachment-29424\" class=\"Bolsas De Plastico Tipo Camiseta wp-image-29424\" title=\"Bolsas De Plastico Tipo Camiseta\" src=\"https:\/\/bolseadora.com.mx\/wp-content\/uploads\/2025\/02\/Bolsas-De-Plastico-Tipo-Camiseta.jpg\" alt=\"Bolsas De Plastico Tipo Camiseta\" width=\"524\" height=\"262\" \/><p id=\"caption-attachment-29424\" class=\"wp-caption-text\">Bolsas De Plastico Tipo Camiseta<\/p><\/div>\n<\/div>\n<div data-rm-block-id=\"block-5\"><\/div>\n<div data-rm-block-id=\"block-6\"><mark class=\"rank-math-highlight\" style=\"background-color: #fee894;\" data-rm-block-id=\"block-6\">Informaci\u00f3n sobre el extrusion de pelicula de cabezal doble y la extrusion de pelicula\u200b:<br \/>\n1. Husillo y cilindro de alta calidad.<br \/>\n2. Control de velocidad de la m\u00e1quina por inversor.<br \/>\n3. Control autom\u00e1tico de temperatura.<br \/>\n4. Bobinadora simple o doble.<br \/>\n5. Material: LDPE, HDPE, LLDPE.<br \/>\n6. Apto para la producci\u00f3n de bolsas de pl\u00e1stico, bolsas de basura, film de embalaje y film termorretr\u00e1ctil<\/mark>.<br \/>\n<strong><span data-scayt_word=\"Especificaciones\" data-scaytid=\"104\">Especificaciones<\/span>\u00a0<span data-scayt_word=\"tecnol\u00f3gicas\" data-scaytid=\"105\">tecnol\u00f3gicas<\/span>\u00a0de la\u00a0<span data-scayt_word=\"m\u00e1quina\" data-scaytid=\"84\">m\u00e1quina<\/span>\u00a0de\u00a0<span data-scayt_word=\"pel\u00edcula\" data-scaytid=\"85\">pel\u00edcula<\/span>\u00a0<span data-scayt_word=\"soplada\" data-scaytid=\"86\">soplada<\/span>\u00a0<span data-scayt_word=\"decabezal\" data-scaytid=\"109\">decabezal<\/span>\u00a0<span data-scayt_word=\"doble\" data-scaytid=\"87\">doble<\/span><\/strong><\/div>\n<table border=\"0\" cellspacing=\"1\" cellpadding=\"0\">\n<tbody>\n<tr>\n<td data-rm-block-id=\"block-7\"><strong><span data-scayt_word=\"Modelo\" data-scaytid=\"111\">Modelo<\/span><\/strong><\/td>\n<td data-rm-block-id=\"block-8\"><strong><span data-scayt_word=\"SJ65-FM600\" data-scaytid=\"112\">SJ65-FM600<\/span><\/strong><\/td>\n<td data-rm-block-id=\"block-9\"><strong><span data-scayt_word=\"SJ70-FM700\" data-scaytid=\"113\">SJ70-FM700<\/span><\/strong><\/td>\n<td data-rm-block-id=\"block-10\"><strong><span data-scayt_word=\"SJ75-FM800\" data-scaytid=\"114\">SJ75-FM800<\/span><\/strong><\/td>\n<\/tr>\n<tr>\n<td data-rm-block-id=\"block-11\"><span data-scayt_word=\"Di\u00e1metro\" data-scaytid=\"115\">Di\u00e1metro<\/span>\u00a0del\u00a0<span data-scayt_word=\"tornillo\" data-scaytid=\"93\">tornillo<\/span><\/td>\n<td data-rm-block-id=\"block-12\"><span data-scayt_word=\"65mm\" data-scaytid=\"123\">65mm<\/span><\/td>\n<td data-rm-block-id=\"block-13\"><span data-scayt_word=\"70mm\" data-scaytid=\"124\">70mm<\/span><\/td>\n<td data-rm-block-id=\"block-14\"><span data-scayt_word=\"75mm\" data-scaytid=\"125\">75mm<\/span><\/td>\n<\/tr>\n<tr>\n<td data-rm-block-id=\"block-15\">Ratio del\u00a0<span data-scayt_word=\"tornillo\" data-scaytid=\"94\">tornillo<\/span><\/td>\n<td data-rm-block-id=\"block-16\">1:28<\/td>\n<td data-rm-block-id=\"block-17\">1:28<\/td>\n<td data-rm-block-id=\"block-18\">1:28<\/td>\n<\/tr>\n<tr>\n<td data-rm-block-id=\"block-19\"><span data-scayt_word=\"Velocidad\" data-scaytid=\"126\">Velocidad<\/span>\u00a0del\u00a0<span data-scayt_word=\"tornillo\" data-scaytid=\"95\">tornillo<\/span><\/td>\n<td data-rm-block-id=\"block-20\"><span data-scayt_word=\"10-110r\" data-scaytid=\"127\">10-110r<\/span>\/min.<\/td>\n<td data-rm-block-id=\"block-21\"><span data-scayt_word=\"10-110r\" data-scaytid=\"128\">10-110r<\/span>\/min.<\/td>\n<td data-rm-block-id=\"block-22\"><span data-scayt_word=\"10-110r\" data-scaytid=\"129\">10-110r<\/span>\/min.<\/td>\n<\/tr>\n<tr>\n<td data-rm-block-id=\"block-23\">M\u00e1x.\u00a0Salida<\/td>\n<td data-rm-block-id=\"block-24\">50kg\/h<\/td>\n<td data-rm-block-id=\"block-25\">70kg\/h<\/td>\n<td data-rm-block-id=\"block-26\">90kg\/h<\/td>\n<\/tr>\n<tr>\n<td data-rm-block-id=\"block-27\">M\u00e1x.\u00a0ancho\u00a0de la\u00a0<span data-scayt_word=\"pel\u00edcula\" data-scaytid=\"119\">pel\u00edcula<\/span>\u00a0doblado<\/td>\n<td data-rm-block-id=\"block-28\">550mm\u00d72<\/td>\n<td data-rm-block-id=\"block-29\">650mm\u00d72<\/td>\n<td data-rm-block-id=\"block-30\">750mm\u00d72<\/td>\n<\/tr>\n<tr>\n<td data-rm-block-id=\"block-31\">Grosor\u00a0de un solo\u00a0lado\u00a0de la\u00a0<span data-scayt_word=\"pel\u00edcula\" data-scaytid=\"134\">pel\u00edcula<\/span><\/td>\n<td data-rm-block-id=\"block-32\">0.006-0.10mm<\/td>\n<td data-rm-block-id=\"block-33\">0.006-0.10mm<\/td>\n<td data-rm-block-id=\"block-34\">0.006-0.10mm<\/td>\n<\/tr>\n<tr>\n<td data-rm-block-id=\"block-35\">Potencia\u00a0del motor principal<\/td>\n<td data-rm-block-id=\"block-36\">18.5-22Kw<\/td>\n<td data-rm-block-id=\"block-37\">22-30Kw<\/td>\n<td data-rm-block-id=\"block-38\">37Kw<\/td>\n<\/tr>\n<tr>\n<td data-rm-block-id=\"block-39\">Potencia\u00a0total<\/td>\n<td data-rm-block-id=\"block-40\">40Kw<\/td>\n<td data-rm-block-id=\"block-41\">55Kw<\/td>\n<td data-rm-block-id=\"block-42\">70Kw<\/td>\n<\/tr>\n<tr>\n<td data-rm-block-id=\"block-43\">Peso de la\u00a0m\u00e1quina<\/td>\n<td data-rm-block-id=\"block-44\">3000kg<\/td>\n<td data-rm-block-id=\"block-45\">3800kg<\/td>\n<td data-rm-block-id=\"block-46\">4500kg<\/td>\n<\/tr>\n<tr>\n<td data-rm-block-id=\"block-47\">Dimensiones\u00a0totales<\/td>\n<td data-rm-block-id=\"block-48\">4800\u00d72200\u00d73800<\/td>\n<td data-rm-block-id=\"block-49\">5000\u00d72400\u00d74000<\/td>\n<td data-rm-block-id=\"block-50\">5200\u00d72600\u00d74200<\/td>\n<\/tr>\n<\/tbody>\n<\/table>\n<p data-rm-block-id=\"block-51\">\t\t<div data-elementor-type=\"page\" data-elementor-id=\"29869\" class=\"elementor elementor-29869\" data-elementor-post-type=\"elementor_library\">\n\t\t\t\t\t\t<section class=\"elementor-section elementor-top-section elementor-element elementor-element-63d06348 elementor-section-boxed elementor-section-height-default elementor-section-height-default\" data-id=\"63d06348\" data-element_type=\"section\">\n\t\t\t\t\t\t<div class=\"elementor-container elementor-column-gap-default\">\n\t\t\t\t\t<div class=\"elementor-column elementor-col-100 elementor-top-column elementor-element elementor-element-558b0c91\" data-id=\"558b0c91\" data-element_type=\"column\">\n\t\t\t<div class=\"elementor-widget-wrap elementor-element-populated\">\n\t\t\t\t\t\t<div class=\"elementor-element elementor-element-b70ca3c elementor-widget elementor-widget-heading\" data-id=\"b70ca3c\" data-element_type=\"widget\" data-widget_type=\"heading.default\">\n\t\t\t\t<div class=\"elementor-widget-container\">\n\t\t\t\t\t<h2 class=\"elementor-heading-title elementor-size-default\">Shipment<\/h2>\t\t\t\t<\/div>\n\t\t\t\t<\/div>\n\t\t\t\t<div class=\"elementor-element elementor-element-107d862a elementor-widget-divider--view-line elementor-widget elementor-widget-divider\" data-id=\"107d862a\" data-element_type=\"widget\" data-widget_type=\"divider.default\">\n\t\t\t\t<div class=\"elementor-widget-container\">\n\t\t\t\t\t\t\t<div class=\"elementor-divider\">\n\t\t\t<span class=\"elementor-divider-separator\">\n\t\t\t\t\t\t<\/span>\n\t\t<\/div>\n\t\t\t\t\t\t<\/div>\n\t\t\t\t<\/div>\n\t\t\t\t\t<\/div>\n\t\t<\/div>\n\t\t\t\t\t<\/div>\n\t\t<\/section>\n\t\t<div class=\"wd-negative-gap elementor-element elementor-element-3a202bae e-flex e-con-boxed e-con e-parent\" data-id=\"3a202bae\" data-element_type=\"container\">\n\t\t\t\t\t<div class=\"e-con-inner\">\n\t\t\t\t<div class=\"elementor-element elementor-element-cc201c5 elementor-widget elementor-widget-wp-widget-text\" data-id=\"cc201c5\" data-element_type=\"widget\" data-widget_type=\"wp-widget-text.default\">\n\t\t\t\t<div class=\"elementor-widget-container\">\n\t\t\t\t\t<h5>Env\u00edo de m\u00e1quina para fabricar bolsas de pl\u00e1stico<\/h5>\t\t\t<div class=\"textwidget\"><p>Si solo compra una m\u00e1quina, la empacaremos con un paquete de madera y la cargaremos en un contenedor con carga menor a la del contenedor (LCL).<\/p>\n<div id=\"attachment_29396\" style=\"width: 460px\" class=\"wp-caption alignnone\"><img fetchpriority=\"high\" decoding=\"async\" fetchpriority=\"high\" aria-describedby=\"caption-attachment-29396\" class=\"wp-image-29396\" src=\"https:\/\/mx.maquinaparahacerbolsas.com.mx\/wp-content\/uploads\/2025\/09\/Maquina-para-hacer-bolsas-de-plastico-con-paquete-de-madera.webp\" alt=\"M\u00e1quina para hacer bolsas de pl\u00e1stico con paquete de madera\" width=\"450\" height=\"338\" \/><p id=\"caption-attachment-29396\" class=\"wp-caption-text\">M\u00e1quina para hacer bolsas de pl\u00e1stico con paquete de madera<\/p><\/div>\n<p>Si compra m\u00e1s m\u00e1quinas, empacaremos las m\u00e1quinas con pel\u00edcula estirable y las cargaremos en un contenedor completo directamente (carga de contenedor completo FCL).<\/p>\n<div id=\"attachment_29403\" style=\"width: 460px\" class=\"wp-caption alignnone\"><img loading=\"lazy\" decoding=\"async\" aria-describedby=\"caption-attachment-29403\" class=\"wp-image-29403\" src=\"https:\/\/mx.maquinaparahacerbolsas.com.mx\/wp-content\/uploads\/2025\/09\/film-blowing-machine-loading-container-export.webp\" alt=\"contenedor de carga para extrusi\u00f3n de pel\u00edcula soplada\" width=\"450\" height=\"450\" \/><p id=\"caption-attachment-29403\" class=\"wp-caption-text\">contenedor de carga para extrusi\u00f3n de pel\u00edcula soplada<\/p><\/div>\n<div id=\"attachment_29402\" style=\"width: 460px\" class=\"wp-caption alignnone\"><img loading=\"lazy\" decoding=\"async\" aria-describedby=\"caption-attachment-29402\" class=\"wp-image-29402\" src=\"https:\/\/mx.maquinaparahacerbolsas.com.mx\/wp-content\/uploads\/2025\/09\/plasticbagmachinesolution.webp\" alt=\"L\u00ednea completa de m\u00e1quinas para hacer bolsas de pl\u00e1stico\" width=\"450\" height=\"429\" \/><p id=\"caption-attachment-29402\" class=\"wp-caption-text\">L\u00ednea completa de m\u00e1quinas para hacer bolsas de pl\u00e1stico<\/p><\/div>\n<div id=\"attachment_29401\" style=\"width: 460px\" class=\"wp-caption alignnone\"><img loading=\"lazy\" decoding=\"async\" loading=\"lazy\" aria-describedby=\"caption-attachment-29401\" class=\"wp-image-29401\" src=\"https:\/\/mx.maquinaparahacerbolsas.com.mx\/wp-content\/uploads\/2025\/09\/shipmentplasticmachines.webp\" alt=\"Exportar m\u00e1quinas para hacer bolsas de pl\u00e1stico a diferentes pa\u00edses.\" width=\"450\" height=\"227\" \/><p id=\"caption-attachment-29401\" class=\"wp-caption-text\">Exportar m\u00e1quinas para hacer bolsas de pl\u00e1stico a diferentes pa\u00edses.<\/p><\/div>\n<p>&nbsp;<\/p>\n<\/div>\n\t\t\t\t\t\t<\/div>\n\t\t\t\t<\/div>\n\t\t\t\t\t<\/div>\n\t\t\t\t<\/div>\n\t\t<div class=\"wd-negative-gap elementor-element elementor-element-b0849af e-flex e-con-boxed e-con e-parent\" data-id=\"b0849af\" data-element_type=\"container\">\n\t\t\t\t\t<div class=\"e-con-inner\">\n\t\t\t\t<div class=\"elementor-element elementor-element-561aa20e elementor-widget elementor-widget-heading\" data-id=\"561aa20e\" data-element_type=\"widget\" data-widget_type=\"heading.default\">\n\t\t\t\t<div class=\"elementor-widget-container\">\n\t\t\t\t\t<h2 class=\"elementor-heading-title elementor-size-default\">Instalar la m\u00e1quina en la f\u00e1brica del cliente.<\/h2>\t\t\t\t<\/div>\n\t\t\t\t<\/div>\n\t\t\t\t\t<\/div>\n\t\t\t\t<\/div>\n\t\t<div class=\"wd-negative-gap elementor-element elementor-element-342a48c4 e-flex e-con-boxed e-con e-parent\" data-id=\"342a48c4\" data-element_type=\"container\">\n\t\t\t\t\t<div class=\"e-con-inner\">\n\t\t\t\t<div class=\"elementor-element elementor-element-7f087561 elementor-widget elementor-widget-heading\" data-id=\"7f087561\" data-element_type=\"widget\" data-widget_type=\"heading.default\">\n\t\t\t\t<div class=\"elementor-widget-container\">\n\t\t\t\t\t<h2 class=\"elementor-heading-title elementor-size-default\">install machines in customer factory<br><img loading=\"lazy\" decoding=\"async\" class=\"alignnone wp-image-29400\" src=\"https:\/\/mx.maquinaparahacerbolsas.com.mx\/wp-content\/uploads\/2025\/09\/plastic-bag-machine-supplier.webp\" alt=\"\" width=\"450\" height=\"450\"><img loading=\"lazy\" decoding=\"async\" class=\"wp-image-29399\" src=\"https:\/\/mx.maquinaparahacerbolsas.com.mx\/wp-content\/uploads\/2025\/09\/Plastic-bag-machine-factory.webp\" alt=\"M\u00e1quina para fabricar bolsas de pl\u00e1stico en la f\u00e1brica del cliente\" width=\"450\" height=\"457\" style=\"font-size: 15px\"><\/h2>\t\t\t\t<\/div>\n\t\t\t\t<\/div>\n\t\t\t\t\t<\/div>\n\t\t\t\t<\/div>\n\t\t<div class=\"wd-negative-gap elementor-element elementor-element-47052a27 e-flex e-con-boxed e-con e-parent\" data-id=\"47052a27\" data-element_type=\"container\">\n\t\t\t\t\t<div class=\"e-con-inner\">\n\t\t\t\t<div class=\"elementor-element elementor-element-7df32f8e elementor-widget elementor-widget-heading\" data-id=\"7df32f8e\" data-element_type=\"widget\" data-widget_type=\"heading.default\">\n\t\t\t\t<div class=\"elementor-widget-container\">\n\t\t\t\t\t<h2 class=\"elementor-heading-title elementor-size-default\">Proveedor de piezas de maquinaria<\/h2>\t\t\t\t<\/div>\n\t\t\t\t<\/div>\n\t\t\t\t\t<\/div>\n\t\t\t\t<\/div>\n\t\t<div class=\"wd-negative-gap elementor-element elementor-element-4c02f53a e-flex e-con-boxed e-con e-parent\" data-id=\"4c02f53a\" data-element_type=\"container\">\n\t\t\t\t\t<div class=\"e-con-inner\">\n\t\t\t\t<div class=\"elementor-element elementor-element-3294f14e elementor-widget elementor-widget-heading\" data-id=\"3294f14e\" data-element_type=\"widget\" data-widget_type=\"heading.default\">\n\t\t\t\t<div class=\"elementor-widget-container\">\n\t\t\t\t\t<h2 class=\"elementor-heading-title elementor-size-default\"><img loading=\"lazy\" decoding=\"async\" class=\"wp-image-29398\" src=\"https:\/\/mx.maquinaparahacerbolsas.com.mx\/wp-content\/uploads\/2025\/09\/machinepartssupplier.webp\" alt=\"Proveedor de piezas de maquinaria\" width=\"450\" height=\"259\" style=\"font-size: 15px\"><\/h2>\t\t\t\t<\/div>\n\t\t\t\t<\/div>\n\t\t\t\t\t<\/div>\n\t\t\t\t<\/div>\n\t\t<div class=\"wd-negative-gap elementor-element elementor-element-7c911462 e-flex e-con-boxed e-con e-parent\" data-id=\"7c911462\" data-element_type=\"container\">\n\t\t\t\t\t<div class=\"e-con-inner\">\n\t\t\t\t<div class=\"elementor-element elementor-element-6d47fa52 elementor-widget elementor-widget-heading\" data-id=\"6d47fa52\" data-element_type=\"widget\" data-widget_type=\"heading.default\">\n\t\t\t\t<div class=\"elementor-widget-container\">\n\t\t\t\t\t<h2 class=\"elementor-heading-title elementor-size-default\">Proveedor de materia prima de polietileno<\/h2>\t\t\t\t<\/div>\n\t\t\t\t<\/div>\n\t\t\t\t\t<\/div>\n\t\t\t\t<\/div>\n\t\t<div class=\"wd-negative-gap elementor-element elementor-element-5f112e8b e-flex e-con-boxed e-con e-parent\" data-id=\"5f112e8b\" data-element_type=\"container\">\n\t\t\t\t\t<div class=\"e-con-inner\">\n\t\t\t\t<div class=\"elementor-element elementor-element-2b1fef7f elementor-widget elementor-widget-wd_text_block\" data-id=\"2b1fef7f\" data-element_type=\"widget\" data-widget_type=\"wd_text_block.default\">\n\t\t\t\t<div class=\"elementor-widget-container\">\n\t\t\t\t\t\t\t<div class=\"wd-text-block reset-last-child text-left\">\n\t\t\t\n\t\t\t<p><strong>C\u00f3mo encontrar polietileno para la extrusi\u00f3n de pel\u00edcula soplada. La extrusi\u00f3n de pel\u00edcula utiliza polietileno, como polietileno de baja densidad (LDPE), polietileno de alta densidad (HDPE), polietileno lineal de baja densidad (LLDPE) y polipropileno (PP).<\/strong><\/p><p>A continuaci\u00f3n, se presentan importantes proveedores de materiales a nivel mundial con oficinas en todo el mundo. Puede consultarlos en el mercado local.<\/p><p>1.<a href=\"http:\/\/www.sabic.com\/\" target=\"_blank\" rel=\"noopener\"><strong><u>Sabic Saudi Basic Industries Corporation<\/u><\/strong><\/a><\/p><p>2.<a href=\"http:\/\/www.exxonmobilchemical.com\/\" target=\"_blank\" rel=\"noopener\"><strong><u>ExxonMobil Chemical Company<\/u><\/strong><\/a><\/p><p>3.<a href=\"http:\/\/www.dow.com\/\" target=\"_blank\" rel=\"noopener\"><strong><u>Dow Chemical Company<\/u><\/strong><\/a><strong>\u00a0<\/strong><\/p><p><img loading=\"lazy\" decoding=\"async\" class=\"wp-image-29397\" style=\"font-size: 14px;\" src=\"https:\/\/mx.maquinaparahacerbolsas.com.mx\/wp-content\/uploads\/2025\/09\/polyethylene-HDPE-LDPE-supplier.webp\" alt=\"Proveedor de materiales\" width=\"450\" height=\"462\" \/><\/p>\n\t\t\t\t\t<\/div>\n\t\t\t\t\t\t<\/div>\n\t\t\t\t<\/div>\n\t\t\t\t\t<\/div>\n\t\t\t\t<\/div>\n\t\t\t\t<\/div>\n\t\t<\/p>\n","protected":false},"excerpt":{"rendered":"<p>Extrusion de pelicul<\/p>\n","protected":false},"featured_media":29659,"comment_status":"closed","ping_status":"closed","template":"","meta":{"_acf_changed":false},"product_brand":[],"product_cat":[85],"product_tag":[],"class_list":{"0":"post-29604","1":"product","2":"type-product","3":"status-publish","4":"has-post-thumbnail","6":"product_cat-extrusion-de-pelicula","8":"first","9":"instock","10":"shipping-taxable","11":"product-type-simple"},"acf":[],"_links":{"self":[{"href":"https:\/\/maquinasparafabricarbolsas.co\/es\/wp-json\/wp\/v2\/product\/29604","targetHints":{"allow":["GET"]}}],"collection":[{"href":"https:\/\/maquinasparafabricarbolsas.co\/es\/wp-json\/wp\/v2\/product"}],"about":[{"href":"https:\/\/maquinasparafabricarbolsas.co\/es\/wp-json\/wp\/v2\/types\/product"}],"replies":[{"embeddable":true,"href":"https:\/\/maquinasparafabricarbolsas.co\/es\/wp-json\/wp\/v2\/comments?post=29604"}],"version-history":[{"count":4,"href":"https:\/\/maquinasparafabricarbolsas.co\/es\/wp-json\/wp\/v2\/product\/29604\/revisions"}],"predecessor-version":[{"id":30210,"href":"https:\/\/maquinasparafabricarbolsas.co\/es\/wp-json\/wp\/v2\/product\/29604\/revisions\/30210"}],"wp:featuredmedia":[{"embeddable":true,"href":"https:\/\/maquinasparafabricarbolsas.co\/es\/wp-json\/wp\/v2\/media\/29659"}],"wp:attachment":[{"href":"https:\/\/maquinasparafabricarbolsas.co\/es\/wp-json\/wp\/v2\/media?parent=29604"}],"wp:term":[{"taxonomy":"product_brand","embeddable":true,"href":"https:\/\/maquinasparafabricarbolsas.co\/es\/wp-json\/wp\/v2\/product_brand?post=29604"},{"taxonomy":"product_cat","embeddable":true,"href":"https:\/\/maquinasparafabricarbolsas.co\/es\/wp-json\/wp\/v2\/product_cat?post=29604"},{"taxonomy":"product_tag","embeddable":true,"href":"https:\/\/maquinasparafabricarbolsas.co\/es\/wp-json\/wp\/v2\/product_tag?post=29604"}],"curies":[{"name":"wp","href":"https:\/\/api.w.org\/{rel}","templated":true}]}}