{"id":29605,"date":"2025-09-26T21:44:15","date_gmt":"2025-09-26T13:44:15","guid":{"rendered":"https:\/\/maquinasparafabricarbolsas.co\/es\/?post_type=product&#038;p=29605"},"modified":"2025-10-25T15:37:18","modified_gmt":"2025-10-25T07:37:18","slug":"extrusor-de-film-de-alta-velocidad","status":"publish","type":"product","link":"https:\/\/maquinasparafabricarbolsas.co\/es\/extrusor-de-pelicula-alta-velocidad","title":{"rendered":"extrusion de pelicula de alta velocidad"},"content":{"rendered":"<p>Caracter\u00edsticas de la extrusi\u00f3n de pel\u00edcula de alta velocidad<br \/>\nLa extrusi\u00f3n de pel\u00edcula de alta velocidad se emplea principalmente para la producci\u00f3n de polietileno, tanto de alta como de baja presi\u00f3n. Este tipo de material facilita la fabricaci\u00f3n de pel\u00edculas compuestas y de embalaje. Adem\u00e1s, es utilizado en la creaci\u00f3n de bolsas tejidas, pel\u00edculas textiles y otros materiales destinados al embalaje, incluidas prendas de vestir.<br \/>\nEste extrusor juega un papel fundamental en m\u00faltiples aplicaciones industriales, optimizando as\u00ed el proceso de producci\u00f3n y aumentando la eficiencia. La versatilidad de este equipo lo convierte en un elemento clave en diversas industrias, contribuyendo significativamente a la mejora de la productividad.<\/p>\n<div>\n<div id=\"attachment_29887\" style=\"width: 285px\" class=\"wp-caption alignnone\"><img fetchpriority=\"high\" decoding=\"async\" aria-describedby=\"caption-attachment-29887\" class=\" wp-image-29887\" src=\"https:\/\/bolseadora.com.mx\/wp-content\/uploads\/2025\/02\/Polietileno-Polipropileno-Bolsas-de-plastico.webp\" alt=\"Polietileno Polipropileno Bolsas de plastico\" width=\"275\" height=\"275\" \/><p id=\"caption-attachment-29887\" class=\"wp-caption-text\">Polietileno Polipropileno Bolsas de plastico<\/p><\/div>\n<p><img decoding=\"async\" class=\" wp-image-29888\" src=\"https:\/\/bolseadora.com.mx\/wp-content\/uploads\/2025\/02\/Polietileno.webp\" alt=\"Polietileno\" width=\"274\" height=\"274\" \/><\/p>\n<\/div>\n<div><strong>Informaci\u00f3n sobre la extrusion de pelicula de alta velocidad:<\/strong><br \/>\n1. Husillo y cilindro de alta calidad<br \/>\n2. Control de velocidad de la m\u00e1quina por inversor<br \/>\n3. Control autom\u00e1tico de temperatura<br \/>\n4. Bobinadora simple o doble<br \/>\n5. Materiales: LDPE, HDPE, LLDPE<br \/>\n6. Apto para la producci\u00f3n de bolsas de pl\u00e1stico, bolsas de basura, film de embalaje y film termorretr\u00e1ctil<\/div>\n<div><strong>Usos adicionales:<\/strong><br \/>\nLas aplicaciones de este extrusor son muy variadas, lo que lo convierte en una herramienta vers\u00e1til en la industria del embalaje.<\/div>\n<div>\n<div id=\"attachment_29546\" style=\"width: 540px\" class=\"wp-caption alignnone\"><img decoding=\"async\" aria-describedby=\"caption-attachment-29546\" class=\"size-full wp-image-29546\" src=\"https:\/\/bolseadora.com.mx\/wp-content\/uploads\/2025\/02\/polietileno-film_plastico.jpg\" alt=\"polietileno film plastico\" width=\"530\" height=\"450\" \/><p id=\"caption-attachment-29546\" class=\"wp-caption-text\">polietileno film plastico<\/p><\/div>\n<\/div>\n<div><strong>Especificaciones\u00a0t\u00e9cnicas\u00a0de la\u00a0m\u00e1quina\u00a0de\u00a0pel\u00edcula\u00a0soplada\u00a0de\u00a0altavelocidad<\/strong><\/div>\n<table style=\"padding: 0px; margin: 0px; font-size: 12px; width: 730px;\" border=\"0\" cellspacing=\"1\" cellpadding=\"0\">\n<tbody>\n<tr>\n<td><strong>Modelo<\/strong><\/td>\n<td><strong>SJ-C75<\/strong><\/td>\n<td><strong>SJ-C90<\/strong><\/td>\n<td><strong>SJ-C105<\/strong><\/td>\n<td><strong>SJ-C120<\/strong><\/td>\n<\/tr>\n<tr>\n<td>Di\u00e1metro\u00a0del\u00a0tornillo<\/td>\n<td>75mm<\/td>\n<td>90mm<\/td>\n<td>105mm<\/td>\n<td>120mm<\/td>\n<\/tr>\n<tr>\n<td>Radio del\u00a0tornillo(L\/D)<\/td>\n<td>28:1<\/td>\n<td>28:1<\/td>\n<td>28:1<\/td>\n<td>28:1<\/td>\n<\/tr>\n<tr>\n<td>Velocidad\u00a0del\u00a0tonillo<\/td>\n<td>10-100r\/min.<\/td>\n<td>10-100r\/min.<\/td>\n<td>10-100r\/min.<\/td>\n<td>10-100r\/min.<\/td>\n<\/tr>\n<tr>\n<td>Potencia\u00a0del motor principal<\/td>\n<td>37Kw<\/td>\n<td>45Kw<\/td>\n<td>55-75Kw<\/td>\n<td>75-95Kw<\/td>\n<\/tr>\n<tr>\n<td>Salida\u00a0principal<\/td>\n<td>120kg\/h<\/td>\n<td>160kg\/h<\/td>\n<td>190kg\/h<\/td>\n<td>220kg\/h<\/td>\n<\/tr>\n<tr>\n<td>Ancho\u00a0m\u00e1ximo\u00a0de lapel\u00edcula\u00a0doblada<\/td>\n<td>1500mm<\/td>\n<td>2000mm<\/td>\n<td>2200mm<\/td>\n<td>2500mm<\/td>\n<\/tr>\n<tr>\n<td>Grosor\u00a0de un\u00a0lado\u00a0de lapel\u00edcula<\/td>\n<td>0.01-0.10mm<\/td>\n<td>0.01-0.10mm<\/td>\n<td>0.01-0.10mm<\/td>\n<td>0.01-0.10mm<\/td>\n<\/tr>\n<tr>\n<td>Potencia\u00a0total<\/td>\n<td>46Kw<\/td>\n<td>60Kw<\/td>\n<td>78Kw<\/td>\n<td>95Kw<\/td>\n<\/tr>\n<tr>\n<td>Peso de la\u00a0m\u00e1quina<\/td>\n<td>4T<\/td>\n<td>8T<\/td>\n<td>10T<\/td>\n<td>12T<\/td>\n<\/tr>\n<tr>\n<td>Dimensiones\u00a0totales<\/td>\n<td>5200\u00d72800\u00d76000mm<\/td>\n<td>6200\u00d73400\u00d78000mm<\/td>\n<td>6200\u00d74000\u00d79000mm<\/td>\n<td>6800\u00d74500\u00d710000mm<\/td>\n<\/tr>\n<\/tbody>\n<\/table>\n\n","protected":false},"excerpt":{"rendered":"<p>Caracter\u00edsticas de l<\/p>\n","protected":false},"featured_media":29661,"comment_status":"closed","ping_status":"closed","template":"","meta":{"_acf_changed":false},"product_brand":[],"product_cat":[85],"product_tag":[],"class_list":{"0":"post-29605","1":"product","2":"type-product","3":"status-publish","4":"has-post-thumbnail","6":"product_cat-extrusion-de-pelicula","8":"first","9":"instock","10":"shipping-taxable","11":"product-type-simple"},"acf":[],"_links":{"self":[{"href":"https:\/\/maquinasparafabricarbolsas.co\/es\/wp-json\/wp\/v2\/product\/29605","targetHints":{"allow":["GET"]}}],"collection":[{"href":"https:\/\/maquinasparafabricarbolsas.co\/es\/wp-json\/wp\/v2\/product"}],"about":[{"href":"https:\/\/maquinasparafabricarbolsas.co\/es\/wp-json\/wp\/v2\/types\/product"}],"replies":[{"embeddable":true,"href":"https:\/\/maquinasparafabricarbolsas.co\/es\/wp-json\/wp\/v2\/comments?post=29605"}],"version-history":[{"count":3,"href":"https:\/\/maquinasparafabricarbolsas.co\/es\/wp-json\/wp\/v2\/product\/29605\/revisions"}],"predecessor-version":[{"id":30208,"href":"https:\/\/maquinasparafabricarbolsas.co\/es\/wp-json\/wp\/v2\/product\/29605\/revisions\/30208"}],"wp:featuredmedia":[{"embeddable":true,"href":"https:\/\/maquinasparafabricarbolsas.co\/es\/wp-json\/wp\/v2\/media\/29661"}],"wp:attachment":[{"href":"https:\/\/maquinasparafabricarbolsas.co\/es\/wp-json\/wp\/v2\/media?parent=29605"}],"wp:term":[{"taxonomy":"product_brand","embeddable":true,"href":"https:\/\/maquinasparafabricarbolsas.co\/es\/wp-json\/wp\/v2\/product_brand?post=29605"},{"taxonomy":"product_cat","embeddable":true,"href":"https:\/\/maquinasparafabricarbolsas.co\/es\/wp-json\/wp\/v2\/product_cat?post=29605"},{"taxonomy":"product_tag","embeddable":true,"href":"https:\/\/maquinasparafabricarbolsas.co\/es\/wp-json\/wp\/v2\/product_tag?post=29605"}],"curies":[{"name":"wp","href":"https:\/\/api.w.org\/{rel}","templated":true}]}}