{"id":29607,"date":"2025-09-26T21:44:15","date_gmt":"2025-09-26T13:44:15","guid":{"rendered":"https:\/\/maquinasparafabricarbolsas.co\/es\/?post_type=product&#038;p=29607"},"modified":"2025-10-25T15:33:45","modified_gmt":"2025-10-25T07:33:45","slug":"produccion-bolsas-extrusion-de-pelicula","status":"publish","type":"product","link":"https:\/\/maquinasparafabricarbolsas.co\/es\/produccion-bolsas-extrusion-de-pelicula","title":{"rendered":"Extrusion de pelicula soplado"},"content":{"rendered":"<p data-rm-block-id=\"block-1\">Extrusion de pelicula soplado<\/p>\n<p data-rm-block-id=\"block-2\">La Extrusion de pelicula soplado soplado se utiliza para la producci\u00f3n de polietileno soplado, tanto de alta como de baja presi\u00f3n. Este material es fundamental en la fabricaci\u00f3n de pel\u00edculas laminadas, envolturas para embalaje, coberturas agr\u00edcolas, as\u00ed como en la producci\u00f3n de bolsas y pel\u00edculas para textiles y prendas, entre otros art\u00edculos de embalaje. La <strong>extrusion de pelicula\u200b<\/strong> es esencial en este proceso.<\/p>\n<p data-rm-block-id=\"block-3\">Caracter\u00edsticas de la Extrusora de Film Soplado:<br \/>\n&#8211; Husillo y cilindro de alta calidad.<br \/>\n&#8211; Control de velocidad de operaci\u00f3n a trav\u00e9s de un inversor.<br \/>\n&#8211; Regulaci\u00f3n autom\u00e1tica de la temperatura.<br \/>\n&#8211; Bobinadoras simples o dobles.<br \/>\n&#8211; Compatibilidad con materiales: LDPE, HDPE, LLDPE.<br \/>\n&#8211; Ideal para la producci\u00f3n de bolsas pl\u00e1sticas, bolsas de basura y film de embalaje.<br \/>\n&#8211; Ancho de pel\u00edcula: de 100 mm a 2000 mm.<\/p>\n<p data-rm-block-id=\"block-4\">La <strong>extrusion de pelicula\u200b<\/strong> es un proceso clave en este contexto.<\/p>\n<div id=\"attachment_29424\" style=\"width: 534px\" class=\"wp-caption alignnone\"><img loading=\"lazy\" decoding=\"async\" aria-describedby=\"caption-attachment-29424\" class=\"Bolsas De Plastico Tipo Camiseta wp-image-29424\" title=\"Bolsas De Plastico Tipo Camiseta\" src=\"https:\/\/bolseadora.com.mx\/wp-content\/uploads\/2025\/02\/Bolsas-De-Plastico-Tipo-Camiseta.jpg\" alt=\"Bolsas De Plastico Tipo Camiseta\" width=\"524\" height=\"262\" \/><p id=\"caption-attachment-29424\" class=\"wp-caption-text\">Bolsas De Plastico Tipo Camiseta<\/p><\/div>\n<p data-rm-block-id=\"block-5\">Informaci\u00f3n sobre la <strong>extrusion de pelicula\u200b<\/strong> soplada:<br \/>\n1. Husillo y cilindro de alta calidad<br \/>\n2. Control de velocidad de la m\u00e1quina por inversor<br \/>\n3. Control autom\u00e1tico de temperatura<br \/>\n4. Bobinadora simple o doble<br \/>\n5. Materiales: LDPE, HDPE, LLDPE<br \/>\n6. Apto para la producci\u00f3n de bolsas de pl\u00e1stico, bolsas de basura, film de embalaje y film termorretr\u00e1ctil<\/p>\n<table>\n<tbody>\n<tr>\n<td width=\"154\" data-rm-block-id=\"block-6\">Modelo<\/td>\n<td width=\"132\" data-rm-block-id=\"block-7\">A50<\/td>\n<td width=\"94\" data-rm-block-id=\"block-8\">A55<\/td>\n<td width=\"85\" data-rm-block-id=\"block-9\">A65<\/td>\n<td width=\"85\" data-rm-block-id=\"block-10\">A65-1<\/td>\n<\/tr>\n<tr>\n<td width=\"154\" data-rm-block-id=\"block-11\">Material<\/td>\n<td colspan=\"4\" width=\"396\" data-rm-block-id=\"block-12\">HDPE, LDPE, LLDPE materia prima virgen, material reciclado, compuesto CaCO3, material biodegradable, masterbatch y material aditivo<\/td>\n<\/tr>\n<tr>\n<td width=\"154\" data-rm-block-id=\"block-13\">Color de la pel\u00edcula<\/td>\n<td colspan=\"4\" width=\"396\" data-rm-block-id=\"block-14\">Transparente, negro, rojo, blanco, azul&#8230; color de la bolsa cambiado por mastbatch<\/td>\n<\/tr>\n<tr>\n<td width=\"154\" data-rm-block-id=\"block-15\">Uso<\/td>\n<td colspan=\"4\" width=\"396\" data-rm-block-id=\"block-16\">Bolsas de embalaje flexible, bolsa de camiseta, bolsa de compras de pl\u00e1stico, bolsa de basura, pel\u00edcula de embalaje, cubierta de mesa, pel\u00edcula retr\u00e1ctil<\/td>\n<\/tr>\n<tr>\n<td width=\"154\" data-rm-block-id=\"block-17\">Di\u00e1metro del tornillo<\/td>\n<td width=\"132\" data-rm-block-id=\"block-18\">f50<\/td>\n<td width=\"94\" data-rm-block-id=\"block-19\">f55<\/td>\n<td width=\"85\" data-rm-block-id=\"block-20\">f65<\/td>\n<td width=\"85\" data-rm-block-id=\"block-21\">f65<\/td>\n<\/tr>\n<tr>\n<td width=\"154\" data-rm-block-id=\"block-22\">Di\u00e1metro reducido de la pel\u00edcula<\/td>\n<td width=\"132\" data-rm-block-id=\"block-23\">100-600mm<\/td>\n<td width=\"94\" data-rm-block-id=\"block-24\">200-800mm<\/td>\n<td width=\"85\" data-rm-block-id=\"block-25\">300-1000mm<\/td>\n<td width=\"85\" data-rm-block-id=\"block-26\">400-1200 mm<\/td>\n<\/tr>\n<tr>\n<td width=\"154\" data-rm-block-id=\"block-27\">Grosor de la pel\u00edcula de un lado<\/td>\n<td colspan=\"4\" width=\"396\" data-rm-block-id=\"block-28\">0,01-0,10 mm<\/td>\n<\/tr>\n<tr>\n<td width=\"154\" data-rm-block-id=\"block-29\">Capacidad m\u00e1x. (Kg\/h)<\/td>\n<td width=\"132\" data-rm-block-id=\"block-30\">35<\/td>\n<td width=\"94\" data-rm-block-id=\"block-31\">50<\/td>\n<td width=\"85\" data-rm-block-id=\"block-32\">sesenta y cinco<\/td>\n<td width=\"85\" data-rm-block-id=\"block-33\">80<\/td>\n<\/tr>\n<tr>\n<td width=\"154\" data-rm-block-id=\"block-34\">Relaci\u00f3n de tornillo L\/D<\/td>\n<td width=\"132\" data-rm-block-id=\"block-35\">28:1<\/td>\n<td width=\"94\" data-rm-block-id=\"block-36\">28:1<\/td>\n<td width=\"85\" data-rm-block-id=\"block-37\">28:1<\/td>\n<td width=\"85\" data-rm-block-id=\"block-38\">28:1<\/td>\n<\/tr>\n<tr>\n<td width=\"154\" data-rm-block-id=\"block-39\">Material del tornillo<\/td>\n<td width=\"132\" data-rm-block-id=\"block-40\">38CrMoAl<\/td>\n<td width=\"94\" data-rm-block-id=\"block-41\">38CrMoAl<\/td>\n<td width=\"85\" data-rm-block-id=\"block-42\">38CrMoAl<\/td>\n<td width=\"85\" data-rm-block-id=\"block-43\">38CrMoAl<\/td>\n<\/tr>\n<tr>\n<td width=\"154\" data-rm-block-id=\"block-44\">Potencia del motor principal (kw)<\/td>\n<td width=\"132\" data-rm-block-id=\"block-45\">7.5-11<\/td>\n<td width=\"94\" data-rm-block-id=\"block-46\">11-15<\/td>\n<td width=\"85\" data-rm-block-id=\"block-47\">18.5-22<\/td>\n<td width=\"85\" data-rm-block-id=\"block-48\">22<\/td>\n<\/tr>\n<tr>\n<td width=\"154\" data-rm-block-id=\"block-49\">Poder de tracci\u00f3n<\/td>\n<td width=\"132\" data-rm-block-id=\"block-50\">1,1 kilovatios<\/td>\n<td width=\"94\" data-rm-block-id=\"block-51\">1,1 kilovatios<\/td>\n<td width=\"85\" data-rm-block-id=\"block-52\">1,5 kilovatios<\/td>\n<td width=\"85\" data-rm-block-id=\"block-53\">1,5 kilovatios<\/td>\n<\/tr>\n<tr>\n<td width=\"154\" data-rm-block-id=\"block-54\">Potencia de calefacci\u00f3n (kw)<\/td>\n<td width=\"132\" data-rm-block-id=\"block-55\">11<\/td>\n<td width=\"94\" data-rm-block-id=\"block-56\">13<\/td>\n<td width=\"85\" data-rm-block-id=\"block-57\">19<\/td>\n<td width=\"85\" data-rm-block-id=\"block-58\">21<\/td>\n<\/tr>\n<tr>\n<td width=\"154\" data-rm-block-id=\"block-59\">Dia de entrega<\/td>\n<td width=\"132\" data-rm-block-id=\"block-60\">30-45 d\u00edas<\/td>\n<td width=\"94\" data-rm-block-id=\"block-61\">30-45 d\u00edas<\/td>\n<td width=\"85\" data-rm-block-id=\"block-62\">30-45 d\u00edas<\/td>\n<td width=\"85\" data-rm-block-id=\"block-63\">30-45 d\u00edas<\/td>\n<\/tr>\n<tr>\n<td width=\"154\" data-rm-block-id=\"block-64\">Tama\u00f1o de la m\u00e1quina (m)<\/td>\n<td width=\"132\" data-rm-block-id=\"block-65\">4,8&#215;1,9&#215;3,8<\/td>\n<td width=\"94\" data-rm-block-id=\"block-66\">5.5&#215;2.1&#215;4.6<\/td>\n<td width=\"85\" data-rm-block-id=\"block-67\">6.5&#215;2.3&#215;5.2<\/td>\n<td width=\"85\" data-rm-block-id=\"block-68\">6.5&#215;2.5&#215;5.2<\/td>\n<\/tr>\n<tr>\n<td width=\"154\" data-rm-block-id=\"block-69\">Peso (T)<\/td>\n<td width=\"132\" data-rm-block-id=\"block-70\">1.5T<\/td>\n<td width=\"94\" data-rm-block-id=\"block-71\">2t<\/td>\n<td width=\"85\" data-rm-block-id=\"block-72\">2.3T<\/td>\n<td width=\"85\" data-rm-block-id=\"block-73\">2.6T<\/td>\n<\/tr>\n<tr>\n<td width=\"154\" data-rm-block-id=\"block-74\">Voltaje de alimentaci\u00f3n<\/td>\n<td colspan=\"4\" width=\"396\" data-rm-block-id=\"block-75\">220V,380V,440V,480V(Personalizado seg\u00fan pedido, por ejemplo: EE. UU. 480V 60Hz, M\u00e9xico 440V\/220V 60Hz, Arabia Saudita 380V 60Hz, Nigeria 415V 50Hz&#8230;)<\/td>\n<\/tr>\n<tr>\n<td width=\"154\" data-rm-block-id=\"block-76\">Di\u00e1metro del n\u00facleo del material<\/td>\n<td colspan=\"4\" width=\"396\" data-rm-block-id=\"block-77\">76 mm (3 pulgadas)<\/td>\n<\/tr>\n<tr>\n<td width=\"154\" data-rm-block-id=\"block-78\">Tiempo de trabajo de la m\u00e1quina<\/td>\n<td colspan=\"4\" width=\"396\" data-rm-block-id=\"block-79\">24 horas * 7 d\u00edas<\/td>\n<\/tr>\n<tr>\n<td width=\"154\" data-rm-block-id=\"block-80\">Garant\u00eda<\/td>\n<td colspan=\"4\" width=\"396\" data-rm-block-id=\"block-81\">1 a\u00f1o<\/td>\n<\/tr>\n<tr>\n<td width=\"154\" data-rm-block-id=\"block-82\">Dispositivos opcionales<\/td>\n<td colspan=\"4\" width=\"396\" data-rm-block-id=\"block-83\">Cargador autom\u00e1tico, sistema de dosificaci\u00f3n de masterbatch, cabezal de troquel rotativo, controlador de burbujas, tratador de corona, rodillo de estampado, bobinadora autom\u00e1tica, bobinadora doble<\/td>\n<\/tr>\n<tr>\n<td width=\"154\" data-rm-block-id=\"block-84\">Asistencia t\u00e9cnica<\/td>\n<td colspan=\"4\" width=\"396\" data-rm-block-id=\"block-85\">Ingenieros disponibles para reparar maquinaria en el extranjero<\/td>\n<\/tr>\n<\/tbody>\n<\/table>\n<p data-rm-block-id=\"block-86\">\u203bLas especificaciones correctas dependen del modelo real. Todas las especificaciones est\u00e1n sujetas a cambios sin previo aviso.<\/p>\n<p data-rm-block-id=\"block-87\"><strong>Optional Equipment:<\/strong><br \/>\n1)Auto Loader<br \/>\n2)Air compressor<br \/>\n3)Die rotary head device<br \/>\n4)double side winder<br \/>\n5)Up and down(lift)<br \/>\n6)Empossing\u00a0cylinder<\/p>\n<p data-rm-block-id=\"block-88\">\t\t<div data-elementor-type=\"page\" data-elementor-id=\"29869\" class=\"elementor elementor-29869\" data-elementor-post-type=\"elementor_library\">\n\t\t\t\t\t\t<section class=\"elementor-section elementor-top-section elementor-element elementor-element-63d06348 elementor-section-boxed elementor-section-height-default elementor-section-height-default\" data-id=\"63d06348\" data-element_type=\"section\">\n\t\t\t\t\t\t<div class=\"elementor-container elementor-column-gap-default\">\n\t\t\t\t\t<div class=\"elementor-column elementor-col-100 elementor-top-column elementor-element elementor-element-558b0c91\" data-id=\"558b0c91\" data-element_type=\"column\">\n\t\t\t<div class=\"elementor-widget-wrap elementor-element-populated\">\n\t\t\t\t\t\t<div class=\"elementor-element elementor-element-b70ca3c elementor-widget elementor-widget-heading\" data-id=\"b70ca3c\" data-element_type=\"widget\" data-widget_type=\"heading.default\">\n\t\t\t\t<div class=\"elementor-widget-container\">\n\t\t\t\t\t<h2 class=\"elementor-heading-title elementor-size-default\">Shipment<\/h2>\t\t\t\t<\/div>\n\t\t\t\t<\/div>\n\t\t\t\t<div class=\"elementor-element elementor-element-107d862a elementor-widget-divider--view-line elementor-widget elementor-widget-divider\" data-id=\"107d862a\" data-element_type=\"widget\" data-widget_type=\"divider.default\">\n\t\t\t\t<div class=\"elementor-widget-container\">\n\t\t\t\t\t\t\t<div class=\"elementor-divider\">\n\t\t\t<span class=\"elementor-divider-separator\">\n\t\t\t\t\t\t<\/span>\n\t\t<\/div>\n\t\t\t\t\t\t<\/div>\n\t\t\t\t<\/div>\n\t\t\t\t\t<\/div>\n\t\t<\/div>\n\t\t\t\t\t<\/div>\n\t\t<\/section>\n\t\t<div class=\"wd-negative-gap elementor-element elementor-element-3a202bae e-flex e-con-boxed e-con e-parent\" data-id=\"3a202bae\" data-element_type=\"container\">\n\t\t\t\t\t<div class=\"e-con-inner\">\n\t\t\t\t<div class=\"elementor-element elementor-element-cc201c5 elementor-widget elementor-widget-wp-widget-text\" data-id=\"cc201c5\" data-element_type=\"widget\" data-widget_type=\"wp-widget-text.default\">\n\t\t\t\t<div class=\"elementor-widget-container\">\n\t\t\t\t\t<h5>Env\u00edo de m\u00e1quina para fabricar bolsas de pl\u00e1stico<\/h5>\t\t\t<div class=\"textwidget\"><p>Si solo compra una m\u00e1quina, la empacaremos con un paquete de madera y la cargaremos en un contenedor con carga menor a la del contenedor (LCL).<\/p>\n<div id=\"attachment_29396\" style=\"width: 460px\" class=\"wp-caption alignnone\"><img fetchpriority=\"high\" decoding=\"async\" fetchpriority=\"high\" aria-describedby=\"caption-attachment-29396\" class=\"wp-image-29396\" src=\"https:\/\/mx.maquinaparahacerbolsas.com.mx\/wp-content\/uploads\/2025\/09\/Maquina-para-hacer-bolsas-de-plastico-con-paquete-de-madera.webp\" alt=\"M\u00e1quina para hacer bolsas de pl\u00e1stico con paquete de madera\" width=\"450\" height=\"338\" \/><p id=\"caption-attachment-29396\" class=\"wp-caption-text\">M\u00e1quina para hacer bolsas de pl\u00e1stico con paquete de madera<\/p><\/div>\n<p>Si compra m\u00e1s m\u00e1quinas, empacaremos las m\u00e1quinas con pel\u00edcula estirable y las cargaremos en un contenedor completo directamente (carga de contenedor completo FCL).<\/p>\n<div id=\"attachment_29403\" style=\"width: 460px\" class=\"wp-caption alignnone\"><img loading=\"lazy\" decoding=\"async\" aria-describedby=\"caption-attachment-29403\" class=\"wp-image-29403\" src=\"https:\/\/mx.maquinaparahacerbolsas.com.mx\/wp-content\/uploads\/2025\/09\/film-blowing-machine-loading-container-export.webp\" alt=\"contenedor de carga para extrusi\u00f3n de pel\u00edcula soplada\" width=\"450\" height=\"450\" \/><p id=\"caption-attachment-29403\" class=\"wp-caption-text\">contenedor de carga para extrusi\u00f3n de pel\u00edcula soplada<\/p><\/div>\n<div id=\"attachment_29402\" style=\"width: 460px\" class=\"wp-caption alignnone\"><img loading=\"lazy\" decoding=\"async\" aria-describedby=\"caption-attachment-29402\" class=\"wp-image-29402\" src=\"https:\/\/mx.maquinaparahacerbolsas.com.mx\/wp-content\/uploads\/2025\/09\/plasticbagmachinesolution.webp\" alt=\"L\u00ednea completa de m\u00e1quinas para hacer bolsas de pl\u00e1stico\" width=\"450\" height=\"429\" \/><p id=\"caption-attachment-29402\" class=\"wp-caption-text\">L\u00ednea completa de m\u00e1quinas para hacer bolsas de pl\u00e1stico<\/p><\/div>\n<div id=\"attachment_29401\" style=\"width: 460px\" class=\"wp-caption alignnone\"><img loading=\"lazy\" decoding=\"async\" loading=\"lazy\" aria-describedby=\"caption-attachment-29401\" class=\"wp-image-29401\" src=\"https:\/\/mx.maquinaparahacerbolsas.com.mx\/wp-content\/uploads\/2025\/09\/shipmentplasticmachines.webp\" alt=\"Exportar m\u00e1quinas para hacer bolsas de pl\u00e1stico a diferentes pa\u00edses.\" width=\"450\" height=\"227\" \/><p id=\"caption-attachment-29401\" class=\"wp-caption-text\">Exportar m\u00e1quinas para hacer bolsas de pl\u00e1stico a diferentes pa\u00edses.<\/p><\/div>\n<p>&nbsp;<\/p>\n<\/div>\n\t\t\t\t\t\t<\/div>\n\t\t\t\t<\/div>\n\t\t\t\t\t<\/div>\n\t\t\t\t<\/div>\n\t\t<div class=\"wd-negative-gap elementor-element elementor-element-b0849af e-flex e-con-boxed e-con e-parent\" data-id=\"b0849af\" data-element_type=\"container\">\n\t\t\t\t\t<div class=\"e-con-inner\">\n\t\t\t\t<div class=\"elementor-element elementor-element-561aa20e elementor-widget elementor-widget-heading\" data-id=\"561aa20e\" data-element_type=\"widget\" data-widget_type=\"heading.default\">\n\t\t\t\t<div class=\"elementor-widget-container\">\n\t\t\t\t\t<h2 class=\"elementor-heading-title elementor-size-default\">Instalar la m\u00e1quina en la f\u00e1brica del cliente.<\/h2>\t\t\t\t<\/div>\n\t\t\t\t<\/div>\n\t\t\t\t\t<\/div>\n\t\t\t\t<\/div>\n\t\t<div class=\"wd-negative-gap elementor-element elementor-element-342a48c4 e-flex e-con-boxed e-con e-parent\" data-id=\"342a48c4\" data-element_type=\"container\">\n\t\t\t\t\t<div class=\"e-con-inner\">\n\t\t\t\t<div class=\"elementor-element elementor-element-7f087561 elementor-widget elementor-widget-heading\" data-id=\"7f087561\" data-element_type=\"widget\" data-widget_type=\"heading.default\">\n\t\t\t\t<div class=\"elementor-widget-container\">\n\t\t\t\t\t<h2 class=\"elementor-heading-title elementor-size-default\">install machines in customer factory<br><img loading=\"lazy\" decoding=\"async\" class=\"alignnone wp-image-29400\" src=\"https:\/\/mx.maquinaparahacerbolsas.com.mx\/wp-content\/uploads\/2025\/09\/plastic-bag-machine-supplier.webp\" alt=\"\" width=\"450\" height=\"450\"><img loading=\"lazy\" decoding=\"async\" class=\"wp-image-29399\" src=\"https:\/\/mx.maquinaparahacerbolsas.com.mx\/wp-content\/uploads\/2025\/09\/Plastic-bag-machine-factory.webp\" alt=\"M\u00e1quina para fabricar bolsas de pl\u00e1stico en la f\u00e1brica del cliente\" width=\"450\" height=\"457\" style=\"font-size: 15px\"><\/h2>\t\t\t\t<\/div>\n\t\t\t\t<\/div>\n\t\t\t\t\t<\/div>\n\t\t\t\t<\/div>\n\t\t<div class=\"wd-negative-gap elementor-element elementor-element-47052a27 e-flex e-con-boxed e-con e-parent\" data-id=\"47052a27\" data-element_type=\"container\">\n\t\t\t\t\t<div class=\"e-con-inner\">\n\t\t\t\t<div class=\"elementor-element elementor-element-7df32f8e elementor-widget elementor-widget-heading\" data-id=\"7df32f8e\" data-element_type=\"widget\" data-widget_type=\"heading.default\">\n\t\t\t\t<div class=\"elementor-widget-container\">\n\t\t\t\t\t<h2 class=\"elementor-heading-title elementor-size-default\">Proveedor de piezas de maquinaria<\/h2>\t\t\t\t<\/div>\n\t\t\t\t<\/div>\n\t\t\t\t\t<\/div>\n\t\t\t\t<\/div>\n\t\t<div class=\"wd-negative-gap elementor-element elementor-element-4c02f53a e-flex e-con-boxed e-con e-parent\" data-id=\"4c02f53a\" data-element_type=\"container\">\n\t\t\t\t\t<div class=\"e-con-inner\">\n\t\t\t\t<div class=\"elementor-element elementor-element-3294f14e elementor-widget elementor-widget-heading\" data-id=\"3294f14e\" data-element_type=\"widget\" data-widget_type=\"heading.default\">\n\t\t\t\t<div class=\"elementor-widget-container\">\n\t\t\t\t\t<h2 class=\"elementor-heading-title elementor-size-default\"><img loading=\"lazy\" decoding=\"async\" class=\"wp-image-29398\" src=\"https:\/\/mx.maquinaparahacerbolsas.com.mx\/wp-content\/uploads\/2025\/09\/machinepartssupplier.webp\" alt=\"Proveedor de piezas de maquinaria\" width=\"450\" height=\"259\" style=\"font-size: 15px\"><\/h2>\t\t\t\t<\/div>\n\t\t\t\t<\/div>\n\t\t\t\t\t<\/div>\n\t\t\t\t<\/div>\n\t\t<div class=\"wd-negative-gap elementor-element elementor-element-7c911462 e-flex e-con-boxed e-con e-parent\" data-id=\"7c911462\" data-element_type=\"container\">\n\t\t\t\t\t<div class=\"e-con-inner\">\n\t\t\t\t<div class=\"elementor-element elementor-element-6d47fa52 elementor-widget elementor-widget-heading\" data-id=\"6d47fa52\" data-element_type=\"widget\" data-widget_type=\"heading.default\">\n\t\t\t\t<div class=\"elementor-widget-container\">\n\t\t\t\t\t<h2 class=\"elementor-heading-title elementor-size-default\">Proveedor de materia prima de polietileno<\/h2>\t\t\t\t<\/div>\n\t\t\t\t<\/div>\n\t\t\t\t\t<\/div>\n\t\t\t\t<\/div>\n\t\t<div class=\"wd-negative-gap elementor-element elementor-element-5f112e8b e-flex e-con-boxed e-con e-parent\" data-id=\"5f112e8b\" data-element_type=\"container\">\n\t\t\t\t\t<div class=\"e-con-inner\">\n\t\t\t\t<div class=\"elementor-element elementor-element-2b1fef7f elementor-widget elementor-widget-wd_text_block\" data-id=\"2b1fef7f\" data-element_type=\"widget\" data-widget_type=\"wd_text_block.default\">\n\t\t\t\t<div class=\"elementor-widget-container\">\n\t\t\t\t\t\t\t<div class=\"wd-text-block reset-last-child text-left\">\n\t\t\t\n\t\t\t<p><strong>C\u00f3mo encontrar polietileno para la extrusi\u00f3n de pel\u00edcula soplada. La extrusi\u00f3n de pel\u00edcula utiliza polietileno, como polietileno de baja densidad (LDPE), polietileno de alta densidad (HDPE), polietileno lineal de baja densidad (LLDPE) y polipropileno (PP).<\/strong><\/p><p>A continuaci\u00f3n, se presentan importantes proveedores de materiales a nivel mundial con oficinas en todo el mundo. Puede consultarlos en el mercado local.<\/p><p>1.<a href=\"http:\/\/www.sabic.com\/\" target=\"_blank\" rel=\"noopener\"><strong><u>Sabic Saudi Basic Industries Corporation<\/u><\/strong><\/a><\/p><p>2.<a href=\"http:\/\/www.exxonmobilchemical.com\/\" target=\"_blank\" rel=\"noopener\"><strong><u>ExxonMobil Chemical Company<\/u><\/strong><\/a><\/p><p>3.<a href=\"http:\/\/www.dow.com\/\" target=\"_blank\" rel=\"noopener\"><strong><u>Dow Chemical Company<\/u><\/strong><\/a><strong>\u00a0<\/strong><\/p><p><img loading=\"lazy\" decoding=\"async\" class=\"wp-image-29397\" style=\"font-size: 14px;\" src=\"https:\/\/mx.maquinaparahacerbolsas.com.mx\/wp-content\/uploads\/2025\/09\/polyethylene-HDPE-LDPE-supplier.webp\" alt=\"Proveedor de materiales\" width=\"450\" height=\"462\" \/><\/p>\n\t\t\t\t\t<\/div>\n\t\t\t\t\t\t<\/div>\n\t\t\t\t<\/div>\n\t\t\t\t\t<\/div>\n\t\t\t\t<\/div>\n\t\t\t\t<\/div>\n\t\t<\/p>\n","protected":false},"excerpt":{"rendered":"<p>Extrusion de pelicul<\/p>\n","protected":false},"featured_media":29665,"comment_status":"closed","ping_status":"closed","template":"","meta":{"_acf_changed":false},"product_brand":[],"product_cat":[85],"product_tag":[],"class_list":{"0":"post-29607","1":"product","2":"type-product","3":"status-publish","4":"has-post-thumbnail","6":"product_cat-extrusion-de-pelicula","8":"first","9":"instock","10":"shipping-taxable","11":"product-type-simple"},"acf":[],"_links":{"self":[{"href":"https:\/\/maquinasparafabricarbolsas.co\/es\/wp-json\/wp\/v2\/product\/29607","targetHints":{"allow":["GET"]}}],"collection":[{"href":"https:\/\/maquinasparafabricarbolsas.co\/es\/wp-json\/wp\/v2\/product"}],"about":[{"href":"https:\/\/maquinasparafabricarbolsas.co\/es\/wp-json\/wp\/v2\/types\/product"}],"replies":[{"embeddable":true,"href":"https:\/\/maquinasparafabricarbolsas.co\/es\/wp-json\/wp\/v2\/comments?post=29607"}],"version-history":[{"count":4,"href":"https:\/\/maquinasparafabricarbolsas.co\/es\/wp-json\/wp\/v2\/product\/29607\/revisions"}],"predecessor-version":[{"id":30205,"href":"https:\/\/maquinasparafabricarbolsas.co\/es\/wp-json\/wp\/v2\/product\/29607\/revisions\/30205"}],"wp:featuredmedia":[{"embeddable":true,"href":"https:\/\/maquinasparafabricarbolsas.co\/es\/wp-json\/wp\/v2\/media\/29665"}],"wp:attachment":[{"href":"https:\/\/maquinasparafabricarbolsas.co\/es\/wp-json\/wp\/v2\/media?parent=29607"}],"wp:term":[{"taxonomy":"product_brand","embeddable":true,"href":"https:\/\/maquinasparafabricarbolsas.co\/es\/wp-json\/wp\/v2\/product_brand?post=29607"},{"taxonomy":"product_cat","embeddable":true,"href":"https:\/\/maquinasparafabricarbolsas.co\/es\/wp-json\/wp\/v2\/product_cat?post=29607"},{"taxonomy":"product_tag","embeddable":true,"href":"https:\/\/maquinasparafabricarbolsas.co\/es\/wp-json\/wp\/v2\/product_tag?post=29607"}],"curies":[{"name":"wp","href":"https:\/\/api.w.org\/{rel}","templated":true}]}}