{"id":29608,"date":"2025-09-26T21:44:15","date_gmt":"2025-09-26T13:44:15","guid":{"rendered":"https:\/\/maquinasparafabricarbolsas.co\/es\/?post_type=product&#038;p=29608"},"modified":"2025-10-25T15:30:10","modified_gmt":"2025-10-25T07:30:10","slug":"maquina-para-hacer-bolsas-de-plastico-extrusion-de-film-retractil","status":"publish","type":"product","link":"https:\/\/maquinasparafabricarbolsas.co\/es\/extrusion-de-pelicula-de-retractil","title":{"rendered":"extrusion de pelicula retr\u00e1ctil"},"content":{"rendered":"<p>Extrusi\u00f3n de pelicula retr\u00e1ctil<\/p>\n<p>La extrusi\u00f3n de pel\u00edcula retr\u00e1ctil se distingue por su matriz rotatoria y sus rebobinadores dobles, lo que la convierte en una opci\u00f3n \u00f3ptima para la fabricaci\u00f3n de pel\u00edculas termorretr\u00e1ctiles, materiales de embalaje y bolsas pl\u00e1sticas. A continuaci\u00f3n, se detalla la mini extrusora de pel\u00edcula soplada:<\/p>\n<p>&#8211; Husillo y cilindro de alta calidad.<br \/>\n&#8211; Control de velocidad variable.<br \/>\n&#8211; Sistema autom\u00e1tico de regulaci\u00f3n de temperatura.<br \/>\n&#8211; Proceso de bobinado f\u00e1cil de operar.<br \/>\n&#8211; Materiales compatibles: LDPE y LLDPE.<br \/>\n&#8211; Capacidad para producir pel\u00edculas termorretr\u00e1ctiles, bolsas pl\u00e1sticas, bolsas de basura y pel\u00edculas de embalaje.<br \/>\n&#8211; Ancho de pel\u00edcula: de 600 mm a 3000 mm.<br \/>\n&#8211; Grosor de pel\u00edcula: de 0,01 mm a 0,2 mm.<\/p>\n<div id=\"attachment_29840\" style=\"width: 382px\" class=\"wp-caption alignnone\"><img loading=\"lazy\" decoding=\"async\" aria-describedby=\"caption-attachment-29840\" class=\" wp-image-29840\" src=\"https:\/\/bolseadora.com.mx\/wp-content\/uploads\/2025\/02\/Pelicula-retractil.png\" alt=\"Pel\u00edcula retr\u00e1ctil\" width=\"372\" height=\"275\" \/><p id=\"caption-attachment-29840\" class=\"wp-caption-text\">Pel\u00edcula retr\u00e1ctil<\/p><\/div>\n<p data-rm-block-id=\"block-3\"><strong>Equipo opcional\u00a0<\/strong><br \/>\n1) Cargador autom\u00e1tico<br \/>\n2) Cilindros de gofrado<br \/>\n3) Probador de la superficie de la pel\u00edcula<br \/>\n4)Dispositivo de la matriz rotatoria<br \/>\n5) Comprensor de aire<br \/>\n6) Cambiador de filtros con manija mecanica<br \/>\n7) Arriba y abajo<br \/>\n<strong>Especificaciones t\u00e9cnicas de la m\u00e1quina de pel\u00edcula soplada PE de cabezal rotatorio<\/strong><\/p>\n<table border=\"0\" cellspacing=\"1\" cellpadding=\"0\">\n<tbody>\n<tr>\n<td width=\"327\" data-rm-block-id=\"block-4\">Modelo<\/td>\n<td width=\"120\" data-rm-block-id=\"block-5\">SJ-B50<\/td>\n<td width=\"105\" data-rm-block-id=\"block-6\">SJ-B55<\/td>\n<td width=\"156\" data-rm-block-id=\"block-7\">SJ-B65<\/td>\n<td data-rm-block-id=\"block-8\"><\/td>\n<\/tr>\n<tr>\n<td width=\"327\" data-rm-block-id=\"block-9\">Di\u00e1metro del tornillo(mm)<\/td>\n<td data-rm-block-id=\"block-10\">50<\/td>\n<td width=\"105\" data-rm-block-id=\"block-11\">55<\/td>\n<td width=\"156\" data-rm-block-id=\"block-12\">60<\/td>\n<td data-rm-block-id=\"block-13\"><\/td>\n<\/tr>\n<tr>\n<td width=\"327\" data-rm-block-id=\"block-14\">Ratio del tornillo(L\/D)<\/td>\n<td data-rm-block-id=\"block-15\">28:1<\/td>\n<td width=\"105\" data-rm-block-id=\"block-16\">28:1<\/td>\n<td width=\"156\" data-rm-block-id=\"block-17\">28:1<\/td>\n<td data-rm-block-id=\"block-18\"><\/td>\n<\/tr>\n<tr>\n<td width=\"327\" data-rm-block-id=\"block-19\">Velocidad del tornillo<\/td>\n<td data-rm-block-id=\"block-20\">10-100r\/min<\/td>\n<td width=\"105\" data-rm-block-id=\"block-21\">10-100r\/min<\/td>\n<td width=\"156\" data-rm-block-id=\"block-22\">10-100r\/min<\/td>\n<td data-rm-block-id=\"block-23\"><\/td>\n<\/tr>\n<tr>\n<td width=\"327\" data-rm-block-id=\"block-24\">M\u00e1ximo poder de salida del motor principal<br \/>\nM\u00e1ximo rendimiento<\/td>\n<td data-rm-block-id=\"block-25\">11Kw<br \/>\n35kg\/h<\/td>\n<td width=\"105\" data-rm-block-id=\"block-26\">15Kw<br \/>\n50kg\/h<\/td>\n<td width=\"156\" data-rm-block-id=\"block-27\">22Kw<br \/>\n65kg\/h<\/td>\n<td data-rm-block-id=\"block-28\"><\/td>\n<\/tr>\n<tr>\n<td width=\"327\" data-rm-block-id=\"block-29\">Ancho m\u00e1ximo de la pel\u00edcula doblada<\/td>\n<td data-rm-block-id=\"block-30\">600mm<\/td>\n<td width=\"105\" data-rm-block-id=\"block-31\">800mm<\/td>\n<td width=\"156\" data-rm-block-id=\"block-32\">1000mm<\/td>\n<td data-rm-block-id=\"block-33\"><\/td>\n<\/tr>\n<tr>\n<td width=\"327\" data-rm-block-id=\"block-34\">Grosor de un solo lado de la pel\u00edcula<\/td>\n<td data-rm-block-id=\"block-35\">0.01-0.10mm<\/td>\n<td width=\"105\" data-rm-block-id=\"block-36\">0.01-0.10mm<\/td>\n<td width=\"156\" data-rm-block-id=\"block-37\">0.01-0.10mm<\/td>\n<td data-rm-block-id=\"block-38\"><\/td>\n<\/tr>\n<tr>\n<td width=\"327\" data-rm-block-id=\"block-39\">Potencia total<\/td>\n<td data-rm-block-id=\"block-40\">22Kw<\/td>\n<td width=\"105\" data-rm-block-id=\"block-41\">26Kw<\/td>\n<td width=\"156\" data-rm-block-id=\"block-42\">30Kw<\/td>\n<td data-rm-block-id=\"block-43\"><\/td>\n<\/tr>\n<tr>\n<td width=\"327\" data-rm-block-id=\"block-44\">Peso de la m\u00e1quina<\/td>\n<td data-rm-block-id=\"block-45\">2T<\/td>\n<td width=\"105\" data-rm-block-id=\"block-46\">2.3T<\/td>\n<td width=\"156\" data-rm-block-id=\"block-47\">2.6T<\/td>\n<td data-rm-block-id=\"block-48\"><\/td>\n<\/tr>\n<tr>\n<td width=\"327\" data-rm-block-id=\"block-49\">Dimensiones totales(mm)<\/td>\n<td data-rm-block-id=\"block-50\">4.0 x 1.8 x 4.6<\/td>\n<td width=\"105\" data-rm-block-id=\"block-51\">4.2 x 2.0 x 4.9<\/td>\n<td width=\"156\" data-rm-block-id=\"block-52\">4.6 x 2.3 x 5.6<\/td>\n<\/tr>\n<\/tbody>\n<\/table>\n<p data-rm-block-id=\"block-53\">\t\t<div data-elementor-type=\"page\" data-elementor-id=\"29869\" class=\"elementor elementor-29869\" data-elementor-post-type=\"elementor_library\">\n\t\t\t\t\t\t<section class=\"elementor-section elementor-top-section elementor-element elementor-element-63d06348 elementor-section-boxed elementor-section-height-default elementor-section-height-default\" data-id=\"63d06348\" data-element_type=\"section\">\n\t\t\t\t\t\t<div class=\"elementor-container elementor-column-gap-default\">\n\t\t\t\t\t<div class=\"elementor-column elementor-col-100 elementor-top-column elementor-element elementor-element-558b0c91\" data-id=\"558b0c91\" data-element_type=\"column\">\n\t\t\t<div class=\"elementor-widget-wrap elementor-element-populated\">\n\t\t\t\t\t\t<div class=\"elementor-element elementor-element-b70ca3c elementor-widget elementor-widget-heading\" data-id=\"b70ca3c\" data-element_type=\"widget\" data-widget_type=\"heading.default\">\n\t\t\t\t<div class=\"elementor-widget-container\">\n\t\t\t\t\t<h2 class=\"elementor-heading-title elementor-size-default\">Shipment<\/h2>\t\t\t\t<\/div>\n\t\t\t\t<\/div>\n\t\t\t\t<div class=\"elementor-element elementor-element-107d862a elementor-widget-divider--view-line elementor-widget elementor-widget-divider\" data-id=\"107d862a\" data-element_type=\"widget\" data-widget_type=\"divider.default\">\n\t\t\t\t<div class=\"elementor-widget-container\">\n\t\t\t\t\t\t\t<div class=\"elementor-divider\">\n\t\t\t<span class=\"elementor-divider-separator\">\n\t\t\t\t\t\t<\/span>\n\t\t<\/div>\n\t\t\t\t\t\t<\/div>\n\t\t\t\t<\/div>\n\t\t\t\t\t<\/div>\n\t\t<\/div>\n\t\t\t\t\t<\/div>\n\t\t<\/section>\n\t\t<div class=\"wd-negative-gap elementor-element elementor-element-3a202bae e-flex e-con-boxed e-con e-parent\" data-id=\"3a202bae\" data-element_type=\"container\">\n\t\t\t\t\t<div class=\"e-con-inner\">\n\t\t\t\t<div class=\"elementor-element elementor-element-cc201c5 elementor-widget elementor-widget-wp-widget-text\" data-id=\"cc201c5\" data-element_type=\"widget\" data-widget_type=\"wp-widget-text.default\">\n\t\t\t\t<div class=\"elementor-widget-container\">\n\t\t\t\t\t<h5>Env\u00edo de m\u00e1quina para fabricar bolsas de pl\u00e1stico<\/h5>\t\t\t<div class=\"textwidget\"><p>Si solo compra una m\u00e1quina, la empacaremos con un paquete de madera y la cargaremos en un contenedor con carga menor a la del contenedor (LCL).<\/p>\n<div id=\"attachment_29396\" style=\"width: 460px\" class=\"wp-caption alignnone\"><img fetchpriority=\"high\" decoding=\"async\" fetchpriority=\"high\" aria-describedby=\"caption-attachment-29396\" class=\"wp-image-29396\" src=\"https:\/\/mx.maquinaparahacerbolsas.com.mx\/wp-content\/uploads\/2025\/09\/Maquina-para-hacer-bolsas-de-plastico-con-paquete-de-madera.webp\" alt=\"M\u00e1quina para hacer bolsas de pl\u00e1stico con paquete de madera\" width=\"450\" height=\"338\" \/><p id=\"caption-attachment-29396\" class=\"wp-caption-text\">M\u00e1quina para hacer bolsas de pl\u00e1stico con paquete de madera<\/p><\/div>\n<p>Si compra m\u00e1s m\u00e1quinas, empacaremos las m\u00e1quinas con pel\u00edcula estirable y las cargaremos en un contenedor completo directamente (carga de contenedor completo FCL).<\/p>\n<div id=\"attachment_29403\" style=\"width: 460px\" class=\"wp-caption alignnone\"><img loading=\"lazy\" decoding=\"async\" aria-describedby=\"caption-attachment-29403\" class=\"wp-image-29403\" src=\"https:\/\/mx.maquinaparahacerbolsas.com.mx\/wp-content\/uploads\/2025\/09\/film-blowing-machine-loading-container-export.webp\" alt=\"contenedor de carga para extrusi\u00f3n de pel\u00edcula soplada\" width=\"450\" height=\"450\" \/><p id=\"caption-attachment-29403\" class=\"wp-caption-text\">contenedor de carga para extrusi\u00f3n de pel\u00edcula soplada<\/p><\/div>\n<div id=\"attachment_29402\" style=\"width: 460px\" class=\"wp-caption alignnone\"><img loading=\"lazy\" decoding=\"async\" aria-describedby=\"caption-attachment-29402\" class=\"wp-image-29402\" src=\"https:\/\/mx.maquinaparahacerbolsas.com.mx\/wp-content\/uploads\/2025\/09\/plasticbagmachinesolution.webp\" alt=\"L\u00ednea completa de m\u00e1quinas para hacer bolsas de pl\u00e1stico\" width=\"450\" height=\"429\" \/><p id=\"caption-attachment-29402\" class=\"wp-caption-text\">L\u00ednea completa de m\u00e1quinas para hacer bolsas de pl\u00e1stico<\/p><\/div>\n<div id=\"attachment_29401\" style=\"width: 460px\" class=\"wp-caption alignnone\"><img loading=\"lazy\" decoding=\"async\" loading=\"lazy\" aria-describedby=\"caption-attachment-29401\" class=\"wp-image-29401\" src=\"https:\/\/mx.maquinaparahacerbolsas.com.mx\/wp-content\/uploads\/2025\/09\/shipmentplasticmachines.webp\" alt=\"Exportar m\u00e1quinas para hacer bolsas de pl\u00e1stico a diferentes pa\u00edses.\" width=\"450\" height=\"227\" \/><p id=\"caption-attachment-29401\" class=\"wp-caption-text\">Exportar m\u00e1quinas para hacer bolsas de pl\u00e1stico a diferentes pa\u00edses.<\/p><\/div>\n<p>&nbsp;<\/p>\n<\/div>\n\t\t\t\t\t\t<\/div>\n\t\t\t\t<\/div>\n\t\t\t\t\t<\/div>\n\t\t\t\t<\/div>\n\t\t<div class=\"wd-negative-gap elementor-element elementor-element-b0849af e-flex e-con-boxed e-con e-parent\" data-id=\"b0849af\" data-element_type=\"container\">\n\t\t\t\t\t<div class=\"e-con-inner\">\n\t\t\t\t<div class=\"elementor-element elementor-element-561aa20e elementor-widget elementor-widget-heading\" data-id=\"561aa20e\" data-element_type=\"widget\" data-widget_type=\"heading.default\">\n\t\t\t\t<div class=\"elementor-widget-container\">\n\t\t\t\t\t<h2 class=\"elementor-heading-title elementor-size-default\">Instalar la m\u00e1quina en la f\u00e1brica del cliente.<\/h2>\t\t\t\t<\/div>\n\t\t\t\t<\/div>\n\t\t\t\t\t<\/div>\n\t\t\t\t<\/div>\n\t\t<div class=\"wd-negative-gap elementor-element elementor-element-342a48c4 e-flex e-con-boxed e-con e-parent\" data-id=\"342a48c4\" data-element_type=\"container\">\n\t\t\t\t\t<div class=\"e-con-inner\">\n\t\t\t\t<div class=\"elementor-element elementor-element-7f087561 elementor-widget elementor-widget-heading\" data-id=\"7f087561\" data-element_type=\"widget\" data-widget_type=\"heading.default\">\n\t\t\t\t<div class=\"elementor-widget-container\">\n\t\t\t\t\t<h2 class=\"elementor-heading-title elementor-size-default\">install machines in customer factory<br><img loading=\"lazy\" decoding=\"async\" class=\"alignnone wp-image-29400\" src=\"https:\/\/mx.maquinaparahacerbolsas.com.mx\/wp-content\/uploads\/2025\/09\/plastic-bag-machine-supplier.webp\" alt=\"\" width=\"450\" height=\"450\"><img loading=\"lazy\" decoding=\"async\" class=\"wp-image-29399\" src=\"https:\/\/mx.maquinaparahacerbolsas.com.mx\/wp-content\/uploads\/2025\/09\/Plastic-bag-machine-factory.webp\" alt=\"M\u00e1quina para fabricar bolsas de pl\u00e1stico en la f\u00e1brica del cliente\" width=\"450\" height=\"457\" style=\"font-size: 15px\"><\/h2>\t\t\t\t<\/div>\n\t\t\t\t<\/div>\n\t\t\t\t\t<\/div>\n\t\t\t\t<\/div>\n\t\t<div class=\"wd-negative-gap elementor-element elementor-element-47052a27 e-flex e-con-boxed e-con e-parent\" data-id=\"47052a27\" data-element_type=\"container\">\n\t\t\t\t\t<div class=\"e-con-inner\">\n\t\t\t\t<div class=\"elementor-element elementor-element-7df32f8e elementor-widget elementor-widget-heading\" data-id=\"7df32f8e\" data-element_type=\"widget\" data-widget_type=\"heading.default\">\n\t\t\t\t<div class=\"elementor-widget-container\">\n\t\t\t\t\t<h2 class=\"elementor-heading-title elementor-size-default\">Proveedor de piezas de maquinaria<\/h2>\t\t\t\t<\/div>\n\t\t\t\t<\/div>\n\t\t\t\t\t<\/div>\n\t\t\t\t<\/div>\n\t\t<div class=\"wd-negative-gap elementor-element elementor-element-4c02f53a e-flex e-con-boxed e-con e-parent\" data-id=\"4c02f53a\" data-element_type=\"container\">\n\t\t\t\t\t<div class=\"e-con-inner\">\n\t\t\t\t<div class=\"elementor-element elementor-element-3294f14e elementor-widget elementor-widget-heading\" data-id=\"3294f14e\" data-element_type=\"widget\" data-widget_type=\"heading.default\">\n\t\t\t\t<div class=\"elementor-widget-container\">\n\t\t\t\t\t<h2 class=\"elementor-heading-title elementor-size-default\"><img loading=\"lazy\" decoding=\"async\" class=\"wp-image-29398\" src=\"https:\/\/mx.maquinaparahacerbolsas.com.mx\/wp-content\/uploads\/2025\/09\/machinepartssupplier.webp\" alt=\"Proveedor de piezas de maquinaria\" width=\"450\" height=\"259\" style=\"font-size: 15px\"><\/h2>\t\t\t\t<\/div>\n\t\t\t\t<\/div>\n\t\t\t\t\t<\/div>\n\t\t\t\t<\/div>\n\t\t<div class=\"wd-negative-gap elementor-element elementor-element-7c911462 e-flex e-con-boxed e-con e-parent\" data-id=\"7c911462\" data-element_type=\"container\">\n\t\t\t\t\t<div class=\"e-con-inner\">\n\t\t\t\t<div class=\"elementor-element elementor-element-6d47fa52 elementor-widget elementor-widget-heading\" data-id=\"6d47fa52\" data-element_type=\"widget\" data-widget_type=\"heading.default\">\n\t\t\t\t<div class=\"elementor-widget-container\">\n\t\t\t\t\t<h2 class=\"elementor-heading-title elementor-size-default\">Proveedor de materia prima de polietileno<\/h2>\t\t\t\t<\/div>\n\t\t\t\t<\/div>\n\t\t\t\t\t<\/div>\n\t\t\t\t<\/div>\n\t\t<div class=\"wd-negative-gap elementor-element elementor-element-5f112e8b e-flex e-con-boxed e-con e-parent\" data-id=\"5f112e8b\" data-element_type=\"container\">\n\t\t\t\t\t<div class=\"e-con-inner\">\n\t\t\t\t<div class=\"elementor-element elementor-element-2b1fef7f elementor-widget elementor-widget-wd_text_block\" data-id=\"2b1fef7f\" data-element_type=\"widget\" data-widget_type=\"wd_text_block.default\">\n\t\t\t\t<div class=\"elementor-widget-container\">\n\t\t\t\t\t\t\t<div class=\"wd-text-block reset-last-child text-left\">\n\t\t\t\n\t\t\t<p><strong>C\u00f3mo encontrar polietileno para la extrusi\u00f3n de pel\u00edcula soplada. La extrusi\u00f3n de pel\u00edcula utiliza polietileno, como polietileno de baja densidad (LDPE), polietileno de alta densidad (HDPE), polietileno lineal de baja densidad (LLDPE) y polipropileno (PP).<\/strong><\/p><p>A continuaci\u00f3n, se presentan importantes proveedores de materiales a nivel mundial con oficinas en todo el mundo. Puede consultarlos en el mercado local.<\/p><p>1.<a href=\"http:\/\/www.sabic.com\/\" target=\"_blank\" rel=\"noopener\"><strong><u>Sabic Saudi Basic Industries Corporation<\/u><\/strong><\/a><\/p><p>2.<a href=\"http:\/\/www.exxonmobilchemical.com\/\" target=\"_blank\" rel=\"noopener\"><strong><u>ExxonMobil Chemical Company<\/u><\/strong><\/a><\/p><p>3.<a href=\"http:\/\/www.dow.com\/\" target=\"_blank\" rel=\"noopener\"><strong><u>Dow Chemical Company<\/u><\/strong><\/a><strong>\u00a0<\/strong><\/p><p><img loading=\"lazy\" decoding=\"async\" class=\"wp-image-29397\" style=\"font-size: 14px;\" src=\"https:\/\/mx.maquinaparahacerbolsas.com.mx\/wp-content\/uploads\/2025\/09\/polyethylene-HDPE-LDPE-supplier.webp\" alt=\"Proveedor de materiales\" width=\"450\" height=\"462\" \/><\/p>\n\t\t\t\t\t<\/div>\n\t\t\t\t\t\t<\/div>\n\t\t\t\t<\/div>\n\t\t\t\t\t<\/div>\n\t\t\t\t<\/div>\n\t\t\t\t<\/div>\n\t\t<\/p>\n","protected":false},"excerpt":{"rendered":"<p>Extrusi\u00f3n de pelicul<\/p>\n","protected":false},"featured_media":29667,"comment_status":"closed","ping_status":"closed","template":"","meta":{"_acf_changed":false},"product_brand":[],"product_cat":[85],"product_tag":[],"class_list":{"0":"post-29608","1":"product","2":"type-product","3":"status-publish","4":"has-post-thumbnail","6":"product_cat-extrusion-de-pelicula","8":"first","9":"instock","10":"shipping-taxable","11":"product-type-simple"},"acf":[],"_links":{"self":[{"href":"https:\/\/maquinasparafabricarbolsas.co\/es\/wp-json\/wp\/v2\/product\/29608","targetHints":{"allow":["GET"]}}],"collection":[{"href":"https:\/\/maquinasparafabricarbolsas.co\/es\/wp-json\/wp\/v2\/product"}],"about":[{"href":"https:\/\/maquinasparafabricarbolsas.co\/es\/wp-json\/wp\/v2\/types\/product"}],"replies":[{"embeddable":true,"href":"https:\/\/maquinasparafabricarbolsas.co\/es\/wp-json\/wp\/v2\/comments?post=29608"}],"version-history":[{"count":3,"href":"https:\/\/maquinasparafabricarbolsas.co\/es\/wp-json\/wp\/v2\/product\/29608\/revisions"}],"predecessor-version":[{"id":30203,"href":"https:\/\/maquinasparafabricarbolsas.co\/es\/wp-json\/wp\/v2\/product\/29608\/revisions\/30203"}],"wp:featuredmedia":[{"embeddable":true,"href":"https:\/\/maquinasparafabricarbolsas.co\/es\/wp-json\/wp\/v2\/media\/29667"}],"wp:attachment":[{"href":"https:\/\/maquinasparafabricarbolsas.co\/es\/wp-json\/wp\/v2\/media?parent=29608"}],"wp:term":[{"taxonomy":"product_brand","embeddable":true,"href":"https:\/\/maquinasparafabricarbolsas.co\/es\/wp-json\/wp\/v2\/product_brand?post=29608"},{"taxonomy":"product_cat","embeddable":true,"href":"https:\/\/maquinasparafabricarbolsas.co\/es\/wp-json\/wp\/v2\/product_cat?post=29608"},{"taxonomy":"product_tag","embeddable":true,"href":"https:\/\/maquinasparafabricarbolsas.co\/es\/wp-json\/wp\/v2\/product_tag?post=29608"}],"curies":[{"name":"wp","href":"https:\/\/api.w.org\/{rel}","templated":true}]}}