{"id":29609,"date":"2025-09-26T21:44:15","date_gmt":"2025-09-26T13:44:15","guid":{"rendered":"https:\/\/maquinasparafabricarbolsas.co\/es\/?post_type=product&#038;p=29609"},"modified":"2025-10-25T15:28:21","modified_gmt":"2025-10-25T07:28:21","slug":"proceso-maquinaria-extrusora-de-film-soplado","status":"publish","type":"product","link":"https:\/\/maquinasparafabricarbolsas.co\/es\/proceso-maquinaria-extrusora-de-film-soplado","title":{"rendered":"Tres capas extrusora de film soplado"},"content":{"rendered":"<p>Uso de la extrusora de film soplado de tres capas:<br \/>\nLa extrusora de film soplado ABC est\u00e1 dise\u00f1ada con tres tornillos, lo que permite la utilizaci\u00f3n de tres tipos de materias primas para la fabricaci\u00f3n de pel\u00edculas de tres capas. Este equipo es \u00f3ptimo para la producci\u00f3n de pel\u00edculas compuestas, bolsas para alimentos, envases y otros art\u00edculos pl\u00e1sticos.<\/p>\n<p>**Caracter\u00edsticas de la extrusi\u00f3n de pel\u00edcula de tres capas:**<br \/>\n&#8211; Husillo y cilindro elaborados con materiales de alta calidad.<br \/>\n&#8211; Tres husillos, tres motores y tres reductores.<br \/>\n&#8211; Capacidad para generar pel\u00edculas pl\u00e1sticas en tres capas.<br \/>\n&#8211; Sistema de control autom\u00e1tico de temperatura y ajuste de velocidad.<br \/>\n&#8211; Proceso de bobinado simplificado.<br \/>\n&#8211; Materiales compatibles: LDPE, HDPE, LLDPE, MLLDPE.<br \/>\n&#8211; Adecuada para la producci\u00f3n de bolsas de pl\u00e1stico, bolsas de basura y pel\u00edculas de embalaje.<br \/>\n&#8211; Ancho de la pel\u00edcula que oscila entre 500 mm y 3000 mm.<br \/>\n&#8211; Espesor de la pel\u00edcula que var\u00eda entre 0,01 mm y 0,2 mm.<\/p>\n<div data-rm-block-id=\"block-4\"><span data-scayt_word=\"Principales\" data-scaytid=\"100\">Principales<\/span>\u00a0<span data-scayt_word=\"par\u00e1metros\" data-scaytid=\"101\">par\u00e1metros<\/span>\u00a0<span data-scayt_word=\"t\u00e9cnicos\" data-scaytid=\"102\">t\u00e9cnicos<\/span><\/div>\n<div>\n<table border=\"0\" cellspacing=\"1\" cellpadding=\"0\">\n<tbody>\n<tr>\n<td width=\"104\">\n<div data-rm-block-id=\"block-5\"><span data-scayt_word=\"Modelo\" data-scaytid=\"103\">Modelo<\/span><\/div>\n<\/td>\n<td width=\"160\">\n<div data-rm-block-id=\"block-6\"><span data-scayt_word=\"3SJ-G1000\" data-scaytid=\"97\">3SJ-G1000<\/span><\/div>\n<\/td>\n<td width=\"176\">\n<div data-rm-block-id=\"block-7\"><span data-scayt_word=\"3SJ-G1200\" data-scaytid=\"98\">3SJ-G1200<\/span><\/div>\n<\/td>\n<td width=\"179\">\n<div data-rm-block-id=\"block-8\"><span data-scayt_word=\"3SJ-G1500\" data-scaytid=\"99\">3SJ-G1500<\/span><\/div>\n<\/td>\n<\/tr>\n<tr>\n<td width=\"104\">\n<div data-rm-block-id=\"block-9\"><span data-scayt_word=\"Di\u00e1metro\" data-scaytid=\"107\">Di\u00e1metro<\/span>\u00a0<span data-scayt_word=\"deltornillo\" data-scaytid=\"379\">del<span data-scayt_word=\"tornillo\" data-scaytid=\"108\">tornillo<\/span><\/span><\/div>\n<\/td>\n<td width=\"160\">\n<div data-rm-block-id=\"block-10\"><span data-scayt_word=\"\u044455\" data-scaytid=\"109\">\u044455<\/span>\u00d72\u00a0<span data-scayt_word=\"\u044460\" data-scaytid=\"110\">\u044460<\/span>\u00d71<\/div>\n<\/td>\n<td width=\"176\">\n<div data-rm-block-id=\"block-11\"><span data-scayt_word=\"\u044460\" data-scaytid=\"111\">\u044460<\/span>\u00d72\u00a0<span data-scayt_word=\"\u044465\" data-scaytid=\"112\">\u044465<\/span>\u00d71<\/div>\n<\/td>\n<td width=\"179\">\n<div data-rm-block-id=\"block-12\"><span data-scayt_word=\"\u044465\" data-scaytid=\"113\">\u044465<\/span>\u00d72\u00a0<span data-scayt_word=\"\u044470\" data-scaytid=\"114\">\u044470<\/span>\u00d71<\/div>\n<\/td>\n<\/tr>\n<tr>\n<td width=\"104\">\n<div data-rm-block-id=\"block-13\">\u00a0<span data-scayt_word=\"Proporci\u00f3nde\" data-scaytid=\"115\">Proporci\u00f3nde<\/span> largo <span data-scayt_word=\"ydi\u00e1metro\" data-scaytid=\"116\">ydi\u00e1metro<\/span>\u00a0<span data-scayt_word=\"deltornillo\" data-scaytid=\"117\">deltornillo<\/span><\/div>\n<\/td>\n<td width=\"160\">\n<div>\n<div data-rm-block-id=\"block-14\"><span data-scayt_word=\"28\uff1a1\" data-scaytid=\"408\"><span data-scayt_word=\"28\uff1a\" data-scaytid=\"118\">28\uff1a<\/span>1<\/span><\/div>\n<\/div>\n<\/td>\n<td width=\"176\">\n<div>\n<div data-rm-block-id=\"block-15\"><span data-scayt_word=\"28\uff1a1\" data-scaytid=\"123\">28\uff1a1<\/span><\/div>\n<\/div>\n<\/td>\n<td width=\"179\">\n<div>\n<div data-rm-block-id=\"block-16\"><span data-scayt_word=\"28\uff1a1\" data-scaytid=\"124\">28\uff1a1<\/span><\/div>\n<\/div>\n<\/td>\n<\/tr>\n<tr>\n<td width=\"104\">\n<div data-rm-block-id=\"block-17\"><span data-scayt_word=\"Velocidad\" data-scaytid=\"125\">Velocidad<\/span>\u00a0<span data-scayt_word=\"deltornillo\" data-scaytid=\"119\">deltornillo<\/span><\/div>\n<\/td>\n<td width=\"160\">\n<div data-rm-block-id=\"block-18\"><span data-scayt_word=\"15-150r\" data-scaytid=\"120\">15-150r<\/span>\/min<\/div>\n<\/td>\n<td width=\"176\">\n<div data-rm-block-id=\"block-19\"><span data-scayt_word=\"15-150r\" data-scaytid=\"121\">15-150r<\/span>\/min<\/div>\n<\/td>\n<td width=\"179\">\n<div data-rm-block-id=\"block-20\"><span data-scayt_word=\"15-150r\" data-scaytid=\"122\">15-150r<\/span>\/min<\/div>\n<\/td>\n<\/tr>\n<tr>\n<td width=\"104\">\n<div data-rm-block-id=\"block-21\"><span data-scayt_word=\"Energ\u00eda\" data-scaytid=\"134\">Energ\u00eda<\/span>\u00a0del motor principal<\/div>\n<\/td>\n<td width=\"160\">\n<div data-rm-block-id=\"block-22\"><span data-scayt_word=\"15Kw\" data-scaytid=\"130\">15Kw<\/span>\u00d72 18.5Kw\u00d71<\/div>\n<\/td>\n<td width=\"176\">\n<div data-rm-block-id=\"block-23\">18.5Kw\u00d72\u00a0<span data-scayt_word=\"22Kw\" data-scaytid=\"131\">22Kw<\/span>\u00d71<\/div>\n<\/td>\n<td width=\"179\">\n<div data-rm-block-id=\"block-24\"><span data-scayt_word=\"22Kw\" data-scaytid=\"132\">22Kw<\/span>\u00d72\u00a0<span data-scayt_word=\"30Kw\" data-scaytid=\"133\">30Kw<\/span>\u00d71<\/div>\n<\/td>\n<\/tr>\n<tr>\n<td width=\"104\">\n<div data-rm-block-id=\"block-25\"><span data-scayt_word=\"Salida\" data-scaytid=\"139\">Salida<\/span>\u00a0<span data-scayt_word=\"delextrusor\" data-scaytid=\"140\">delextrusor<\/span>\u00a0<span data-scayt_word=\"\u00fanico\" data-scaytid=\"144\">\u00fanico<\/span><\/div>\n<\/td>\n<td valign=\"top\" width=\"160\">\n<div data-rm-block-id=\"block-26\"><span data-scayt_word=\"50kg\" data-scaytid=\"141\">50kg<\/span>\/h<\/div>\n<\/td>\n<td valign=\"top\" width=\"176\">\n<div data-rm-block-id=\"block-27\"><span data-scayt_word=\"80kg\" data-scaytid=\"142\">80kg<\/span>\/h<\/div>\n<\/td>\n<td valign=\"top\" width=\"179\">\n<div data-rm-block-id=\"block-28\"><span data-scayt_word=\"100kg\" data-scaytid=\"143\">100kg<\/span>\/h<\/div>\n<\/td>\n<\/tr>\n<tr>\n<td width=\"104\">\n<div data-rm-block-id=\"block-29\"><span data-scayt_word=\"Modo\" data-scaytid=\"148\">Modo<\/span>\u00a0<span data-scayt_word=\"deespecificaci\u00f3nde\" data-scaytid=\"149\">deespecificaci\u00f3nde<\/span>\u00a0<span data-scayt_word=\"puerto\" data-scaytid=\"150\">puerto<\/span><\/div>\n<\/td>\n<td width=\"160\">\n<div data-rm-block-id=\"block-30\"><span data-scayt_word=\"\u0444150\" data-scaytid=\"151\">\u0444150<\/span>\u00a0<span data-scayt_word=\"\u03c6200\" data-scaytid=\"152\">\u03c6200<\/span><\/div>\n<\/td>\n<td width=\"176\">\n<div data-rm-block-id=\"block-31\"><span data-scayt_word=\"\u0444200\" data-scaytid=\"153\">\u0444200<\/span>\u00a0<span data-scayt_word=\"\u03c6250\" data-scaytid=\"154\">\u03c6250<\/span>\u00d71<\/div>\n<\/td>\n<td width=\"179\">\n<div data-rm-block-id=\"block-32\"><span data-scayt_word=\"\u0444250\" data-scaytid=\"155\">\u0444250<\/span>\u00a0<span data-scayt_word=\"\u0444300\" data-scaytid=\"156\">\u0444300<\/span>\u00d71<\/div>\n<\/td>\n<\/tr>\n<tr>\n<td width=\"104\">\n<div data-rm-block-id=\"block-33\"><span data-scayt_word=\"Espesorindividual\" data-scaytid=\"157\">Espesorindividual<\/span><\/div>\n<\/td>\n<td width=\"160\">\n<div data-rm-block-id=\"block-34\">0.01-0.10mm<\/div>\n<\/td>\n<td width=\"176\">\n<div data-rm-block-id=\"block-35\">0.01-0.10mm<\/div>\n<\/td>\n<td width=\"179\">\n<div data-rm-block-id=\"block-36\">0.01-0.10mm<\/div>\n<\/td>\n<\/tr>\n<tr>\n<td width=\"104\">\n<div data-rm-block-id=\"block-37\"><span data-scayt_word=\"Di\u00e1metrom\u00e1ximo\" data-scaytid=\"158\">Di\u00e1metrom\u00e1ximo<\/span>\u00a0de la<span data-scayt_word=\"pel\u00edcula\" data-scaytid=\"566\">pel\u00edcula<\/span><\/div>\n<\/td>\n<td width=\"160\">\n<div data-rm-block-id=\"block-38\"><span data-scayt_word=\"1000mm\" data-scaytid=\"567\">1000mm<\/span><\/div>\n<\/td>\n<td width=\"176\">\n<div data-rm-block-id=\"block-39\"><span data-scayt_word=\"1200mm\" data-scaytid=\"568\">1200mm<\/span><\/div>\n<\/td>\n<td width=\"179\">\n<div data-rm-block-id=\"block-40\"><span data-scayt_word=\"1500mm\" data-scaytid=\"569\">1500mm<\/span><\/div>\n<\/td>\n<\/tr>\n<tr>\n<td width=\"104\">\n<div data-rm-block-id=\"block-41\"><span data-scayt_word=\"Capacidadtotal\" data-scaytid=\"570\">Capacidadtotal<\/span> <span data-scayt_word=\"deenerg\u00edael\u00e9ctrica\" data-scaytid=\"571\">deenerg\u00edael\u00e9ctrica<\/span><\/div>\n<\/td>\n<td width=\"160\">\n<div data-rm-block-id=\"block-42\"><span data-scayt_word=\"76Kw\" data-scaytid=\"572\">76Kw<\/span><\/div>\n<\/td>\n<td width=\"176\">\n<div data-rm-block-id=\"block-43\"><span data-scayt_word=\"88Kw\" data-scaytid=\"573\">88Kw<\/span><\/div>\n<\/td>\n<td width=\"179\">\n<div data-rm-block-id=\"block-44\"><span data-scayt_word=\"102Kw\" data-scaytid=\"574\">102Kw<\/span><\/div>\n<\/td>\n<\/tr>\n<tr>\n<td width=\"104\">\n<div data-rm-block-id=\"block-45\"><span data-scayt_word=\"Dimensiones\" data-scaytid=\"585\">Dimensiones<\/span><\/div>\n<\/td>\n<td width=\"160\">\n<div data-rm-block-id=\"block-46\">6600\u00d74100\u00d7<span data-scayt_word=\"5000mm\" data-scaytid=\"586\">5000mm<\/span><\/div>\n<\/td>\n<td width=\"176\">\n<div data-rm-block-id=\"block-47\">6800\u00d74300\u00d7<span data-scayt_word=\"6000mm\" data-scaytid=\"587\">6000mm<\/span><\/div>\n<\/td>\n<td width=\"179\">\n<div data-rm-block-id=\"block-48\">7000\u00d74800\u00d7<span data-scayt_word=\"7500mm\" data-scaytid=\"588\">7500mm<\/span><\/div>\n<\/td>\n<\/tr>\n<tr>\n<td width=\"104\">\n<div data-rm-block-id=\"block-49\">Peso<\/div>\n<\/td>\n<td width=\"160\">\n<div data-rm-block-id=\"block-50\"><span data-scayt_word=\"4T\" data-scaytid=\"589\">4T<\/span><\/div>\n<\/td>\n<td width=\"176\">\n<div data-rm-block-id=\"block-51\"><span data-scayt_word=\"5T\" data-scaytid=\"590\">5T<\/span><\/div>\n<\/td>\n<td width=\"179\">\n<div data-rm-block-id=\"block-52\"><span data-scayt_word=\"6T\" data-scaytid=\"591\">6T<\/span><\/div>\n<\/td>\n<\/tr>\n<\/tbody>\n<\/table>\n<\/div>\n<p data-rm-block-id=\"block-53\">\t\t<div data-elementor-type=\"page\" data-elementor-id=\"29869\" class=\"elementor elementor-29869\" data-elementor-post-type=\"elementor_library\">\n\t\t\t\t\t\t<section class=\"elementor-section elementor-top-section elementor-element elementor-element-63d06348 elementor-section-boxed elementor-section-height-default elementor-section-height-default\" data-id=\"63d06348\" data-element_type=\"section\">\n\t\t\t\t\t\t<div class=\"elementor-container elementor-column-gap-default\">\n\t\t\t\t\t<div class=\"elementor-column elementor-col-100 elementor-top-column elementor-element elementor-element-558b0c91\" data-id=\"558b0c91\" data-element_type=\"column\">\n\t\t\t<div class=\"elementor-widget-wrap elementor-element-populated\">\n\t\t\t\t\t\t<div class=\"elementor-element elementor-element-b70ca3c elementor-widget elementor-widget-heading\" data-id=\"b70ca3c\" data-element_type=\"widget\" data-widget_type=\"heading.default\">\n\t\t\t\t<div class=\"elementor-widget-container\">\n\t\t\t\t\t<h2 class=\"elementor-heading-title elementor-size-default\">Shipment<\/h2>\t\t\t\t<\/div>\n\t\t\t\t<\/div>\n\t\t\t\t<div class=\"elementor-element elementor-element-107d862a elementor-widget-divider--view-line elementor-widget elementor-widget-divider\" data-id=\"107d862a\" data-element_type=\"widget\" data-widget_type=\"divider.default\">\n\t\t\t\t<div class=\"elementor-widget-container\">\n\t\t\t\t\t\t\t<div class=\"elementor-divider\">\n\t\t\t<span class=\"elementor-divider-separator\">\n\t\t\t\t\t\t<\/span>\n\t\t<\/div>\n\t\t\t\t\t\t<\/div>\n\t\t\t\t<\/div>\n\t\t\t\t\t<\/div>\n\t\t<\/div>\n\t\t\t\t\t<\/div>\n\t\t<\/section>\n\t\t<div class=\"wd-negative-gap elementor-element elementor-element-3a202bae e-flex e-con-boxed e-con e-parent\" data-id=\"3a202bae\" data-element_type=\"container\">\n\t\t\t\t\t<div class=\"e-con-inner\">\n\t\t\t\t<div class=\"elementor-element elementor-element-cc201c5 elementor-widget elementor-widget-wp-widget-text\" data-id=\"cc201c5\" data-element_type=\"widget\" data-widget_type=\"wp-widget-text.default\">\n\t\t\t\t<div class=\"elementor-widget-container\">\n\t\t\t\t\t<h5>Env\u00edo de m\u00e1quina para fabricar bolsas de pl\u00e1stico<\/h5>\t\t\t<div class=\"textwidget\"><p>Si solo compra una m\u00e1quina, la empacaremos con un paquete de madera y la cargaremos en un contenedor con carga menor a la del contenedor (LCL).<\/p>\n<div id=\"attachment_29396\" style=\"width: 460px\" class=\"wp-caption alignnone\"><img fetchpriority=\"high\" decoding=\"async\" fetchpriority=\"high\" aria-describedby=\"caption-attachment-29396\" class=\"wp-image-29396\" src=\"https:\/\/mx.maquinaparahacerbolsas.com.mx\/wp-content\/uploads\/2025\/09\/Maquina-para-hacer-bolsas-de-plastico-con-paquete-de-madera.webp\" alt=\"M\u00e1quina para hacer bolsas de pl\u00e1stico con paquete de madera\" width=\"450\" height=\"338\" \/><p id=\"caption-attachment-29396\" class=\"wp-caption-text\">M\u00e1quina para hacer bolsas de pl\u00e1stico con paquete de madera<\/p><\/div>\n<p>Si compra m\u00e1s m\u00e1quinas, empacaremos las m\u00e1quinas con pel\u00edcula estirable y las cargaremos en un contenedor completo directamente (carga de contenedor completo FCL).<\/p>\n<div id=\"attachment_29403\" style=\"width: 460px\" class=\"wp-caption alignnone\"><img loading=\"lazy\" decoding=\"async\" aria-describedby=\"caption-attachment-29403\" class=\"wp-image-29403\" src=\"https:\/\/mx.maquinaparahacerbolsas.com.mx\/wp-content\/uploads\/2025\/09\/film-blowing-machine-loading-container-export.webp\" alt=\"contenedor de carga para extrusi\u00f3n de pel\u00edcula soplada\" width=\"450\" height=\"450\" \/><p id=\"caption-attachment-29403\" class=\"wp-caption-text\">contenedor de carga para extrusi\u00f3n de pel\u00edcula soplada<\/p><\/div>\n<div id=\"attachment_29402\" style=\"width: 460px\" class=\"wp-caption alignnone\"><img loading=\"lazy\" decoding=\"async\" aria-describedby=\"caption-attachment-29402\" class=\"wp-image-29402\" src=\"https:\/\/mx.maquinaparahacerbolsas.com.mx\/wp-content\/uploads\/2025\/09\/plasticbagmachinesolution.webp\" alt=\"L\u00ednea completa de m\u00e1quinas para hacer bolsas de pl\u00e1stico\" width=\"450\" height=\"429\" \/><p id=\"caption-attachment-29402\" class=\"wp-caption-text\">L\u00ednea completa de m\u00e1quinas para hacer bolsas de pl\u00e1stico<\/p><\/div>\n<div id=\"attachment_29401\" style=\"width: 460px\" class=\"wp-caption alignnone\"><img loading=\"lazy\" decoding=\"async\" loading=\"lazy\" aria-describedby=\"caption-attachment-29401\" class=\"wp-image-29401\" src=\"https:\/\/mx.maquinaparahacerbolsas.com.mx\/wp-content\/uploads\/2025\/09\/shipmentplasticmachines.webp\" alt=\"Exportar m\u00e1quinas para hacer bolsas de pl\u00e1stico a diferentes pa\u00edses.\" width=\"450\" height=\"227\" \/><p id=\"caption-attachment-29401\" class=\"wp-caption-text\">Exportar m\u00e1quinas para hacer bolsas de pl\u00e1stico a diferentes pa\u00edses.<\/p><\/div>\n<p>&nbsp;<\/p>\n<\/div>\n\t\t\t\t\t\t<\/div>\n\t\t\t\t<\/div>\n\t\t\t\t\t<\/div>\n\t\t\t\t<\/div>\n\t\t<div class=\"wd-negative-gap elementor-element elementor-element-b0849af e-flex e-con-boxed e-con e-parent\" data-id=\"b0849af\" data-element_type=\"container\">\n\t\t\t\t\t<div class=\"e-con-inner\">\n\t\t\t\t<div class=\"elementor-element elementor-element-561aa20e elementor-widget elementor-widget-heading\" data-id=\"561aa20e\" data-element_type=\"widget\" data-widget_type=\"heading.default\">\n\t\t\t\t<div class=\"elementor-widget-container\">\n\t\t\t\t\t<h2 class=\"elementor-heading-title elementor-size-default\">Instalar la m\u00e1quina en la f\u00e1brica del cliente.<\/h2>\t\t\t\t<\/div>\n\t\t\t\t<\/div>\n\t\t\t\t\t<\/div>\n\t\t\t\t<\/div>\n\t\t<div class=\"wd-negative-gap elementor-element elementor-element-342a48c4 e-flex e-con-boxed e-con e-parent\" data-id=\"342a48c4\" data-element_type=\"container\">\n\t\t\t\t\t<div class=\"e-con-inner\">\n\t\t\t\t<div class=\"elementor-element elementor-element-7f087561 elementor-widget elementor-widget-heading\" data-id=\"7f087561\" data-element_type=\"widget\" data-widget_type=\"heading.default\">\n\t\t\t\t<div class=\"elementor-widget-container\">\n\t\t\t\t\t<h2 class=\"elementor-heading-title elementor-size-default\">install machines in customer factory<br><img loading=\"lazy\" decoding=\"async\" class=\"alignnone wp-image-29400\" src=\"https:\/\/mx.maquinaparahacerbolsas.com.mx\/wp-content\/uploads\/2025\/09\/plastic-bag-machine-supplier.webp\" alt=\"\" width=\"450\" height=\"450\"><img loading=\"lazy\" decoding=\"async\" class=\"wp-image-29399\" src=\"https:\/\/mx.maquinaparahacerbolsas.com.mx\/wp-content\/uploads\/2025\/09\/Plastic-bag-machine-factory.webp\" alt=\"M\u00e1quina para fabricar bolsas de pl\u00e1stico en la f\u00e1brica del cliente\" width=\"450\" height=\"457\" style=\"font-size: 15px\"><\/h2>\t\t\t\t<\/div>\n\t\t\t\t<\/div>\n\t\t\t\t\t<\/div>\n\t\t\t\t<\/div>\n\t\t<div class=\"wd-negative-gap elementor-element elementor-element-47052a27 e-flex e-con-boxed e-con e-parent\" data-id=\"47052a27\" data-element_type=\"container\">\n\t\t\t\t\t<div class=\"e-con-inner\">\n\t\t\t\t<div class=\"elementor-element elementor-element-7df32f8e elementor-widget elementor-widget-heading\" data-id=\"7df32f8e\" data-element_type=\"widget\" data-widget_type=\"heading.default\">\n\t\t\t\t<div class=\"elementor-widget-container\">\n\t\t\t\t\t<h2 class=\"elementor-heading-title elementor-size-default\">Proveedor de piezas de maquinaria<\/h2>\t\t\t\t<\/div>\n\t\t\t\t<\/div>\n\t\t\t\t\t<\/div>\n\t\t\t\t<\/div>\n\t\t<div class=\"wd-negative-gap elementor-element elementor-element-4c02f53a e-flex e-con-boxed e-con e-parent\" data-id=\"4c02f53a\" data-element_type=\"container\">\n\t\t\t\t\t<div class=\"e-con-inner\">\n\t\t\t\t<div class=\"elementor-element elementor-element-3294f14e elementor-widget elementor-widget-heading\" data-id=\"3294f14e\" data-element_type=\"widget\" data-widget_type=\"heading.default\">\n\t\t\t\t<div class=\"elementor-widget-container\">\n\t\t\t\t\t<h2 class=\"elementor-heading-title elementor-size-default\"><img loading=\"lazy\" decoding=\"async\" class=\"wp-image-29398\" src=\"https:\/\/mx.maquinaparahacerbolsas.com.mx\/wp-content\/uploads\/2025\/09\/machinepartssupplier.webp\" alt=\"Proveedor de piezas de maquinaria\" width=\"450\" height=\"259\" style=\"font-size: 15px\"><\/h2>\t\t\t\t<\/div>\n\t\t\t\t<\/div>\n\t\t\t\t\t<\/div>\n\t\t\t\t<\/div>\n\t\t<div class=\"wd-negative-gap elementor-element elementor-element-7c911462 e-flex e-con-boxed e-con e-parent\" data-id=\"7c911462\" data-element_type=\"container\">\n\t\t\t\t\t<div class=\"e-con-inner\">\n\t\t\t\t<div class=\"elementor-element elementor-element-6d47fa52 elementor-widget elementor-widget-heading\" data-id=\"6d47fa52\" data-element_type=\"widget\" data-widget_type=\"heading.default\">\n\t\t\t\t<div class=\"elementor-widget-container\">\n\t\t\t\t\t<h2 class=\"elementor-heading-title elementor-size-default\">Proveedor de materia prima de polietileno<\/h2>\t\t\t\t<\/div>\n\t\t\t\t<\/div>\n\t\t\t\t\t<\/div>\n\t\t\t\t<\/div>\n\t\t<div class=\"wd-negative-gap elementor-element elementor-element-5f112e8b e-flex e-con-boxed e-con e-parent\" data-id=\"5f112e8b\" data-element_type=\"container\">\n\t\t\t\t\t<div class=\"e-con-inner\">\n\t\t\t\t<div class=\"elementor-element elementor-element-2b1fef7f elementor-widget elementor-widget-wd_text_block\" data-id=\"2b1fef7f\" data-element_type=\"widget\" data-widget_type=\"wd_text_block.default\">\n\t\t\t\t<div class=\"elementor-widget-container\">\n\t\t\t\t\t\t\t<div class=\"wd-text-block reset-last-child text-left\">\n\t\t\t\n\t\t\t<p><strong>C\u00f3mo encontrar polietileno para la extrusi\u00f3n de pel\u00edcula soplada. La extrusi\u00f3n de pel\u00edcula utiliza polietileno, como polietileno de baja densidad (LDPE), polietileno de alta densidad (HDPE), polietileno lineal de baja densidad (LLDPE) y polipropileno (PP).<\/strong><\/p><p>A continuaci\u00f3n, se presentan importantes proveedores de materiales a nivel mundial con oficinas en todo el mundo. Puede consultarlos en el mercado local.<\/p><p>1.<a href=\"http:\/\/www.sabic.com\/\" target=\"_blank\" rel=\"noopener\"><strong><u>Sabic Saudi Basic Industries Corporation<\/u><\/strong><\/a><\/p><p>2.<a href=\"http:\/\/www.exxonmobilchemical.com\/\" target=\"_blank\" rel=\"noopener\"><strong><u>ExxonMobil Chemical Company<\/u><\/strong><\/a><\/p><p>3.<a href=\"http:\/\/www.dow.com\/\" target=\"_blank\" rel=\"noopener\"><strong><u>Dow Chemical Company<\/u><\/strong><\/a><strong>\u00a0<\/strong><\/p><p><img loading=\"lazy\" decoding=\"async\" class=\"wp-image-29397\" style=\"font-size: 14px;\" src=\"https:\/\/mx.maquinaparahacerbolsas.com.mx\/wp-content\/uploads\/2025\/09\/polyethylene-HDPE-LDPE-supplier.webp\" alt=\"Proveedor de materiales\" width=\"450\" height=\"462\" \/><\/p>\n\t\t\t\t\t<\/div>\n\t\t\t\t\t\t<\/div>\n\t\t\t\t<\/div>\n\t\t\t\t\t<\/div>\n\t\t\t\t<\/div>\n\t\t\t\t<\/div>\n\t\t<\/p>\n","protected":false},"excerpt":{"rendered":"<p>Uso de la extrusora <\/p>\n","protected":false},"featured_media":29669,"comment_status":"closed","ping_status":"closed","template":"","meta":{"_acf_changed":false},"product_brand":[],"product_cat":[85],"product_tag":[],"class_list":{"0":"post-29609","1":"product","2":"type-product","3":"status-publish","4":"has-post-thumbnail","6":"product_cat-extrusion-de-pelicula","8":"first","9":"instock","10":"shipping-taxable","11":"product-type-simple"},"acf":[],"_links":{"self":[{"href":"https:\/\/maquinasparafabricarbolsas.co\/es\/wp-json\/wp\/v2\/product\/29609","targetHints":{"allow":["GET"]}}],"collection":[{"href":"https:\/\/maquinasparafabricarbolsas.co\/es\/wp-json\/wp\/v2\/product"}],"about":[{"href":"https:\/\/maquinasparafabricarbolsas.co\/es\/wp-json\/wp\/v2\/types\/product"}],"replies":[{"embeddable":true,"href":"https:\/\/maquinasparafabricarbolsas.co\/es\/wp-json\/wp\/v2\/comments?post=29609"}],"version-history":[{"count":3,"href":"https:\/\/maquinasparafabricarbolsas.co\/es\/wp-json\/wp\/v2\/product\/29609\/revisions"}],"predecessor-version":[{"id":30202,"href":"https:\/\/maquinasparafabricarbolsas.co\/es\/wp-json\/wp\/v2\/product\/29609\/revisions\/30202"}],"wp:featuredmedia":[{"embeddable":true,"href":"https:\/\/maquinasparafabricarbolsas.co\/es\/wp-json\/wp\/v2\/media\/29669"}],"wp:attachment":[{"href":"https:\/\/maquinasparafabricarbolsas.co\/es\/wp-json\/wp\/v2\/media?parent=29609"}],"wp:term":[{"taxonomy":"product_brand","embeddable":true,"href":"https:\/\/maquinasparafabricarbolsas.co\/es\/wp-json\/wp\/v2\/product_brand?post=29609"},{"taxonomy":"product_cat","embeddable":true,"href":"https:\/\/maquinasparafabricarbolsas.co\/es\/wp-json\/wp\/v2\/product_cat?post=29609"},{"taxonomy":"product_tag","embeddable":true,"href":"https:\/\/maquinasparafabricarbolsas.co\/es\/wp-json\/wp\/v2\/product_tag?post=29609"}],"curies":[{"name":"wp","href":"https:\/\/api.w.org\/{rel}","templated":true}]}}