{"id":29610,"date":"2025-09-26T21:44:15","date_gmt":"2025-09-26T13:44:15","guid":{"rendered":"https:\/\/maquinasparafabricarbolsas.co\/es\/?post_type=product&#038;p=29610"},"modified":"2025-10-25T15:26:49","modified_gmt":"2025-10-25T07:26:49","slug":"maquinas-de-plastico-en-medellin-extrusion-de-film","status":"publish","type":"product","link":"https:\/\/maquinasparafabricarbolsas.co\/es\/extrusion-de-pelicula-en-medellin","title":{"rendered":"mini extrusion de pelicula"},"content":{"rendered":"<p data-rm-block-id=\"block-1\">Uso de la mini extrusi\u00f3n de pel\u00edcula:<\/p>\n<p data-rm-block-id=\"block-2\">La mini extrusi\u00f3n de pel\u00edcula soplada es un proceso utilizado para la producci\u00f3n de pel\u00edculas de peque\u00f1o ancho, siendo ideal para fabricar bolsas de chaleco, bolsas de basura, bolsas para ropa, bolsas de papeler\u00eda y otros art\u00edculos similares.<\/p>\n<p data-rm-block-id=\"block-3\">La extrusi\u00f3n de pel\u00edcula constituye un procedimiento esencial en la elaboraci\u00f3n de pel\u00edculas pl\u00e1sticas, siendo crucial para m\u00faltiples aplicaciones en el \u00e1mbito industrial.<\/p>\n<p data-rm-block-id=\"block-4\">Aspectos destacados de la mini extrusora de pel\u00edcula tubular:<br \/>\n&#8211; Husillo y cilindro fabricados con materiales de alta calidad.<br \/>\n&#8211; Control de velocidad de la m\u00e1quina mediante un inversor.<br \/>\n&#8211; Sistema autom\u00e1tico que regula la temperatura.<br \/>\n&#8211; Dispositivo de bobinado sencillo.<br \/>\n&#8211; Materiales compatibles: LDPE, HDPE, LLDPE.<br \/>\n&#8211; Perfecta para la producci\u00f3n de bolsas de pl\u00e1stico, bolsas de basura y films de embalaje.<br \/>\n&#8211; Ancho de la pel\u00edcula producida: entre 100 mm y 500 mm.<br \/>\n&#8211; Espesor de la pel\u00edcula: de 0,01 mm a 0,1 mm.<\/p>\n<div data-rm-block-id=\"block-5\">\n<div id=\"attachment_29420\" style=\"width: 360px\" class=\"wp-caption alignnone\"><img loading=\"lazy\" decoding=\"async\" aria-describedby=\"caption-attachment-29420\" class=\"bolsas de camiseta plasticos wp-image-29420\" title=\"bolsas de camiseta plasticos\" src=\"https:\/\/bolseadora.com.mx\/wp-content\/uploads\/2025\/02\/bolsas-de-camiseta-plasticos.jpg\" alt=\"bolsas de camiseta plasticos\" width=\"350\" height=\"202\" \/><p id=\"caption-attachment-29420\" class=\"wp-caption-text\">bolsas de camiseta plasticos<\/p><\/div>\n<\/div>\n<div data-rm-block-id=\"block-6\"><span data-scayt_word=\"Par\u00e1metros\" data-scaytid=\"30\">Par\u00e1metros<\/span>\u00a0<span data-scayt_word=\"t\u00e9cnicos\" data-scaytid=\"31\">t\u00e9cnicos<\/span>\u00a0<span data-scayt_word=\"principales\" data-scaytid=\"32\">principales<\/span>:<\/div>\n<table border=\"0\" cellspacing=\"0\" cellpadding=\"0\">\n<tbody>\n<tr>\n<td width=\"167\">\n<div data-rm-block-id=\"block-7\"><span data-scayt_word=\"Modelo\" data-scaytid=\"33\">Modelo<\/span><\/div>\n<\/td>\n<td valign=\"top\" width=\"167\">\n<div data-rm-block-id=\"block-8\"><span data-scayt_word=\"D50\" data-scaytid=\"34\">D50<\/span><\/div>\n<\/td>\n<td valign=\"top\" width=\"167\">\n<div data-rm-block-id=\"block-9\"><span data-scayt_word=\"D55\" data-scaytid=\"35\">D55<\/span><\/div>\n<\/td>\n<\/tr>\n<tr>\n<td width=\"167\">\n<div data-rm-block-id=\"block-10\"><span data-scayt_word=\"Di\u00e1metro\" data-scaytid=\"36\">Di\u00e1metro<\/span>\u00a0<span data-scayt_word=\"deltornillo\" data-scaytid=\"37\">deltornillo<\/span>\u00a0(mm)<\/div>\n<\/td>\n<td valign=\"top\" width=\"167\">\n<div data-rm-block-id=\"block-11\"><span data-scayt_word=\"\u03c650\" data-scaytid=\"38\">\u03c650<\/span><\/div>\n<\/td>\n<td valign=\"top\" width=\"167\">\n<div data-rm-block-id=\"block-12\"><span data-scayt_word=\"\u03c655\" data-scaytid=\"39\">\u03c655<\/span><\/div>\n<\/td>\n<\/tr>\n<tr>\n<td width=\"167\">\n<div data-rm-block-id=\"block-13\">Cine\u00a0plegablesdi\u00e1metro\u00a0(mm)<\/div>\n<\/td>\n<td valign=\"top\" width=\"167\">\n<div data-rm-block-id=\"block-14\">100-600<\/div>\n<\/td>\n<td valign=\"top\" width=\"167\">\n<div data-rm-block-id=\"block-15\">200-800<\/div>\n<\/td>\n<\/tr>\n<tr>\n<td width=\"167\">\n<div data-rm-block-id=\"block-16\">Espesor\u00a0de lacapa\u00a0simple (mm)<\/div>\n<\/td>\n<td valign=\"top\" width=\"167\">\n<div data-rm-block-id=\"block-17\">0.01-0.10<\/div>\n<\/td>\n<td valign=\"top\" width=\"167\">\n<div data-rm-block-id=\"block-18\">0.01-0.10<\/div>\n<\/td>\n<\/tr>\n<tr>\n<td width=\"167\">\n<div data-rm-block-id=\"block-19\">Importe\u00a0m\u00e1ximode (kg \/ h)<\/div>\n<\/td>\n<td valign=\"top\" width=\"167\">\n<div data-rm-block-id=\"block-20\">35<\/div>\n<\/td>\n<td valign=\"top\" width=\"167\">\n<div data-rm-block-id=\"block-21\">50<\/div>\n<\/td>\n<\/tr>\n<tr>\n<td width=\"167\">\n<div data-rm-block-id=\"block-22\">\u00a0Proporci\u00f3n\u00a0de largo y\u00a0di\u00e1metrodel\u00a0tornillo<\/div>\n<\/td>\n<td valign=\"top\" width=\"167\">\n<div data-rm-block-id=\"block-23\">26:1<\/div>\n<\/td>\n<td valign=\"top\" width=\"167\">\n<div data-rm-block-id=\"block-24\">26:1<\/div>\n<\/td>\n<\/tr>\n<tr>\n<td width=\"167\">\n<div data-rm-block-id=\"block-25\">Potencia\u00a0de host (KW)<\/div>\n<\/td>\n<td valign=\"top\" width=\"167\">\n<div data-rm-block-id=\"block-26\">7.5-11<\/div>\n<\/td>\n<td valign=\"top\" width=\"167\">\n<div data-rm-block-id=\"block-27\">11-15<\/div>\n<\/td>\n<\/tr>\n<tr>\n<td width=\"167\">\n<div data-rm-block-id=\"block-28\">Potencia\u00a0detracci\u00f3n\u00a0del motor (KW)<\/div>\n<\/td>\n<td valign=\"top\" width=\"167\">\n<div data-rm-block-id=\"block-29\">1.1<\/div>\n<\/td>\n<td valign=\"top\" width=\"167\">\n<div data-rm-block-id=\"block-30\">1.1<\/div>\n<\/td>\n<\/tr>\n<tr>\n<td width=\"167\">\n<div data-rm-block-id=\"block-31\">Energ\u00eda\u00a0de lacalefacci\u00f3n\u00a0(KW)<\/div>\n<\/td>\n<td valign=\"top\" width=\"167\">\n<div data-rm-block-id=\"block-32\">11<\/div>\n<\/td>\n<td valign=\"top\" width=\"167\">\n<div data-rm-block-id=\"block-33\">13<\/div>\n<\/td>\n<\/tr>\n<tr>\n<td width=\"167\">\n<div data-rm-block-id=\"block-34\">Dimensiones(mm)<\/div>\n<\/td>\n<td valign=\"top\" width=\"167\">\n<div data-rm-block-id=\"block-35\">3800\u00d71900\u00d73000<\/div>\n<\/td>\n<td valign=\"top\" width=\"167\">\n<div data-rm-block-id=\"block-36\">5500\u00d72100\u00d73500<\/div>\n<\/td>\n<\/tr>\n<tr>\n<td width=\"167\">\n<div data-rm-block-id=\"block-37\">Peso (T)<\/div>\n<\/td>\n<td valign=\"top\" width=\"167\">\n<div data-rm-block-id=\"block-38\">1.5T<\/div>\n<\/td>\n<td valign=\"top\" width=\"167\">\n<div data-rm-block-id=\"block-39\">2T<\/div>\n<\/td>\n<\/tr>\n<\/tbody>\n<\/table>\n<p data-rm-block-id=\"block-40\">\t\t<div data-elementor-type=\"page\" data-elementor-id=\"29869\" class=\"elementor elementor-29869\" data-elementor-post-type=\"elementor_library\">\n\t\t\t\t\t\t<section class=\"elementor-section elementor-top-section elementor-element elementor-element-63d06348 elementor-section-boxed elementor-section-height-default elementor-section-height-default\" data-id=\"63d06348\" data-element_type=\"section\">\n\t\t\t\t\t\t<div class=\"elementor-container elementor-column-gap-default\">\n\t\t\t\t\t<div class=\"elementor-column elementor-col-100 elementor-top-column elementor-element elementor-element-558b0c91\" data-id=\"558b0c91\" data-element_type=\"column\">\n\t\t\t<div class=\"elementor-widget-wrap elementor-element-populated\">\n\t\t\t\t\t\t<div class=\"elementor-element elementor-element-b70ca3c elementor-widget elementor-widget-heading\" data-id=\"b70ca3c\" data-element_type=\"widget\" data-widget_type=\"heading.default\">\n\t\t\t\t<div class=\"elementor-widget-container\">\n\t\t\t\t\t<h2 class=\"elementor-heading-title elementor-size-default\">Shipment<\/h2>\t\t\t\t<\/div>\n\t\t\t\t<\/div>\n\t\t\t\t<div class=\"elementor-element elementor-element-107d862a elementor-widget-divider--view-line elementor-widget elementor-widget-divider\" data-id=\"107d862a\" data-element_type=\"widget\" data-widget_type=\"divider.default\">\n\t\t\t\t<div class=\"elementor-widget-container\">\n\t\t\t\t\t\t\t<div class=\"elementor-divider\">\n\t\t\t<span class=\"elementor-divider-separator\">\n\t\t\t\t\t\t<\/span>\n\t\t<\/div>\n\t\t\t\t\t\t<\/div>\n\t\t\t\t<\/div>\n\t\t\t\t\t<\/div>\n\t\t<\/div>\n\t\t\t\t\t<\/div>\n\t\t<\/section>\n\t\t<div class=\"wd-negative-gap elementor-element elementor-element-3a202bae e-flex e-con-boxed e-con e-parent\" data-id=\"3a202bae\" data-element_type=\"container\">\n\t\t\t\t\t<div class=\"e-con-inner\">\n\t\t\t\t<div class=\"elementor-element elementor-element-cc201c5 elementor-widget elementor-widget-wp-widget-text\" data-id=\"cc201c5\" data-element_type=\"widget\" data-widget_type=\"wp-widget-text.default\">\n\t\t\t\t<div class=\"elementor-widget-container\">\n\t\t\t\t\t<h5>Env\u00edo de m\u00e1quina para fabricar bolsas de pl\u00e1stico<\/h5>\t\t\t<div class=\"textwidget\"><p>Si solo compra una m\u00e1quina, la empacaremos con un paquete de madera y la cargaremos en un contenedor con carga menor a la del contenedor (LCL).<\/p>\n<div id=\"attachment_29396\" style=\"width: 460px\" class=\"wp-caption alignnone\"><img fetchpriority=\"high\" decoding=\"async\" fetchpriority=\"high\" aria-describedby=\"caption-attachment-29396\" class=\"wp-image-29396\" src=\"https:\/\/mx.maquinaparahacerbolsas.com.mx\/wp-content\/uploads\/2025\/09\/Maquina-para-hacer-bolsas-de-plastico-con-paquete-de-madera.webp\" alt=\"M\u00e1quina para hacer bolsas de pl\u00e1stico con paquete de madera\" width=\"450\" height=\"338\" \/><p id=\"caption-attachment-29396\" class=\"wp-caption-text\">M\u00e1quina para hacer bolsas de pl\u00e1stico con paquete de madera<\/p><\/div>\n<p>Si compra m\u00e1s m\u00e1quinas, empacaremos las m\u00e1quinas con pel\u00edcula estirable y las cargaremos en un contenedor completo directamente (carga de contenedor completo FCL).<\/p>\n<div id=\"attachment_29403\" style=\"width: 460px\" class=\"wp-caption alignnone\"><img loading=\"lazy\" decoding=\"async\" aria-describedby=\"caption-attachment-29403\" class=\"wp-image-29403\" src=\"https:\/\/mx.maquinaparahacerbolsas.com.mx\/wp-content\/uploads\/2025\/09\/film-blowing-machine-loading-container-export.webp\" alt=\"contenedor de carga para extrusi\u00f3n de pel\u00edcula soplada\" width=\"450\" height=\"450\" \/><p id=\"caption-attachment-29403\" class=\"wp-caption-text\">contenedor de carga para extrusi\u00f3n de pel\u00edcula soplada<\/p><\/div>\n<div id=\"attachment_29402\" style=\"width: 460px\" class=\"wp-caption alignnone\"><img loading=\"lazy\" decoding=\"async\" aria-describedby=\"caption-attachment-29402\" class=\"wp-image-29402\" src=\"https:\/\/mx.maquinaparahacerbolsas.com.mx\/wp-content\/uploads\/2025\/09\/plasticbagmachinesolution.webp\" alt=\"L\u00ednea completa de m\u00e1quinas para hacer bolsas de pl\u00e1stico\" width=\"450\" height=\"429\" \/><p id=\"caption-attachment-29402\" class=\"wp-caption-text\">L\u00ednea completa de m\u00e1quinas para hacer bolsas de pl\u00e1stico<\/p><\/div>\n<div id=\"attachment_29401\" style=\"width: 460px\" class=\"wp-caption alignnone\"><img loading=\"lazy\" decoding=\"async\" loading=\"lazy\" aria-describedby=\"caption-attachment-29401\" class=\"wp-image-29401\" src=\"https:\/\/mx.maquinaparahacerbolsas.com.mx\/wp-content\/uploads\/2025\/09\/shipmentplasticmachines.webp\" alt=\"Exportar m\u00e1quinas para hacer bolsas de pl\u00e1stico a diferentes pa\u00edses.\" width=\"450\" height=\"227\" \/><p id=\"caption-attachment-29401\" class=\"wp-caption-text\">Exportar m\u00e1quinas para hacer bolsas de pl\u00e1stico a diferentes pa\u00edses.<\/p><\/div>\n<p>&nbsp;<\/p>\n<\/div>\n\t\t\t\t\t\t<\/div>\n\t\t\t\t<\/div>\n\t\t\t\t\t<\/div>\n\t\t\t\t<\/div>\n\t\t<div class=\"wd-negative-gap elementor-element elementor-element-b0849af e-flex e-con-boxed e-con e-parent\" data-id=\"b0849af\" data-element_type=\"container\">\n\t\t\t\t\t<div class=\"e-con-inner\">\n\t\t\t\t<div class=\"elementor-element elementor-element-561aa20e elementor-widget elementor-widget-heading\" data-id=\"561aa20e\" data-element_type=\"widget\" data-widget_type=\"heading.default\">\n\t\t\t\t<div class=\"elementor-widget-container\">\n\t\t\t\t\t<h2 class=\"elementor-heading-title elementor-size-default\">Instalar la m\u00e1quina en la f\u00e1brica del cliente.<\/h2>\t\t\t\t<\/div>\n\t\t\t\t<\/div>\n\t\t\t\t\t<\/div>\n\t\t\t\t<\/div>\n\t\t<div class=\"wd-negative-gap elementor-element elementor-element-342a48c4 e-flex e-con-boxed e-con e-parent\" data-id=\"342a48c4\" data-element_type=\"container\">\n\t\t\t\t\t<div class=\"e-con-inner\">\n\t\t\t\t<div class=\"elementor-element elementor-element-7f087561 elementor-widget elementor-widget-heading\" data-id=\"7f087561\" data-element_type=\"widget\" data-widget_type=\"heading.default\">\n\t\t\t\t<div class=\"elementor-widget-container\">\n\t\t\t\t\t<h2 class=\"elementor-heading-title elementor-size-default\">install machines in customer factory<br><img loading=\"lazy\" decoding=\"async\" class=\"alignnone wp-image-29400\" src=\"https:\/\/mx.maquinaparahacerbolsas.com.mx\/wp-content\/uploads\/2025\/09\/plastic-bag-machine-supplier.webp\" alt=\"\" width=\"450\" height=\"450\"><img loading=\"lazy\" decoding=\"async\" class=\"wp-image-29399\" src=\"https:\/\/mx.maquinaparahacerbolsas.com.mx\/wp-content\/uploads\/2025\/09\/Plastic-bag-machine-factory.webp\" alt=\"M\u00e1quina para fabricar bolsas de pl\u00e1stico en la f\u00e1brica del cliente\" width=\"450\" height=\"457\" style=\"font-size: 15px\"><\/h2>\t\t\t\t<\/div>\n\t\t\t\t<\/div>\n\t\t\t\t\t<\/div>\n\t\t\t\t<\/div>\n\t\t<div class=\"wd-negative-gap elementor-element elementor-element-47052a27 e-flex e-con-boxed e-con e-parent\" data-id=\"47052a27\" data-element_type=\"container\">\n\t\t\t\t\t<div class=\"e-con-inner\">\n\t\t\t\t<div class=\"elementor-element elementor-element-7df32f8e elementor-widget elementor-widget-heading\" data-id=\"7df32f8e\" data-element_type=\"widget\" data-widget_type=\"heading.default\">\n\t\t\t\t<div class=\"elementor-widget-container\">\n\t\t\t\t\t<h2 class=\"elementor-heading-title elementor-size-default\">Proveedor de piezas de maquinaria<\/h2>\t\t\t\t<\/div>\n\t\t\t\t<\/div>\n\t\t\t\t\t<\/div>\n\t\t\t\t<\/div>\n\t\t<div class=\"wd-negative-gap elementor-element elementor-element-4c02f53a e-flex e-con-boxed e-con e-parent\" data-id=\"4c02f53a\" data-element_type=\"container\">\n\t\t\t\t\t<div class=\"e-con-inner\">\n\t\t\t\t<div class=\"elementor-element elementor-element-3294f14e elementor-widget elementor-widget-heading\" data-id=\"3294f14e\" data-element_type=\"widget\" data-widget_type=\"heading.default\">\n\t\t\t\t<div class=\"elementor-widget-container\">\n\t\t\t\t\t<h2 class=\"elementor-heading-title elementor-size-default\"><img loading=\"lazy\" decoding=\"async\" class=\"wp-image-29398\" src=\"https:\/\/mx.maquinaparahacerbolsas.com.mx\/wp-content\/uploads\/2025\/09\/machinepartssupplier.webp\" alt=\"Proveedor de piezas de maquinaria\" width=\"450\" height=\"259\" style=\"font-size: 15px\"><\/h2>\t\t\t\t<\/div>\n\t\t\t\t<\/div>\n\t\t\t\t\t<\/div>\n\t\t\t\t<\/div>\n\t\t<div class=\"wd-negative-gap elementor-element elementor-element-7c911462 e-flex e-con-boxed e-con e-parent\" data-id=\"7c911462\" data-element_type=\"container\">\n\t\t\t\t\t<div class=\"e-con-inner\">\n\t\t\t\t<div class=\"elementor-element elementor-element-6d47fa52 elementor-widget elementor-widget-heading\" data-id=\"6d47fa52\" data-element_type=\"widget\" data-widget_type=\"heading.default\">\n\t\t\t\t<div class=\"elementor-widget-container\">\n\t\t\t\t\t<h2 class=\"elementor-heading-title elementor-size-default\">Proveedor de materia prima de polietileno<\/h2>\t\t\t\t<\/div>\n\t\t\t\t<\/div>\n\t\t\t\t\t<\/div>\n\t\t\t\t<\/div>\n\t\t<div class=\"wd-negative-gap elementor-element elementor-element-5f112e8b e-flex e-con-boxed e-con e-parent\" data-id=\"5f112e8b\" data-element_type=\"container\">\n\t\t\t\t\t<div class=\"e-con-inner\">\n\t\t\t\t<div class=\"elementor-element elementor-element-2b1fef7f elementor-widget elementor-widget-wd_text_block\" data-id=\"2b1fef7f\" data-element_type=\"widget\" data-widget_type=\"wd_text_block.default\">\n\t\t\t\t<div class=\"elementor-widget-container\">\n\t\t\t\t\t\t\t<div class=\"wd-text-block reset-last-child text-left\">\n\t\t\t\n\t\t\t<p><strong>C\u00f3mo encontrar polietileno para la extrusi\u00f3n de pel\u00edcula soplada. La extrusi\u00f3n de pel\u00edcula utiliza polietileno, como polietileno de baja densidad (LDPE), polietileno de alta densidad (HDPE), polietileno lineal de baja densidad (LLDPE) y polipropileno (PP).<\/strong><\/p><p>A continuaci\u00f3n, se presentan importantes proveedores de materiales a nivel mundial con oficinas en todo el mundo. Puede consultarlos en el mercado local.<\/p><p>1.<a href=\"http:\/\/www.sabic.com\/\" target=\"_blank\" rel=\"noopener\"><strong><u>Sabic Saudi Basic Industries Corporation<\/u><\/strong><\/a><\/p><p>2.<a href=\"http:\/\/www.exxonmobilchemical.com\/\" target=\"_blank\" rel=\"noopener\"><strong><u>ExxonMobil Chemical Company<\/u><\/strong><\/a><\/p><p>3.<a href=\"http:\/\/www.dow.com\/\" target=\"_blank\" rel=\"noopener\"><strong><u>Dow Chemical Company<\/u><\/strong><\/a><strong>\u00a0<\/strong><\/p><p><img loading=\"lazy\" decoding=\"async\" class=\"wp-image-29397\" style=\"font-size: 14px;\" src=\"https:\/\/mx.maquinaparahacerbolsas.com.mx\/wp-content\/uploads\/2025\/09\/polyethylene-HDPE-LDPE-supplier.webp\" alt=\"Proveedor de materiales\" width=\"450\" height=\"462\" \/><\/p>\n\t\t\t\t\t<\/div>\n\t\t\t\t\t\t<\/div>\n\t\t\t\t<\/div>\n\t\t\t\t\t<\/div>\n\t\t\t\t<\/div>\n\t\t\t\t<\/div>\n\t\t<\/p>\n","protected":false},"excerpt":{"rendered":"<p>Uso de la mini extru<\/p>\n","protected":false},"featured_media":29671,"comment_status":"closed","ping_status":"closed","template":"","meta":{"_acf_changed":false},"product_brand":[],"product_cat":[85],"product_tag":[],"class_list":{"0":"post-29610","1":"product","2":"type-product","3":"status-publish","4":"has-post-thumbnail","6":"product_cat-extrusion-de-pelicula","8":"first","9":"instock","10":"shipping-taxable","11":"product-type-simple"},"acf":[],"_links":{"self":[{"href":"https:\/\/maquinasparafabricarbolsas.co\/es\/wp-json\/wp\/v2\/product\/29610","targetHints":{"allow":["GET"]}}],"collection":[{"href":"https:\/\/maquinasparafabricarbolsas.co\/es\/wp-json\/wp\/v2\/product"}],"about":[{"href":"https:\/\/maquinasparafabricarbolsas.co\/es\/wp-json\/wp\/v2\/types\/product"}],"replies":[{"embeddable":true,"href":"https:\/\/maquinasparafabricarbolsas.co\/es\/wp-json\/wp\/v2\/comments?post=29610"}],"version-history":[{"count":4,"href":"https:\/\/maquinasparafabricarbolsas.co\/es\/wp-json\/wp\/v2\/product\/29610\/revisions"}],"predecessor-version":[{"id":30201,"href":"https:\/\/maquinasparafabricarbolsas.co\/es\/wp-json\/wp\/v2\/product\/29610\/revisions\/30201"}],"wp:featuredmedia":[{"embeddable":true,"href":"https:\/\/maquinasparafabricarbolsas.co\/es\/wp-json\/wp\/v2\/media\/29671"}],"wp:attachment":[{"href":"https:\/\/maquinasparafabricarbolsas.co\/es\/wp-json\/wp\/v2\/media?parent=29610"}],"wp:term":[{"taxonomy":"product_brand","embeddable":true,"href":"https:\/\/maquinasparafabricarbolsas.co\/es\/wp-json\/wp\/v2\/product_brand?post=29610"},{"taxonomy":"product_cat","embeddable":true,"href":"https:\/\/maquinasparafabricarbolsas.co\/es\/wp-json\/wp\/v2\/product_cat?post=29610"},{"taxonomy":"product_tag","embeddable":true,"href":"https:\/\/maquinasparafabricarbolsas.co\/es\/wp-json\/wp\/v2\/product_tag?post=29610"}],"curies":[{"name":"wp","href":"https:\/\/api.w.org\/{rel}","templated":true}]}}