{"id":29617,"date":"2025-09-26T21:44:16","date_gmt":"2025-09-26T13:44:16","guid":{"rendered":"https:\/\/maquinasparafabricarbolsas.co\/es\/?post_type=product&#038;p=29617"},"modified":"2025-10-25T21:34:41","modified_gmt":"2025-10-25T13:34:41","slug":"maquina-fabricar-bolsas-stand-up-pouch-con-zipper","status":"publish","type":"product","link":"https:\/\/maquinasparafabricarbolsas.co\/es\/maquina-fabricar-bolsas-stand-up-pouch-con-zipper","title":{"rendered":"M\u00e1quina para fabricar bolsas stand up pouch con zipper"},"content":{"rendered":"<p>M\u00e1quina para fabricar bolsas stand up pouch con zipper en Colombia<\/p>\n<p>La M\u00e1quina para fabricar bolsas stand up pouch con zipper destinada a la fabricaci\u00f3n de bolsas laminadas de alta resistencia permite la creaci\u00f3n de diversos tipos de envases flexibles. Adem\u00e1s, tiene la capacidad de producir bolsas con sellado central, sellado en cuatro lados y sellado en cinco lados.<\/p>\n<p>La M\u00e1quina para fabricar bolsas stand up pouch con zipper es ideal para la producci\u00f3n de bolsas laminadas de alta resistencia que permite la creaci\u00f3n de diversos tipos de envases flexibles.<\/p>\n<p>Caracter\u00edsticas:<br \/>\nControl mediante pantalla t\u00e1ctil y dise\u00f1o automatizado.<br \/>\nEstructura de sellado t\u00e9rmico en forma de puente, garantizando un sellado m\u00e1s robusto.<br \/>\nEquipamiento con EPC y sistema de seguimiento doble con fotoc\u00e9lulas para el desenrollado.<br \/>\nDesenrollado con regulaci\u00f3n autom\u00e1tica de tensi\u00f3n.<br \/>\nDispositivo para conteo autom\u00e1tico.<br \/>\nFotoc\u00e9lula para detectar pel\u00edcula impresa.<br \/>\nControl de velocidad mediante inversor, con un dise\u00f1o ecol\u00f3gico.<\/p>\n<p>Opcionales:<br \/>\nDispositivo desenrollador de doble capa.<br \/>\nSistema de perforaci\u00f3n para asas.<\/p>\n","protected":false},"excerpt":{"rendered":"<p><span data-slate-fragment=\"JTVCJTdCJTIydHlwZSUyMiUzQSUyMnBhcmFncmFwaCUyMiUyQyUyMmNoaWxkcmVuJTIyJTNBJTVCJTdCJTIyaWQlMjIlM0ElMjJlM1B3ZG5NMFlWJTIyJTJDJTIycGFyYUlkeCUyMiUzQTElMkMlMjJzcmMlMjIlM0ElMjJNJUMzJUExcXVpbmElMjBib2xzZWFkb3JhJTIwcGFyYSUyMGZhYnJpY2FyJTIwYm9sc2FzJTIwc3RhbmQlMjB1cCUyMHBvdWNoJTIwY29uJTIwemlwcGVyJTIwTGElMjBtJUMzJUExcXVpbmElMjBkZSUyMGZhYnJpY2FjaSVDMyVCM24lMjBkZSUyMGJvbHNhcyUyMGxhbWluYWRhcyUyMGRlJTIwYWx0YSUyMHJlc2lzdGVuY2lhJTJDJTIwc2UlMjB1dGlsaXphJTIwcGFyYSUyMHByb2R1Y2lyJTIwdmFyaW9zJTIwdGlwb3MlMjBkZSUyMGJvbHNhcyUyMGxhbWluYWRhcyUyMGRlJTIwcGFxdWV0ZSUyMGJsYW5kbyUyQyUyMHRhbWJpJUMzJUE5biUyMHB1ZWRlJTIwaGFjZXIlMjBib2xzYXMlMjBkZSUyMHNlbGxhZG8lMjBjZW50cmFsJTJDJTIwYm9sc2FzJTIwZGUlMjBzZWxsYWRvJTIwZGUlMjBjdWF0cm8lMjBsYWRvcyUyMHklMjBib2xzYXMlMjBkZSUyMHNlbGxhZG8lMjBkZSUyMGNpbmNvJTIwbGFkb3MuJTIyJTJDJTIyZHN0JTIyJTNBJTIyJUU1JTg4JUI2JUU4JUEyJThCJUU2JTlDJUJBJUU3JTk0JUE4JUU0JUJBJThFJUU1JTg4JUI2JUU0JUJEJTlDJUU1JUI4JUE2JUU2JTlDJTg5JUU2JThCJTg5JUU5JTkzJUJFJUU3JTlBJTg0JUU3JUFCJThCJUU4JUEyJThCJUUzJTgwJTgyJUU5JUFCJTk4JUU1JUJDJUJBJUU1JUJBJUE2JUU1JUIxJTgyJUU1JThFJThCJUU4JUEyJThCJUU1JTg4JUI2JUU5JTgwJUEwJUU2JTlDJUJBJUVGJUJDJThDJUU3JTk0JUE4JUU0JUJBJThFJUU3JTk0JTlGJUU0JUJBJUE3JUU1JTkwJTg0JUU3JUE3JThEJUU4JUJEJUFGJUU1JThDJTg1JUU4JUEzJTg1JUU1JUIxJTgyJUU1JThFJThCJUU4JUEyJThCJUVGJUJDJThDJUU0JUI5JTlGJUU1JThGJUFGJUU0JUJCJUE1JUU1JTg4JUI2JUU0JUJEJTlDJUU0JUI4JUFEJUU1JUE0JUFFJUU1JUFGJTg2JUU1JUIwJTgxJUU4JUEyJThCJUUzJTgwJTgxJUU1JTlCJTlCJUU5JTlEJUEyJUU1JUFGJTg2JUU1JUIwJTgxJUU4JUEyJThCJUU1JTkyJThDJUU1JTlCJTlCJUU5JTlEJUEyJUU1JUFGJTg2JUU1JUIwJTgxJUU4JUEyJThCJUUzJTgwJTgyJTIyJTJDJTIybWV0YWRhdGElMjIlM0ElMjIlMjIlMkMlMjJtYXRjaGVzJTIyJTNBbnVsbCUyQyUyMm1ldGFEYXRhJTIyJTNBJTVCJTVEJTJDJTIydGV4dCUyMiUzQSUyMk0lQzMlQTFxdWluYSUyMGJvbHNlYWRvcmElMjBwYXJhJTIwZmFicmljYXIlMjBib2xzYXMlMjBzdGFuZCUyMHVwJTIwcG91Y2glMjBjb24lMjB6aXBwZXIlMjBMYSUyMG0lQzMlQTFxdWluYSUyMGRlJTIwZmFicmljYWNpJUMzJUIzbiUyMGRlJTIwYm9sc2FzJTIwbGFtaW5hZGFzJTIwZGUlMjBhbHRhJTIwcmVzaXN0ZW5jaWElMkMlMjBzZSUyMHV0aWxpemElMjBwYXJhJTIwcHJvZHVjaXIlMjB2YXJpb3MlMjB0aXBvcyUyMGRlJTIwYm9sc2FzJTIwbGFtaW5hZGFzJTIwZGUlMjBwYXF1ZXRlJTIwYmxhbmRvJTJDJTIwdGFtYmklQzMlQTluJTIwcHVlZGUlMjBoYWNlciUyMGJvbHNhcyUyMGRlJTIwc2VsbGFkbyUyMGNlbnRyYWwlMkMlMjBib2xzYXMlMjBkZSUyMHNlbGxhZG8lMjBkZSUyMGN1YXRybyUyMGxhZG9zJTIweSUyMGJvbHNhcyUyMGRlJTIwc2VsbGFkbyUyMGRlJTIwY2luY28lMjBsYWRvcy4lMjIlN0QlNUQlN0QlNUQ=\">M\u00e1quina bolseadora para fabricar bolsas stand up pouch con zipper La m\u00e1quina de fabricaci\u00f3n de bolsas laminadas de alta resistencia, se utiliza para producir varios tipos de bolsas laminadas de paquete blando, tambi\u00e9n puede hacer bolsas de sellado central, bolsas de sellado de cuatro lados y bolsas de sellado de cinco lados.<\/span><\/p>\n","protected":false},"featured_media":29684,"comment_status":"closed","ping_status":"closed","template":"","meta":{"_acf_changed":false},"product_brand":[],"product_cat":[84],"product_tag":[],"class_list":{"0":"post-29617","1":"product","2":"type-product","3":"status-publish","4":"has-post-thumbnail","6":"product_cat-maquina-para-bolsas-pouch","8":"first","9":"instock","10":"shipping-taxable","11":"product-type-simple"},"acf":[],"_links":{"self":[{"href":"https:\/\/maquinasparafabricarbolsas.co\/es\/wp-json\/wp\/v2\/product\/29617","targetHints":{"allow":["GET"]}}],"collection":[{"href":"https:\/\/maquinasparafabricarbolsas.co\/es\/wp-json\/wp\/v2\/product"}],"about":[{"href":"https:\/\/maquinasparafabricarbolsas.co\/es\/wp-json\/wp\/v2\/types\/product"}],"replies":[{"embeddable":true,"href":"https:\/\/maquinasparafabricarbolsas.co\/es\/wp-json\/wp\/v2\/comments?post=29617"}],"version-history":[{"count":3,"href":"https:\/\/maquinasparafabricarbolsas.co\/es\/wp-json\/wp\/v2\/product\/29617\/revisions"}],"predecessor-version":[{"id":30214,"href":"https:\/\/maquinasparafabricarbolsas.co\/es\/wp-json\/wp\/v2\/product\/29617\/revisions\/30214"}],"wp:featuredmedia":[{"embeddable":true,"href":"https:\/\/maquinasparafabricarbolsas.co\/es\/wp-json\/wp\/v2\/media\/29684"}],"wp:attachment":[{"href":"https:\/\/maquinasparafabricarbolsas.co\/es\/wp-json\/wp\/v2\/media?parent=29617"}],"wp:term":[{"taxonomy":"product_brand","embeddable":true,"href":"https:\/\/maquinasparafabricarbolsas.co\/es\/wp-json\/wp\/v2\/product_brand?post=29617"},{"taxonomy":"product_cat","embeddable":true,"href":"https:\/\/maquinasparafabricarbolsas.co\/es\/wp-json\/wp\/v2\/product_cat?post=29617"},{"taxonomy":"product_tag","embeddable":true,"href":"https:\/\/maquinasparafabricarbolsas.co\/es\/wp-json\/wp\/v2\/product_tag?post=29617"}],"curies":[{"name":"wp","href":"https:\/\/api.w.org\/{rel}","templated":true}]}}