{"id":29620,"date":"2025-09-26T21:44:16","date_gmt":"2025-09-26T13:44:16","guid":{"rendered":"https:\/\/maquinasparafabricarbolsas.co\/es\/?post_type=product&#038;p=29620"},"modified":"2025-09-28T02:18:08","modified_gmt":"2025-09-27T18:18:08","slug":"impresora-flexografica-4-colores-maquina-flexografica","status":"publish","type":"product","link":"https:\/\/maquinasparafabricarbolsas.co\/es\/impresora-flexografica-4-colores-maquina-flexografica","title":{"rendered":"impresora flexografica de 4 colores"},"content":{"rendered":"<p>Impresora flexogr\u00e1fica de 4 colores Aplicaciones<br \/>\nLa impresora flexogr\u00e1fica de 4 colores es adecuada para la impresi\u00f3n de materiales de embalaje, incluyendo polietileno, bolsas de pl\u00e1stico de polipropileno, papel celof\u00e1n y diversos tipos de papel en rollo. Su uso es com\u00fan en la industria alimentaria, as\u00ed como en la producci\u00f3n de bolsas para supermercados y en la creaci\u00f3n de soluciones de embalaje industrial personalizadas.<\/p>\n<div id=\"attachment_29424\" style=\"width: 638px\" class=\"wp-caption alignnone\"><img loading=\"lazy\" decoding=\"async\" aria-describedby=\"caption-attachment-29424\" class=\"Bolsas De Plastico Tipo Camiseta wp-image-29424\" title=\"Bolsas De Plastico Tipo Camiseta\" src=\"https:\/\/bolseadora.com.mx\/wp-content\/uploads\/2025\/02\/Bolsas-De-Plastico-Tipo-Camiseta.jpg\" alt=\"Bolsas De Plastico Tipo Camiseta\" width=\"628\" height=\"314\" \/><p id=\"caption-attachment-29424\" class=\"wp-caption-text\">Bolsas De Plastico Tipo Camiseta<\/p><\/div>\n<p>Rendimiento y caracter\u00edsticas<\/p>\n<p>Impresora flexogr\u00e1fica de cuatro colores:<\/p>\n<p>Su uso es sencillo, con un arranque adaptable y un registro de color preciso.<br \/>\nIncorpora un contador que permite regular la cantidad de impresi\u00f3n seg\u00fan los requerimientos. La m\u00e1quina se detiene de manera autom\u00e1tica al alcanzar el n\u00famero establecido o al finalizar el corte del material.<br \/>\nEl cilindro de impresi\u00f3n neum\u00e1tico se eleva y desciende, adem\u00e1s de agitar la tinta de forma autom\u00e1tica tras la elevaci\u00f3n.<br \/>\nEl cilindro anilox garantiza una distribuci\u00f3n uniforme de la tinta de impresi\u00f3n.<br \/>\nCuenta con un sistema de secado confiable, que opera en coordinaci\u00f3n con la rotaci\u00f3n de alta velocidad y que interrumpe autom\u00e1ticamente el circuito cuando la m\u00e1quina se detiene.<br \/>\nPosee un dispositivo de registro longitudinal continuo, ajustable en 360 grados.<br \/>\nEl control de frecuencia de la velocidad del motor se adapta a diversas velocidades de impresi\u00f3n.<\/p>\n<p><strong>Especificaciones\u00a0t\u00e9cnicas\u00a0de la\u00a0m\u00e1quina\u00a0impresora\u00a0flexogr\u00e1fica\u00a0de 4colores<\/strong><\/p>\n<table border=\"0\" cellspacing=\"1\" cellpadding=\"0\">\n<tbody>\n<tr>\n<td><strong>Modelo\u00a0de la\u00a0m\u00e1quina<\/strong><\/td>\n<td><strong>YT-4600<\/strong><\/td>\n<td><strong>YT-4800<\/strong><\/td>\n<td><strong>YT-41000<\/strong><\/td>\n<\/tr>\n<tr>\n<td>M\u00e1x.\u00a0ancho\u00a0del material de\u00a0impresi\u00f3n<\/td>\n<td>600mm<\/td>\n<td>800mm<\/td>\n<td>1000mm<\/td>\n<\/tr>\n<tr>\n<td>M\u00e1x.\u00a0ancho\u00a0de\u00a0impresi\u00f3n<\/td>\n<td>560mm<\/td>\n<td>760mm<\/td>\n<td>960mm<\/td>\n<\/tr>\n<tr>\n<td>Rango\u00a0de\u00a0longitud\u00a0del\u00a0producto\u00a0de\u00a0impresi\u00f3n<\/td>\n<td>191-914mm<\/td>\n<td>191-914mm<\/td>\n<td>191-914mm<\/td>\n<\/tr>\n<tr>\n<td>M\u00e1x.\u00a0di\u00e1metro\u00a0del material de\u00a0enrollado<\/td>\n<td>\u03c6450mm<\/td>\n<td>\u03c6450mm<\/td>\n<td>\u03c6450mm<\/td>\n<\/tr>\n<tr>\n<td>Velocidad\u00a0de\u00a0impresi\u00f3n<\/td>\n<td>5 ~\u00a050m\u00a0\/min<\/td>\n<td>5 ~\u00a050m\u00a0\/min<\/td>\n<td>5 ~\u00a050m\u00a0\/min<\/td>\n<\/tr>\n<tr>\n<td>Grosor\u00a0de la\u00a0placa(Incluye\u00a0papel\u00a0con\u00a0goma\u00a0deambos\u00a0lados)<\/td>\n<td>2.38mm<\/td>\n<td>2.38mm<\/td>\n<td>2.38mm<\/td>\n<\/tr>\n<tr>\n<td>Potencia\u00a0total<\/td>\n<td>10.87kw<\/td>\n<td>12.5kw<\/td>\n<td>14.37kw<\/td>\n<\/tr>\n<tr>\n<td>Peso de la\u00a0m\u00e1quina<\/td>\n<td>3000kg<\/td>\n<td>3500kg<\/td>\n<td>4000kg<\/td>\n<\/tr>\n<tr>\n<td>Dimensiones\u00a0totales<\/td>\n<td>4200*1600*2400<\/td>\n<td>4200*1800*2400<\/td>\n<td>4200*2000*2400<\/td>\n<\/tr>\n<\/tbody>\n<\/table>\n\t\t<div data-elementor-type=\"page\" data-elementor-id=\"29881\" class=\"elementor elementor-29881\" data-elementor-post-type=\"elementor_library\">\n\t\t\t\t\t\t<section class=\"elementor-section elementor-top-section elementor-element elementor-element-69dbd53f elementor-section-boxed elementor-section-height-default elementor-section-height-default\" data-id=\"69dbd53f\" data-element_type=\"section\">\n\t\t\t\t\t\t<div class=\"elementor-container elementor-column-gap-default\">\n\t\t\t\t\t<div class=\"elementor-column elementor-col-100 elementor-top-column elementor-element elementor-element-3ed48792\" data-id=\"3ed48792\" data-element_type=\"column\">\n\t\t\t<div class=\"elementor-widget-wrap elementor-element-populated\">\n\t\t\t\t\t\t<div class=\"elementor-element elementor-element-1fe21bb6 elementor-widget elementor-widget-heading\" data-id=\"1fe21bb6\" data-element_type=\"widget\" data-widget_type=\"heading.default\">\n\t\t\t\t<div class=\"elementor-widget-container\">\n\t\t\t\t\t<h2 class=\"elementor-heading-title elementor-size-default\">Shipment<\/h2>\t\t\t\t<\/div>\n\t\t\t\t<\/div>\n\t\t\t\t<div class=\"elementor-element elementor-element-16da936d elementor-widget-divider--view-line elementor-widget elementor-widget-divider\" data-id=\"16da936d\" data-element_type=\"widget\" data-widget_type=\"divider.default\">\n\t\t\t\t<div class=\"elementor-widget-container\">\n\t\t\t\t\t\t\t<div class=\"elementor-divider\">\n\t\t\t<span class=\"elementor-divider-separator\">\n\t\t\t\t\t\t<\/span>\n\t\t<\/div>\n\t\t\t\t\t\t<\/div>\n\t\t\t\t<\/div>\n\t\t\t\t\t<\/div>\n\t\t<\/div>\n\t\t\t\t\t<\/div>\n\t\t<\/section>\n\t\t<div class=\"wd-negative-gap elementor-element elementor-element-7ac4bdf1 e-flex e-con-boxed e-con e-parent\" data-id=\"7ac4bdf1\" data-element_type=\"container\">\n\t\t\t\t\t<div class=\"e-con-inner\">\n\t\t\t\t<div class=\"elementor-element elementor-element-4292b985 elementor-widget elementor-widget-wp-widget-text\" data-id=\"4292b985\" data-element_type=\"widget\" data-widget_type=\"wp-widget-text.default\">\n\t\t\t\t<div class=\"elementor-widget-container\">\n\t\t\t\t\t<h5>Env\u00edo de m\u00e1quina para fabricar bolsas de pl\u00e1stico<\/h5>\t\t\t<div class=\"textwidget\"><p>Si solo compra una m\u00e1quina, la empacaremos con un paquete de madera y la cargaremos en un contenedor con carga menor a la del contenedor (LCL).<\/p>\n<div id=\"attachment_29396\" style=\"width: 460px\" class=\"wp-caption alignnone\"><img fetchpriority=\"high\" decoding=\"async\" fetchpriority=\"high\" aria-describedby=\"caption-attachment-29396\" class=\"wp-image-29396\" src=\"https:\/\/mx.maquinaparahacerbolsas.com.mx\/wp-content\/uploads\/2025\/09\/Maquina-para-hacer-bolsas-de-plastico-con-paquete-de-madera.webp\" alt=\"M\u00e1quina para hacer bolsas de pl\u00e1stico con paquete de madera\" width=\"450\" height=\"338\" \/><p id=\"caption-attachment-29396\" class=\"wp-caption-text\">M\u00e1quina para hacer bolsas de pl\u00e1stico con paquete de madera<\/p><\/div>\n<p>Si compra m\u00e1s m\u00e1quinas, empacaremos las m\u00e1quinas con pel\u00edcula estirable y las cargaremos en un contenedor completo directamente (carga de contenedor completo FCL).<\/p>\n<div id=\"attachment_29403\" style=\"width: 460px\" class=\"wp-caption alignnone\"><img loading=\"lazy\" decoding=\"async\" aria-describedby=\"caption-attachment-29403\" class=\"wp-image-29403\" src=\"https:\/\/mx.maquinaparahacerbolsas.com.mx\/wp-content\/uploads\/2025\/09\/film-blowing-machine-loading-container-export.webp\" alt=\"contenedor de carga para extrusi\u00f3n de pel\u00edcula soplada\" width=\"450\" height=\"450\" \/><p id=\"caption-attachment-29403\" class=\"wp-caption-text\">contenedor de carga para extrusi\u00f3n de pel\u00edcula soplada<\/p><\/div>\n<div id=\"attachment_29402\" style=\"width: 460px\" class=\"wp-caption alignnone\"><img loading=\"lazy\" decoding=\"async\" aria-describedby=\"caption-attachment-29402\" class=\"wp-image-29402\" src=\"https:\/\/mx.maquinaparahacerbolsas.com.mx\/wp-content\/uploads\/2025\/09\/plasticbagmachinesolution.webp\" alt=\"L\u00ednea completa de m\u00e1quinas para hacer bolsas de pl\u00e1stico\" width=\"450\" height=\"429\" \/><p id=\"caption-attachment-29402\" class=\"wp-caption-text\">L\u00ednea completa de m\u00e1quinas para hacer bolsas de pl\u00e1stico<\/p><\/div>\n<div id=\"attachment_29401\" style=\"width: 460px\" class=\"wp-caption alignnone\"><img loading=\"lazy\" decoding=\"async\" loading=\"lazy\" aria-describedby=\"caption-attachment-29401\" class=\"wp-image-29401\" src=\"https:\/\/mx.maquinaparahacerbolsas.com.mx\/wp-content\/uploads\/2025\/09\/shipmentplasticmachines.webp\" alt=\"Exportar m\u00e1quinas para hacer bolsas de pl\u00e1stico a diferentes pa\u00edses.\" width=\"450\" height=\"227\" \/><p id=\"caption-attachment-29401\" class=\"wp-caption-text\">Exportar m\u00e1quinas para hacer bolsas de pl\u00e1stico a diferentes pa\u00edses.<\/p><\/div>\n<p>&nbsp;<\/p>\n<\/div>\n\t\t\t\t\t\t<\/div>\n\t\t\t\t<\/div>\n\t\t\t\t\t<\/div>\n\t\t\t\t<\/div>\n\t\t<div class=\"wd-negative-gap elementor-element elementor-element-5102bce0 e-flex e-con-boxed e-con e-parent\" data-id=\"5102bce0\" data-element_type=\"container\">\n\t\t\t\t\t<div class=\"e-con-inner\">\n\t\t\t\t<div class=\"elementor-element elementor-element-16326d1a elementor-widget elementor-widget-heading\" data-id=\"16326d1a\" data-element_type=\"widget\" data-widget_type=\"heading.default\">\n\t\t\t\t<div class=\"elementor-widget-container\">\n\t\t\t\t\t<h2 class=\"elementor-heading-title elementor-size-default\">Instalar la m\u00e1quina en la f\u00e1brica del cliente.<\/h2>\t\t\t\t<\/div>\n\t\t\t\t<\/div>\n\t\t\t\t\t<\/div>\n\t\t\t\t<\/div>\n\t\t<div class=\"wd-negative-gap elementor-element elementor-element-557eabf7 e-flex e-con-boxed e-con e-parent\" data-id=\"557eabf7\" data-element_type=\"container\">\n\t\t\t\t\t<div class=\"e-con-inner\">\n\t\t\t\t<div class=\"elementor-element elementor-element-54e8b3a4 elementor-widget elementor-widget-heading\" data-id=\"54e8b3a4\" data-element_type=\"widget\" data-widget_type=\"heading.default\">\n\t\t\t\t<div class=\"elementor-widget-container\">\n\t\t\t\t\t<h2 class=\"elementor-heading-title elementor-size-default\">install machines in customer factory<br><img loading=\"lazy\" decoding=\"async\" class=\"alignnone wp-image-29400\" src=\"https:\/\/mx.maquinaparahacerbolsas.com.mx\/wp-content\/uploads\/2025\/09\/plastic-bag-machine-supplier.webp\" alt=\"\" width=\"450\" height=\"450\"><img loading=\"lazy\" decoding=\"async\" class=\"wp-image-29399\" src=\"https:\/\/mx.maquinaparahacerbolsas.com.mx\/wp-content\/uploads\/2025\/09\/Plastic-bag-machine-factory.webp\" alt=\"M\u00e1quina para fabricar bolsas de pl\u00e1stico en la f\u00e1brica del cliente\" width=\"450\" height=\"457\" style=\"font-size: 15px\"><\/h2>\t\t\t\t<\/div>\n\t\t\t\t<\/div>\n\t\t\t\t\t<\/div>\n\t\t\t\t<\/div>\n\t\t<div class=\"wd-negative-gap elementor-element elementor-element-7caba985 e-flex e-con-boxed e-con e-parent\" data-id=\"7caba985\" data-element_type=\"container\">\n\t\t\t\t\t<div class=\"e-con-inner\">\n\t\t\t\t<div class=\"elementor-element elementor-element-70ac1e29 elementor-widget elementor-widget-heading\" data-id=\"70ac1e29\" data-element_type=\"widget\" data-widget_type=\"heading.default\">\n\t\t\t\t<div class=\"elementor-widget-container\">\n\t\t\t\t\t<h2 class=\"elementor-heading-title elementor-size-default\">Proveedor de piezas de maquinaria<\/h2>\t\t\t\t<\/div>\n\t\t\t\t<\/div>\n\t\t\t\t\t<\/div>\n\t\t\t\t<\/div>\n\t\t<div class=\"wd-negative-gap elementor-element elementor-element-28aef543 e-flex e-con-boxed e-con e-parent\" data-id=\"28aef543\" data-element_type=\"container\">\n\t\t\t\t\t<div class=\"e-con-inner\">\n\t\t\t\t<div class=\"elementor-element elementor-element-485e8644 elementor-widget elementor-widget-heading\" data-id=\"485e8644\" data-element_type=\"widget\" data-widget_type=\"heading.default\">\n\t\t\t\t<div class=\"elementor-widget-container\">\n\t\t\t\t\t<h2 class=\"elementor-heading-title elementor-size-default\"><img loading=\"lazy\" decoding=\"async\" class=\"wp-image-29398\" src=\"https:\/\/mx.maquinaparahacerbolsas.com.mx\/wp-content\/uploads\/2025\/09\/machinepartssupplier.webp\" alt=\"Proveedor de piezas de maquinaria\" width=\"450\" height=\"259\" style=\"font-size: 15px\"><\/h2>\t\t\t\t<\/div>\n\t\t\t\t<\/div>\n\t\t\t\t\t<\/div>\n\t\t\t\t<\/div>\n\t\t<div class=\"wd-negative-gap elementor-element elementor-element-4493ffee e-flex e-con-boxed e-con e-parent\" data-id=\"4493ffee\" data-element_type=\"container\">\n\t\t\t\t\t<div class=\"e-con-inner\">\n\t\t\t\t<div class=\"elementor-element elementor-element-75cf0381 elementor-widget elementor-widget-heading\" data-id=\"75cf0381\" data-element_type=\"widget\" data-widget_type=\"heading.default\">\n\t\t\t\t<div class=\"elementor-widget-container\">\n\t\t\t\t\t<h2 class=\"elementor-heading-title elementor-size-default\">Proveedor de materia prima de polietileno<\/h2>\t\t\t\t<\/div>\n\t\t\t\t<\/div>\n\t\t\t\t\t<\/div>\n\t\t\t\t<\/div>\n\t\t<div class=\"wd-negative-gap elementor-element elementor-element-29acb3af e-flex e-con-boxed e-con e-parent\" data-id=\"29acb3af\" data-element_type=\"container\">\n\t\t\t\t\t<div class=\"e-con-inner\">\n\t\t\t\t<div class=\"elementor-element elementor-element-45f73a59 elementor-widget elementor-widget-wd_text_block\" data-id=\"45f73a59\" data-element_type=\"widget\" data-widget_type=\"wd_text_block.default\">\n\t\t\t\t<div class=\"elementor-widget-container\">\n\t\t\t\t\t\t\t<div class=\"wd-text-block reset-last-child text-left\">\n\t\t\t\n\t\t\t<p><strong>C\u00f3mo encontrar polietileno para la extrusi\u00f3n de pel\u00edcula soplada. La extrusi\u00f3n de pel\u00edcula utiliza polietileno, como polietileno de baja densidad (LDPE), polietileno de alta densidad (HDPE), polietileno lineal de baja densidad (LLDPE) y polipropileno (PP).<\/strong><\/p><p>A continuaci\u00f3n, se presentan importantes proveedores de materiales a nivel mundial con oficinas en todo el mundo. Puede consultarlos en el mercado local.<\/p><p>1.<a href=\"http:\/\/www.sabic.com\/\" target=\"_blank\" rel=\"noopener\"><strong><u>Sabic Saudi Basic Industries Corporation<\/u><\/strong><\/a><\/p><p>2.<a href=\"http:\/\/www.exxonmobilchemical.com\/\" target=\"_blank\" rel=\"noopener\"><strong><u>ExxonMobil Chemical Company<\/u><\/strong><\/a><\/p><p>3.<a href=\"http:\/\/www.dow.com\/\" target=\"_blank\" rel=\"noopener\"><strong><u>Dow Chemical Company<\/u><\/strong><\/a><strong>\u00a0<\/strong><\/p><p><img loading=\"lazy\" decoding=\"async\" class=\"wp-image-29397\" style=\"font-size: 14px;\" src=\"https:\/\/mx.maquinaparahacerbolsas.com.mx\/wp-content\/uploads\/2025\/09\/polyethylene-HDPE-LDPE-supplier.webp\" alt=\"Proveedor de materiales\" width=\"450\" height=\"462\" \/><\/p>\n\t\t\t\t\t<\/div>\n\t\t\t\t\t\t<\/div>\n\t\t\t\t<\/div>\n\t\t\t\t\t<\/div>\n\t\t\t\t<\/div>\n\t\t\t\t<\/div>\n\t\t\n","protected":false},"excerpt":{"rendered":"<p>Impresora flexogr\u00e1fi<\/p>\n","protected":false},"featured_media":29706,"comment_status":"closed","ping_status":"closed","template":"","meta":{"_acf_changed":false},"product_brand":[],"product_cat":[83],"product_tag":[],"class_list":{"0":"post-29620","1":"product","2":"type-product","3":"status-publish","4":"has-post-thumbnail","6":"product_cat-impresora-flexografica","8":"first","9":"instock","10":"shipping-taxable","11":"product-type-simple"},"acf":[],"_links":{"self":[{"href":"https:\/\/maquinasparafabricarbolsas.co\/es\/wp-json\/wp\/v2\/product\/29620","targetHints":{"allow":["GET"]}}],"collection":[{"href":"https:\/\/maquinasparafabricarbolsas.co\/es\/wp-json\/wp\/v2\/product"}],"about":[{"href":"https:\/\/maquinasparafabricarbolsas.co\/es\/wp-json\/wp\/v2\/types\/product"}],"replies":[{"embeddable":true,"href":"https:\/\/maquinasparafabricarbolsas.co\/es\/wp-json\/wp\/v2\/comments?post=29620"}],"version-history":[{"count":0,"href":"https:\/\/maquinasparafabricarbolsas.co\/es\/wp-json\/wp\/v2\/product\/29620\/revisions"}],"wp:featuredmedia":[{"embeddable":true,"href":"https:\/\/maquinasparafabricarbolsas.co\/es\/wp-json\/wp\/v2\/media\/29706"}],"wp:attachment":[{"href":"https:\/\/maquinasparafabricarbolsas.co\/es\/wp-json\/wp\/v2\/media?parent=29620"}],"wp:term":[{"taxonomy":"product_brand","embeddable":true,"href":"https:\/\/maquinasparafabricarbolsas.co\/es\/wp-json\/wp\/v2\/product_brand?post=29620"},{"taxonomy":"product_cat","embeddable":true,"href":"https:\/\/maquinasparafabricarbolsas.co\/es\/wp-json\/wp\/v2\/product_cat?post=29620"},{"taxonomy":"product_tag","embeddable":true,"href":"https:\/\/maquinasparafabricarbolsas.co\/es\/wp-json\/wp\/v2\/product_tag?post=29620"}],"curies":[{"name":"wp","href":"https:\/\/api.w.org\/{rel}","templated":true}]}}