{"id":29645,"date":"2025-09-26T21:44:43","date_gmt":"2025-09-26T13:44:43","guid":{"rendered":"https:\/\/maquinasparafabricarbolsas.co\/es\/?post_type=product&#038;p=29645"},"modified":"2025-09-28T02:17:55","modified_gmt":"2025-09-27T18:17:55","slug":"impresora-flexografica-6-colores-mejores-en-Colombia","status":"publish","type":"product","link":"https:\/\/maquinasparafabricarbolsas.co\/es\/impresora-flexografica-6-colores-mejores-en-Colombia","title":{"rendered":"impresora flexografica de 6 colores"},"content":{"rendered":"<p><span style=\"font-size: 14px;\"><strong><span data-scayt_word=\"M\u00e1quina\" data-scaytid=\"27\">impresora flexogr\u00e1fica 6 colores<\/span>\u00a0<\/strong><strong>Series YT<\/strong><\/span><\/p>\n<p><span style=\"font-size: 14px;\"><strong><span data-scayt_word=\"Caracter\u00edsticas\" data-scaytid=\"33\">Caracter\u00edsticas<\/span>\u00a0<\/strong><br \/>\n<\/span><\/p>\n<p>Impresora flexogr\u00e1fica de cuatro colores:<\/p>\n<p>Su uso es sencillo, con un arranque adaptable y un registro de color preciso.<\/p>\n<p>La impresora flexogr\u00e1fica de 6 colores se emplea en la impresi\u00f3n de materiales de embalaje fabricados en polietileno, como bolsas pl\u00e1sticas, papel para vidrio y rollos de papel, entre otros.<\/p>\n<p><strong>Aplicaciones\u00a0<\/strong><\/p>\n<div id=\"attachment_29424\" style=\"width: 588px\" class=\"wp-caption alignnone\"><img loading=\"lazy\" decoding=\"async\" aria-describedby=\"caption-attachment-29424\" class=\"Bolsas De Plastico Tipo Camiseta wp-image-29424\" title=\"Bolsas De Plastico Tipo Camiseta\" src=\"https:\/\/bolseadora.com.mx\/wp-content\/uploads\/2025\/02\/Bolsas-De-Plastico-Tipo-Camiseta.jpg\" alt=\"Bolsas De Plastico Tipo Camiseta\" width=\"578\" height=\"289\" \/><p id=\"caption-attachment-29424\" class=\"wp-caption-text\">Bolsas De Plastico Tipo Camiseta<\/p><\/div>\n<p><span style=\"font-size: 14px;\"><strong>Especificaciones\u00a0<span data-scayt_word=\"t\u00e9cnicas\" data-scaytid=\"300\">t\u00e9cnicas<\/span>\u00a0de la\u00a0<span data-scayt_word=\"m\u00e1quina\" data-scaytid=\"284\">m\u00e1quina<\/span>\u00a0<span data-scayt_word=\"impresora\" data-scaytid=\"286\">impresora<\/span>\u00a0<span data-scayt_word=\"flexogr\u00e1fica\" data-scaytid=\"287\">flexogr\u00e1fica<\/span>\u00a0de <span data-scayt_word=\"6colores\" data-scaytid=\"305\">6colores<\/span><\/strong><\/span><\/p>\n<table style=\"padding: 0px; margin: 0px; color: #000000; line-height: 18px; font-family: Verdana, Arial, Helvetica, sans-serif; width: 730px;\" border=\"0\" cellspacing=\"1\" cellpadding=\"0\">\n<tbody>\n<tr>\n<td><span style=\"font-size: 14px;\"><strong><span data-scayt_word=\"Modelo\" data-scaytid=\"306\">Modelo<\/span>\u00a0de la\u00a0<span data-scayt_word=\"m\u00e1quina\" data-scaytid=\"285\">m\u00e1quina<\/span><\/strong><\/span><\/td>\n<td><span style=\"font-size: 14px;\"><strong>YT-6600<\/strong><\/span><\/td>\n<td><span style=\"font-size: 14px;\"><strong>YT-6800<\/strong><\/span><\/td>\n<td><span style=\"font-size: 14px;\"><strong>YT-61000<\/strong><\/span><\/td>\n<\/tr>\n<tr>\n<td><span style=\"font-size: 14px;\"><span data-scayt_word=\"Ancho\" data-scaytid=\"315\">Ancho<\/span>\u00a0<span data-scayt_word=\"m\u00e1ximo\" data-scaytid=\"317\">m\u00e1ximo<\/span>\u00a0del material de\u00a0<span data-scayt_word=\"impresi\u00f3n\" data-scaytid=\"292\">impresi\u00f3n<\/span><\/span><\/td>\n<td><span style=\"font-size: 14px;\"><span data-scayt_word=\"600mm\" data-scaytid=\"294\">600mm<\/span><\/span><\/td>\n<td><span style=\"font-size: 14px;\"><span data-scayt_word=\"800mm\" data-scaytid=\"295\">800mm<\/span><\/span><\/td>\n<td><span style=\"font-size: 14px;\"><span data-scayt_word=\"1000mm\" data-scaytid=\"296\">1000mm<\/span><\/span><\/td>\n<\/tr>\n<tr>\n<td><span style=\"font-size: 14px;\"><span data-scayt_word=\"Ancho\" data-scaytid=\"316\">Ancho<\/span>\u00a0<span data-scayt_word=\"m\u00e1ximo\" data-scaytid=\"318\">m\u00e1ximo<\/span>\u00a0del material de\u00a0<span data-scayt_word=\"impresi\u00f3n\" data-scaytid=\"293\">impresi\u00f3n<\/span><\/span><\/td>\n<td><span style=\"font-size: 14px;\"><span data-scayt_word=\"560mm\" data-scaytid=\"297\">560mm<\/span><\/span><\/td>\n<td><span style=\"font-size: 14px;\"><span data-scayt_word=\"760mm\" data-scaytid=\"298\">760mm<\/span><\/span><\/td>\n<td><span style=\"font-size: 14px;\"><span data-scayt_word=\"960mm\" data-scaytid=\"299\">960mm<\/span><\/span><\/td>\n<\/tr>\n<tr>\n<td><span style=\"font-size: 14px;\"><span data-scayt_word=\"Rango\" data-scaytid=\"327\">Rango<\/span>\u00a0de\u00a0<span data-scayt_word=\"longitud\" data-scaytid=\"344\">longitud<\/span>\u00a0del\u00a0<span data-scayt_word=\"producto\" data-scaytid=\"345\">producto<\/span>\u00a0<span data-scayt_word=\"impreso\" data-scaytid=\"346\">impreso<\/span><\/span><\/td>\n<td><span style=\"font-size: 14px;\"><span data-scayt_word=\"191-914mm\" data-scaytid=\"347\">191-914mm<\/span><\/span><\/td>\n<td><span style=\"font-size: 14px;\"><span data-scayt_word=\"191-914mm\" data-scaytid=\"348\">191-914mm<\/span><\/span><\/td>\n<td><span style=\"font-size: 14px;\"><span data-scayt_word=\"191-914mm\" data-scaytid=\"349\">191-914mm<\/span><\/span><\/td>\n<\/tr>\n<tr>\n<td><span style=\"font-size: 14px;\"><span data-scayt_word=\"Di\u00e1metro\" data-scaytid=\"350\">Di\u00e1metro<\/span>\u00a0<span data-scayt_word=\"m\u00e1ximo\" data-scaytid=\"328\">m\u00e1ximo<\/span>\u00a0del material\u00a0<span data-scayt_word=\"rollo\" data-scaytid=\"352\">rollo<\/span><\/span><\/td>\n<td><span style=\"font-size: 14px;\"><span data-scayt_word=\"\u03c6450mm\" data-scaytid=\"353\">\u03c6450mm<\/span><\/span><\/td>\n<td><span style=\"font-size: 14px;\"><span data-scayt_word=\"\u03c6450mm\" data-scaytid=\"354\">\u03c6450mm<\/span><\/span><\/td>\n<td><span style=\"font-size: 14px;\"><span data-scayt_word=\"\u03c6450mm\" data-scaytid=\"355\">\u03c6450mm<\/span><\/span><\/td>\n<\/tr>\n<tr>\n<td><span style=\"font-size: 14px;\"><span data-scayt_word=\"Velocidad\" data-scaytid=\"356\">Velocidad<\/span>\u00a0de\u00a0<span data-scayt_word=\"impresi\u00f3n\" data-scaytid=\"330\">impresi\u00f3n<\/span><\/span><\/td>\n<td><span style=\"font-size: 14px;\">5~\u00a0<span data-scayt_word=\"50m\" data-scaytid=\"358\">50m<\/span>\/min<\/span><\/td>\n<td><span style=\"font-size: 14px;\">5~\u00a0<span data-scayt_word=\"50m\" data-scaytid=\"359\">50m<\/span>\/min<\/span><\/td>\n<td><span style=\"font-size: 14px;\">5~\u00a0<span data-scayt_word=\"50m\" data-scaytid=\"360\">50m<\/span>\/min<\/span><\/td>\n<\/tr>\n<tr>\n<td><span style=\"font-size: 14px;\"><span data-scayt_word=\"Grosor\" data-scaytid=\"361\">Grosor<\/span>\u00a0del\u00a0<span data-scayt_word=\"plato\" data-scaytid=\"331\">plato<\/span>\u00a0(<span data-scayt_word=\"Incluyendo\" data-scaytid=\"369\">Incluyendo<\/span>\u00a0dos\u00a0<span data-scayt_word=\"-Papel\" data-scaytid=\"370\">-Papel<\/span>\u00a0<span data-scayt_word=\"congoma\" data-scaytid=\"371\">congoma<\/span>\u00a0lateral)<\/span><\/td>\n<td><span style=\"font-size: 14px;\">2.38mm<\/span><\/td>\n<td><span style=\"font-size: 14px;\">2.38mm<\/span><\/td>\n<td><span style=\"font-size: 14px;\">2.38mm<\/span><\/td>\n<\/tr>\n<tr>\n<td><span style=\"font-size: 14px;\"><span data-scayt_word=\"Potencia\" data-scaytid=\"372\">Potencia<\/span>\u00a0total<\/span><\/td>\n<td><span style=\"font-size: 14px;\"><span data-scayt_word=\"13kw\" data-scaytid=\"335\">13kw<\/span><\/span><\/td>\n<td><span style=\"font-size: 14px;\"><span data-scayt_word=\"15kw\" data-scaytid=\"374\">15kw<\/span><\/span><\/td>\n<td><span style=\"font-size: 14px;\"><span data-scayt_word=\"18kw\" data-scaytid=\"375\">18kw<\/span><\/span><\/td>\n<\/tr>\n<tr>\n<td><span style=\"font-size: 14px;\">Peso de la\u00a0<span data-scayt_word=\"m\u00e1quina\" data-scaytid=\"340\">m\u00e1quina<\/span><\/span><\/td>\n<td><span style=\"font-size: 14px;\"><span data-scayt_word=\"3500kg\" data-scaytid=\"341\">3500kg<\/span><\/span><\/td>\n<td><span style=\"font-size: 14px;\"><span data-scayt_word=\"4200kg\" data-scaytid=\"342\">4200kg<\/span><\/span><\/td>\n<td><span style=\"font-size: 14px;\"><span data-scayt_word=\"5000kg\" data-scaytid=\"343\">5000kg<\/span><\/span><\/td>\n<\/tr>\n<tr>\n<td><span style=\"font-size: 14px;\"><span data-scayt_word=\"Dimensiones\" data-scaytid=\"367\">Dimensiones<\/span>\u00a0<span data-scayt_word=\"totales\" data-scaytid=\"368\">totales<\/span><\/span><\/td>\n<td><span style=\"font-size: 14px;\">3900*1660*2950<\/span><\/td>\n<td><span style=\"font-size: 14px;\">3900*1860*2950<\/span><\/td>\n<td><span style=\"font-size: 14px;\">3900*2060*2950<\/span><\/td>\n<\/tr>\n<\/tbody>\n<\/table>\n\t\t<div data-elementor-type=\"page\" data-elementor-id=\"29881\" class=\"elementor elementor-29881\" data-elementor-post-type=\"elementor_library\">\n\t\t\t\t\t\t<section class=\"elementor-section elementor-top-section elementor-element elementor-element-69dbd53f elementor-section-boxed elementor-section-height-default elementor-section-height-default\" data-id=\"69dbd53f\" data-element_type=\"section\">\n\t\t\t\t\t\t<div class=\"elementor-container elementor-column-gap-default\">\n\t\t\t\t\t<div class=\"elementor-column elementor-col-100 elementor-top-column elementor-element elementor-element-3ed48792\" data-id=\"3ed48792\" data-element_type=\"column\">\n\t\t\t<div class=\"elementor-widget-wrap elementor-element-populated\">\n\t\t\t\t\t\t<div class=\"elementor-element elementor-element-1fe21bb6 elementor-widget elementor-widget-heading\" data-id=\"1fe21bb6\" data-element_type=\"widget\" data-widget_type=\"heading.default\">\n\t\t\t\t<div class=\"elementor-widget-container\">\n\t\t\t\t\t<h2 class=\"elementor-heading-title elementor-size-default\">Shipment<\/h2>\t\t\t\t<\/div>\n\t\t\t\t<\/div>\n\t\t\t\t<div class=\"elementor-element elementor-element-16da936d elementor-widget-divider--view-line elementor-widget elementor-widget-divider\" data-id=\"16da936d\" data-element_type=\"widget\" data-widget_type=\"divider.default\">\n\t\t\t\t<div class=\"elementor-widget-container\">\n\t\t\t\t\t\t\t<div class=\"elementor-divider\">\n\t\t\t<span class=\"elementor-divider-separator\">\n\t\t\t\t\t\t<\/span>\n\t\t<\/div>\n\t\t\t\t\t\t<\/div>\n\t\t\t\t<\/div>\n\t\t\t\t\t<\/div>\n\t\t<\/div>\n\t\t\t\t\t<\/div>\n\t\t<\/section>\n\t\t<div class=\"wd-negative-gap elementor-element elementor-element-7ac4bdf1 e-flex e-con-boxed e-con e-parent\" data-id=\"7ac4bdf1\" data-element_type=\"container\">\n\t\t\t\t\t<div class=\"e-con-inner\">\n\t\t\t\t<div class=\"elementor-element elementor-element-4292b985 elementor-widget elementor-widget-wp-widget-text\" data-id=\"4292b985\" data-element_type=\"widget\" data-widget_type=\"wp-widget-text.default\">\n\t\t\t\t<div class=\"elementor-widget-container\">\n\t\t\t\t\t<h5>Env\u00edo de m\u00e1quina para fabricar bolsas de pl\u00e1stico<\/h5>\t\t\t<div class=\"textwidget\"><p>Si solo compra una m\u00e1quina, la empacaremos con un paquete de madera y la cargaremos en un contenedor con carga menor a la del contenedor (LCL).<\/p>\n<div id=\"attachment_29396\" style=\"width: 460px\" class=\"wp-caption alignnone\"><img fetchpriority=\"high\" decoding=\"async\" fetchpriority=\"high\" aria-describedby=\"caption-attachment-29396\" class=\"wp-image-29396\" src=\"https:\/\/mx.maquinaparahacerbolsas.com.mx\/wp-content\/uploads\/2025\/09\/Maquina-para-hacer-bolsas-de-plastico-con-paquete-de-madera.webp\" alt=\"M\u00e1quina para hacer bolsas de pl\u00e1stico con paquete de madera\" width=\"450\" height=\"338\" \/><p id=\"caption-attachment-29396\" class=\"wp-caption-text\">M\u00e1quina para hacer bolsas de pl\u00e1stico con paquete de madera<\/p><\/div>\n<p>Si compra m\u00e1s m\u00e1quinas, empacaremos las m\u00e1quinas con pel\u00edcula estirable y las cargaremos en un contenedor completo directamente (carga de contenedor completo FCL).<\/p>\n<div id=\"attachment_29403\" style=\"width: 460px\" class=\"wp-caption alignnone\"><img loading=\"lazy\" decoding=\"async\" aria-describedby=\"caption-attachment-29403\" class=\"wp-image-29403\" src=\"https:\/\/mx.maquinaparahacerbolsas.com.mx\/wp-content\/uploads\/2025\/09\/film-blowing-machine-loading-container-export.webp\" alt=\"contenedor de carga para extrusi\u00f3n de pel\u00edcula soplada\" width=\"450\" height=\"450\" \/><p id=\"caption-attachment-29403\" class=\"wp-caption-text\">contenedor de carga para extrusi\u00f3n de pel\u00edcula soplada<\/p><\/div>\n<div id=\"attachment_29402\" style=\"width: 460px\" class=\"wp-caption alignnone\"><img loading=\"lazy\" decoding=\"async\" aria-describedby=\"caption-attachment-29402\" class=\"wp-image-29402\" src=\"https:\/\/mx.maquinaparahacerbolsas.com.mx\/wp-content\/uploads\/2025\/09\/plasticbagmachinesolution.webp\" alt=\"L\u00ednea completa de m\u00e1quinas para hacer bolsas de pl\u00e1stico\" width=\"450\" height=\"429\" \/><p id=\"caption-attachment-29402\" class=\"wp-caption-text\">L\u00ednea completa de m\u00e1quinas para hacer bolsas de pl\u00e1stico<\/p><\/div>\n<div id=\"attachment_29401\" style=\"width: 460px\" class=\"wp-caption alignnone\"><img loading=\"lazy\" decoding=\"async\" loading=\"lazy\" aria-describedby=\"caption-attachment-29401\" class=\"wp-image-29401\" src=\"https:\/\/mx.maquinaparahacerbolsas.com.mx\/wp-content\/uploads\/2025\/09\/shipmentplasticmachines.webp\" alt=\"Exportar m\u00e1quinas para hacer bolsas de pl\u00e1stico a diferentes pa\u00edses.\" width=\"450\" height=\"227\" \/><p id=\"caption-attachment-29401\" class=\"wp-caption-text\">Exportar m\u00e1quinas para hacer bolsas de pl\u00e1stico a diferentes pa\u00edses.<\/p><\/div>\n<p>&nbsp;<\/p>\n<\/div>\n\t\t\t\t\t\t<\/div>\n\t\t\t\t<\/div>\n\t\t\t\t\t<\/div>\n\t\t\t\t<\/div>\n\t\t<div class=\"wd-negative-gap elementor-element elementor-element-5102bce0 e-flex e-con-boxed e-con e-parent\" data-id=\"5102bce0\" data-element_type=\"container\">\n\t\t\t\t\t<div class=\"e-con-inner\">\n\t\t\t\t<div class=\"elementor-element elementor-element-16326d1a elementor-widget elementor-widget-heading\" data-id=\"16326d1a\" data-element_type=\"widget\" data-widget_type=\"heading.default\">\n\t\t\t\t<div class=\"elementor-widget-container\">\n\t\t\t\t\t<h2 class=\"elementor-heading-title elementor-size-default\">Instalar la m\u00e1quina en la f\u00e1brica del cliente.<\/h2>\t\t\t\t<\/div>\n\t\t\t\t<\/div>\n\t\t\t\t\t<\/div>\n\t\t\t\t<\/div>\n\t\t<div class=\"wd-negative-gap elementor-element elementor-element-557eabf7 e-flex e-con-boxed e-con e-parent\" data-id=\"557eabf7\" data-element_type=\"container\">\n\t\t\t\t\t<div class=\"e-con-inner\">\n\t\t\t\t<div class=\"elementor-element elementor-element-54e8b3a4 elementor-widget elementor-widget-heading\" data-id=\"54e8b3a4\" data-element_type=\"widget\" data-widget_type=\"heading.default\">\n\t\t\t\t<div class=\"elementor-widget-container\">\n\t\t\t\t\t<h2 class=\"elementor-heading-title elementor-size-default\">install machines in customer factory<br><img loading=\"lazy\" decoding=\"async\" class=\"alignnone wp-image-29400\" src=\"https:\/\/mx.maquinaparahacerbolsas.com.mx\/wp-content\/uploads\/2025\/09\/plastic-bag-machine-supplier.webp\" alt=\"\" width=\"450\" height=\"450\"><img loading=\"lazy\" decoding=\"async\" class=\"wp-image-29399\" src=\"https:\/\/mx.maquinaparahacerbolsas.com.mx\/wp-content\/uploads\/2025\/09\/Plastic-bag-machine-factory.webp\" alt=\"M\u00e1quina para fabricar bolsas de pl\u00e1stico en la f\u00e1brica del cliente\" width=\"450\" height=\"457\" style=\"font-size: 15px\"><\/h2>\t\t\t\t<\/div>\n\t\t\t\t<\/div>\n\t\t\t\t\t<\/div>\n\t\t\t\t<\/div>\n\t\t<div class=\"wd-negative-gap elementor-element elementor-element-7caba985 e-flex e-con-boxed e-con e-parent\" data-id=\"7caba985\" data-element_type=\"container\">\n\t\t\t\t\t<div class=\"e-con-inner\">\n\t\t\t\t<div class=\"elementor-element elementor-element-70ac1e29 elementor-widget elementor-widget-heading\" data-id=\"70ac1e29\" data-element_type=\"widget\" data-widget_type=\"heading.default\">\n\t\t\t\t<div class=\"elementor-widget-container\">\n\t\t\t\t\t<h2 class=\"elementor-heading-title elementor-size-default\">Proveedor de piezas de maquinaria<\/h2>\t\t\t\t<\/div>\n\t\t\t\t<\/div>\n\t\t\t\t\t<\/div>\n\t\t\t\t<\/div>\n\t\t<div class=\"wd-negative-gap elementor-element elementor-element-28aef543 e-flex e-con-boxed e-con e-parent\" data-id=\"28aef543\" data-element_type=\"container\">\n\t\t\t\t\t<div class=\"e-con-inner\">\n\t\t\t\t<div class=\"elementor-element elementor-element-485e8644 elementor-widget elementor-widget-heading\" data-id=\"485e8644\" data-element_type=\"widget\" data-widget_type=\"heading.default\">\n\t\t\t\t<div class=\"elementor-widget-container\">\n\t\t\t\t\t<h2 class=\"elementor-heading-title elementor-size-default\"><img loading=\"lazy\" decoding=\"async\" class=\"wp-image-29398\" src=\"https:\/\/mx.maquinaparahacerbolsas.com.mx\/wp-content\/uploads\/2025\/09\/machinepartssupplier.webp\" alt=\"Proveedor de piezas de maquinaria\" width=\"450\" height=\"259\" style=\"font-size: 15px\"><\/h2>\t\t\t\t<\/div>\n\t\t\t\t<\/div>\n\t\t\t\t\t<\/div>\n\t\t\t\t<\/div>\n\t\t<div class=\"wd-negative-gap elementor-element elementor-element-4493ffee e-flex e-con-boxed e-con e-parent\" data-id=\"4493ffee\" data-element_type=\"container\">\n\t\t\t\t\t<div class=\"e-con-inner\">\n\t\t\t\t<div class=\"elementor-element elementor-element-75cf0381 elementor-widget elementor-widget-heading\" data-id=\"75cf0381\" data-element_type=\"widget\" data-widget_type=\"heading.default\">\n\t\t\t\t<div class=\"elementor-widget-container\">\n\t\t\t\t\t<h2 class=\"elementor-heading-title elementor-size-default\">Proveedor de materia prima de polietileno<\/h2>\t\t\t\t<\/div>\n\t\t\t\t<\/div>\n\t\t\t\t\t<\/div>\n\t\t\t\t<\/div>\n\t\t<div class=\"wd-negative-gap elementor-element elementor-element-29acb3af e-flex e-con-boxed e-con e-parent\" data-id=\"29acb3af\" data-element_type=\"container\">\n\t\t\t\t\t<div class=\"e-con-inner\">\n\t\t\t\t<div class=\"elementor-element elementor-element-45f73a59 elementor-widget elementor-widget-wd_text_block\" data-id=\"45f73a59\" data-element_type=\"widget\" data-widget_type=\"wd_text_block.default\">\n\t\t\t\t<div class=\"elementor-widget-container\">\n\t\t\t\t\t\t\t<div class=\"wd-text-block reset-last-child text-left\">\n\t\t\t\n\t\t\t<p><strong>C\u00f3mo encontrar polietileno para la extrusi\u00f3n de pel\u00edcula soplada. La extrusi\u00f3n de pel\u00edcula utiliza polietileno, como polietileno de baja densidad (LDPE), polietileno de alta densidad (HDPE), polietileno lineal de baja densidad (LLDPE) y polipropileno (PP).<\/strong><\/p><p>A continuaci\u00f3n, se presentan importantes proveedores de materiales a nivel mundial con oficinas en todo el mundo. Puede consultarlos en el mercado local.<\/p><p>1.<a href=\"http:\/\/www.sabic.com\/\" target=\"_blank\" rel=\"noopener\"><strong><u>Sabic Saudi Basic Industries Corporation<\/u><\/strong><\/a><\/p><p>2.<a href=\"http:\/\/www.exxonmobilchemical.com\/\" target=\"_blank\" rel=\"noopener\"><strong><u>ExxonMobil Chemical Company<\/u><\/strong><\/a><\/p><p>3.<a href=\"http:\/\/www.dow.com\/\" target=\"_blank\" rel=\"noopener\"><strong><u>Dow Chemical Company<\/u><\/strong><\/a><strong>\u00a0<\/strong><\/p><p><img loading=\"lazy\" decoding=\"async\" class=\"wp-image-29397\" style=\"font-size: 14px;\" src=\"https:\/\/mx.maquinaparahacerbolsas.com.mx\/wp-content\/uploads\/2025\/09\/polyethylene-HDPE-LDPE-supplier.webp\" alt=\"Proveedor de materiales\" width=\"450\" height=\"462\" \/><\/p>\n\t\t\t\t\t<\/div>\n\t\t\t\t\t\t<\/div>\n\t\t\t\t<\/div>\n\t\t\t\t\t<\/div>\n\t\t\t\t<\/div>\n\t\t\t\t<\/div>\n\t\t\n","protected":false},"excerpt":{"rendered":"<p>impresora flexogr\u00e1fi<\/p>\n","protected":false},"featured_media":29708,"comment_status":"closed","ping_status":"closed","template":"","meta":{"_acf_changed":false},"product_brand":[],"product_cat":[83],"product_tag":[],"class_list":{"0":"post-29645","1":"product","2":"type-product","3":"status-publish","4":"has-post-thumbnail","6":"product_cat-impresora-flexografica","8":"first","9":"instock","10":"shipping-taxable","11":"product-type-simple"},"acf":[],"_links":{"self":[{"href":"https:\/\/maquinasparafabricarbolsas.co\/es\/wp-json\/wp\/v2\/product\/29645","targetHints":{"allow":["GET"]}}],"collection":[{"href":"https:\/\/maquinasparafabricarbolsas.co\/es\/wp-json\/wp\/v2\/product"}],"about":[{"href":"https:\/\/maquinasparafabricarbolsas.co\/es\/wp-json\/wp\/v2\/types\/product"}],"replies":[{"embeddable":true,"href":"https:\/\/maquinasparafabricarbolsas.co\/es\/wp-json\/wp\/v2\/comments?post=29645"}],"version-history":[{"count":0,"href":"https:\/\/maquinasparafabricarbolsas.co\/es\/wp-json\/wp\/v2\/product\/29645\/revisions"}],"wp:featuredmedia":[{"embeddable":true,"href":"https:\/\/maquinasparafabricarbolsas.co\/es\/wp-json\/wp\/v2\/media\/29708"}],"wp:attachment":[{"href":"https:\/\/maquinasparafabricarbolsas.co\/es\/wp-json\/wp\/v2\/media?parent=29645"}],"wp:term":[{"taxonomy":"product_brand","embeddable":true,"href":"https:\/\/maquinasparafabricarbolsas.co\/es\/wp-json\/wp\/v2\/product_brand?post=29645"},{"taxonomy":"product_cat","embeddable":true,"href":"https:\/\/maquinasparafabricarbolsas.co\/es\/wp-json\/wp\/v2\/product_cat?post=29645"},{"taxonomy":"product_tag","embeddable":true,"href":"https:\/\/maquinasparafabricarbolsas.co\/es\/wp-json\/wp\/v2\/product_tag?post=29645"}],"curies":[{"name":"wp","href":"https:\/\/api.w.org\/{rel}","templated":true}]}}