{"id":29649,"date":"2025-09-26T21:44:44","date_gmt":"2025-09-26T13:44:44","guid":{"rendered":"https:\/\/maquinasparafabricarbolsas.co\/es\/?post_type=product&#038;p=29649"},"modified":"2025-10-25T00:55:29","modified_gmt":"2025-10-24T16:55:29","slug":"impresion-rotograbado","status":"publish","type":"product","link":"https:\/\/maquinasparafabricarbolsas.co\/es\/impresion-rotograbado","title":{"rendered":"Impresion Rotograbado"},"content":{"rendered":"<p>Impresi\u00f3n Rotograbado<br \/>\nEsta m\u00e1quina de impresi\u00f3n es adecuada para trabajar con BOPP, PET, CPP, PVC y pel\u00edculas compuestas similares.<br \/>\nLa velocidad de impresi\u00f3n es controlada por un convertidor de frecuencia.<br \/>\nUn sistema de secado permite la r\u00e1pida evaporaci\u00f3n de la tinta sobre la pel\u00edcula impresa.<br \/>\nEl raspador de tinta es ajustable en direcciones izquierda y derecha, as\u00ed como en posiciones arriba y abajo, lo que asegura un raspado limpio y uniforme de la tinta.<br \/>\nMecanismo de elevaci\u00f3n de impresi\u00f3n: el sistema emplea dos cilindros neum\u00e1ticos que elevan y descienden la corredera de posicionamiento y bajan el cilindro durante el proceso de apagado.<br \/>\nLa manija mec\u00e1nica de registro de color: los controles autom\u00e1ticos y la desaceleraci\u00f3n gestionados por computadora aseguran una alta precisi\u00f3n en el registro del color.<br \/>\nEl tensado autom\u00e1tico en la alimentaci\u00f3n y descarga garantiza una tensi\u00f3n uniforme de la pel\u00edcula.<br \/>\nLas alternativas de impresi\u00f3n oscilan entre 1 y 10 colores.<\/p>\n<div id=\"attachment_29859\" style=\"width: 507px\" class=\"wp-caption alignnone\"><img fetchpriority=\"high\" decoding=\"async\" aria-describedby=\"caption-attachment-29859\" class=\" wp-image-29859\" src=\"https:\/\/bolseadora.com.mx\/wp-content\/uploads\/2025\/02\/Impresion-Rotograbado-BOPP-pelicula.jpg\" alt=\"Impresion Rotograbado BOPP pelicula\" width=\"497\" height=\"295\" \/><p id=\"caption-attachment-29859\" class=\"wp-caption-text\">Impresion Rotograbado BOPP pelicula<\/p><\/div>\n<p>Par\u00e1metro principal: (6 color de la unidad 8)<\/p>\n<table border=\"0\" cellpadding=\"0\">\n<tbody>\n<tr>\n<td width=\"227\">Model<\/td>\n<td>KDASY-600<\/td>\n<td>KDASY-800<\/td>\n<td>KDASY-1000<\/td>\n<td>KDASY-1200<\/td>\n<\/tr>\n<tr>\n<td width=\"227\">Impresi\u00f3n Dia (mm)<\/td>\n<td>100-320<\/td>\n<td>100-320<\/td>\n<td>100-320<\/td>\n<td>100-320<\/td>\n<\/tr>\n<tr>\n<td width=\"227\">Ancho de impresi\u00f3n (mm)<\/td>\n<td>600<\/td>\n<td>800<\/td>\n<td>1000<\/td>\n<td>1200<\/td>\n<\/tr>\n<tr>\n<td width=\"227\">Unwinding Dia (mm)<\/td>\n<td>600<\/td>\n<td>600<\/td>\n<td>600<\/td>\n<td>600<\/td>\n<\/tr>\n<tr>\n<td width=\"227\">Dia rebobinado (mm)<\/td>\n<td>600<\/td>\n<td>600<\/td>\n<td>600<\/td>\n<td>600<\/td>\n<\/tr>\n<tr>\n<td width=\"227\">Velocidad de impresi\u00f3n (m \/ min)<\/td>\n<td>10-120<\/td>\n<td>10-120<\/td>\n<td>10-120<\/td>\n<td>10-120<\/td>\n<\/tr>\n<tr>\n<td width=\"227\">Registro de precisi\u00f3n (mm)<\/td>\n<td>\u2264 0.10<\/td>\n<td>\u2264 0.10<\/td>\n<td>\u2264 0.10<\/td>\n<td>\u2264 0.10<\/td>\n<\/tr>\n<tr>\n<td width=\"227\">M\u00e9todo de secado<\/td>\n<td>Electric heating<\/td>\n<td>Electric heating<\/td>\n<td>Electric heating<\/td>\n<td>Electric heating<\/td>\n<\/tr>\n<tr>\n<td width=\"227\">Power Machine (KW)<\/td>\n<td>120<\/td>\n<td>120<\/td>\n<td>122<\/td>\n<td>122<\/td>\n<\/tr>\n<tr>\n<td width=\"227\">Peso (t)<\/td>\n<td>15<\/td>\n<td>16<\/td>\n<td>17<\/td>\n<td>18<\/td>\n<\/tr>\n<tr>\n<td width=\"227\">(M)<\/td>\n<td>10.2&#215;2.3&#215;2.75<\/td>\n<td>10.2&#215;2.5&#215;2.75<\/td>\n<td>10.2&#215;2.7&#215;2.75<\/td>\n<td>10.2&#215;2.9&#215;2.75<\/td>\n<\/tr>\n<\/tbody>\n<\/table>\n","protected":false},"excerpt":{"rendered":"<p>Impresi\u00f3n Rotograbad<\/p>\n","protected":false},"featured_media":29716,"comment_status":"closed","ping_status":"closed","template":"","meta":{"_acf_changed":false},"product_brand":[],"product_cat":[82],"product_tag":[],"class_list":{"0":"post-29649","1":"product","2":"type-product","3":"status-publish","4":"has-post-thumbnail","6":"product_cat-impresion-rotograbado","8":"first","9":"instock","10":"shipping-taxable","11":"product-type-simple"},"acf":[],"_links":{"self":[{"href":"https:\/\/maquinasparafabricarbolsas.co\/es\/wp-json\/wp\/v2\/product\/29649","targetHints":{"allow":["GET"]}}],"collection":[{"href":"https:\/\/maquinasparafabricarbolsas.co\/es\/wp-json\/wp\/v2\/product"}],"about":[{"href":"https:\/\/maquinasparafabricarbolsas.co\/es\/wp-json\/wp\/v2\/types\/product"}],"replies":[{"embeddable":true,"href":"https:\/\/maquinasparafabricarbolsas.co\/es\/wp-json\/wp\/v2\/comments?post=29649"}],"version-history":[{"count":2,"href":"https:\/\/maquinasparafabricarbolsas.co\/es\/wp-json\/wp\/v2\/product\/29649\/revisions"}],"predecessor-version":[{"id":30137,"href":"https:\/\/maquinasparafabricarbolsas.co\/es\/wp-json\/wp\/v2\/product\/29649\/revisions\/30137"}],"wp:featuredmedia":[{"embeddable":true,"href":"https:\/\/maquinasparafabricarbolsas.co\/es\/wp-json\/wp\/v2\/media\/29716"}],"wp:attachment":[{"href":"https:\/\/maquinasparafabricarbolsas.co\/es\/wp-json\/wp\/v2\/media?parent=29649"}],"wp:term":[{"taxonomy":"product_brand","embeddable":true,"href":"https:\/\/maquinasparafabricarbolsas.co\/es\/wp-json\/wp\/v2\/product_brand?post=29649"},{"taxonomy":"product_cat","embeddable":true,"href":"https:\/\/maquinasparafabricarbolsas.co\/es\/wp-json\/wp\/v2\/product_cat?post=29649"},{"taxonomy":"product_tag","embeddable":true,"href":"https:\/\/maquinasparafabricarbolsas.co\/es\/wp-json\/wp\/v2\/product_tag?post=29649"}],"curies":[{"name":"wp","href":"https:\/\/api.w.org\/{rel}","templated":true}]}}