{"id":29650,"date":"2025-09-26T21:44:44","date_gmt":"2025-09-26T13:44:44","guid":{"rendered":"https:\/\/maquinasparafabricarbolsas.co\/es\/?post_type=product&#038;p=29650"},"modified":"2025-10-25T00:51:32","modified_gmt":"2025-10-24T16:51:32","slug":"dos-capas-extrusora-de-stretch-film","status":"publish","type":"product","link":"https:\/\/maquinasparafabricarbolsas.co\/es\/dos-capas-extrusora-de-stretch-film","title":{"rendered":"Dos Capas Extrusora de Stretch Film"},"content":{"rendered":"<p data-rm-block-id=\"block-1\">Extrusi\u00f3n de Stretch Film de Dos Capas<\/p>\n<p data-rm-block-id=\"block-2\">Caracter\u00edsticas de la Extrusora de Stretch Film de Dos Capas:<br \/>\nLa extrusora de stretch film de dos capas est\u00e1 constituida por una extrusora, una matriz y un carrete. Esta maquinaria funde polietileno a altas temperaturas, transform\u00e1ndolo en film estirable de diversas dimensiones y grosores. Su operaci\u00f3n es optimizada mediante un PLC, lo que mejora su funcionalidad.<\/p>\n<p data-rm-block-id=\"block-3\">En la fabricaci\u00f3n de film estirable para embalaje con adhesivo en uno o dos lados, se emplea LLDPE como materia prima predominante. Este film es conocido por su notable resistencia a la tracci\u00f3n, perforaci\u00f3n e impacto.<\/p>\n<p data-rm-block-id=\"block-4\">El convertidor de frecuencia gestiona la velocidad de funcionamiento de la m\u00e1quina, as\u00ed como el grosor de la pel\u00edcula. El PLC se encarga del control general de la m\u00e1quina. Adem\u00e1s, dispone de una pantalla t\u00e1ctil que facilita su manejo.<br \/>\nMateria prima: LLDPE.<br \/>\nAncho de la pel\u00edcula: de 500 mm a 1500 mm.<\/p>\n<p data-rm-block-id=\"block-5\"><img fetchpriority=\"high\" decoding=\"async\" class=\" wp-image-30033\" src=\"https:\/\/maquinasparafabricarbolsas.co\/es\/wp-content\/uploads\/2025\/09\/stretch-film.jpg\" alt=\"stretch film\" width=\"263\" height=\"200\" srcset=\"https:\/\/maquinasparafabricarbolsas.co\/es\/wp-content\/uploads\/2025\/09\/stretch-film.jpg 750w, https:\/\/maquinasparafabricarbolsas.co\/es\/wp-content\/uploads\/2025\/09\/stretch-film-394x300.jpg 394w, https:\/\/maquinasparafabricarbolsas.co\/es\/wp-content\/uploads\/2025\/09\/stretch-film-430x327.jpg 430w, https:\/\/maquinasparafabricarbolsas.co\/es\/wp-content\/uploads\/2025\/09\/stretch-film-700x533.jpg 700w, https:\/\/maquinasparafabricarbolsas.co\/es\/wp-content\/uploads\/2025\/09\/stretch-film-150x114.jpg 150w\" sizes=\"(max-width: 263px) 100vw, 263px\" \/><\/p>\n<p data-rm-block-id=\"block-6\">stretch film<\/p>\n<p data-rm-block-id=\"block-7\"><img decoding=\"async\" class=\" wp-image-30032\" src=\"https:\/\/maquinasparafabricarbolsas.co\/es\/wp-content\/uploads\/2025\/09\/stretch-film-mexico.jpg\" alt=\"stretch flm mexico\" width=\"290\" height=\"203\" srcset=\"https:\/\/maquinasparafabricarbolsas.co\/es\/wp-content\/uploads\/2025\/09\/stretch-film-mexico.jpg 425w, https:\/\/maquinasparafabricarbolsas.co\/es\/wp-content\/uploads\/2025\/09\/stretch-film-mexico-400x280.jpg 400w, https:\/\/maquinasparafabricarbolsas.co\/es\/wp-content\/uploads\/2025\/09\/stretch-film-mexico-150x105.jpg 150w\" sizes=\"(max-width: 290px) 100vw, 290px\" \/><\/p>\n<div id=\"attachment_29935\" style=\"width: 290px\" class=\"wp-caption alignnone\"><img decoding=\"async\" aria-describedby=\"caption-attachment-29935\" class=\"stretch film wp-image-29935\" title=\"stretch film\" src=\"https:\/\/bolseadora.com.mx\/wp-content\/uploads\/2025\/02\/stretch-film-maquina.jpg\" alt=\"stretch film\" width=\"280\" height=\"316\" \/><p id=\"caption-attachment-29935\" class=\"wp-caption-text\">stretch film<\/p><\/div>\n<p data-rm-block-id=\"block-8\">Equipo opcional<br \/>\n1) Auto cargador<br \/>\n2) tolva seco<br \/>\n3) Aire eje<br \/>\n4) Residuos dispositivo de pel\u00edcula<br \/>\n5) Pegamento bomba<br \/>\n6) motorizar cambiador de red<br \/>\n7) cambiador de red hidr\u00e1ulica<\/p>\n<p data-rm-block-id=\"block-9\"><strong>Especificaciones t\u00e9cnicas de la m\u00e1quina de pel\u00edcula estirable<\/strong><\/p>\n<table border=\"0\" cellspacing=\"1\" cellpadding=\"0\">\n<tbody>\n<tr>\n<td data-rm-block-id=\"block-10\"><strong>Art\u00edculo\/Modelo<\/strong><\/td>\n<td data-rm-block-id=\"block-11\"><strong>KD-1000X2<\/strong><\/td>\n<td data-rm-block-id=\"block-12\"><strong>KD-500X2<\/strong><\/td>\n<\/tr>\n<tr>\n<td data-rm-block-id=\"block-13\">Di\u00e1metro\u00a0del\u00a0tornillo\u00a0(mm)<\/td>\n<td data-rm-block-id=\"block-14\">65*2<\/td>\n<td data-rm-block-id=\"block-15\">55*2<\/td>\n<\/tr>\n<tr>\n<td data-rm-block-id=\"block-16\">Ratio del\u00a0tornillo\u00a0(L\/D)<\/td>\n<td data-rm-block-id=\"block-17\">28:1<\/td>\n<td data-rm-block-id=\"block-18\">28:1<\/td>\n<\/tr>\n<tr>\n<td data-rm-block-id=\"block-19\">Ancho\u00a0de la\u00a0cabeza\u00a0matriz\u00a0(mm)<\/td>\n<td data-rm-block-id=\"block-20\">1250<\/td>\n<td data-rm-block-id=\"block-21\">650<\/td>\n<\/tr>\n<tr>\n<td data-rm-block-id=\"block-22\">Ancho\u00a0de los\u00a0productos\u00a0terminados(mm)<\/td>\n<td data-rm-block-id=\"block-23\">1000 (500*2rollers)<\/td>\n<td data-rm-block-id=\"block-24\">500 (250*2\u00a0rollos)<\/td>\n<\/tr>\n<tr>\n<td data-rm-block-id=\"block-25\">Grosor de\u00a0productor\u00a0terminados(mm)<\/td>\n<td data-rm-block-id=\"block-26\">0.017-0.05<\/td>\n<td data-rm-block-id=\"block-27\">0.017-0.05<\/td>\n<\/tr>\n<tr>\n<td data-rm-block-id=\"block-28\">Estructura de la capas de pel\u00edculas<\/td>\n<td data-rm-block-id=\"block-29\">A\/B<\/td>\n<td data-rm-block-id=\"block-30\">A\/B<\/td>\n<\/tr>\n<tr>\n<td data-rm-block-id=\"block-31\">Salida m\u00e1xima (kg\/h)<\/td>\n<td data-rm-block-id=\"block-32\">100<\/td>\n<td data-rm-block-id=\"block-33\">40<\/td>\n<\/tr>\n<tr>\n<td data-rm-block-id=\"block-34\">Maquinaria de la velocidad lineal (m\/min)<\/td>\n<td data-rm-block-id=\"block-35\">50-100<\/td>\n<td data-rm-block-id=\"block-36\">10-120<\/td>\n<\/tr>\n<tr>\n<td data-rm-block-id=\"block-37\">Potencia total (KW)<\/td>\n<td data-rm-block-id=\"block-38\">140<\/td>\n<td data-rm-block-id=\"block-39\">50<\/td>\n<\/tr>\n<tr>\n<td data-rm-block-id=\"block-40\">Dimensiones totales (L*A*A)m<\/td>\n<td data-rm-block-id=\"block-41\">10*4*3<\/td>\n<td data-rm-block-id=\"block-42\">6*1.5*2.5<\/td>\n<\/tr>\n<tr>\n<td data-rm-block-id=\"block-43\">Peso (T) (Alrededor)<\/td>\n<td data-rm-block-id=\"block-44\">8<\/td>\n<td data-rm-block-id=\"block-45\">3<\/td>\n<\/tr>\n<\/tbody>\n<\/table>\n","protected":false},"excerpt":{"rendered":"<p>Extrusi\u00f3n de Stretch<\/p>\n","protected":false},"featured_media":29718,"comment_status":"closed","ping_status":"closed","template":"","meta":{"_acf_changed":false},"product_brand":[],"product_cat":[81],"product_tag":[],"class_list":{"0":"post-29650","1":"product","2":"type-product","3":"status-publish","4":"has-post-thumbnail","6":"product_cat-extrusora-de-stretch-film","8":"first","9":"instock","10":"shipping-taxable","11":"product-type-simple"},"acf":[],"_links":{"self":[{"href":"https:\/\/maquinasparafabricarbolsas.co\/es\/wp-json\/wp\/v2\/product\/29650","targetHints":{"allow":["GET"]}}],"collection":[{"href":"https:\/\/maquinasparafabricarbolsas.co\/es\/wp-json\/wp\/v2\/product"}],"about":[{"href":"https:\/\/maquinasparafabricarbolsas.co\/es\/wp-json\/wp\/v2\/types\/product"}],"replies":[{"embeddable":true,"href":"https:\/\/maquinasparafabricarbolsas.co\/es\/wp-json\/wp\/v2\/comments?post=29650"}],"version-history":[{"count":2,"href":"https:\/\/maquinasparafabricarbolsas.co\/es\/wp-json\/wp\/v2\/product\/29650\/revisions"}],"predecessor-version":[{"id":30135,"href":"https:\/\/maquinasparafabricarbolsas.co\/es\/wp-json\/wp\/v2\/product\/29650\/revisions\/30135"}],"wp:featuredmedia":[{"embeddable":true,"href":"https:\/\/maquinasparafabricarbolsas.co\/es\/wp-json\/wp\/v2\/media\/29718"}],"wp:attachment":[{"href":"https:\/\/maquinasparafabricarbolsas.co\/es\/wp-json\/wp\/v2\/media?parent=29650"}],"wp:term":[{"taxonomy":"product_brand","embeddable":true,"href":"https:\/\/maquinasparafabricarbolsas.co\/es\/wp-json\/wp\/v2\/product_brand?post=29650"},{"taxonomy":"product_cat","embeddable":true,"href":"https:\/\/maquinasparafabricarbolsas.co\/es\/wp-json\/wp\/v2\/product_cat?post=29650"},{"taxonomy":"product_tag","embeddable":true,"href":"https:\/\/maquinasparafabricarbolsas.co\/es\/wp-json\/wp\/v2\/product_tag?post=29650"}],"curies":[{"name":"wp","href":"https:\/\/api.w.org\/{rel}","templated":true}]}}