{"id":29651,"date":"2025-09-26T21:44:44","date_gmt":"2025-09-26T13:44:44","guid":{"rendered":"https:\/\/maquinasparafabricarbolsas.co\/es\/?post_type=product&#038;p=29651"},"modified":"2025-10-25T00:47:33","modified_gmt":"2025-10-24T16:47:33","slug":"uno-capa-la-maquina-para-stretch-film-kd-500","status":"publish","type":"product","link":"https:\/\/maquinasparafabricarbolsas.co\/es\/extrusora-para-stretch-film-uno-capa","title":{"rendered":"Uno Capa Extrusion de Stretch Film"},"content":{"rendered":"<p data-rm-block-id=\"block-1\">Caracter\u00edsticas de la Uno Capa Extrusion de Stretch Film:<\/p>\n<p data-rm-block-id=\"block-2\">La Uno Capa Extrusora de Stretch Film est\u00e1 compuesta por una unidad de extrusi\u00f3n, una matriz y un carrete. Este equipo tiene la capacidad de fundir polietileno a altas temperaturas, lo que permite la producci\u00f3n de film estirable en diferentes anchos y grosores. Su operaci\u00f3n es controlada mediante un PLC, lo que mejora su eficiencia.<\/p>\n<p data-rm-block-id=\"block-3\">Entre las caracter\u00edsticas de la Uno Capa Extrusora de Stretch Film se incluyen:<\/p>\n<p data-rm-block-id=\"block-4\">&#8211; Un convertidor de frecuencia que regula la velocidad de funcionamiento de la m\u00e1quina.<br \/>\n&#8211; El espesor de la pel\u00edcula es ajustado por el mismo convertidor de frecuencia.<br \/>\n&#8211; La supervisi\u00f3n del funcionamiento del equipo se realiza a trav\u00e9s de un PLC.<br \/>\n&#8211; Se incorpora una pantalla t\u00e1ctil que facilita la operaci\u00f3n del equipo.<br \/>\n&#8211; La materia prima utilizada en el proceso es LPDE.<br \/>\n&#8211; El ancho de la pel\u00edcula puede variar entre 500 mm y 1500 mm.<br \/>\n&#8211; Se cuenta con un sistema autom\u00e1tico de cambio de rollo.<br \/>\n&#8211; Incluye un contador de metros para seguimiento de producci\u00f3n.<br \/>\n&#8211; Posee un dispositivo para la recuperaci\u00f3n de desperdicios de film estirable.<\/p>\n<p data-rm-block-id=\"block-5\"><img fetchpriority=\"high\" decoding=\"async\" class=\" wp-image-30033\" src=\"https:\/\/maquinasparafabricarbolsas.co\/es\/wp-content\/uploads\/2025\/09\/stretch-film.jpg\" alt=\"stretch film\" width=\"263\" height=\"200\" srcset=\"https:\/\/maquinasparafabricarbolsas.co\/es\/wp-content\/uploads\/2025\/09\/stretch-film.jpg 750w, https:\/\/maquinasparafabricarbolsas.co\/es\/wp-content\/uploads\/2025\/09\/stretch-film-394x300.jpg 394w, https:\/\/maquinasparafabricarbolsas.co\/es\/wp-content\/uploads\/2025\/09\/stretch-film-430x327.jpg 430w, https:\/\/maquinasparafabricarbolsas.co\/es\/wp-content\/uploads\/2025\/09\/stretch-film-700x533.jpg 700w, https:\/\/maquinasparafabricarbolsas.co\/es\/wp-content\/uploads\/2025\/09\/stretch-film-150x114.jpg 150w\" sizes=\"(max-width: 263px) 100vw, 263px\" \/><\/p>\n<p data-rm-block-id=\"block-6\">stretch film<\/p>\n<div id=\"attachment_30032\" style=\"width: 300px\" class=\"wp-caption alignnone\"><img decoding=\"async\" aria-describedby=\"caption-attachment-30032\" class=\" wp-image-30032\" src=\"https:\/\/maquinasparafabricarbolsas.co\/es\/wp-content\/uploads\/2025\/09\/stretch-film-mexico.jpg\" alt=\"stretch flm mexico\" width=\"290\" height=\"203\" srcset=\"https:\/\/maquinasparafabricarbolsas.co\/es\/wp-content\/uploads\/2025\/09\/stretch-film-mexico.jpg 425w, https:\/\/maquinasparafabricarbolsas.co\/es\/wp-content\/uploads\/2025\/09\/stretch-film-mexico-400x280.jpg 400w, https:\/\/maquinasparafabricarbolsas.co\/es\/wp-content\/uploads\/2025\/09\/stretch-film-mexico-150x105.jpg 150w\" sizes=\"(max-width: 290px) 100vw, 290px\" \/><p id=\"caption-attachment-30032\" class=\"wp-caption-text\">stretch flm mexico<\/p><\/div>\n<div id=\"attachment_29935\" style=\"width: 290px\" class=\"wp-caption alignnone\"><img decoding=\"async\" aria-describedby=\"caption-attachment-29935\" class=\"stretch film wp-image-29935\" title=\"stretch film\" src=\"https:\/\/bolseadora.com.mx\/wp-content\/uploads\/2025\/02\/stretch-film-maquina.jpg\" alt=\"stretch film\" width=\"280\" height=\"316\" \/><p id=\"caption-attachment-29935\" class=\"wp-caption-text\">stretch film<\/p><\/div>\n<p data-rm-block-id=\"block-7\"><strong>Equipo opcional<\/strong><br \/>\n1) Auto cargador<br \/>\n2) tolva seco<br \/>\n3) Aire eje<br \/>\n4) Residuos dispositivo de pel\u00edcula<br \/>\n5) Pegamento bomba<br \/>\n6) motorizar cambiador de red<br \/>\n7) cambiador de red hidr\u00e1ulica<br \/>\n<strong>Especificaciones t\u00e9cnicas de la m\u00e1quina de pel\u00edcula estirable de capasencilla<\/strong><\/p>\n<table border=\"0\" cellspacing=\"1\" cellpadding=\"0\">\n<tbody>\n<tr>\n<td data-rm-block-id=\"block-8\">&lt;span<strong>Art\u00edculo\/Modelo<\/strong><\/td>\n<td data-rm-block-id=\"block-9\">&lt;span<strong>KD-1000X1<\/strong><\/td>\n<td data-rm-block-id=\"block-10\">&lt;span<strong>KD-500X1<\/strong><\/td>\n<\/tr>\n<tr>\n<td data-rm-block-id=\"block-11\">&lt;spanDi\u00e1metro\u00a0del\u00a0tornillo\u00a0(mm)<\/td>\n<td data-rm-block-id=\"block-12\">&lt;span65*1<\/td>\n<td data-rm-block-id=\"block-13\">&lt;span55*1<\/td>\n<\/tr>\n<tr>\n<td data-rm-block-id=\"block-14\">&lt;spanRatio del\u00a0tornillo\u00a0(L\/D)<\/td>\n<td data-rm-block-id=\"block-15\">&lt;span28:1<\/td>\n<td data-rm-block-id=\"block-16\">&lt;span28:1<\/td>\n<\/tr>\n<tr>\n<td data-rm-block-id=\"block-17\">&lt;span<span data-scayt_word=\"Ancho\" data-scaytid=\"216\">Ancho<\/span>\u00a0de la\u00a0<span data-scayt_word=\"cabeza\" data-scaytid=\"218\">cabeza<\/span>\u00a0<span data-scayt_word=\"matriz\" data-scaytid=\"219\">matriz<\/span>\u00a0(mm)<\/td>\n<td data-rm-block-id=\"block-18\">&lt;span1250<\/td>\n<td data-rm-block-id=\"block-19\">&lt;span650<\/td>\n<\/tr>\n<tr>\n<td data-rm-block-id=\"block-20\">&lt;span<span data-scayt_word=\"Ancho\" data-scaytid=\"217\">Ancho<\/span>\u00a0de los\u00a0<span data-scayt_word=\"productos\" data-scaytid=\"220\">productos<\/span>\u00a0<span data-scayt_word=\"terminados\" data-scaytid=\"221\">terminados<\/span>(mm)<\/td>\n<td data-rm-block-id=\"block-21\">&lt;span1000 (500*<span data-scayt_word=\"2rollers\" data-scaytid=\"222\">2rollers<\/span>)<\/td>\n<td data-rm-block-id=\"block-22\">&lt;span500 (250*2\u00a0<span data-scayt_word=\"rollos\" data-scaytid=\"224\">rollos<\/span>)<\/td>\n<\/tr>\n<tr>\n<td data-rm-block-id=\"block-23\">&lt;span<span data-scayt_word=\"Grosor\" data-scaytid=\"225\">Grosor<\/span>\u00a0de\u00a0<span data-scayt_word=\"productor\" data-scaytid=\"226\">productor<\/span>\u00a0<span data-scayt_word=\"terminados\" data-scaytid=\"223\">terminados<\/span>(mm)<\/td>\n<td data-rm-block-id=\"block-24\">&lt;span0.017-0.05<\/td>\n<td data-rm-block-id=\"block-25\">&lt;span0.017-0.05<\/td>\n<\/tr>\n<tr>\n<td data-rm-block-id=\"block-26\">&lt;span<span data-scayt_word=\"Estructura\" data-scaytid=\"228\">Estructura<\/span>\u00a0de la\u00a0<span data-scayt_word=\"capas\" data-scaytid=\"229\">capas<\/span>\u00a0de\u00a0pel\u00edculas<\/td>\n<td data-rm-block-id=\"block-27\">&lt;span&#8211;<\/td>\n<td data-rm-block-id=\"block-28\">&lt;span&#8211;<\/td>\n<\/tr>\n<tr>\n<td data-rm-block-id=\"block-29\">&lt;spanSalida\u00a0m\u00e1xima\u00a0(kg\/h)<\/td>\n<td data-rm-block-id=\"block-30\">&lt;span100<\/td>\n<td data-rm-block-id=\"block-31\">&lt;span40<\/td>\n<\/tr>\n<tr>\n<td data-rm-block-id=\"block-32\">&lt;spanMaquinaria\u00a0de la\u00a0velocidad\u00a0lineal (m\/min)<\/td>\n<td data-rm-block-id=\"block-33\">&lt;span50-100<\/td>\n<td data-rm-block-id=\"block-34\">&lt;span10-120<\/td>\n<\/tr>\n<tr>\n<td data-rm-block-id=\"block-35\">&lt;spanPotencia\u00a0total (KW)<\/td>\n<td data-rm-block-id=\"block-36\">&lt;span120<\/td>\n<td data-rm-block-id=\"block-37\">&lt;span50<\/td>\n<\/tr>\n<tr>\n<td data-rm-block-id=\"block-38\">&lt;spanDimensiones\u00a0totales\u00a0(L*A*A)m<\/td>\n<td data-rm-block-id=\"block-39\">&lt;span10*4*3<\/td>\n<td data-rm-block-id=\"block-40\">&lt;span5.5*1.5*1.8<\/td>\n<\/tr>\n<tr>\n<td data-rm-block-id=\"block-41\">&lt;spanPeso (T) (Alrededor)<\/td>\n<td data-rm-block-id=\"block-42\">&lt;span4.5<\/td>\n<td data-rm-block-id=\"block-43\">&lt;span2.2<\/td>\n<\/tr>\n<\/tbody>\n<\/table>\n","protected":false},"excerpt":{"rendered":"<p>Caracter\u00edsticas de l<\/p>\n","protected":false},"featured_media":29720,"comment_status":"closed","ping_status":"closed","template":"","meta":{"_acf_changed":false},"product_brand":[],"product_cat":[81],"product_tag":[],"class_list":{"0":"post-29651","1":"product","2":"type-product","3":"status-publish","4":"has-post-thumbnail","6":"product_cat-extrusora-de-stretch-film","8":"first","9":"instock","10":"shipping-taxable","11":"product-type-simple"},"acf":[],"_links":{"self":[{"href":"https:\/\/maquinasparafabricarbolsas.co\/es\/wp-json\/wp\/v2\/product\/29651","targetHints":{"allow":["GET"]}}],"collection":[{"href":"https:\/\/maquinasparafabricarbolsas.co\/es\/wp-json\/wp\/v2\/product"}],"about":[{"href":"https:\/\/maquinasparafabricarbolsas.co\/es\/wp-json\/wp\/v2\/types\/product"}],"replies":[{"embeddable":true,"href":"https:\/\/maquinasparafabricarbolsas.co\/es\/wp-json\/wp\/v2\/comments?post=29651"}],"version-history":[{"count":2,"href":"https:\/\/maquinasparafabricarbolsas.co\/es\/wp-json\/wp\/v2\/product\/29651\/revisions"}],"predecessor-version":[{"id":30133,"href":"https:\/\/maquinasparafabricarbolsas.co\/es\/wp-json\/wp\/v2\/product\/29651\/revisions\/30133"}],"wp:featuredmedia":[{"embeddable":true,"href":"https:\/\/maquinasparafabricarbolsas.co\/es\/wp-json\/wp\/v2\/media\/29720"}],"wp:attachment":[{"href":"https:\/\/maquinasparafabricarbolsas.co\/es\/wp-json\/wp\/v2\/media?parent=29651"}],"wp:term":[{"taxonomy":"product_brand","embeddable":true,"href":"https:\/\/maquinasparafabricarbolsas.co\/es\/wp-json\/wp\/v2\/product_brand?post=29651"},{"taxonomy":"product_cat","embeddable":true,"href":"https:\/\/maquinasparafabricarbolsas.co\/es\/wp-json\/wp\/v2\/product_cat?post=29651"},{"taxonomy":"product_tag","embeddable":true,"href":"https:\/\/maquinasparafabricarbolsas.co\/es\/wp-json\/wp\/v2\/product_tag?post=29651"}],"curies":[{"name":"wp","href":"https:\/\/api.w.org\/{rel}","templated":true}]}}