{"id":29652,"date":"2025-09-26T21:44:44","date_gmt":"2025-09-26T13:44:44","guid":{"rendered":"https:\/\/maquinasparafabricarbolsas.co\/es\/?post_type=product&#038;p=29652"},"modified":"2025-10-25T00:45:45","modified_gmt":"2025-10-24T16:45:45","slug":"refiladora-stretch-film","status":"publish","type":"product","link":"https:\/\/maquinasparafabricarbolsas.co\/es\/refiladora-stretch-film-en-bogota","title":{"rendered":"Refiladora Stretch Film"},"content":{"rendered":"<p>Refiladora Stretch Film:<\/p>\n<p>Esta m\u00e1quina multifuncional combina capacidades de corte y rebobinado. Su objetivo principal es la segmentaci\u00f3n de rollos de film stretch de gran tama\u00f1o en porciones m\u00e1s reducidas, evitando as\u00ed la ruptura del material y mejorando diversos aspectos t\u00e9cnicos del producto, como la calidad de nivelaci\u00f3n y la presentaci\u00f3n visual. La rebobinadora stretch film es crucial para asegurar un acabado de alta calidad.<\/p>\n<p data-rm-block-id=\"block-3\"><img decoding=\"async\" class=\"alignnone size-full wp-image-28722\" src=\"https:\/\/bolseadora.com.mx\/wp-content\/uploads\/2025\/02\/200851585438280.jpg\" alt=\"\" width=\"499\" height=\"91\" srcset=\"https:\/\/maquinasparafabricarbolsas.co\/es\/wp-content\/uploads\/2025\/02\/200851585438280.jpg 499w, https:\/\/maquinasparafabricarbolsas.co\/es\/wp-content\/uploads\/2025\/02\/200851585438280-400x73.jpg 400w, https:\/\/maquinasparafabricarbolsas.co\/es\/wp-content\/uploads\/2025\/02\/200851585438280-430x78.jpg 430w, https:\/\/maquinasparafabricarbolsas.co\/es\/wp-content\/uploads\/2025\/02\/200851585438280-150x27.jpg 150w\" sizes=\"(max-width: 499px) 100vw, 499px\" \/><\/p>\n<p data-rm-block-id=\"block-4\"><img decoding=\"async\" class=\"alignnone size-full wp-image-28723\" src=\"https:\/\/bolseadora.com.mx\/wp-content\/uploads\/2025\/02\/200851585722991.jpg\" alt=\"\" width=\"499\" srcset=\"https:\/\/maquinasparafabricarbolsas.co\/es\/wp-content\/uploads\/2025\/02\/200851585722991.jpg 544w, https:\/\/maquinasparafabricarbolsas.co\/es\/wp-content\/uploads\/2025\/02\/200851585722991-400x110.jpg 400w, https:\/\/maquinasparafabricarbolsas.co\/es\/wp-content\/uploads\/2025\/02\/200851585722991-430x119.jpg 430w, https:\/\/maquinasparafabricarbolsas.co\/es\/wp-content\/uploads\/2025\/02\/200851585722991-150x41.jpg 150w\" sizes=\"(max-width: 544px) 100vw, 544px\" \/><\/p>\n<p data-rm-block-id=\"block-5\">Main Technical Parameters:<\/p>\n<table border=\"0\" cellspacing=\"0\" cellpadding=\"5\">\n<tbody>\n<tr>\n<td width=\"51%\">\n<div data-rm-block-id=\"block-6\">Model<\/div>\n<\/td>\n<td width=\"48%\">\n<div data-rm-block-id=\"block-7\"><span data-scayt_word=\"KDRW-500\" data-scaytid=\"11\">KDRW-500<\/span><\/div>\n<\/td>\n<\/tr>\n<tr>\n<td width=\"51%\">\n<div data-rm-block-id=\"block-8\">Width of finished product<\/div>\n<\/td>\n<td width=\"48%\">\n<div data-rm-block-id=\"block-9\"><span data-scayt_word=\"500mm\" data-scaytid=\"12\">500mm<\/span><\/div>\n<\/td>\n<\/tr>\n<tr>\n<td width=\"51%\">\n<div data-rm-block-id=\"block-10\">Power of motor<\/div>\n<\/td>\n<td width=\"48%\">\n<div data-rm-block-id=\"block-11\">1.5KW<\/div>\n<\/td>\n<\/tr>\n<tr>\n<td width=\"51%\">\n<div data-rm-block-id=\"block-12\">Mechanical linear speed (max)<\/div>\n<\/td>\n<td width=\"48%\">\n<div data-rm-block-id=\"block-13\">400 m\/min<\/div>\n<\/td>\n<\/tr>\n<tr>\n<td width=\"51%\">\n<div data-rm-block-id=\"block-14\">Roll Laying Mode<\/div>\n<\/td>\n<td width=\"48%\">\n<div data-rm-block-id=\"block-15\">By hand<\/div>\n<\/td>\n<\/tr>\n<tr>\n<td width=\"51%\">\n<div data-rm-block-id=\"block-16\">Diameter of parent roll(max)<\/div>\n<\/td>\n<td width=\"48%\">\n<div data-rm-block-id=\"block-17\"><span data-scayt_word=\"400mm\" data-scaytid=\"13\">400mm<\/span><\/div>\n<\/td>\n<\/tr>\n<tr>\n<td width=\"51%\">\n<div data-rm-block-id=\"block-18\">Width of parent roll (max)<\/div>\n<\/td>\n<td width=\"48%\">\n<div data-rm-block-id=\"block-19\"><span data-scayt_word=\"500mm\" data-scaytid=\"14\">500mm<\/span><\/div>\n<\/td>\n<\/tr>\n<tr>\n<td width=\"51%\">\n<div data-rm-block-id=\"block-20\">Core specification of parent roll<\/div>\n<\/td>\n<td width=\"48%\">\n<div data-rm-block-id=\"block-21\">3&#8243;<\/div>\n<\/td>\n<\/tr>\n<tr>\n<td>\n<div data-rm-block-id=\"block-22\">Width of sub-roll<\/div>\n<\/td>\n<td>\n<div data-rm-block-id=\"block-23\"><span data-scayt_word=\"500mm\" data-scaytid=\"15\">500mm<\/span><\/div>\n<\/td>\n<\/tr>\n<tr>\n<td>\n<div data-rm-block-id=\"block-24\">Diameter of sub-roll (max)<\/div>\n<\/td>\n<td>\n<div data-rm-block-id=\"block-25\"><span data-scayt_word=\"300mm\" data-scaytid=\"16\">300mm<\/span><\/div>\n<\/td>\n<\/tr>\n<tr>\n<td>\n<div data-rm-block-id=\"block-26\">Core <span data-scayt_word=\"speciation\" data-scaytid=\"17\">speciation<\/span> of sub-roll<\/div>\n<\/td>\n<td>\n<div data-rm-block-id=\"block-27\">3&#8243; ,\u00a0\u00a0 2&#8243;<\/div>\n<\/td>\n<\/tr>\n<tr>\n<td width=\"51%\">\n<div data-rm-block-id=\"block-28\">Dimensions (L*W*H)<\/div>\n<\/td>\n<td width=\"48%\">\n<div data-rm-block-id=\"block-29\">1.4*1.1*1.1m<\/div>\n<\/td>\n<\/tr>\n<tr>\n<td width=\"51%\">\n<div data-rm-block-id=\"block-30\">Weight<\/div>\n<\/td>\n<td width=\"48%\">\n<div data-rm-block-id=\"block-31\">700 Kg<\/div>\n<\/td>\n<\/tr>\n<\/tbody>\n<\/table>\n","protected":false},"excerpt":{"rendered":"<p>Refiladora Stretch F<\/p>\n","protected":false},"featured_media":29722,"comment_status":"closed","ping_status":"closed","template":"","meta":{"_acf_changed":false},"product_brand":[],"product_cat":[81],"product_tag":[],"class_list":{"0":"post-29652","1":"product","2":"type-product","3":"status-publish","4":"has-post-thumbnail","6":"product_cat-extrusora-de-stretch-film","8":"first","9":"instock","10":"shipping-taxable","11":"product-type-simple"},"acf":[],"_links":{"self":[{"href":"https:\/\/maquinasparafabricarbolsas.co\/es\/wp-json\/wp\/v2\/product\/29652","targetHints":{"allow":["GET"]}}],"collection":[{"href":"https:\/\/maquinasparafabricarbolsas.co\/es\/wp-json\/wp\/v2\/product"}],"about":[{"href":"https:\/\/maquinasparafabricarbolsas.co\/es\/wp-json\/wp\/v2\/types\/product"}],"replies":[{"embeddable":true,"href":"https:\/\/maquinasparafabricarbolsas.co\/es\/wp-json\/wp\/v2\/comments?post=29652"}],"version-history":[{"count":2,"href":"https:\/\/maquinasparafabricarbolsas.co\/es\/wp-json\/wp\/v2\/product\/29652\/revisions"}],"predecessor-version":[{"id":30131,"href":"https:\/\/maquinasparafabricarbolsas.co\/es\/wp-json\/wp\/v2\/product\/29652\/revisions\/30131"}],"wp:featuredmedia":[{"embeddable":true,"href":"https:\/\/maquinasparafabricarbolsas.co\/es\/wp-json\/wp\/v2\/media\/29722"}],"wp:attachment":[{"href":"https:\/\/maquinasparafabricarbolsas.co\/es\/wp-json\/wp\/v2\/media?parent=29652"}],"wp:term":[{"taxonomy":"product_brand","embeddable":true,"href":"https:\/\/maquinasparafabricarbolsas.co\/es\/wp-json\/wp\/v2\/product_brand?post=29652"},{"taxonomy":"product_cat","embeddable":true,"href":"https:\/\/maquinasparafabricarbolsas.co\/es\/wp-json\/wp\/v2\/product_cat?post=29652"},{"taxonomy":"product_tag","embeddable":true,"href":"https:\/\/maquinasparafabricarbolsas.co\/es\/wp-json\/wp\/v2\/product_tag?post=29652"}],"curies":[{"name":"wp","href":"https:\/\/api.w.org\/{rel}","templated":true}]}}