{"id":29693,"date":"2025-09-26T21:45:08","date_gmt":"2025-09-26T13:45:08","guid":{"rendered":"https:\/\/maquinasparafabricarbolsas.co\/es\/?post_type=product&#038;p=29693"},"modified":"2025-10-25T01:54:38","modified_gmt":"2025-10-24T17:54:38","slug":"dos-capas-extrusora-de-pelicula-poli-burbuja","status":"publish","type":"product","link":"https:\/\/maquinasparafabricarbolsas.co\/es\/dos-capas-maquina-para-hacer-burbujas-de-plasticas","title":{"rendered":"Dos Capas Maquina Para Hacer Burbujas de Plasticas"},"content":{"rendered":"<p>Dos Capas Maquina Para Hacer Burbujas de Plasticas<\/p>\n<p>La Dos Capas M\u00e1quina Para Hacer Burbujas de Pl\u00e1sticos, tambi\u00e9n denominada extrusora de pel\u00edcula de burbujas de aire, utiliza polietileno de baja densidad (LDPE) junto con materiales reciclados de LDPE. Este equipo se presenta en anchos que var\u00edan desde 1200 mm hasta 3000 mm, produciendo pel\u00edcula de burbujas de dos capas. Es compatible con fuentes de alimentaci\u00f3n de 220 V, 380 V, 440 V o 480 V, y tiene la capacidad de generar pel\u00edcula de burbujas en varios colores, como rojo, azul y amarillo. Su dise\u00f1o sencillo y su facilidad de operaci\u00f3n la hacen adecuada para un funcionamiento continuo durante las 24 horas.<\/p>\n<p>Caracter\u00edsticas de la extrusora de pel\u00edcula de burbujas de dos capas:<br \/>\nTornillo y cilindro de alta calidad.<br \/>\nControl de velocidad mediante inversor.<br \/>\nControl autom\u00e1tico de temperatura.<br \/>\nProducci\u00f3n de pel\u00edcula de burbujas de dos capas.<br \/>\nMaterial: LDPE.<br \/>\nAnchos disponibles: 1200 mm, 1500 mm, 2000 mm, 2500 mm, 3000 mm.<\/p>\n<p data-rm-block-id=\"block-4\"><img loading=\"lazy\" decoding=\"async\" class=\"pelicula Poli Burbuja wp-image-29909\" title=\"pelicula Poli Burbuja\" src=\"https:\/\/bolseadora.com.mx\/wp-content\/uploads\/2025\/02\/pelicula-Poli-Burbuja.jpg\" alt=\"pelicula Poli Burbuja\" width=\"553\" height=\"275\" \/><\/p>\n<p data-rm-block-id=\"block-5\">Main Technical Variables:<\/p>\n<table border=\"0\" cellspacing=\"1\" cellpadding=\"0\">\n<tbody>\n<tr>\n<td width=\"95\">\n<div data-rm-block-id=\"block-6\">Model<\/div>\n<\/td>\n<td width=\"94\">\n<div data-rm-block-id=\"block-7\"><span data-scayt_word=\"KDPE-1000\" data-scaytid=\"17\">KDPE-1000<\/span><\/div>\n<\/td>\n<td width=\"94\">\n<div data-rm-block-id=\"block-8\"><span data-scayt_word=\"KDPE-1200\" data-scaytid=\"18\">KDPE-1200<\/span><\/div>\n<\/td>\n<td width=\"92\">\n<div data-rm-block-id=\"block-9\"><span data-scayt_word=\"KDPE-1500\" data-scaytid=\"19\">KDPE-1500<\/span><\/div>\n<\/td>\n<td>\n<div data-rm-block-id=\"block-10\"><span data-scayt_word=\"KDPE-2000\" data-scaytid=\"20\">KDPE-2000<\/span><\/div>\n<\/td>\n<td>\n<div data-rm-block-id=\"block-11\"><span data-scayt_word=\"KDPE-2500\" data-scaytid=\"21\">KDPE-2500<\/span><\/div>\n<\/td>\n<\/tr>\n<tr>\n<td width=\"95\">\n<div data-rm-block-id=\"block-12\">Screw <span data-scayt_word=\"Dia\" data-scaytid=\"22\">Dia<\/span>.<\/div>\n<\/td>\n<td width=\"94\">\n<div data-rm-block-id=\"block-13\"><span data-scayt_word=\"60mm\" data-scaytid=\"23\">60mm<\/span><\/div>\n<\/td>\n<td width=\"94\">\n<div data-rm-block-id=\"block-14\"><span data-scayt_word=\"65mm\" data-scaytid=\"24\">65mm<\/span><\/div>\n<\/td>\n<td width=\"92\">\n<div data-rm-block-id=\"block-15\"><span data-scayt_word=\"75mm\" data-scaytid=\"25\">75mm<\/span><\/div>\n<\/td>\n<td>\n<div data-rm-block-id=\"block-16\"><span data-scayt_word=\"95mm\" data-scaytid=\"26\">95mm<\/span><\/div>\n<\/td>\n<td>\n<div data-rm-block-id=\"block-17\"><span data-scayt_word=\"110mm\" data-scaytid=\"27\">110mm<\/span><\/div>\n<\/td>\n<\/tr>\n<tr>\n<td width=\"95\">\n<div data-rm-block-id=\"block-18\">Film width<\/div>\n<\/td>\n<td width=\"94\">\n<div data-rm-block-id=\"block-19\"><span data-scayt_word=\"1000mm\" data-scaytid=\"28\">1000mm<\/span><\/div>\n<\/td>\n<td width=\"94\">\n<div data-rm-block-id=\"block-20\"><span data-scayt_word=\"1200mm\" data-scaytid=\"29\">1200mm<\/span><\/div>\n<\/td>\n<td width=\"92\">\n<div data-rm-block-id=\"block-21\"><span data-scayt_word=\"1500mm\" data-scaytid=\"30\">1500mm<\/span><\/div>\n<\/td>\n<td>\n<div data-rm-block-id=\"block-22\"><span data-scayt_word=\"2000mm\" data-scaytid=\"31\">2000mm<\/span><\/div>\n<\/td>\n<td>\n<div data-rm-block-id=\"block-23\"><span data-scayt_word=\"2500mm\" data-scaytid=\"32\">2500mm<\/span><\/div>\n<\/td>\n<\/tr>\n<tr>\n<td width=\"95\">\n<div data-rm-block-id=\"block-24\">Output<\/div>\n<\/td>\n<td width=\"94\">\n<div data-rm-block-id=\"block-25\"><span data-scayt_word=\"50kg\" data-scaytid=\"33\">50kg<\/span>\/h<\/div>\n<\/td>\n<td width=\"94\">\n<div data-rm-block-id=\"block-26\"><span data-scayt_word=\"70kg\" data-scaytid=\"34\">70kg<\/span>\/h<\/div>\n<\/td>\n<td width=\"92\">\n<div data-rm-block-id=\"block-27\"><span data-scayt_word=\"100kg\" data-scaytid=\"1\">100kg<\/span>\/h<\/div>\n<\/td>\n<td>\n<div data-rm-block-id=\"block-28\"><span data-scayt_word=\"150kg\" data-scaytid=\"2\">150kg<\/span>\/h<\/div>\n<\/td>\n<td>\n<div data-rm-block-id=\"block-29\"><span data-scayt_word=\"180kg\" data-scaytid=\"3\">180kg<\/span>\/h<\/div>\n<\/td>\n<\/tr>\n<tr>\n<td width=\"95\">\n<div data-rm-block-id=\"block-30\">Total Power<\/div>\n<\/td>\n<td width=\"94\">\n<div data-rm-block-id=\"block-31\"><span data-scayt_word=\"48kw\" data-scaytid=\"4\">48kw<\/span><\/div>\n<\/td>\n<td width=\"94\">\n<div data-rm-block-id=\"block-32\"><span data-scayt_word=\"58kw\" data-scaytid=\"5\">58kw<\/span><\/div>\n<\/td>\n<td width=\"92\">\n<div data-rm-block-id=\"block-33\"><span data-scayt_word=\"68kw\" data-scaytid=\"6\">68kw<\/span><\/div>\n<\/td>\n<td>\n<div data-rm-block-id=\"block-34\"><span data-scayt_word=\"100kw\" data-scaytid=\"7\">100kw<\/span><\/div>\n<\/td>\n<td>\n<div data-rm-block-id=\"block-35\"><span data-scayt_word=\"130kw\" data-scaytid=\"8\">130kw<\/span><\/div>\n<\/td>\n<\/tr>\n<tr>\n<td width=\"95\">\n<div data-rm-block-id=\"block-36\">L\/D<\/div>\n<\/td>\n<td width=\"94\">\n<div data-rm-block-id=\"block-37\">28:1<\/div>\n<\/td>\n<td width=\"94\">\n<div data-rm-block-id=\"block-38\">28:1<\/div>\n<\/td>\n<td width=\"92\">\n<div data-rm-block-id=\"block-39\">28:1<\/div>\n<\/td>\n<td>\n<div data-rm-block-id=\"block-40\">28:1<\/div>\n<\/td>\n<td>\n<div data-rm-block-id=\"block-41\">28:1<\/div>\n<\/td>\n<\/tr>\n<tr>\n<td width=\"95\">\n<div data-rm-block-id=\"block-42\">Speed<\/div>\n<\/td>\n<td width=\"94\">\n<div data-rm-block-id=\"block-43\"><span data-scayt_word=\"1100m\" data-scaytid=\"9\">1100m<\/span>\/hour<\/div>\n<\/td>\n<td width=\"94\">\n<div data-rm-block-id=\"block-44\"><span data-scayt_word=\"1100m\" data-scaytid=\"10\">1100m<\/span>\/hour<\/div>\n<\/td>\n<td width=\"92\">\n<div data-rm-block-id=\"block-45\"><span data-scayt_word=\"1100m\" data-scaytid=\"11\">1100m<\/span>\/hour<\/div>\n<\/td>\n<td>\n<div data-rm-block-id=\"block-46\"><span data-scayt_word=\"1100m\" data-scaytid=\"12\">1100m<\/span>\/hour<\/div>\n<\/td>\n<td>\n<div data-rm-block-id=\"block-47\"><span data-scayt_word=\"1100m\" data-scaytid=\"13\">1100m<\/span>\/hour<\/div>\n<\/td>\n<\/tr>\n<tr>\n<td width=\"95\">\n<div data-rm-block-id=\"block-48\">Weight<\/div>\n<\/td>\n<td width=\"94\">\n<div data-rm-block-id=\"block-49\">4T<\/div>\n<\/td>\n<td width=\"94\">\n<div data-rm-block-id=\"block-50\">5T<\/div>\n<\/td>\n<td width=\"92\">\n<div data-rm-block-id=\"block-51\">6T<\/div>\n<\/td>\n<td>\n<div data-rm-block-id=\"block-52\">7T<\/div>\n<\/td>\n<td>\n<div data-rm-block-id=\"block-53\">8T<\/div>\n<\/td>\n<\/tr>\n<\/tbody>\n<\/table>\n<p data-rm-block-id=\"block-54\">Optional equipment:<\/p>\n<p data-rm-block-id=\"block-55\">1) Auto loader<\/p>\n<p data-rm-block-id=\"block-56\">2) Automatic change roller<\/p>\n<p data-rm-block-id=\"block-57\">3) Air shaft<\/p>\n<p data-rm-block-id=\"block-58\">\t\t<div data-elementor-type=\"page\" data-elementor-id=\"29887\" class=\"elementor elementor-29887\" data-elementor-post-type=\"elementor_library\">\n\t\t\t\t\t\t<section class=\"elementor-section elementor-top-section elementor-element elementor-element-69836329 elementor-section-boxed elementor-section-height-default elementor-section-height-default\" data-id=\"69836329\" data-element_type=\"section\">\n\t\t\t\t\t\t<div class=\"elementor-container elementor-column-gap-default\">\n\t\t\t\t\t<div class=\"elementor-column elementor-col-100 elementor-top-column elementor-element elementor-element-75dda94\" data-id=\"75dda94\" data-element_type=\"column\">\n\t\t\t<div class=\"elementor-widget-wrap elementor-element-populated\">\n\t\t\t\t\t\t<div class=\"elementor-element elementor-element-21dede7f elementor-widget elementor-widget-heading\" data-id=\"21dede7f\" data-element_type=\"widget\" data-widget_type=\"heading.default\">\n\t\t\t\t<div class=\"elementor-widget-container\">\n\t\t\t\t\t<h2 class=\"elementor-heading-title elementor-size-default\">Shipment<\/h2>\t\t\t\t<\/div>\n\t\t\t\t<\/div>\n\t\t\t\t<div class=\"elementor-element elementor-element-1b223be elementor-widget-divider--view-line elementor-widget elementor-widget-divider\" data-id=\"1b223be\" data-element_type=\"widget\" data-widget_type=\"divider.default\">\n\t\t\t\t<div class=\"elementor-widget-container\">\n\t\t\t\t\t\t\t<div class=\"elementor-divider\">\n\t\t\t<span class=\"elementor-divider-separator\">\n\t\t\t\t\t\t<\/span>\n\t\t<\/div>\n\t\t\t\t\t\t<\/div>\n\t\t\t\t<\/div>\n\t\t\t\t\t<\/div>\n\t\t<\/div>\n\t\t\t\t\t<\/div>\n\t\t<\/section>\n\t\t<div class=\"wd-negative-gap elementor-element elementor-element-77befb57 e-flex e-con-boxed e-con e-parent\" data-id=\"77befb57\" data-element_type=\"container\">\n\t\t\t\t\t<div class=\"e-con-inner\">\n\t\t\t\t<div class=\"elementor-element elementor-element-a4b5894 elementor-widget elementor-widget-wp-widget-text\" data-id=\"a4b5894\" data-element_type=\"widget\" data-widget_type=\"wp-widget-text.default\">\n\t\t\t\t<div class=\"elementor-widget-container\">\n\t\t\t\t\t<h5>Env\u00edo de m\u00e1quina para fabricar bolsas de pl\u00e1stico<\/h5>\t\t\t<div class=\"textwidget\"><p>Si solo compra una m\u00e1quina, la empacaremos con un paquete de madera y la cargaremos en un contenedor con carga menor a la del contenedor (LCL).<\/p>\n<div id=\"attachment_29396\" style=\"width: 460px\" class=\"wp-caption alignnone\"><img fetchpriority=\"high\" decoding=\"async\" fetchpriority=\"high\" aria-describedby=\"caption-attachment-29396\" class=\"wp-image-29396\" src=\"https:\/\/mx.maquinaparahacerbolsas.com.mx\/wp-content\/uploads\/2025\/09\/Maquina-para-hacer-bolsas-de-plastico-con-paquete-de-madera.webp\" alt=\"M\u00e1quina para hacer bolsas de pl\u00e1stico con paquete de madera\" width=\"450\" height=\"338\" \/><p id=\"caption-attachment-29396\" class=\"wp-caption-text\">M\u00e1quina para hacer bolsas de pl\u00e1stico con paquete de madera<\/p><\/div>\n<p>Si compra m\u00e1s m\u00e1quinas, empacaremos las m\u00e1quinas con pel\u00edcula estirable y las cargaremos en un contenedor completo directamente (carga de contenedor completo FCL).<\/p>\n<div id=\"attachment_29403\" style=\"width: 460px\" class=\"wp-caption alignnone\"><img loading=\"lazy\" decoding=\"async\" aria-describedby=\"caption-attachment-29403\" class=\"wp-image-29403\" src=\"https:\/\/mx.maquinaparahacerbolsas.com.mx\/wp-content\/uploads\/2025\/09\/film-blowing-machine-loading-container-export.webp\" alt=\"contenedor de carga para extrusi\u00f3n de pel\u00edcula soplada\" width=\"450\" height=\"450\" \/><p id=\"caption-attachment-29403\" class=\"wp-caption-text\">contenedor de carga para extrusi\u00f3n de pel\u00edcula soplada<\/p><\/div>\n<div id=\"attachment_29402\" style=\"width: 460px\" class=\"wp-caption alignnone\"><img loading=\"lazy\" decoding=\"async\" aria-describedby=\"caption-attachment-29402\" class=\"wp-image-29402\" src=\"https:\/\/mx.maquinaparahacerbolsas.com.mx\/wp-content\/uploads\/2025\/09\/plasticbagmachinesolution.webp\" alt=\"L\u00ednea completa de m\u00e1quinas para hacer bolsas de pl\u00e1stico\" width=\"450\" height=\"429\" \/><p id=\"caption-attachment-29402\" class=\"wp-caption-text\">L\u00ednea completa de m\u00e1quinas para hacer bolsas de pl\u00e1stico<\/p><\/div>\n<div id=\"attachment_29401\" style=\"width: 460px\" class=\"wp-caption alignnone\"><img loading=\"lazy\" decoding=\"async\" loading=\"lazy\" aria-describedby=\"caption-attachment-29401\" class=\"wp-image-29401\" src=\"https:\/\/mx.maquinaparahacerbolsas.com.mx\/wp-content\/uploads\/2025\/09\/shipmentplasticmachines.webp\" alt=\"Exportar m\u00e1quinas para hacer bolsas de pl\u00e1stico a diferentes pa\u00edses.\" width=\"450\" height=\"227\" \/><p id=\"caption-attachment-29401\" class=\"wp-caption-text\">Exportar m\u00e1quinas para hacer bolsas de pl\u00e1stico a diferentes pa\u00edses.<\/p><\/div>\n<p>&nbsp;<\/p>\n<\/div>\n\t\t\t\t\t\t<\/div>\n\t\t\t\t<\/div>\n\t\t\t\t\t<\/div>\n\t\t\t\t<\/div>\n\t\t<div class=\"wd-negative-gap elementor-element elementor-element-2857643d e-flex e-con-boxed e-con e-parent\" data-id=\"2857643d\" data-element_type=\"container\">\n\t\t\t\t\t<div class=\"e-con-inner\">\n\t\t\t\t<div class=\"elementor-element elementor-element-bb377f3 elementor-widget elementor-widget-heading\" data-id=\"bb377f3\" data-element_type=\"widget\" data-widget_type=\"heading.default\">\n\t\t\t\t<div class=\"elementor-widget-container\">\n\t\t\t\t\t<h2 class=\"elementor-heading-title elementor-size-default\">Instalar la m\u00e1quina en la f\u00e1brica del cliente.<\/h2>\t\t\t\t<\/div>\n\t\t\t\t<\/div>\n\t\t\t\t\t<\/div>\n\t\t\t\t<\/div>\n\t\t<div class=\"wd-negative-gap elementor-element elementor-element-7d7c4de8 e-flex e-con-boxed e-con e-parent\" data-id=\"7d7c4de8\" data-element_type=\"container\">\n\t\t\t\t\t<div class=\"e-con-inner\">\n\t\t\t\t<div class=\"elementor-element elementor-element-59633160 elementor-widget elementor-widget-heading\" data-id=\"59633160\" data-element_type=\"widget\" data-widget_type=\"heading.default\">\n\t\t\t\t<div class=\"elementor-widget-container\">\n\t\t\t\t\t<h2 class=\"elementor-heading-title elementor-size-default\">install machines in customer factory<br><img loading=\"lazy\" decoding=\"async\" class=\"alignnone wp-image-29400\" src=\"https:\/\/mx.maquinaparahacerbolsas.com.mx\/wp-content\/uploads\/2025\/09\/plastic-bag-machine-supplier.webp\" alt=\"\" width=\"450\" height=\"450\"><img loading=\"lazy\" decoding=\"async\" class=\"wp-image-29399\" src=\"https:\/\/mx.maquinaparahacerbolsas.com.mx\/wp-content\/uploads\/2025\/09\/Plastic-bag-machine-factory.webp\" alt=\"M\u00e1quina para fabricar bolsas de pl\u00e1stico en la f\u00e1brica del cliente\" width=\"450\" height=\"457\" style=\"font-size: 15px\"><\/h2>\t\t\t\t<\/div>\n\t\t\t\t<\/div>\n\t\t\t\t\t<\/div>\n\t\t\t\t<\/div>\n\t\t<div class=\"wd-negative-gap elementor-element elementor-element-238aa3f0 e-flex e-con-boxed e-con e-parent\" data-id=\"238aa3f0\" data-element_type=\"container\">\n\t\t\t\t\t<div class=\"e-con-inner\">\n\t\t\t\t<div class=\"elementor-element elementor-element-7aa9748f elementor-widget elementor-widget-heading\" data-id=\"7aa9748f\" data-element_type=\"widget\" data-widget_type=\"heading.default\">\n\t\t\t\t<div class=\"elementor-widget-container\">\n\t\t\t\t\t<h2 class=\"elementor-heading-title elementor-size-default\">Proveedor de piezas de maquinaria<\/h2>\t\t\t\t<\/div>\n\t\t\t\t<\/div>\n\t\t\t\t\t<\/div>\n\t\t\t\t<\/div>\n\t\t<div class=\"wd-negative-gap elementor-element elementor-element-54829e56 e-flex e-con-boxed e-con e-parent\" data-id=\"54829e56\" data-element_type=\"container\">\n\t\t\t\t\t<div class=\"e-con-inner\">\n\t\t\t\t<div class=\"elementor-element elementor-element-44d83fa7 elementor-widget elementor-widget-heading\" data-id=\"44d83fa7\" data-element_type=\"widget\" data-widget_type=\"heading.default\">\n\t\t\t\t<div class=\"elementor-widget-container\">\n\t\t\t\t\t<h2 class=\"elementor-heading-title elementor-size-default\"><img loading=\"lazy\" decoding=\"async\" class=\"wp-image-29398\" src=\"https:\/\/mx.maquinaparahacerbolsas.com.mx\/wp-content\/uploads\/2025\/09\/machinepartssupplier.webp\" alt=\"Proveedor de piezas de maquinaria\" width=\"450\" height=\"259\" style=\"font-size: 15px\"><\/h2>\t\t\t\t<\/div>\n\t\t\t\t<\/div>\n\t\t\t\t\t<\/div>\n\t\t\t\t<\/div>\n\t\t<div class=\"wd-negative-gap elementor-element elementor-element-69157864 e-flex e-con-boxed e-con e-parent\" data-id=\"69157864\" data-element_type=\"container\">\n\t\t\t\t\t<div class=\"e-con-inner\">\n\t\t\t\t<div class=\"elementor-element elementor-element-52063228 elementor-widget elementor-widget-heading\" data-id=\"52063228\" data-element_type=\"widget\" data-widget_type=\"heading.default\">\n\t\t\t\t<div class=\"elementor-widget-container\">\n\t\t\t\t\t<h2 class=\"elementor-heading-title elementor-size-default\">Proveedor de materia prima de polietileno<\/h2>\t\t\t\t<\/div>\n\t\t\t\t<\/div>\n\t\t\t\t\t<\/div>\n\t\t\t\t<\/div>\n\t\t<div class=\"wd-negative-gap elementor-element elementor-element-d156b3c e-flex e-con-boxed e-con e-parent\" data-id=\"d156b3c\" data-element_type=\"container\">\n\t\t\t\t\t<div class=\"e-con-inner\">\n\t\t\t\t<div class=\"elementor-element elementor-element-6c9a333e elementor-widget elementor-widget-wd_text_block\" data-id=\"6c9a333e\" data-element_type=\"widget\" data-widget_type=\"wd_text_block.default\">\n\t\t\t\t<div class=\"elementor-widget-container\">\n\t\t\t\t\t\t\t<div class=\"wd-text-block reset-last-child text-left\">\n\t\t\t\n\t\t\t<p><strong>C\u00f3mo encontrar polietileno para la extrusi\u00f3n de pel\u00edcula soplada. La extrusi\u00f3n de pel\u00edcula utiliza polietileno, como polietileno de baja densidad (LDPE), polietileno de alta densidad (HDPE), polietileno lineal de baja densidad (LLDPE) y polipropileno (PP).<\/strong><\/p><p>A continuaci\u00f3n, se presentan importantes proveedores de materiales a nivel mundial con oficinas en todo el mundo. Puede consultarlos en el mercado local.<\/p><p>1.<a href=\"http:\/\/www.sabic.com\/\" target=\"_blank\" rel=\"noopener\"><strong><u>Sabic Saudi Basic Industries Corporation<\/u><\/strong><\/a><\/p><p>2.<a href=\"http:\/\/www.exxonmobilchemical.com\/\" target=\"_blank\" rel=\"noopener\"><strong><u>ExxonMobil Chemical Company<\/u><\/strong><\/a><\/p><p>3.<a href=\"http:\/\/www.dow.com\/\" target=\"_blank\" rel=\"noopener\"><strong><u>Dow Chemical Company<\/u><\/strong><\/a><strong>\u00a0<\/strong><\/p><p><img loading=\"lazy\" decoding=\"async\" class=\"wp-image-29397\" style=\"font-size: 14px;\" src=\"https:\/\/mx.maquinaparahacerbolsas.com.mx\/wp-content\/uploads\/2025\/09\/polyethylene-HDPE-LDPE-supplier.webp\" alt=\"Proveedor de materiales\" width=\"450\" height=\"462\" \/><\/p>\n\t\t\t\t\t<\/div>\n\t\t\t\t\t\t<\/div>\n\t\t\t\t<\/div>\n\t\t\t\t\t<\/div>\n\t\t\t\t<\/div>\n\t\t\t\t<\/div>\n\t\t<\/p>\n","protected":false},"excerpt":{"rendered":"<p>Dos Capas Maquina Pa<\/p>\n","protected":false},"featured_media":29753,"comment_status":"closed","ping_status":"closed","template":"","meta":{"_acf_changed":false},"product_brand":[],"product_cat":[79],"product_tag":[],"class_list":{"0":"post-29693","1":"product","2":"type-product","3":"status-publish","4":"has-post-thumbnail","6":"product_cat-maquina-para-hacer-burbuja-de-plastico","8":"first","9":"instock","10":"shipping-taxable","11":"product-type-simple"},"acf":[],"_links":{"self":[{"href":"https:\/\/maquinasparafabricarbolsas.co\/es\/wp-json\/wp\/v2\/product\/29693","targetHints":{"allow":["GET"]}}],"collection":[{"href":"https:\/\/maquinasparafabricarbolsas.co\/es\/wp-json\/wp\/v2\/product"}],"about":[{"href":"https:\/\/maquinasparafabricarbolsas.co\/es\/wp-json\/wp\/v2\/types\/product"}],"replies":[{"embeddable":true,"href":"https:\/\/maquinasparafabricarbolsas.co\/es\/wp-json\/wp\/v2\/comments?post=29693"}],"version-history":[{"count":2,"href":"https:\/\/maquinasparafabricarbolsas.co\/es\/wp-json\/wp\/v2\/product\/29693\/revisions"}],"predecessor-version":[{"id":30149,"href":"https:\/\/maquinasparafabricarbolsas.co\/es\/wp-json\/wp\/v2\/product\/29693\/revisions\/30149"}],"wp:featuredmedia":[{"embeddable":true,"href":"https:\/\/maquinasparafabricarbolsas.co\/es\/wp-json\/wp\/v2\/media\/29753"}],"wp:attachment":[{"href":"https:\/\/maquinasparafabricarbolsas.co\/es\/wp-json\/wp\/v2\/media?parent=29693"}],"wp:term":[{"taxonomy":"product_brand","embeddable":true,"href":"https:\/\/maquinasparafabricarbolsas.co\/es\/wp-json\/wp\/v2\/product_brand?post=29693"},{"taxonomy":"product_cat","embeddable":true,"href":"https:\/\/maquinasparafabricarbolsas.co\/es\/wp-json\/wp\/v2\/product_cat?post=29693"},{"taxonomy":"product_tag","embeddable":true,"href":"https:\/\/maquinasparafabricarbolsas.co\/es\/wp-json\/wp\/v2\/product_tag?post=29693"}],"curies":[{"name":"wp","href":"https:\/\/api.w.org\/{rel}","templated":true}]}}