{"id":29695,"date":"2025-09-26T21:45:08","date_gmt":"2025-09-26T13:45:08","guid":{"rendered":"https:\/\/maquinasparafabricarbolsas.co\/es\/?post_type=product&#038;p=29695"},"modified":"2025-10-25T10:08:03","modified_gmt":"2025-10-25T02:08:03","slug":"uno-colore-maquina-para-hacer-pitillos-plasticos","status":"publish","type":"product","link":"https:\/\/maquinasparafabricarbolsas.co\/es\/uno-colore-maquina-para-hacer-pitillos-plasticos","title":{"rendered":"Uno Colore maquina para hacer pitillos plasticos"},"content":{"rendered":"<p>Uno Colore m\u00e1quina para hacer pitillos plasticos<br \/>\nLa m\u00e1quina para hacer pitillo de pl\u00e1stico Uno Colore es un modelo que integra una l\u00ednea de extrusi\u00f3n de tubo, la cual incluye una extrusora junto con una matriz, un sistema de enfriamiento y calibraci\u00f3n al vac\u00edo, una unidad de arrastre y un dispositivo de corte rotativo. Este tipo de m\u00e1quinas es capaz de producir diversas clases de pajillas para beber, pajillas en espiral y tuber\u00edas m\u00e9dicas. Todas las m\u00e1quinas de esta serie est\u00e1n dise\u00f1adas con controles que presentan elementos ergon\u00f3micamente adaptados, lo que facilita su operaci\u00f3n.<\/p>\n<div id=\"attachment_30163\" style=\"width: 442px\" class=\"wp-caption alignnone\"><img fetchpriority=\"high\" decoding=\"async\" aria-describedby=\"caption-attachment-30163\" class=\" pitillo De Plastico wp-image-30163\" title=\" pitillo De Plastico\" src=\"https:\/\/maquinasparafabricarbolsas.co\/es\/wp-content\/uploads\/2025\/09\/pitillo-Flexibles.jpg\" alt=\"pitillo Flexibles\" width=\"432\" height=\"432\" srcset=\"https:\/\/maquinasparafabricarbolsas.co\/es\/wp-content\/uploads\/2025\/09\/pitillo-Flexibles.jpg 600w, https:\/\/maquinasparafabricarbolsas.co\/es\/wp-content\/uploads\/2025\/09\/pitillo-Flexibles-300x300.jpg 300w, https:\/\/maquinasparafabricarbolsas.co\/es\/wp-content\/uploads\/2025\/09\/pitillo-Flexibles-150x150.jpg 150w, https:\/\/maquinasparafabricarbolsas.co\/es\/wp-content\/uploads\/2025\/09\/pitillo-Flexibles-430x430.jpg 430w\" sizes=\"(max-width: 432px) 100vw, 432px\" \/><p id=\"caption-attachment-30163\" class=\"wp-caption-text\">pitillo Flexibles<\/p><\/div>\n<p><img decoding=\"async\" class=\" wp-image-30167\" src=\"https:\/\/maquinasparafabricarbolsas.co\/es\/wp-content\/uploads\/2025\/09\/pitillo-plasticas.jpg\" alt=\"pitillo plasticas\" width=\"510\" height=\"316\" srcset=\"https:\/\/maquinasparafabricarbolsas.co\/es\/wp-content\/uploads\/2025\/09\/pitillo-plasticas.jpg 671w, https:\/\/maquinasparafabricarbolsas.co\/es\/wp-content\/uploads\/2025\/09\/pitillo-plasticas-400x248.jpg 400w, https:\/\/maquinasparafabricarbolsas.co\/es\/wp-content\/uploads\/2025\/09\/pitillo-plasticas-430x267.jpg 430w, https:\/\/maquinasparafabricarbolsas.co\/es\/wp-content\/uploads\/2025\/09\/pitillo-plasticas-150x93.jpg 150w\" sizes=\"(max-width: 510px) 100vw, 510px\" \/><\/p>\n<p data-rm-block-id=\"block-2\">CARACTER\u00cdSTICA T\u00c9CNICA<br \/>\n1. La matriz de extrusi\u00f3n se puede dise\u00f1ar de manera especial y se puede cambiar f\u00e1cilmente para producir tuber\u00edas y dar forma a las piezas,<br \/>\n2. Ba\u00f1o de agua en acero inoxidable se puede ajustar en tres planos,<br \/>\n3. La unidad de arrastre puede ser correa o rodillos, es personalizable.<br \/>\n4. Equipado con cortador rotativo simple o doble.<\/p>\n<table border=\"0\" cellspacing=\"0\" cellpadding=\"0\">\n<tbody>\n<tr>\n<td data-rm-block-id=\"block-3\">Modelo<\/td>\n<td data-rm-block-id=\"block-4\">KD-11<\/td>\n<\/tr>\n<tr>\n<td data-rm-block-id=\"block-5\">Di\u00e1metro del tornillo<\/td>\n<td data-rm-block-id=\"block-6\">\u03c650mm(diameter)<\/td>\n<\/tr>\n<tr>\n<td data-rm-block-id=\"block-7\">Capacidad<\/td>\n<td data-rm-block-id=\"block-8\">25~35Kg\/h<\/td>\n<\/tr>\n<tr>\n<td data-rm-block-id=\"block-9\">Motor<\/td>\n<td data-rm-block-id=\"block-10\">11kW\u00a0\u00a0\u00a0 380v\u00a0\u00a0\u00a0 50Hz (VFD)<\/td>\n<\/tr>\n<tr>\n<td data-rm-block-id=\"block-11\">Motor de arrastre<\/td>\n<td data-rm-block-id=\"block-12\">0.75kW\u00d71(VFD)<\/td>\n<\/tr>\n<tr>\n<td>\n<div data-rm-block-id=\"block-13\">Motor de corte<\/div>\n<\/td>\n<td data-rm-block-id=\"block-14\">0.75kW\u00d71(VFD)<\/td>\n<\/tr>\n<tr>\n<td data-rm-block-id=\"block-15\">Controlador de temperatura<\/td>\n<td data-rm-block-id=\"block-16\">5zone<\/td>\n<\/tr>\n<tr>\n<td>\n<div data-rm-block-id=\"block-17\">Longitud del contenedor de enfriamiento<\/div>\n<\/td>\n<td data-rm-block-id=\"block-18\">2400mm<\/td>\n<\/tr>\n<tr>\n<td>\n<div data-rm-block-id=\"block-19\">Tama\u00f1o de Canitas<\/div>\n<\/td>\n<td data-rm-block-id=\"block-20\">Di\u00e1metro:\u03c62~14mm;\u00a0 Espesor:0.05~1mm<\/td>\n<\/tr>\n<tr>\n<td colspan=\"2\" data-rm-block-id=\"block-21\">Otras especificaciones son personalizables<\/td>\n<\/tr>\n<\/tbody>\n<\/table>\n","protected":false},"excerpt":{"rendered":"<p>Uno Colore m\u00e1quina p<\/p>\n","protected":false},"featured_media":29757,"comment_status":"closed","ping_status":"closed","template":"","meta":{"_acf_changed":false},"product_brand":[],"product_cat":[78],"product_tag":[],"class_list":{"0":"post-29695","1":"product","2":"type-product","3":"status-publish","4":"has-post-thumbnail","6":"product_cat-maquina-para-hacer-pitillo","8":"first","9":"instock","10":"shipping-taxable","11":"product-type-simple"},"acf":[],"_links":{"self":[{"href":"https:\/\/maquinasparafabricarbolsas.co\/es\/wp-json\/wp\/v2\/product\/29695","targetHints":{"allow":["GET"]}}],"collection":[{"href":"https:\/\/maquinasparafabricarbolsas.co\/es\/wp-json\/wp\/v2\/product"}],"about":[{"href":"https:\/\/maquinasparafabricarbolsas.co\/es\/wp-json\/wp\/v2\/types\/product"}],"replies":[{"embeddable":true,"href":"https:\/\/maquinasparafabricarbolsas.co\/es\/wp-json\/wp\/v2\/comments?post=29695"}],"version-history":[{"count":3,"href":"https:\/\/maquinasparafabricarbolsas.co\/es\/wp-json\/wp\/v2\/product\/29695\/revisions"}],"predecessor-version":[{"id":30184,"href":"https:\/\/maquinasparafabricarbolsas.co\/es\/wp-json\/wp\/v2\/product\/29695\/revisions\/30184"}],"wp:featuredmedia":[{"embeddable":true,"href":"https:\/\/maquinasparafabricarbolsas.co\/es\/wp-json\/wp\/v2\/media\/29757"}],"wp:attachment":[{"href":"https:\/\/maquinasparafabricarbolsas.co\/es\/wp-json\/wp\/v2\/media?parent=29695"}],"wp:term":[{"taxonomy":"product_brand","embeddable":true,"href":"https:\/\/maquinasparafabricarbolsas.co\/es\/wp-json\/wp\/v2\/product_brand?post=29695"},{"taxonomy":"product_cat","embeddable":true,"href":"https:\/\/maquinasparafabricarbolsas.co\/es\/wp-json\/wp\/v2\/product_cat?post=29695"},{"taxonomy":"product_tag","embeddable":true,"href":"https:\/\/maquinasparafabricarbolsas.co\/es\/wp-json\/wp\/v2\/product_tag?post=29695"}],"curies":[{"name":"wp","href":"https:\/\/api.w.org\/{rel}","templated":true}]}}