{"id":29696,"date":"2025-09-26T21:45:08","date_gmt":"2025-09-26T13:45:08","guid":{"rendered":"https:\/\/maquinasparafabricarbolsas.co\/es\/?post_type=product&#038;p=29696"},"modified":"2025-10-25T10:11:07","modified_gmt":"2025-10-25T02:11:07","slug":"maquina-dos-colores-maquina-para-hacer-pitillos-plasticos","status":"publish","type":"product","link":"https:\/\/maquinasparafabricarbolsas.co\/es\/maquina-para-hacer-pitillo-plasticos","title":{"rendered":"Dos Colores m\u00e1quina para hacer pitillo De Plastico"},"content":{"rendered":"<p data-rm-block-id=\"block-1\">Dos Colores maquina para hacer pitillos plasticos<\/p>\n<p data-rm-block-id=\"block-2\">El modelo mencionado corresponde a una l\u00ednea de extrusi\u00f3n de tubos, la cual incluye una extrusora y matriz, un sistema de enfriamiento y calibraci\u00f3n al vac\u00edo, una unidad de arrastre y un dispositivo de corte rotativo. Las m\u00e1quinas de esta serie est\u00e1n capacitadas para fabricar diversos tipos de pitillo para beber, pajillas en espiral y tubos m\u00e9dicos. Todas estas m\u00e1quinas est\u00e1n dise\u00f1adas con controles ergon\u00f3micamente adaptados, lo que facilita su operaci\u00f3n. Cabe destacar la Dos Colores m\u00e1quina para hacer pitillos de pl\u00e1stico, que se integra en este sistema.<\/p>\n<p data-rm-block-id=\"block-3\">Este modelo de maquina para hacer pitillos plasticos es ideal para la producci\u00f3n eficiente de pitillo.<\/p>\n<div id=\"attachment_30163\" style=\"width: 442px\" class=\"wp-caption alignnone\"><img fetchpriority=\"high\" decoding=\"async\" aria-describedby=\"caption-attachment-30163\" class=\" pitillo De Plastico wp-image-30163\" title=\" pitillo De Plastico\" src=\"https:\/\/maquinasparafabricarbolsas.co\/es\/wp-content\/uploads\/2025\/09\/pitillo-Flexibles.jpg\" alt=\"pitillo Flexibles\" width=\"432\" height=\"432\" srcset=\"https:\/\/maquinasparafabricarbolsas.co\/es\/wp-content\/uploads\/2025\/09\/pitillo-Flexibles.jpg 600w, https:\/\/maquinasparafabricarbolsas.co\/es\/wp-content\/uploads\/2025\/09\/pitillo-Flexibles-300x300.jpg 300w, https:\/\/maquinasparafabricarbolsas.co\/es\/wp-content\/uploads\/2025\/09\/pitillo-Flexibles-150x150.jpg 150w, https:\/\/maquinasparafabricarbolsas.co\/es\/wp-content\/uploads\/2025\/09\/pitillo-Flexibles-430x430.jpg 430w\" sizes=\"(max-width: 432px) 100vw, 432px\" \/><p id=\"caption-attachment-30163\" class=\"wp-caption-text\">pitillo Flexibles<\/p><\/div>\n<div id=\"attachment_30167\" style=\"width: 462px\" class=\"wp-caption alignnone\"><img decoding=\"async\" aria-describedby=\"caption-attachment-30167\" class=\" wp-image-30167\" src=\"https:\/\/maquinasparafabricarbolsas.co\/es\/wp-content\/uploads\/2025\/09\/pitillo-plasticas.jpg\" alt=\"pitillo plasticas\" width=\"452\" height=\"280\" srcset=\"https:\/\/maquinasparafabricarbolsas.co\/es\/wp-content\/uploads\/2025\/09\/pitillo-plasticas.jpg 671w, https:\/\/maquinasparafabricarbolsas.co\/es\/wp-content\/uploads\/2025\/09\/pitillo-plasticas-400x248.jpg 400w, https:\/\/maquinasparafabricarbolsas.co\/es\/wp-content\/uploads\/2025\/09\/pitillo-plasticas-430x267.jpg 430w, https:\/\/maquinasparafabricarbolsas.co\/es\/wp-content\/uploads\/2025\/09\/pitillo-plasticas-150x93.jpg 150w\" sizes=\"(max-width: 452px) 100vw, 452px\" \/><p id=\"caption-attachment-30167\" class=\"wp-caption-text\">pitillo plasticas<\/p><\/div>\n<p data-rm-block-id=\"block-4\">CARACTER\u00cdSTICA T\u00c9CNICA<br \/>\n1. La matriz de extrusi\u00f3n se puede dise\u00f1ar de manera especial y se puede cambiar f\u00e1cilmente para producir tuber\u00edas y dar forma a las piezas,<br \/>\n2. Ba\u00f1o de agua en acero inoxidable se puede ajustar en tres planos,<br \/>\n3. La unidad de arrastre puede ser correa o rodillos, es personalizable.<br \/>\n4. Equipado con cortador rotativo simple o doble.<\/p>\n<p data-rm-block-id=\"block-5\">Adem\u00e1s, la m\u00e1quina para hacer pitillos ofrece una soluci\u00f3n innovadora para la producci\u00f3n eficiente y r\u00e1pida de productos de calidad.<\/p>\n<table border=\"0\" cellspacing=\"0\" cellpadding=\"0\">\n<tbody>\n<tr>\n<td data-rm-block-id=\"block-6\">Modelo<\/td>\n<td data-rm-block-id=\"block-7\"><strong>KD-12<\/strong><\/td>\n<\/tr>\n<tr>\n<td data-rm-block-id=\"block-8\">Di\u00e1metro del tornillo<\/td>\n<td data-rm-block-id=\"block-9\">\u03c650mm(diameter)<\/td>\n<\/tr>\n<tr>\n<td data-rm-block-id=\"block-10\">Tornillo secundario<\/td>\n<td data-rm-block-id=\"block-11\"><strong>1\u00d7\u03c625mm<\/strong><\/td>\n<\/tr>\n<tr>\n<td data-rm-block-id=\"block-12\">Capacidad<\/td>\n<td data-rm-block-id=\"block-13\">25~35Kg\/h<\/td>\n<\/tr>\n<tr>\n<td data-rm-block-id=\"block-14\">Motor<\/td>\n<td data-rm-block-id=\"block-15\">11kW\u00a0\u00a0\u00a0 380v\u00a0\u00a0\u00a0 50Hz (VFD)<\/td>\n<\/tr>\n<tr>\n<td data-rm-block-id=\"block-16\">Motor secundario<\/td>\n<td data-rm-block-id=\"block-17\"><strong>0.75kW\u00d71<\/strong><\/td>\n<\/tr>\n<tr>\n<td data-rm-block-id=\"block-18\">Motor de arrastre<\/td>\n<td data-rm-block-id=\"block-19\"><strong>0.75kW\u00d71(VFD)<\/strong><\/td>\n<\/tr>\n<tr>\n<td data-rm-block-id=\"block-20\">Motor de corte<\/td>\n<td data-rm-block-id=\"block-21\"><strong>0.75kW\u00d71(VFD)<\/strong><\/td>\n<\/tr>\n<tr>\n<td data-rm-block-id=\"block-22\">Controlador de temperatura<\/td>\n<td data-rm-block-id=\"block-23\"><strong>8 zone<\/strong><\/td>\n<\/tr>\n<tr>\n<td data-rm-block-id=\"block-24\">Longitud del contenedor de enfriamiento<\/td>\n<td data-rm-block-id=\"block-25\"><strong>3400mm<\/strong><\/td>\n<\/tr>\n<tr>\n<td data-rm-block-id=\"block-26\">Tama\u00f1o de Canitas<\/td>\n<td data-rm-block-id=\"block-27\">Di\u00e1metro<strong>:\u03c62~14mm\u00a0\u00a0 <\/strong>Espesor<strong>:0.05~1mm<\/strong><\/td>\n<\/tr>\n<tr>\n<td colspan=\"2\" data-rm-block-id=\"block-28\">Otras especificaciones son personalizables<\/td>\n<\/tr>\n<\/tbody>\n<\/table>\n","protected":false},"excerpt":{"rendered":"<p>Dos Colores maquina <\/p>\n","protected":false},"featured_media":29759,"comment_status":"closed","ping_status":"closed","template":"","meta":{"_acf_changed":false},"product_brand":[],"product_cat":[78],"product_tag":[],"class_list":{"0":"post-29696","1":"product","2":"type-product","3":"status-publish","4":"has-post-thumbnail","6":"product_cat-maquina-para-hacer-pitillo","8":"first","9":"instock","10":"shipping-taxable","11":"product-type-simple"},"acf":[],"_links":{"self":[{"href":"https:\/\/maquinasparafabricarbolsas.co\/es\/wp-json\/wp\/v2\/product\/29696","targetHints":{"allow":["GET"]}}],"collection":[{"href":"https:\/\/maquinasparafabricarbolsas.co\/es\/wp-json\/wp\/v2\/product"}],"about":[{"href":"https:\/\/maquinasparafabricarbolsas.co\/es\/wp-json\/wp\/v2\/types\/product"}],"replies":[{"embeddable":true,"href":"https:\/\/maquinasparafabricarbolsas.co\/es\/wp-json\/wp\/v2\/comments?post=29696"}],"version-history":[{"count":6,"href":"https:\/\/maquinasparafabricarbolsas.co\/es\/wp-json\/wp\/v2\/product\/29696\/revisions"}],"predecessor-version":[{"id":30198,"href":"https:\/\/maquinasparafabricarbolsas.co\/es\/wp-json\/wp\/v2\/product\/29696\/revisions\/30198"}],"wp:featuredmedia":[{"embeddable":true,"href":"https:\/\/maquinasparafabricarbolsas.co\/es\/wp-json\/wp\/v2\/media\/29759"}],"wp:attachment":[{"href":"https:\/\/maquinasparafabricarbolsas.co\/es\/wp-json\/wp\/v2\/media?parent=29696"}],"wp:term":[{"taxonomy":"product_brand","embeddable":true,"href":"https:\/\/maquinasparafabricarbolsas.co\/es\/wp-json\/wp\/v2\/product_brand?post=29696"},{"taxonomy":"product_cat","embeddable":true,"href":"https:\/\/maquinasparafabricarbolsas.co\/es\/wp-json\/wp\/v2\/product_cat?post=29696"},{"taxonomy":"product_tag","embeddable":true,"href":"https:\/\/maquinasparafabricarbolsas.co\/es\/wp-json\/wp\/v2\/product_tag?post=29696"}],"curies":[{"name":"wp","href":"https:\/\/api.w.org\/{rel}","templated":true}]}}