{"id":29697,"date":"2025-09-26T21:45:08","date_gmt":"2025-09-26T13:45:08","guid":{"rendered":"https:\/\/maquinasparafabricarbolsas.co\/es\/?post_type=product&#038;p=29697"},"modified":"2025-10-25T10:07:40","modified_gmt":"2025-10-25T02:07:40","slug":"maquina-para-hacer-pitillo-de-plastico-en-colombia","status":"publish","type":"product","link":"https:\/\/maquinasparafabricarbolsas.co\/es\/maquina-para-hacer-pitillo-de-plastico-en-colombia","title":{"rendered":"Tres Colores m\u00e1quina para hacer pitillo De Plastico"},"content":{"rendered":"<p data-rm-block-id=\"block-1\">Tres Colores m\u00e1quina para hacer pitillo De Plastico<\/p>\n<p data-rm-block-id=\"block-2\">Este Tres Colores m\u00e1quina para hacer pitillo De Plastico consiste en una l\u00ednea de extrusi\u00f3n de tubos, que incluye una extrusora y matriz, un sistema de enfriamiento y calibraci\u00f3n al vac\u00edo, una unidad de arrastre y una unidad de corte rotativo. Las m\u00e1quinas de esta serie son capaces de producir diversos tipos de pajillas para beber, pajillas en espiral y tuber\u00edas m\u00e9dicas. Todas las m\u00e1quinas cuentan con un sistema de control donde los elementos est\u00e1n dise\u00f1ados ergon\u00f3micamente para facilitar una operaci\u00f3n sencilla.<\/p>\n<div id=\"attachment_30163\" style=\"width: 442px\" class=\"wp-caption alignnone\"><img fetchpriority=\"high\" decoding=\"async\" aria-describedby=\"caption-attachment-30163\" class=\" pitillo De Plastico wp-image-30163\" title=\" pitillo De Plastico\" src=\"https:\/\/maquinasparafabricarbolsas.co\/es\/wp-content\/uploads\/2025\/09\/pitillo-Flexibles.jpg\" alt=\"pitillo Flexibles\" width=\"432\" height=\"432\" srcset=\"https:\/\/maquinasparafabricarbolsas.co\/es\/wp-content\/uploads\/2025\/09\/pitillo-Flexibles.jpg 600w, https:\/\/maquinasparafabricarbolsas.co\/es\/wp-content\/uploads\/2025\/09\/pitillo-Flexibles-300x300.jpg 300w, https:\/\/maquinasparafabricarbolsas.co\/es\/wp-content\/uploads\/2025\/09\/pitillo-Flexibles-150x150.jpg 150w, https:\/\/maquinasparafabricarbolsas.co\/es\/wp-content\/uploads\/2025\/09\/pitillo-Flexibles-430x430.jpg 430w\" sizes=\"(max-width: 432px) 100vw, 432px\" \/><p id=\"caption-attachment-30163\" class=\"wp-caption-text\">pitillo Flexibles<\/p><\/div>\n<div id=\"attachment_30164\" style=\"width: 441px\" class=\"wp-caption alignnone\"><img decoding=\"async\" aria-describedby=\"caption-attachment-30164\" class=\" pitillo De Plastico wp-image-30164 \" title=\" pitillo De Plastico\" src=\"https:\/\/maquinasparafabricarbolsas.co\/es\/wp-content\/uploads\/2025\/09\/pitillo-plastico-3-colores-e1761356627339.jpg\" alt=\" pitillo De Plastico\" width=\"431\" height=\"283\" srcset=\"https:\/\/maquinasparafabricarbolsas.co\/es\/wp-content\/uploads\/2025\/09\/pitillo-plastico-3-colores-e1761356627339.jpg 486w, https:\/\/maquinasparafabricarbolsas.co\/es\/wp-content\/uploads\/2025\/09\/pitillo-plastico-3-colores-e1761356627339-400x263.jpg 400w, https:\/\/maquinasparafabricarbolsas.co\/es\/wp-content\/uploads\/2025\/09\/pitillo-plastico-3-colores-e1761356627339-430x282.jpg 430w, https:\/\/maquinasparafabricarbolsas.co\/es\/wp-content\/uploads\/2025\/09\/pitillo-plastico-3-colores-e1761356627339-150x98.jpg 150w\" sizes=\"(max-width: 431px) 100vw, 431px\" \/><p id=\"caption-attachment-30164\" class=\"wp-caption-text\">pitillo De Plastico<\/p><\/div>\n<p data-rm-block-id=\"block-3\">CARACTER\u00cdSTICA T\u00c9CNICA<br \/>\n1. La matriz de extrusi\u00f3n se puede dise\u00f1ar de manera especial y se puede cambiar f\u00e1cilmente para producir tuber\u00edas y dar forma a las piezas,<br \/>\n2. Ba\u00f1o de agua en acero inoxidable se puede ajustar en tres planos,<br \/>\n3. La unidad de arrastre puede ser correa o rodillos, es personalizable.<br \/>\n4. Equipado con cortador rotativo simple o doble.<\/p>\n<table border=\"0\" cellspacing=\"0\" cellpadding=\"0\">\n<tbody>\n<tr>\n<td data-rm-block-id=\"block-4\">Modelo<\/td>\n<td data-rm-block-id=\"block-5\"><strong>KD-<\/strong>13 Tres Colores Maquina Fabricar Canitas<\/td>\n<\/tr>\n<tr>\n<td data-rm-block-id=\"block-6\">Di\u00e1metro del tornillo<\/td>\n<td data-rm-block-id=\"block-7\">\u03c650mm(diameter)<\/td>\n<\/tr>\n<tr>\n<td data-rm-block-id=\"block-8\">Tornillo secundario<\/td>\n<td data-rm-block-id=\"block-9\">2\u00d7\u03c625mm<\/td>\n<\/tr>\n<tr>\n<td data-rm-block-id=\"block-10\">Capacidad<\/td>\n<td data-rm-block-id=\"block-11\">25~35Kg\/h<\/td>\n<\/tr>\n<tr>\n<td data-rm-block-id=\"block-12\">Motor<\/td>\n<td data-rm-block-id=\"block-13\">11kW\u00a0\u00a0\u00a0 380v\u00a0\u00a0\u00a0 50Hz (VFD)<\/td>\n<\/tr>\n<tr>\n<td data-rm-block-id=\"block-14\">Motor secundario<\/td>\n<td data-rm-block-id=\"block-15\">0.75kW\u00d72<\/td>\n<\/tr>\n<tr>\n<td data-rm-block-id=\"block-16\">Motor de arrastre<\/td>\n<td data-rm-block-id=\"block-17\"><strong>0.75kW\u00d71(VFD)<\/strong><\/td>\n<\/tr>\n<tr>\n<td data-rm-block-id=\"block-18\">Motor de corte<\/td>\n<td data-rm-block-id=\"block-19\"><strong>0.75kW\u00d71(VFD)<\/strong><\/td>\n<\/tr>\n<tr>\n<td data-rm-block-id=\"block-20\">Controlador de temperatura<\/td>\n<td data-rm-block-id=\"block-21\">11 zone<\/td>\n<\/tr>\n<tr>\n<td data-rm-block-id=\"block-22\">Longitud del contenedor de enfriamiento<\/td>\n<td data-rm-block-id=\"block-23\">4400mm<\/td>\n<\/tr>\n<tr>\n<td data-rm-block-id=\"block-24\">Tama\u00f1o de Canitas<\/td>\n<td data-rm-block-id=\"block-25\">Di\u00e1metro<strong>:\u03c62~14mm\u00a0\u00a0 <\/strong>Espesor<strong>:0.05~1mm<\/strong><\/td>\n<\/tr>\n<tr>\n<td colspan=\"2\" data-rm-block-id=\"block-26\">Otras especificaciones son personalizables<\/td>\n<\/tr>\n<\/tbody>\n<\/table>\n","protected":false},"excerpt":{"rendered":"<p>Este modelo es una l\u00ednea de extrusi\u00f3n de tubo, compuesta por extrusora y matriz, unidad de enfriamiento y calibraci\u00f3n de vac\u00edo, unidad de arrastre, unidad de corte rotativo. Las m\u00e1quinas de serie pueden producir todo tipo de paja para beber, paja en espiral, tuber\u00eda m\u00e9dica, todas las m\u00e1quinas la base de controles con los elementos de control ergon\u00f3micamente adaptados para permitir una operaci\u00f3n f\u00e1cil.<\/p>\n","protected":false},"featured_media":29761,"comment_status":"closed","ping_status":"closed","template":"","meta":{"_acf_changed":false},"product_brand":[],"product_cat":[78],"product_tag":[],"class_list":{"0":"post-29697","1":"product","2":"type-product","3":"status-publish","4":"has-post-thumbnail","6":"product_cat-maquina-para-hacer-pitillo","8":"first","9":"instock","10":"shipping-taxable","11":"product-type-simple"},"acf":[],"_links":{"self":[{"href":"https:\/\/maquinasparafabricarbolsas.co\/es\/wp-json\/wp\/v2\/product\/29697","targetHints":{"allow":["GET"]}}],"collection":[{"href":"https:\/\/maquinasparafabricarbolsas.co\/es\/wp-json\/wp\/v2\/product"}],"about":[{"href":"https:\/\/maquinasparafabricarbolsas.co\/es\/wp-json\/wp\/v2\/types\/product"}],"replies":[{"embeddable":true,"href":"https:\/\/maquinasparafabricarbolsas.co\/es\/wp-json\/wp\/v2\/comments?post=29697"}],"version-history":[{"count":5,"href":"https:\/\/maquinasparafabricarbolsas.co\/es\/wp-json\/wp\/v2\/product\/29697\/revisions"}],"predecessor-version":[{"id":30180,"href":"https:\/\/maquinasparafabricarbolsas.co\/es\/wp-json\/wp\/v2\/product\/29697\/revisions\/30180"}],"wp:featuredmedia":[{"embeddable":true,"href":"https:\/\/maquinasparafabricarbolsas.co\/es\/wp-json\/wp\/v2\/media\/29761"}],"wp:attachment":[{"href":"https:\/\/maquinasparafabricarbolsas.co\/es\/wp-json\/wp\/v2\/media?parent=29697"}],"wp:term":[{"taxonomy":"product_brand","embeddable":true,"href":"https:\/\/maquinasparafabricarbolsas.co\/es\/wp-json\/wp\/v2\/product_brand?post=29697"},{"taxonomy":"product_cat","embeddable":true,"href":"https:\/\/maquinasparafabricarbolsas.co\/es\/wp-json\/wp\/v2\/product_cat?post=29697"},{"taxonomy":"product_tag","embeddable":true,"href":"https:\/\/maquinasparafabricarbolsas.co\/es\/wp-json\/wp\/v2\/product_tag?post=29697"}],"curies":[{"name":"wp","href":"https:\/\/api.w.org\/{rel}","templated":true}]}}