{"id":29698,"date":"2025-09-26T21:45:09","date_gmt":"2025-09-26T13:45:09","guid":{"rendered":"https:\/\/maquinasparafabricarbolsas.co\/es\/?post_type=product&#038;p=29698"},"modified":"2025-10-25T10:06:22","modified_gmt":"2025-10-25T02:06:22","slug":"maquina-de-embalaje-pitillo-de-sellado-de-4-lados-2","status":"publish","type":"product","link":"https:\/\/maquinasparafabricarbolsas.co\/es\/maquina-de-embalaje-pitillo-de-sellado-de-4-lados","title":{"rendered":"M\u00e1quina de Embalaje pitillo de sellado de 4 lados"},"content":{"rendered":"<p data-rm-block-id=\"block-1\">M\u00e1quina de Embalaje pitillo de sellado de 4 lados<\/p>\n<p data-rm-block-id=\"block-2\">La M\u00e1quina de Embalaje pitillo de sellado de 4 lados, modelo KD37, es un equipo autom\u00e1tico dise\u00f1ado para el embalaje de pajas en forma de Tetra-pack. Esta m\u00e1quina permite el uso de pel\u00edcula para el embalaje de pajas rectas, as\u00ed como de pajas flexibles en forma de I. Incorpora un dispositivo de corte en fr\u00edo y una cinta transportadora. Gracias a su alta eficiencia en el proceso de embalaje, no solo simplifica la operaci\u00f3n de empaque de pajas, sino que tambi\u00e9n garantiza un alto nivel de confiabilidad.<\/p>\n<div id=\"attachment_29999\" style=\"width: 588px\" class=\"wp-caption alignnone\"><img fetchpriority=\"high\" decoding=\"async\" aria-describedby=\"caption-attachment-29999\" class=\"Embalaje pitillo de sellado de 4 lados wp-image-29999\" title=\"Embalaje pitillo de sellado de 4 lados\" src=\"https:\/\/bolseadora.com.mx\/wp-content\/uploads\/2025\/02\/Embaladora-de-Canudinhos-tetra-de-canudo-2.jpg\" alt=\"Embalaje pitillo de sellado de 4 lados\" width=\"578\" height=\"420\" \/><p id=\"caption-attachment-29999\" class=\"wp-caption-text\">Embalaje pitillo de sellado de 4 lados<\/p><\/div>\n<p data-rm-block-id=\"block-3\">CARACTER\u00cdSTICA T\u00c9CNICA:<br \/>\nEmbalaje de paja individual, llenado y embalaje, corte a la vez<br \/>\nDispositivo de corte de enfriamiento,<br \/>\nRecuento autom\u00e1tico de productos<br \/>\nLa velocidad de embalaje se puede ajustar libremente<\/p>\n<table border=\"0\" cellspacing=\"0\" cellpadding=\"0\">\n<tbody>\n<tr>\n<td data-rm-block-id=\"block-4\">Modelo<\/td>\n<td data-rm-block-id=\"block-5\">KD37<\/td>\n<\/tr>\n<tr>\n<td data-rm-block-id=\"block-6\">Capacidad<\/td>\n<td data-rm-block-id=\"block-7\">400\u223c600pcs\/minuto<\/td>\n<\/tr>\n<tr>\n<td data-rm-block-id=\"block-8\">Motor<\/td>\n<td data-rm-block-id=\"block-9\">1.5kW<\/td>\n<\/tr>\n<tr>\n<td data-rm-block-id=\"block-10\">Motor de tolva<\/td>\n<td data-rm-block-id=\"block-11\">90W<\/td>\n<\/tr>\n<tr>\n<td data-rm-block-id=\"block-12\">Poder de calefacci\u00f3n<\/td>\n<td data-rm-block-id=\"block-13\">2.5KW<\/td>\n<\/tr>\n<tr>\n<td data-rm-block-id=\"block-14\">Material de embalaje<\/td>\n<td data-rm-block-id=\"block-15\"><strong>BOPP<\/strong><\/td>\n<\/tr>\n<tr>\n<td data-rm-block-id=\"block-16\">Ancho de la pel\u00edcula<\/td>\n<td data-rm-block-id=\"block-17\">100\u223c265mm<\/td>\n<\/tr>\n<tr>\n<td data-rm-block-id=\"block-18\">Di\u00e1metro de canitas<\/td>\n<td data-rm-block-id=\"block-19\">\u03a65\u223c6mm<\/td>\n<\/tr>\n<tr>\n<td data-rm-block-id=\"block-20\">Espesor\u00a0de canitas<\/td>\n<td data-rm-block-id=\"block-21\">0.12\u223c0.\u00a050mm<\/td>\n<\/tr>\n<tr>\n<td data-rm-block-id=\"block-22\">Length of straight straw<\/td>\n<td data-rm-block-id=\"block-23\">90\u223c250mm<\/td>\n<\/tr>\n<tr>\n<td data-rm-block-id=\"block-24\">Peso de la m\u00e1quina<\/td>\n<td data-rm-block-id=\"block-25\">1200KG<\/td>\n<\/tr>\n<tr>\n<td data-rm-block-id=\"block-26\">Dimensi\u00f3n<\/td>\n<td data-rm-block-id=\"block-27\">1000mm(W)\u00d71800mm\u00a0(L)<\/td>\n<\/tr>\n<tr>\n<td colspan=\"2\" data-rm-block-id=\"block-28\">Otras especificaciones son personalizables<\/td>\n<\/tr>\n<\/tbody>\n<\/table>\n","protected":false},"excerpt":{"rendered":"<p>M\u00e1quina de Embalaje <\/p>\n","protected":false},"featured_media":29763,"comment_status":"closed","ping_status":"closed","template":"","meta":{"_acf_changed":false},"product_brand":[],"product_cat":[78],"product_tag":[],"class_list":{"0":"post-29698","1":"product","2":"type-product","3":"status-publish","4":"has-post-thumbnail","6":"product_cat-maquina-para-hacer-pitillo","8":"first","9":"instock","10":"shipping-taxable","11":"product-type-simple"},"acf":[],"_links":{"self":[{"href":"https:\/\/maquinasparafabricarbolsas.co\/es\/wp-json\/wp\/v2\/product\/29698","targetHints":{"allow":["GET"]}}],"collection":[{"href":"https:\/\/maquinasparafabricarbolsas.co\/es\/wp-json\/wp\/v2\/product"}],"about":[{"href":"https:\/\/maquinasparafabricarbolsas.co\/es\/wp-json\/wp\/v2\/types\/product"}],"replies":[{"embeddable":true,"href":"https:\/\/maquinasparafabricarbolsas.co\/es\/wp-json\/wp\/v2\/comments?post=29698"}],"version-history":[{"count":3,"href":"https:\/\/maquinasparafabricarbolsas.co\/es\/wp-json\/wp\/v2\/product\/29698\/revisions"}],"predecessor-version":[{"id":30195,"href":"https:\/\/maquinasparafabricarbolsas.co\/es\/wp-json\/wp\/v2\/product\/29698\/revisions\/30195"}],"wp:featuredmedia":[{"embeddable":true,"href":"https:\/\/maquinasparafabricarbolsas.co\/es\/wp-json\/wp\/v2\/media\/29763"}],"wp:attachment":[{"href":"https:\/\/maquinasparafabricarbolsas.co\/es\/wp-json\/wp\/v2\/media?parent=29698"}],"wp:term":[{"taxonomy":"product_brand","embeddable":true,"href":"https:\/\/maquinasparafabricarbolsas.co\/es\/wp-json\/wp\/v2\/product_brand?post=29698"},{"taxonomy":"product_cat","embeddable":true,"href":"https:\/\/maquinasparafabricarbolsas.co\/es\/wp-json\/wp\/v2\/product_cat?post=29698"},{"taxonomy":"product_tag","embeddable":true,"href":"https:\/\/maquinasparafabricarbolsas.co\/es\/wp-json\/wp\/v2\/product_tag?post=29698"}],"curies":[{"name":"wp","href":"https:\/\/api.w.org\/{rel}","templated":true}]}}