{"id":29700,"date":"2025-09-26T21:45:09","date_gmt":"2025-09-26T13:45:09","guid":{"rendered":"https:\/\/maquinasparafabricarbolsas.co\/es\/?post_type=product&#038;p=29700"},"modified":"2025-10-25T10:04:04","modified_gmt":"2025-10-25T02:04:04","slug":"maquina-de-embalaje-pitillo-de-plastico-kd31-sellado-de-3-lados","status":"publish","type":"product","link":"https:\/\/maquinasparafabricarbolsas.co\/es\/maquina-de-embalaje-pitillo-de-plastico-kd31-sellado-de-3-lados","title":{"rendered":"M\u00e1quina de Embalaje pitillo De Plastico sellado de 3 lados"},"content":{"rendered":"<p>M\u00e1quina de Embalaje pitillo De Plastico sellado de 3 lados<\/p>\n<p>La empaquetadora autom\u00e1tica de pajillas de beber KD31 es un equipo dise\u00f1ado para el embalaje de pajillas individuales, ya sean de papel reciclado o de pel\u00edcula pl\u00e1stica. Esta m\u00e1quina es capaz de manejar pajillas rectas, flexibles, de cuchara y para t\u00e9 con leche. Ofrece una alta velocidad de embalaje y cuenta con capacidad de impresi\u00f3n en dos colores. No solo simplifica el proceso de empaque de las pajillas, sino que tambi\u00e9n garantiza una gran fiabilidad.<\/p>\n<p>CARACTER\u00cdSTICAS T\u00c9CNICAS:<br \/>\nEmbalaje, impresi\u00f3n, llenado y corte de pajillas de beber de forma simult\u00e1nea.<br \/>\nSistema de impresi\u00f3n a dos colores.<br \/>\nConteo autom\u00e1tico de los productos.<br \/>\nVelocidad de embalaje ajustable de manera flexible.<\/p>\n<p>Dos Colores de Impresora flexografica<\/p>\n<div id=\"attachment_30189\" style=\"width: 381px\" class=\"wp-caption alignnone\"><img fetchpriority=\"high\" decoding=\"async\" aria-describedby=\"caption-attachment-30189\" class=\" wp-image-30189\" src=\"https:\/\/maquinasparafabricarbolsas.co\/es\/wp-content\/uploads\/2025\/09\/Embalaje-pitillo-De-Plastico-sellado-de-3-lados.jpg\" alt=\"M\u00e1quina de Embalaje pitillo De Plastico sellado de 3 lados\" width=\"371\" height=\"371\" srcset=\"https:\/\/maquinasparafabricarbolsas.co\/es\/wp-content\/uploads\/2025\/09\/Embalaje-pitillo-De-Plastico-sellado-de-3-lados.jpg 640w, https:\/\/maquinasparafabricarbolsas.co\/es\/wp-content\/uploads\/2025\/09\/Embalaje-pitillo-De-Plastico-sellado-de-3-lados-300x300.jpg 300w, https:\/\/maquinasparafabricarbolsas.co\/es\/wp-content\/uploads\/2025\/09\/Embalaje-pitillo-De-Plastico-sellado-de-3-lados-150x150.jpg 150w, https:\/\/maquinasparafabricarbolsas.co\/es\/wp-content\/uploads\/2025\/09\/Embalaje-pitillo-De-Plastico-sellado-de-3-lados-430x430.jpg 430w\" sizes=\"(max-width: 371px) 100vw, 371px\" \/><p id=\"caption-attachment-30189\" class=\"wp-caption-text\">M\u00e1quina de Embalaje pitillo De Plastico sellado de 3 lados<\/p><\/div>\n<div id=\"attachment_30190\" style=\"width: 385px\" class=\"wp-caption alignnone\"><img decoding=\"async\" aria-describedby=\"caption-attachment-30190\" class=\" wp-image-30190\" src=\"https:\/\/maquinasparafabricarbolsas.co\/es\/wp-content\/uploads\/2025\/09\/Embalaje-pitillo-De-Plastico.jpg\" alt=\"Embalaje pitillo De Plastico\" width=\"375\" height=\"286\" srcset=\"https:\/\/maquinasparafabricarbolsas.co\/es\/wp-content\/uploads\/2025\/09\/Embalaje-pitillo-De-Plastico.jpg 611w, https:\/\/maquinasparafabricarbolsas.co\/es\/wp-content\/uploads\/2025\/09\/Embalaje-pitillo-De-Plastico-393x300.jpg 393w, https:\/\/maquinasparafabricarbolsas.co\/es\/wp-content\/uploads\/2025\/09\/Embalaje-pitillo-De-Plastico-430x328.jpg 430w, https:\/\/maquinasparafabricarbolsas.co\/es\/wp-content\/uploads\/2025\/09\/Embalaje-pitillo-De-Plastico-150x114.jpg 150w\" sizes=\"(max-width: 375px) 100vw, 375px\" \/><p id=\"caption-attachment-30190\" class=\"wp-caption-text\">Embalaje pitillo De Plastico<\/p><\/div>\n<p><img decoding=\"async\" class=\"alignnone size-full wp-image-28792\" src=\"https:\/\/bolseadora.com.mx\/wp-content\/uploads\/2025\/02\/Maquina-de-Embalaje-pitillo-De-Plastico-sellado-de-3-lados-Bogota-cusco-Medellin-Cali-quitos-piura-Colombia.jpg\" alt=\"\" width=\"600\" srcset=\"https:\/\/maquinasparafabricarbolsas.co\/es\/wp-content\/uploads\/2025\/02\/Maquina-de-Embalaje-pitillo-De-Plastico-sellado-de-3-lados-Bogota-cusco-Medellin-Cali-quitos-piura-Colombia.jpg 1600w, https:\/\/maquinasparafabricarbolsas.co\/es\/wp-content\/uploads\/2025\/02\/Maquina-de-Embalaje-pitillo-De-Plastico-sellado-de-3-lados-Bogota-cusco-Medellin-Cali-quitos-piura-Colombia-400x247.jpg 400w, https:\/\/maquinasparafabricarbolsas.co\/es\/wp-content\/uploads\/2025\/02\/Maquina-de-Embalaje-pitillo-De-Plastico-sellado-de-3-lados-Bogota-cusco-Medellin-Cali-quitos-piura-Colombia-1298x800.jpg 1298w, https:\/\/maquinasparafabricarbolsas.co\/es\/wp-content\/uploads\/2025\/02\/Maquina-de-Embalaje-pitillo-De-Plastico-sellado-de-3-lados-Bogota-cusco-Medellin-Cali-quitos-piura-Colombia-768x473.jpg 768w, https:\/\/maquinasparafabricarbolsas.co\/es\/wp-content\/uploads\/2025\/02\/Maquina-de-Embalaje-pitillo-De-Plastico-sellado-de-3-lados-Bogota-cusco-Medellin-Cali-quitos-piura-Colombia-1536x947.jpg 1536w, https:\/\/maquinasparafabricarbolsas.co\/es\/wp-content\/uploads\/2025\/02\/Maquina-de-Embalaje-pitillo-De-Plastico-sellado-de-3-lados-Bogota-cusco-Medellin-Cali-quitos-piura-Colombia-430x265.jpg 430w, https:\/\/maquinasparafabricarbolsas.co\/es\/wp-content\/uploads\/2025\/02\/Maquina-de-Embalaje-pitillo-De-Plastico-sellado-de-3-lados-Bogota-cusco-Medellin-Cali-quitos-piura-Colombia-700x431.jpg 700w, https:\/\/maquinasparafabricarbolsas.co\/es\/wp-content\/uploads\/2025\/02\/Maquina-de-Embalaje-pitillo-De-Plastico-sellado-de-3-lados-Bogota-cusco-Medellin-Cali-quitos-piura-Colombia-150x92.jpg 150w\" sizes=\"(max-width: 1600px) 100vw, 1600px\" \/><\/p>\n","protected":false},"excerpt":{"rendered":"<p>M\u00e1quina de Embalaje <\/p>\n","protected":false},"featured_media":29782,"comment_status":"closed","ping_status":"closed","template":"","meta":{"_acf_changed":false},"product_brand":[],"product_cat":[78],"product_tag":[],"class_list":{"0":"post-29700","1":"product","2":"type-product","3":"status-publish","4":"has-post-thumbnail","6":"product_cat-maquina-para-hacer-pitillo","8":"first","9":"instock","10":"shipping-taxable","11":"product-type-simple"},"acf":[],"_links":{"self":[{"href":"https:\/\/maquinasparafabricarbolsas.co\/es\/wp-json\/wp\/v2\/product\/29700","targetHints":{"allow":["GET"]}}],"collection":[{"href":"https:\/\/maquinasparafabricarbolsas.co\/es\/wp-json\/wp\/v2\/product"}],"about":[{"href":"https:\/\/maquinasparafabricarbolsas.co\/es\/wp-json\/wp\/v2\/types\/product"}],"replies":[{"embeddable":true,"href":"https:\/\/maquinasparafabricarbolsas.co\/es\/wp-json\/wp\/v2\/comments?post=29700"}],"version-history":[{"count":4,"href":"https:\/\/maquinasparafabricarbolsas.co\/es\/wp-json\/wp\/v2\/product\/29700\/revisions"}],"predecessor-version":[{"id":30192,"href":"https:\/\/maquinasparafabricarbolsas.co\/es\/wp-json\/wp\/v2\/product\/29700\/revisions\/30192"}],"wp:featuredmedia":[{"embeddable":true,"href":"https:\/\/maquinasparafabricarbolsas.co\/es\/wp-json\/wp\/v2\/media\/29782"}],"wp:attachment":[{"href":"https:\/\/maquinasparafabricarbolsas.co\/es\/wp-json\/wp\/v2\/media?parent=29700"}],"wp:term":[{"taxonomy":"product_brand","embeddable":true,"href":"https:\/\/maquinasparafabricarbolsas.co\/es\/wp-json\/wp\/v2\/product_brand?post=29700"},{"taxonomy":"product_cat","embeddable":true,"href":"https:\/\/maquinasparafabricarbolsas.co\/es\/wp-json\/wp\/v2\/product_cat?post=29700"},{"taxonomy":"product_tag","embeddable":true,"href":"https:\/\/maquinasparafabricarbolsas.co\/es\/wp-json\/wp\/v2\/product_tag?post=29700"}],"curies":[{"name":"wp","href":"https:\/\/api.w.org\/{rel}","templated":true}]}}