{"id":29703,"date":"2025-09-26T21:45:09","date_gmt":"2025-09-26T13:45:09","guid":{"rendered":"https:\/\/maquinasparafabricarbolsas.co\/es\/?post_type=product&#038;p=29703"},"modified":"2025-10-25T22:34:32","modified_gmt":"2025-10-25T14:34:32","slug":"canitas-de-plastico","status":"publish","type":"product","link":"https:\/\/maquinasparafabricarbolsas.co\/es\/pitillo-de-plasticos-colombia-cali-bogota-bogota-medellin","title":{"rendered":"Pitillo de Plastico"},"content":{"rendered":"<p>La importancia de los pitillos pl\u00e1sticos en el medio ambiente es un tema que ha cobrado relevancia en las \u00faltimas d\u00e9cadas. Estos peque\u00f1os objetos, que a menudo pasan desapercibidos, tienen un impacto significativo en nuestro ecosistema. En primer lugar, es esencial entender que los pitillos pl\u00e1sticos son una de las principales fuentes de contaminaci\u00f3n en oc\u00e9anos y r\u00edos. Cada a\u00f1o, millones de pitillos terminan en cuerpos de agua, afectando a la fauna marina y contaminando el medio ambiente. Por ejemplo, se ha documentado que las tortugas marinas confunden los pitillos con alimento, lo que puede resultar en su muerte. Adem\u00e1s, las aves marinas pueden ingerir estos objetos, obstruyendo su sistema digestivo y causando dolorosas muertes. Es fundamental que tomemos conciencia de este problema y busquemos alternativas sostenibles. Por lo tanto, al optar por pitillos de papel, metal o bamb\u00fa, no solo estamos reduciendo la contaminaci\u00f3n, sino que tambi\u00e9n estamos promoviendo un estilo de vida m\u00e1s responsable. Por ejemplo, muchos restaurantes han comenzado a ofrecer solo pitillos bajo demanda, lo que reduce su uso innecesario. Adem\u00e1s, los consumidores pueden llevar sus propios pitillos reutilizables, lo que representa un cambio positivo en nuestros h\u00e1bitos diarios. En resumen, la reducci\u00f3n del uso de pitillos pl\u00e1sticos es crucial para la salud de nuestros oc\u00e9anos y la preservaci\u00f3n de la vida marina. Cada peque\u00f1a acci\u00f3n cuenta y contribuye a un futuro m\u00e1s limpio y sostenible. Al tener en cuenta la importancia de los pitillos pl\u00e1sticos, podemos trabajar juntos para crear un cambio positivo en el mundo.<\/p>\n","protected":false},"excerpt":{"rendered":"<p>La importancia de lo<\/p>\n","protected":false},"featured_media":30167,"comment_status":"closed","ping_status":"closed","template":"","meta":{"_acf_changed":false},"product_brand":[],"product_cat":[77],"product_tag":[],"class_list":{"0":"post-29703","1":"product","2":"type-product","3":"status-publish","4":"has-post-thumbnail","6":"product_cat-pitillo-de-canitas","8":"first","9":"instock","10":"shipping-taxable","11":"product-type-simple"},"acf":[],"_links":{"self":[{"href":"https:\/\/maquinasparafabricarbolsas.co\/es\/wp-json\/wp\/v2\/product\/29703","targetHints":{"allow":["GET"]}}],"collection":[{"href":"https:\/\/maquinasparafabricarbolsas.co\/es\/wp-json\/wp\/v2\/product"}],"about":[{"href":"https:\/\/maquinasparafabricarbolsas.co\/es\/wp-json\/wp\/v2\/types\/product"}],"replies":[{"embeddable":true,"href":"https:\/\/maquinasparafabricarbolsas.co\/es\/wp-json\/wp\/v2\/comments?post=29703"}],"version-history":[{"count":2,"href":"https:\/\/maquinasparafabricarbolsas.co\/es\/wp-json\/wp\/v2\/product\/29703\/revisions"}],"predecessor-version":[{"id":30267,"href":"https:\/\/maquinasparafabricarbolsas.co\/es\/wp-json\/wp\/v2\/product\/29703\/revisions\/30267"}],"wp:featuredmedia":[{"embeddable":true,"href":"https:\/\/maquinasparafabricarbolsas.co\/es\/wp-json\/wp\/v2\/media\/30167"}],"wp:attachment":[{"href":"https:\/\/maquinasparafabricarbolsas.co\/es\/wp-json\/wp\/v2\/media?parent=29703"}],"wp:term":[{"taxonomy":"product_brand","embeddable":true,"href":"https:\/\/maquinasparafabricarbolsas.co\/es\/wp-json\/wp\/v2\/product_brand?post=29703"},{"taxonomy":"product_cat","embeddable":true,"href":"https:\/\/maquinasparafabricarbolsas.co\/es\/wp-json\/wp\/v2\/product_cat?post=29703"},{"taxonomy":"product_tag","embeddable":true,"href":"https:\/\/maquinasparafabricarbolsas.co\/es\/wp-json\/wp\/v2\/product_tag?post=29703"}],"curies":[{"name":"wp","href":"https:\/\/api.w.org\/{rel}","templated":true}]}}