{"id":29731,"date":"2025-09-26T21:45:34","date_gmt":"2025-09-26T13:45:34","guid":{"rendered":"https:\/\/maquinasparafabricarbolsas.co\/es\/?post_type=product&#038;p=29731"},"modified":"2025-10-25T09:49:20","modified_gmt":"2025-10-25T01:49:20","slug":"maquina-refiladora-cortadora-film-bogota-medellin-maquina-refiladora","status":"publish","type":"product","link":"https:\/\/maquinasparafabricarbolsas.co\/es\/maquina-refiladora-para-stretch-film","title":{"rendered":"Maquina Refiladora de Stretch Film"},"content":{"rendered":"<p data-rm-block-id=\"block-1\">M\u00e1quina Refiladora de Pel\u00edcula<\/p>\n<p data-rm-block-id=\"block-2\">La m\u00e1quina refiladora es fundamental para mejorar la eficiencia en el proceso de embalaje.<\/p>\n<p data-rm-block-id=\"block-3\">Caracter\u00edsticas:<br \/>\n1) Compatible con film transparente de LLDPE, film transparente de PVC y film estirable de LDPE.<br \/>\n2) Velocidad de corte ajustable mediante inversor.<br \/>\n3) Ancho de film: de 100 mm a 500 mm.<br \/>\n4) Garant\u00eda de un a\u00f1o con operaci\u00f3n continua las 24 horas, los 7 d\u00edas de la semana.<br \/>\n5) Contador de metros incorporado.<br \/>\n6) Dise\u00f1o sencillo que facilita su uso.<br \/>\n7) Voltaje: 220 V, trif\u00e1sico.<\/p>\n<p data-rm-block-id=\"block-4\">Proporciona una gran versatilidad para diversos tipos de film.<\/p>\n<div id=\"attachment_29483\" style=\"width: 435px\" class=\"wp-caption alignnone\"><img fetchpriority=\"high\" decoding=\"async\" aria-describedby=\"caption-attachment-29483\" class=\"stretch film wp-image-29483 size-full\" title=\"stretch film\" src=\"https:\/\/bolseadora.com.mx\/wp-content\/uploads\/2025\/02\/stretch-film032.jpg\" alt=\"stretch film\" width=\"425\" height=\"298\" \/><p id=\"caption-attachment-29483\" class=\"wp-caption-text\">stretch film<\/p><\/div>\n<table border=\"0\" cellspacing=\"0\" cellpadding=\"5\">\n<tbody>\n<tr>\n<td width=\"51%\">\n<div data-rm-block-id=\"block-5\">Model<\/div>\n<p data-rm-block-id=\"block-6\">Esta m\u00e1quina asegura un rendimiento continuo y eficiente.<\/p>\n<\/td>\n<td width=\"48%\">\n<div data-rm-block-id=\"block-7\"><span data-scayt_word=\"KDRW-500\" data-scaytid=\"13\">KDRW-500<\/span><\/div>\n<\/td>\n<\/tr>\n<tr>\n<td width=\"51%\">\n<div data-rm-block-id=\"block-8\">Width of finished product<\/div>\n<\/td>\n<td width=\"48%\">\n<div data-rm-block-id=\"block-9\"><span data-scayt_word=\"500mm\" data-scaytid=\"14\">500mm<\/span><\/div>\n<\/td>\n<\/tr>\n<tr>\n<td width=\"51%\">\n<div data-rm-block-id=\"block-10\">Power of motor<\/div>\n<\/td>\n<td width=\"48%\">\n<div data-rm-block-id=\"block-11\">1.5KW<\/div>\n<\/td>\n<\/tr>\n<tr>\n<td width=\"51%\">\n<div data-rm-block-id=\"block-12\">Mechanical linear speed (max)<\/div>\n<\/td>\n<td width=\"48%\">\n<div data-rm-block-id=\"block-13\">400 m\/min<\/div>\n<\/td>\n<\/tr>\n<tr>\n<td width=\"51%\">\n<div data-rm-block-id=\"block-14\">Roll Laying Mode<\/div>\n<\/td>\n<td width=\"48%\">\n<div data-rm-block-id=\"block-15\">By hand<\/div>\n<\/td>\n<\/tr>\n<tr>\n<td width=\"51%\">\n<div data-rm-block-id=\"block-16\">Diameter of parent roll(max)<\/div>\n<\/td>\n<td width=\"48%\">\n<div data-rm-block-id=\"block-17\"><span data-scayt_word=\"400mm\" data-scaytid=\"19\">400mm<\/span><\/div>\n<\/td>\n<\/tr>\n<tr>\n<td width=\"51%\">\n<div data-rm-block-id=\"block-18\">Width of parent roll (max)<\/div>\n<\/td>\n<td width=\"48%\">\n<div data-rm-block-id=\"block-19\"><span data-scayt_word=\"500mm\" data-scaytid=\"20\">500mm<\/span><\/div>\n<\/td>\n<\/tr>\n<tr>\n<td width=\"51%\">\n<div data-rm-block-id=\"block-20\">Core specification of parent roll<\/div>\n<\/td>\n<td width=\"48%\">\n<div data-rm-block-id=\"block-21\">3&#8243;<\/div>\n<\/td>\n<\/tr>\n<tr>\n<td>\n<div data-rm-block-id=\"block-22\">Width of sub-roll<\/div>\n<\/td>\n<td>\n<div data-rm-block-id=\"block-23\"><span data-scayt_word=\"500mm\" data-scaytid=\"21\">500mm<\/span><\/div>\n<\/td>\n<\/tr>\n<tr>\n<td>\n<div data-rm-block-id=\"block-24\">Diameter of sub-roll (max)<\/div>\n<\/td>\n<td>\n<div data-rm-block-id=\"block-25\"><span data-scayt_word=\"300mm\" data-scaytid=\"22\">300mm<\/span><\/div>\n<\/td>\n<\/tr>\n<tr>\n<td>\n<div data-rm-block-id=\"block-26\">Core <span data-scayt_word=\"speciation\" data-scaytid=\"23\">speciation<\/span> of sub-roll<\/div>\n<\/td>\n<td>\n<div data-rm-block-id=\"block-27\">3&#8243;\u00a0,\u00a0\u00a0 2&#8243;<\/div>\n<\/td>\n<\/tr>\n<tr>\n<td width=\"51%\">\n<div data-rm-block-id=\"block-28\">Dimensions (L*W*H)<\/div>\n<\/td>\n<td width=\"48%\">\n<div data-rm-block-id=\"block-29\">1.4*1.1*1.1m<\/div>\n<\/td>\n<\/tr>\n<tr>\n<td width=\"51%\">\n<div data-rm-block-id=\"block-30\">Weight<\/div>\n<\/td>\n<td width=\"48%\">\n<div data-rm-block-id=\"block-31\">700 Kg<\/div>\n<\/td>\n<\/tr>\n<\/tbody>\n<\/table>\n","protected":false},"excerpt":{"rendered":"<p>M\u00e1quina Refiladora d<\/p>\n","protected":false},"featured_media":29799,"comment_status":"closed","ping_status":"closed","template":"","meta":{"_acf_changed":false},"product_brand":[],"product_cat":[100],"product_tag":[],"class_list":{"0":"post-29731","1":"product","2":"type-product","3":"status-publish","4":"has-post-thumbnail","6":"product_cat-maquina-refiladora-de-pelicula","8":"first","9":"instock","10":"shipping-taxable","11":"product-type-simple"},"acf":[],"_links":{"self":[{"href":"https:\/\/maquinasparafabricarbolsas.co\/es\/wp-json\/wp\/v2\/product\/29731","targetHints":{"allow":["GET"]}}],"collection":[{"href":"https:\/\/maquinasparafabricarbolsas.co\/es\/wp-json\/wp\/v2\/product"}],"about":[{"href":"https:\/\/maquinasparafabricarbolsas.co\/es\/wp-json\/wp\/v2\/types\/product"}],"replies":[{"embeddable":true,"href":"https:\/\/maquinasparafabricarbolsas.co\/es\/wp-json\/wp\/v2\/comments?post=29731"}],"version-history":[{"count":4,"href":"https:\/\/maquinasparafabricarbolsas.co\/es\/wp-json\/wp\/v2\/product\/29731\/revisions"}],"predecessor-version":[{"id":30170,"href":"https:\/\/maquinasparafabricarbolsas.co\/es\/wp-json\/wp\/v2\/product\/29731\/revisions\/30170"}],"wp:featuredmedia":[{"embeddable":true,"href":"https:\/\/maquinasparafabricarbolsas.co\/es\/wp-json\/wp\/v2\/media\/29799"}],"wp:attachment":[{"href":"https:\/\/maquinasparafabricarbolsas.co\/es\/wp-json\/wp\/v2\/media?parent=29731"}],"wp:term":[{"taxonomy":"product_brand","embeddable":true,"href":"https:\/\/maquinasparafabricarbolsas.co\/es\/wp-json\/wp\/v2\/product_brand?post=29731"},{"taxonomy":"product_cat","embeddable":true,"href":"https:\/\/maquinasparafabricarbolsas.co\/es\/wp-json\/wp\/v2\/product_cat?post=29731"},{"taxonomy":"product_tag","embeddable":true,"href":"https:\/\/maquinasparafabricarbolsas.co\/es\/wp-json\/wp\/v2\/product_tag?post=29731"}],"curies":[{"name":"wp","href":"https:\/\/api.w.org\/{rel}","templated":true}]}}