{"id":29732,"date":"2025-09-26T21:45:34","date_gmt":"2025-09-26T13:45:34","guid":{"rendered":"https:\/\/maquinasparafabricarbolsas.co\/es\/?post_type=product&#038;p=29732"},"modified":"2025-10-25T09:49:51","modified_gmt":"2025-10-25T01:49:51","slug":"maquina-refiladora-bogota-medellin-maquina-refiladora","status":"publish","type":"product","link":"https:\/\/maquinasparafabricarbolsas.co\/es\/maquina-refiladora-bogota-medellin","title":{"rendered":"Maquina Refiladora de pelicula"},"content":{"rendered":"<p data-rm-block-id=\"block-1\">M\u00e1quina Refiladora de pel\u00edcula: una soluci\u00f3n eficiente y vers\u00e1til.<br \/>\nLa cortadora vertical presenta una opci\u00f3n inigualable para el manejo y procesamiento de materiales en rollo tales como BOPP, PET, CPP, CPE, PVC, papel de aluminio y papel. Esta m\u00e1quina ha sido concebida para atender diversas exigencias de producci\u00f3n, asegurando cortes y divisiones precisas de pel\u00edculas, lo que le permite adaptarse a sus requerimientos operativos espec\u00edficos. Con un dise\u00f1o que prioriza la m\u00e1xima eficiencia, optimiza los flujos de trabajo y proporciona resultados sobresalientes.<\/p>\n<div id=\"attachment_29480\" style=\"width: 393px\" class=\"wp-caption alignnone\"><img fetchpriority=\"high\" decoding=\"async\" aria-describedby=\"caption-attachment-29480\" class=\"BOPP film papel wp-image-29480\" title=\"BOPP film papel\" src=\"https:\/\/bolseadora.com.mx\/wp-content\/uploads\/2025\/02\/BOPP-film-papel.webp\" alt=\"BOPP film papel\" width=\"383\" height=\"383\" \/><p id=\"caption-attachment-29480\" class=\"wp-caption-text\">BOPP film papel<\/p><\/div>\n<table border=\"0\" cellspacing=\"1\" cellpadding=\"2\">\n<tbody>\n<tr>\n<td data-rm-block-id=\"block-2\">Type<\/td>\n<td data-rm-block-id=\"block-3\">LFQ-700A<\/td>\n<td data-rm-block-id=\"block-4\">LFQ-1100A<\/td>\n<td data-rm-block-id=\"block-5\">LFQ-1300A<\/td>\n<\/tr>\n<tr>\n<td data-rm-block-id=\"block-6\">Max.Width of Mother Roll<\/td>\n<td data-rm-block-id=\"block-7\">700mm<\/td>\n<td data-rm-block-id=\"block-8\">1100mm<\/td>\n<td data-rm-block-id=\"block-9\">1300mm<\/td>\n<\/tr>\n<tr>\n<td data-rm-block-id=\"block-10\">MAX.Diameter of Mother Roll<\/td>\n<td data-rm-block-id=\"block-11\">Dia600mm<\/td>\n<td data-rm-block-id=\"block-12\">Dia600mm<\/td>\n<td data-rm-block-id=\"block-13\">Dia600mm<\/td>\n<\/tr>\n<tr>\n<td data-rm-block-id=\"block-14\">Width of Final Roll<\/td>\n<td data-rm-block-id=\"block-15\">30-600mm<\/td>\n<td data-rm-block-id=\"block-16\">30-600mm<\/td>\n<td data-rm-block-id=\"block-17\">30-600mm<\/td>\n<\/tr>\n<tr>\n<td data-rm-block-id=\"block-18\">Slitting and Rewinging Speed<\/td>\n<td data-rm-block-id=\"block-19\">5-160m\/min<\/td>\n<td data-rm-block-id=\"block-20\">5-160m\/min<\/td>\n<td data-rm-block-id=\"block-21\">5-160m\/min<\/td>\n<\/tr>\n<tr>\n<td data-rm-block-id=\"block-22\">Tolerance of EPC<\/td>\n<td data-rm-block-id=\"block-23\">more or less 0.5mm<\/td>\n<td data-rm-block-id=\"block-24\">0.5mm<\/td>\n<td data-rm-block-id=\"block-25\">0.5mm<\/td>\n<\/tr>\n<tr>\n<td data-rm-block-id=\"block-26\">Total Power<\/td>\n<td data-rm-block-id=\"block-27\">2.7kw<\/td>\n<td data-rm-block-id=\"block-28\">3.5kw<\/td>\n<td data-rm-block-id=\"block-29\">3.5kw<\/td>\n<\/tr>\n<tr>\n<td data-rm-block-id=\"block-30\">Weight of Machine<\/td>\n<td data-rm-block-id=\"block-31\">1200kg<\/td>\n<td data-rm-block-id=\"block-32\">1500kg<\/td>\n<td data-rm-block-id=\"block-33\">1800kg<\/td>\n<\/tr>\n<tr>\n<td data-rm-block-id=\"block-34\">Overall Dimension<\/td>\n<td data-rm-block-id=\"block-35\">2000*1110*1400mm<\/td>\n<td data-rm-block-id=\"block-36\">2400*1110*1400mm<\/td>\n<td data-rm-block-id=\"block-37\">2600*1110*1400mm<\/td>\n<\/tr>\n<\/tbody>\n<\/table>\n","protected":false},"excerpt":{"rendered":"<p>La m\u00e1quina cortadora es adecuada para cortar y rebobinar diversos materiales en rollo como BOPP, PET, CPP, CPE, PVC, papel de aluminio y papel, etc. y puede cortar bordes, separar y cortar material seg\u00fan diferentes requisitos durante la producci\u00f3n.<\/p>\n","protected":false},"featured_media":29801,"comment_status":"closed","ping_status":"closed","template":"","meta":{"_acf_changed":false},"product_brand":[],"product_cat":[100],"product_tag":[],"class_list":{"0":"post-29732","1":"product","2":"type-product","3":"status-publish","4":"has-post-thumbnail","6":"product_cat-maquina-refiladora-de-pelicula","8":"first","9":"instock","10":"shipping-taxable","11":"product-type-simple"},"acf":[],"_links":{"self":[{"href":"https:\/\/maquinasparafabricarbolsas.co\/es\/wp-json\/wp\/v2\/product\/29732","targetHints":{"allow":["GET"]}}],"collection":[{"href":"https:\/\/maquinasparafabricarbolsas.co\/es\/wp-json\/wp\/v2\/product"}],"about":[{"href":"https:\/\/maquinasparafabricarbolsas.co\/es\/wp-json\/wp\/v2\/types\/product"}],"replies":[{"embeddable":true,"href":"https:\/\/maquinasparafabricarbolsas.co\/es\/wp-json\/wp\/v2\/comments?post=29732"}],"version-history":[{"count":4,"href":"https:\/\/maquinasparafabricarbolsas.co\/es\/wp-json\/wp\/v2\/product\/29732\/revisions"}],"predecessor-version":[{"id":30171,"href":"https:\/\/maquinasparafabricarbolsas.co\/es\/wp-json\/wp\/v2\/product\/29732\/revisions\/30171"}],"wp:featuredmedia":[{"embeddable":true,"href":"https:\/\/maquinasparafabricarbolsas.co\/es\/wp-json\/wp\/v2\/media\/29801"}],"wp:attachment":[{"href":"https:\/\/maquinasparafabricarbolsas.co\/es\/wp-json\/wp\/v2\/media?parent=29732"}],"wp:term":[{"taxonomy":"product_brand","embeddable":true,"href":"https:\/\/maquinasparafabricarbolsas.co\/es\/wp-json\/wp\/v2\/product_brand?post=29732"},{"taxonomy":"product_cat","embeddable":true,"href":"https:\/\/maquinasparafabricarbolsas.co\/es\/wp-json\/wp\/v2\/product_cat?post=29732"},{"taxonomy":"product_tag","embeddable":true,"href":"https:\/\/maquinasparafabricarbolsas.co\/es\/wp-json\/wp\/v2\/product_tag?post=29732"}],"curies":[{"name":"wp","href":"https:\/\/api.w.org\/{rel}","templated":true}]}}