{"id":29733,"date":"2025-09-26T21:45:34","date_gmt":"2025-09-26T13:45:34","guid":{"rendered":"https:\/\/maquinasparafabricarbolsas.co\/es\/?post_type=product&#038;p=29733"},"modified":"2025-10-25T01:08:12","modified_gmt":"2025-10-24T17:08:12","slug":"maquina-peletizadora-de-plastico-kd-a-bogota-colombia","status":"publish","type":"product","link":"https:\/\/maquinasparafabricarbolsas.co\/es\/maquina-peletizadora-de-plastico-aires-fresco-bogota-colombia","title":{"rendered":"Peletizadora de plastico de aires fresco"},"content":{"rendered":"<p>Peletizadora de pl\u00e1stico de aires fresco<\/p>\n<p>La peletizadora de pl\u00e1stico, que cuenta con un innovador sistema de refrigeraci\u00f3n por aire, es ideal para el reciclaje de diversos productos pl\u00e1sticos, incluyendo HDPE y LDPE, garantizando una operaci\u00f3n eficiente. La regulaci\u00f3n de su velocidad operativa se lleva a cabo mediante un inversor, lo que permite un significativo ahorro en el consumo energ\u00e9tico. Este equipo de elevada capacidad presenta una trituradora granuladora, la cual es impulsada por un motor de velocidad variable, optimizando as\u00ed su funcionamiento.<\/p>\n<p>Entre sus caracter\u00edsticas m\u00e1s relevantes, se encuentra la capacidad de procesar materiales como LDPE, HDPE, LLDPE y PP, en formatos tales como pel\u00edculas, bolsas y escamas. El inversor incorporado permite controlar la velocidad de la extrusora, lo que no solo disminuye el consumo energ\u00e9tico, sino que tambi\u00e9n reduce los costos operativos. La m\u00e1quina est\u00e1 compuesta por una extrusora, una unidad de peletizaci\u00f3n y un sistema de refrigeraci\u00f3n por aire.<\/p>\n<div id=\"attachment_29887\" style=\"width: 285px\" class=\"wp-caption alignnone\"><img fetchpriority=\"high\" decoding=\"async\" aria-describedby=\"caption-attachment-29887\" class=\" wp-image-29887\" src=\"https:\/\/bolseadora.com.mx\/wp-content\/uploads\/2025\/02\/Polietileno-Polipropileno-Bolsas-de-plastico.webp\" alt=\"Polietileno Polipropileno Bolsas de plastico\" width=\"275\" height=\"275\" \/><p id=\"caption-attachment-29887\" class=\"wp-caption-text\">Polietileno Polipropileno Bolsas de plastico<\/p><\/div>\n<p data-rm-block-id=\"block-5\"><img decoding=\"async\" class=\" wp-image-29888\" src=\"https:\/\/bolseadora.com.mx\/wp-content\/uploads\/2025\/02\/Polietileno.webp\" alt=\"Polietileno\" width=\"274\" height=\"274\" \/><\/p>\n<p data-rm-block-id=\"block-6\"><strong>Especificaciones\u00a0t\u00e9cnicas\u00a0del\u00a0granulador\u00a0de\u00a0pl\u00e1stico\u00a0reciclado\u00a0decorte\u00a0en\u00a0caliente<\/strong><\/p>\n<table border=\"0\" cellspacing=\"1\" cellpadding=\"0\">\n<tbody>\n<tr>\n<td data-rm-block-id=\"block-7\"><strong>Modelo<\/strong><\/td>\n<td data-rm-block-id=\"block-8\"><strong><span data-scayt_word=\"SJ-A90\" data-scaytid=\"152\">SJ-A90<\/span><\/strong><\/td>\n<td data-rm-block-id=\"block-9\"><strong>SJ-A100<\/strong><\/td>\n<td data-rm-block-id=\"block-10\"><strong>SJ-A110<\/strong><\/td>\n<td data-rm-block-id=\"block-11\"><strong>SJ-A120<\/strong><\/td>\n<\/tr>\n<tr>\n<td data-rm-block-id=\"block-12\"><span data-scayt_word=\"Tipo\" data-scaytid=\"288\">Tipo<\/span> de <span data-scayt_word=\"di\u00e1metro\" data-scaytid=\"289\">di\u00e1metro<\/span> del <span data-scayt_word=\"tornillo\" data-scaytid=\"290\">tornillo<\/span><\/td>\n<td data-rm-block-id=\"block-13\"><span data-scayt_word=\"\u03c690\" data-scaytid=\"292\">\u03c690<\/span><\/td>\n<td data-rm-block-id=\"block-14\"><span data-scayt_word=\"\u03c6100\" data-scaytid=\"293\">\u03c6100<\/span><\/td>\n<td data-rm-block-id=\"block-15\"><span data-scayt_word=\"\u03c6110\" data-scaytid=\"294\">\u03c6110<\/span><\/td>\n<td data-rm-block-id=\"block-16\"><span data-scayt_word=\"\u03c6120\" data-scaytid=\"295\">\u03c6120<\/span><\/td>\n<\/tr>\n<tr>\n<td data-rm-block-id=\"block-17\"><span data-scayt_word=\"Di\u00e1metro\" data-scaytid=\"296\">Di\u00e1metro<\/span> mayor de <span data-scayt_word=\"rango\" data-scaytid=\"297\">rango<\/span> del <span data-scayt_word=\"tornillo\" data-scaytid=\"291\">tornillo<\/span> (L\/D)<\/td>\n<td data-rm-block-id=\"block-18\">L\/D 20:1 -22:1<\/td>\n<td data-rm-block-id=\"block-19\">L\/D 20:1 -22:1<\/td>\n<td data-rm-block-id=\"block-20\">L\/D 20:1 -22:1<\/td>\n<td data-rm-block-id=\"block-21\">L\/D 20:1 -22:1<\/td>\n<\/tr>\n<tr>\n<td data-rm-block-id=\"block-22\"><span data-scayt_word=\"Velocidad\" data-scaytid=\"277\">Velocidad<\/span> <span data-scayt_word=\"racional\" data-scaytid=\"278\">racional<\/span> del <span data-scayt_word=\"tornillo\" data-scaytid=\"300\">tornillo<\/span><\/td>\n<td data-rm-block-id=\"block-23\"><span data-scayt_word=\"10-100r\" data-scaytid=\"189\">10-100r<\/span>\/min<\/td>\n<td data-rm-block-id=\"block-24\"><span data-scayt_word=\"10-100r\" data-scaytid=\"190\">10-100r<\/span>\/min<\/td>\n<td data-rm-block-id=\"block-25\"><span data-scayt_word=\"10-100r\" data-scaytid=\"191\">10-100r<\/span>\/min<\/td>\n<td data-rm-block-id=\"block-26\"><span data-scayt_word=\"10-100r\" data-scaytid=\"192\">10-100r<\/span>\/min<\/td>\n<\/tr>\n<tr>\n<td data-rm-block-id=\"block-27\"><span data-scayt_word=\"Potencia\" data-scaytid=\"283\">Potencia<\/span> del motor principal<\/td>\n<td data-rm-block-id=\"block-28\"><span data-scayt_word=\"22kw\" data-scaytid=\"193\">22kw<\/span><\/td>\n<td data-rm-block-id=\"block-29\"><span data-scayt_word=\"30kw\" data-scaytid=\"194\">30kw<\/span><\/td>\n<td data-rm-block-id=\"block-30\"><span data-scayt_word=\"37kw\" data-scaytid=\"195\">37kw<\/span><\/td>\n<td data-rm-block-id=\"block-31\"><span data-scayt_word=\"45kw\" data-scaytid=\"196\">45kw<\/span><\/td>\n<\/tr>\n<tr>\n<td data-rm-block-id=\"block-32\"><span data-scayt_word=\"Salida\" data-scaytid=\"310\">Salida<\/span><\/td>\n<td data-rm-block-id=\"block-33\"><span data-scayt_word=\"68kg\" data-scaytid=\"247\">68kg<\/span> \/h<\/td>\n<td data-rm-block-id=\"block-34\"><span data-scayt_word=\"95kg\" data-scaytid=\"248\">95kg<\/span> \/h<\/td>\n<td data-rm-block-id=\"block-35\"><span data-scayt_word=\"120kg\" data-scaytid=\"249\">120kg<\/span> \/h<\/td>\n<td data-rm-block-id=\"block-36\"><span data-scayt_word=\"135kg\" data-scaytid=\"250\">135kg<\/span> \/h<\/td>\n<\/tr>\n<tr>\n<td data-rm-block-id=\"block-37\">Peso total(kg)<\/td>\n<td data-rm-block-id=\"block-38\"><span data-scayt_word=\"2600kg\" data-scaytid=\"251\">2600kg<\/span><\/td>\n<td data-rm-block-id=\"block-39\"><span data-scayt_word=\"2800kg\" data-scaytid=\"252\">2800kg<\/span><\/td>\n<td data-rm-block-id=\"block-40\"><span data-scayt_word=\"3000kg\" data-scaytid=\"253\">3000kg<\/span><\/td>\n<td data-rm-block-id=\"block-41\"><span data-scayt_word=\"3200kg\" data-scaytid=\"254\">3200kg<\/span><\/td>\n<\/tr>\n<tr>\n<td data-rm-block-id=\"block-42\"><span data-scayt_word=\"Dimensiones\" data-scaytid=\"319\">Dimensiones<\/span> de la <span data-scayt_word=\"cubierta\" data-scaytid=\"320\">cubierta<\/span> (l*a*a) (mm)<\/td>\n<td data-rm-block-id=\"block-43\">4000*1500*1800<\/td>\n<td data-rm-block-id=\"block-44\">4000*1500*1800<\/td>\n<td data-rm-block-id=\"block-45\">4000*1500*1800<\/td>\n<td data-rm-block-id=\"block-46\">4600*1500*1800<\/td>\n<\/tr>\n<\/tbody>\n<\/table>\n<p data-rm-block-id=\"block-47\"><\/p>\n","protected":false},"excerpt":{"rendered":"<p>Peletizadora de pl\u00e1s<\/p>\n","protected":false},"featured_media":29803,"comment_status":"closed","ping_status":"closed","template":"","meta":{"_acf_changed":false},"product_brand":[],"product_cat":[75],"product_tag":[],"class_list":{"0":"post-29733","1":"product","2":"type-product","3":"status-publish","4":"has-post-thumbnail","6":"product_cat-peletizadora-de-plastico","8":"first","9":"instock","10":"shipping-taxable","11":"product-type-simple"},"acf":[],"_links":{"self":[{"href":"https:\/\/maquinasparafabricarbolsas.co\/es\/wp-json\/wp\/v2\/product\/29733","targetHints":{"allow":["GET"]}}],"collection":[{"href":"https:\/\/maquinasparafabricarbolsas.co\/es\/wp-json\/wp\/v2\/product"}],"about":[{"href":"https:\/\/maquinasparafabricarbolsas.co\/es\/wp-json\/wp\/v2\/types\/product"}],"replies":[{"embeddable":true,"href":"https:\/\/maquinasparafabricarbolsas.co\/es\/wp-json\/wp\/v2\/comments?post=29733"}],"version-history":[{"count":2,"href":"https:\/\/maquinasparafabricarbolsas.co\/es\/wp-json\/wp\/v2\/product\/29733\/revisions"}],"predecessor-version":[{"id":30143,"href":"https:\/\/maquinasparafabricarbolsas.co\/es\/wp-json\/wp\/v2\/product\/29733\/revisions\/30143"}],"wp:featuredmedia":[{"embeddable":true,"href":"https:\/\/maquinasparafabricarbolsas.co\/es\/wp-json\/wp\/v2\/media\/29803"}],"wp:attachment":[{"href":"https:\/\/maquinasparafabricarbolsas.co\/es\/wp-json\/wp\/v2\/media?parent=29733"}],"wp:term":[{"taxonomy":"product_brand","embeddable":true,"href":"https:\/\/maquinasparafabricarbolsas.co\/es\/wp-json\/wp\/v2\/product_brand?post=29733"},{"taxonomy":"product_cat","embeddable":true,"href":"https:\/\/maquinasparafabricarbolsas.co\/es\/wp-json\/wp\/v2\/product_cat?post=29733"},{"taxonomy":"product_tag","embeddable":true,"href":"https:\/\/maquinasparafabricarbolsas.co\/es\/wp-json\/wp\/v2\/product_tag?post=29733"}],"curies":[{"name":"wp","href":"https:\/\/api.w.org\/{rel}","templated":true}]}}