{"id":29734,"date":"2025-09-26T21:45:34","date_gmt":"2025-09-26T13:45:34","guid":{"rendered":"https:\/\/maquinasparafabricarbolsas.co\/es\/?post_type=product&#038;p=29734"},"modified":"2025-10-25T01:05:03","modified_gmt":"2025-10-24T17:05:03","slug":"peletizadora-de-plastico-de-alta-velocidad-kd-c-series","status":"publish","type":"product","link":"https:\/\/maquinasparafabricarbolsas.co\/es\/maquina-peletizadora-de-plastico-en-colombia-bogota","title":{"rendered":"Peletizadora de plastico de alta velocidad"},"content":{"rendered":"<p>Peletizadora de pl\u00e1stico de alta velocidad<\/p>\n<p>La peletizadora de pl\u00e1stico de alta velocidad ha sido dise\u00f1ada con un sistema que incluye dos extrusoras y tecnolog\u00edas de filtrado, orientada a procesar una amplia gama de materiales pl\u00e1sticos, como HDPE y LDPE, entre otros. Esta m\u00e1quina cuenta con un peletizador que incorpora un inversor, lo que permite optimizar el consumo energ\u00e9tico. Adem\u00e1s, su trituradora granuladora est\u00e1 equipada con un motor que facilita la regulaci\u00f3n de la velocidad, mejorando as\u00ed la eficiencia operativa y la productividad.<\/p>\n<p>Caracter\u00edsticas principales:<\/p>\n<p>\u2013 Acepta materiales como LDPE, HDPE, LLDPE y PP.<br \/>\n\u2013 Capaz de procesar diversos productos, incluyendo pel\u00edculas, bolsas, botellas y escamas de pl\u00e1stico.<br \/>\n\u2013 El inversor regula la velocidad de extrusi\u00f3n, favoreciendo el ahorro energ\u00e9tico y la rentabilidad del proceso.<br \/>\n\u2013 Cuenta con dos extrusoras, sistemas de filtrado doble, unidades de peletizado y mecanismos de refrigeraci\u00f3n por aire.<\/p>\n<div id=\"attachment_29887\" style=\"width: 285px\" class=\"wp-caption alignnone\"><img fetchpriority=\"high\" decoding=\"async\" aria-describedby=\"caption-attachment-29887\" class=\" wp-image-29887\" src=\"https:\/\/bolseadora.com.mx\/wp-content\/uploads\/2025\/02\/Polietileno-Polipropileno-Bolsas-de-plastico.webp\" alt=\"Polietileno Polipropileno Bolsas de plastico\" width=\"275\" height=\"275\" \/><p id=\"caption-attachment-29887\" class=\"wp-caption-text\">Polietileno Polipropileno Bolsas de plastico<\/p><\/div>\n<p><img decoding=\"async\" class=\" wp-image-29888\" src=\"https:\/\/bolseadora.com.mx\/wp-content\/uploads\/2025\/02\/Polietileno.webp\" alt=\"Polietileno\" width=\"274\" height=\"274\" \/><\/p>\n<table border=\"0\" cellspacing=\"1\" cellpadding=\"0\">\n<tbody>\n<tr>\n<td>\n<div><span data-scayt_word=\"Modelos\" data-scaytid=\"63\">Modelos<\/span><\/div>\n<\/td>\n<td>\n<div><span data-scayt_word=\"SJ-C90\" data-scaytid=\"64\">SJ-C90<\/span><\/div>\n<\/td>\n<td>\n<div><span data-scayt_word=\"SJ-C100\" data-scaytid=\"65\">SJ-C100<\/span><\/div>\n<\/td>\n<td>\n<div><span data-scayt_word=\"SJ-C110\" data-scaytid=\"66\">SJ-C110<\/span><\/div>\n<\/td>\n<td>\n<div><span data-scayt_word=\"SJ-C120\" data-scaytid=\"67\">SJ-C120<\/span><\/div>\n<\/td>\n<\/tr>\n<tr>\n<td>\n<div>\u00a0<span data-scayt_word=\"Di\u00e1metrodel\" data-scaytid=\"68\">Di\u00e1metrodel<\/span>\u00a0<span data-scayt_word=\"tornillo\" data-scaytid=\"69\">tornillo<\/span><\/div>\n<\/td>\n<td>\n<div><span data-scayt_word=\"85mm\" data-scaytid=\"70\">85mm<\/span><\/div>\n<\/td>\n<td>\n<div><span data-scayt_word=\"95mm\" data-scaytid=\"71\">95mm<\/span><\/div>\n<\/td>\n<td>\n<div><span data-scayt_word=\"105mm\" data-scaytid=\"72\">105mm<\/span><\/div>\n<\/td>\n<td>\n<div><span data-scayt_word=\"110mm\" data-scaytid=\"73\">110mm<\/span><\/div>\n<\/td>\n<\/tr>\n<tr>\n<td style=\"padding: 1.5pt; margin: 0px; border-width: 1pt; border-color: silver; background-color: white; height: 29pt; width: 55.75pt;\">\n<div><\/div>\n<div style=\"padding: 0px; margin: 0px; text-indent: 5.25pt;\"><span data-scayt_word=\"Proporci\u00f3nde\" data-scaytid=\"74\">Proporci\u00f3nde<\/span> largo <span data-scayt_word=\"ydi\u00e1metro\" data-scaytid=\"75\">ydi\u00e1metro<\/span>\u00a0<span data-scayt_word=\"deltornillo\" data-scaytid=\"76\">deltornillo<\/span><\/div>\n<div><\/div>\n<\/td>\n<td>\n<div>20:1-22:1(L\/D)<\/div>\n<\/td>\n<td>\n<div>20:1-22:1(L\/D)<\/div>\n<\/td>\n<td>\n<div>20:1-22:1(L\/D)<\/div>\n<\/td>\n<td>\n<div>20:1-22:1(L\/D)<\/div>\n<\/td>\n<\/tr>\n<tr>\n<td>\n<div>\u00a0<span data-scayt_word=\"Velocidaddel\" data-scaytid=\"78\">Velocidaddel<\/span>\u00a0<span data-scayt_word=\"tornillo\" data-scaytid=\"77\">tornillo<\/span><\/div>\n<\/td>\n<td>\n<div><span data-scayt_word=\"10-110rpm\" data-scaytid=\"80\">10-110rpm<\/span><\/div>\n<\/td>\n<td>\n<div><span data-scayt_word=\"10-110rpm\" data-scaytid=\"81\">10-110rpm<\/span><\/div>\n<\/td>\n<td>\n<div><span data-scayt_word=\"10-110rpm\" data-scaytid=\"82\">10-110rpm<\/span><\/div>\n<\/td>\n<td>\n<div><span data-scayt_word=\"10-110rpm\" data-scaytid=\"83\">10-110rpm<\/span><\/div>\n<\/td>\n<\/tr>\n<tr>\n<td style=\"padding: 1.5pt; margin: 0px; border-width: 1pt; border-color: silver; background-color: white; height: 29.65pt; width: 55.75pt;\">\n<div>\u00a0<span data-scayt_word=\"Energ\u00eda\" data-scaytid=\"84\">Energ\u00eda<\/span>\u00a0del motor principal<\/div>\n<\/td>\n<td>\n<div><span data-scayt_word=\"22kw\" data-scaytid=\"85\">22kw<\/span><\/div>\n<\/td>\n<td>\n<div><span data-scayt_word=\"30kw\" data-scaytid=\"86\">30kw<\/span><\/div>\n<\/td>\n<td>\n<div><span data-scayt_word=\"30kw\" data-scaytid=\"87\">30kw<\/span><\/div>\n<\/td>\n<td>\n<div><span data-scayt_word=\"37kw\" data-scaytid=\"88\">37kw<\/span><\/div>\n<\/td>\n<\/tr>\n<tr>\n<td>\n<div>\u00a0<span data-scayt_word=\"Rendimiento\" data-scaytid=\"89\">Rendimiento<\/span><\/div>\n<\/td>\n<td>\n<div><span data-scayt_word=\"60kg\" data-scaytid=\"90\">60kg<\/span>\/h<\/div>\n<\/td>\n<td>\n<div><span data-scayt_word=\"90kg\" data-scaytid=\"91\">90kg<\/span>\/h<\/div>\n<\/td>\n<td>\n<div><span data-scayt_word=\"110kg\" data-scaytid=\"92\">110kg<\/span>\/h<\/div>\n<\/td>\n<td>\n<div><span data-scayt_word=\"130kg\" data-scaytid=\"93\">130kg<\/span>\/h<\/div>\n<\/td>\n<\/tr>\n<tr>\n<td>\n<div>\u00a0Peso<\/div>\n<\/td>\n<td>\n<div><span data-scayt_word=\"2t\" data-scaytid=\"94\">2t<\/span><\/div>\n<\/td>\n<td>\n<div>2.1t<\/div>\n<\/td>\n<td>\n<div>2.2t<\/div>\n<\/td>\n<td>\n<div>2.5t<\/div>\n<\/td>\n<\/tr>\n<tr>\n<td>\n<div>\u00a0<span data-scayt_word=\"\u00c1rea\" data-scaytid=\"95\">\u00c1rea<\/span>\u00a0<span data-scayt_word=\"detama\u00f1o\" data-scaytid=\"96\">detama\u00f1o<\/span>\u00a0(L x W x H)<\/div>\n<\/td>\n<td>\n<div>5800 x 1500 x 1100<\/div>\n<\/td>\n<td>\n<div>5900 x 1300 x 1200<\/div>\n<\/td>\n<td>\n<div>6000 x 1350 x 1300<\/div>\n<\/td>\n<td>\n<div>6200 x 1400 x 1350<\/div>\n<\/td>\n<\/tr>\n<\/tbody>\n<\/table>\n\n","protected":false},"excerpt":{"rendered":"<p>Peletizadora de pl\u00e1s<\/p>\n","protected":false},"featured_media":29811,"comment_status":"closed","ping_status":"closed","template":"","meta":{"_acf_changed":false},"product_brand":[],"product_cat":[75],"product_tag":[],"class_list":{"0":"post-29734","1":"product","2":"type-product","3":"status-publish","4":"has-post-thumbnail","6":"product_cat-peletizadora-de-plastico","8":"first","9":"instock","10":"shipping-taxable","11":"product-type-simple"},"acf":[],"_links":{"self":[{"href":"https:\/\/maquinasparafabricarbolsas.co\/es\/wp-json\/wp\/v2\/product\/29734","targetHints":{"allow":["GET"]}}],"collection":[{"href":"https:\/\/maquinasparafabricarbolsas.co\/es\/wp-json\/wp\/v2\/product"}],"about":[{"href":"https:\/\/maquinasparafabricarbolsas.co\/es\/wp-json\/wp\/v2\/types\/product"}],"replies":[{"embeddable":true,"href":"https:\/\/maquinasparafabricarbolsas.co\/es\/wp-json\/wp\/v2\/comments?post=29734"}],"version-history":[{"count":2,"href":"https:\/\/maquinasparafabricarbolsas.co\/es\/wp-json\/wp\/v2\/product\/29734\/revisions"}],"predecessor-version":[{"id":30142,"href":"https:\/\/maquinasparafabricarbolsas.co\/es\/wp-json\/wp\/v2\/product\/29734\/revisions\/30142"}],"wp:featuredmedia":[{"embeddable":true,"href":"https:\/\/maquinasparafabricarbolsas.co\/es\/wp-json\/wp\/v2\/media\/29811"}],"wp:attachment":[{"href":"https:\/\/maquinasparafabricarbolsas.co\/es\/wp-json\/wp\/v2\/media?parent=29734"}],"wp:term":[{"taxonomy":"product_brand","embeddable":true,"href":"https:\/\/maquinasparafabricarbolsas.co\/es\/wp-json\/wp\/v2\/product_brand?post=29734"},{"taxonomy":"product_cat","embeddable":true,"href":"https:\/\/maquinasparafabricarbolsas.co\/es\/wp-json\/wp\/v2\/product_cat?post=29734"},{"taxonomy":"product_tag","embeddable":true,"href":"https:\/\/maquinasparafabricarbolsas.co\/es\/wp-json\/wp\/v2\/product_tag?post=29734"}],"curies":[{"name":"wp","href":"https:\/\/api.w.org\/{rel}","templated":true}]}}