{"id":29735,"date":"2025-09-26T21:45:34","date_gmt":"2025-09-26T13:45:34","guid":{"rendered":"https:\/\/maquinasparafabricarbolsas.co\/es\/?post_type=product&#038;p=29735"},"modified":"2025-10-25T01:03:53","modified_gmt":"2025-10-24T17:03:53","slug":"molino-granulador-y-triturador-de-plastico","status":"publish","type":"product","link":"https:\/\/maquinasparafabricarbolsas.co\/es\/molino-granulador-y-triturador-de-plastico","title":{"rendered":"Molino granulador de pl\u00e1stico"},"content":{"rendered":"<p>Descripci\u00f3n del molino granulador de pl\u00e1stico<\/p>\n<p>El molino granulador de pl\u00e1stico y triturador se fundamenta en los principios del dise\u00f1o japon\u00e9s, aplicando t\u00e9cnicas de molienda eficiente, agitaci\u00f3n continua y una serie de cuchillas m\u00faltiples, que incorporan procesos de calentamiento y enfriamiento. Este dispositivo tiene la capacidad de generar gr\u00e1nulos a partir de materiales reciclados, as\u00ed como fragmentos de pel\u00edculas pl\u00e1sticas, filamentos, lazos, componentes, tuber\u00edas de pl\u00e1stico flexible, materiales de espuma de fl\u00f3n y materiales biodegradables, que son reutilizados en procesos de reproducci\u00f3n. Se considera este equipo como el m\u00e1s avanzado en granulaci\u00f3n para el reciclaje y la reproducci\u00f3n de pl\u00e1sticos.<\/p>\n<div id=\"attachment_29887\" style=\"width: 333px\" class=\"wp-caption alignnone\"><img fetchpriority=\"high\" decoding=\"async\" aria-describedby=\"caption-attachment-29887\" class=\"Polietileno Polipropileno Bolsas de plastico wp-image-29887\" title=\"Polietileno Polipropileno Bolsas de plastico\" src=\"https:\/\/bolseadora.com.mx\/wp-content\/uploads\/2025\/02\/Polietileno-Polipropileno-Bolsas-de-plastico.webp\" alt=\"Polietileno Polipropileno Bolsas de plastico\" width=\"323\" height=\"323\" \/><p id=\"caption-attachment-29887\" class=\"wp-caption-text\">Polietileno Polipropileno Bolsas de plastico<\/p><\/div>\n<p><strong>Especificaciones t\u00e9cnicas del molino granulador y triturador depl\u00e1stico<\/strong><\/p>\n<table border=\"0\" cellspacing=\"1\" cellpadding=\"0\">\n<tbody>\n<tr>\n<td><strong>Capacidad\u00a0del\u00a0barril<\/strong><\/td>\n<td><strong>150L<\/strong><\/td>\n<td style=\"padding: 0px; margin: 0px; width: 143px;\"><strong>300L<\/strong><\/td>\n<\/tr>\n<tr>\n<td>Capacidad\u00a0de\u00a0salida<\/td>\n<td>60-80kg\/h<\/td>\n<td style=\"padding: 0px; margin: 0px; width: 143px;\">120-160kg\/h<\/td>\n<\/tr>\n<tr>\n<td>Potencia\u00a0del motor principal<\/td>\n<td>18.5kw<\/td>\n<td style=\"padding: 0px; margin: 0px; width: 143px;\">37kw<\/td>\n<\/tr>\n<tr>\n<td>Eje\u00a0principal de la\u00a0cabeza\u00a0rotatoria<\/td>\n<td>660r\/min<\/td>\n<td style=\"padding: 0px; margin: 0px; width: 143px;\">660r\/min<\/td>\n<\/tr>\n<tr>\n<td>Dimensiones\u00a0totales<\/td>\n<td>1500*700*1400mm<\/td>\n<td style=\"padding: 0px; margin: 0px; width: 143px;\">1800*900*1500 mm<\/td>\n<\/tr>\n<\/tbody>\n<\/table>\n\n","protected":false},"excerpt":{"rendered":"<p>Descripci\u00f3n del moli<\/p>\n","protected":false},"featured_media":29809,"comment_status":"closed","ping_status":"closed","template":"","meta":{"_acf_changed":false},"product_brand":[],"product_cat":[75],"product_tag":[],"class_list":{"0":"post-29735","1":"product","2":"type-product","3":"status-publish","4":"has-post-thumbnail","6":"product_cat-peletizadora-de-plastico","8":"first","9":"instock","10":"shipping-taxable","11":"product-type-simple"},"acf":[],"_links":{"self":[{"href":"https:\/\/maquinasparafabricarbolsas.co\/es\/wp-json\/wp\/v2\/product\/29735","targetHints":{"allow":["GET"]}}],"collection":[{"href":"https:\/\/maquinasparafabricarbolsas.co\/es\/wp-json\/wp\/v2\/product"}],"about":[{"href":"https:\/\/maquinasparafabricarbolsas.co\/es\/wp-json\/wp\/v2\/types\/product"}],"replies":[{"embeddable":true,"href":"https:\/\/maquinasparafabricarbolsas.co\/es\/wp-json\/wp\/v2\/comments?post=29735"}],"version-history":[{"count":1,"href":"https:\/\/maquinasparafabricarbolsas.co\/es\/wp-json\/wp\/v2\/product\/29735\/revisions"}],"predecessor-version":[{"id":30141,"href":"https:\/\/maquinasparafabricarbolsas.co\/es\/wp-json\/wp\/v2\/product\/29735\/revisions\/30141"}],"wp:featuredmedia":[{"embeddable":true,"href":"https:\/\/maquinasparafabricarbolsas.co\/es\/wp-json\/wp\/v2\/media\/29809"}],"wp:attachment":[{"href":"https:\/\/maquinasparafabricarbolsas.co\/es\/wp-json\/wp\/v2\/media?parent=29735"}],"wp:term":[{"taxonomy":"product_brand","embeddable":true,"href":"https:\/\/maquinasparafabricarbolsas.co\/es\/wp-json\/wp\/v2\/product_brand?post=29735"},{"taxonomy":"product_cat","embeddable":true,"href":"https:\/\/maquinasparafabricarbolsas.co\/es\/wp-json\/wp\/v2\/product_cat?post=29735"},{"taxonomy":"product_tag","embeddable":true,"href":"https:\/\/maquinasparafabricarbolsas.co\/es\/wp-json\/wp\/v2\/product_tag?post=29735"}],"curies":[{"name":"wp","href":"https:\/\/api.w.org\/{rel}","templated":true}]}}