{"id":29767,"date":"2025-09-26T21:45:58","date_gmt":"2025-09-26T13:45:58","guid":{"rendered":"https:\/\/maquinasparafabricarbolsas.co\/es\/?post_type=product&#038;p=29767"},"modified":"2025-10-25T01:10:17","modified_gmt":"2025-10-24T17:10:17","slug":"maquina-peletizadora-de-plastico-en-bogota-precios-y-ventajas","status":"publish","type":"product","link":"https:\/\/maquinasparafabricarbolsas.co\/es\/maquina-peletizadora-de-plastico-en-bogota-precios-y-ventajas","title":{"rendered":"Peletizadora de plastico"},"content":{"rendered":"<p data-rm-block-id=\"block-1\">\u00a0peletizadora de plastico<\/p>\n<p>La peletizadora de pl\u00e1stico ha sido dise\u00f1ada para procesar diversos tipos de productos pl\u00e1sticos, tales como HDPE, LDPE y PP. Su operaci\u00f3n se basa en un inversor que permite ajustar la velocidad, lo que favorece la eficiencia energ\u00e9tica. La trituradora granuladora cuenta con un motor de velocidad regulable, asegurando un manejo sencillo y una notable capacidad de procesamiento.<\/p>\n<p>Esta peletizadora de pl\u00e1stico, que utiliza refrigeraci\u00f3n por agua, est\u00e1 espec\u00edficamente orientada al tratamiento de materiales como LDPE, HDPE, LLDPE y PP en varias formas, incluyendo pel\u00edculas, bolsas y escamas. Incorpora una extrusora que dispone de control de velocidad a trav\u00e9s de un inversor, lo que contribuye a un mayor ahorro de energ\u00eda y rentabilidad. La estructura de la m\u00e1quina comprende una extrusora, una unidad de peletizaci\u00f3n y un sistema de refrigeraci\u00f3n por agua. Adem\u00e1s, ofrece una garant\u00eda de un a\u00f1o, lo que asegura un funcionamiento continuo las 24 horas.<\/p>\n<p data-rm-block-id=\"block-4\">Main Technical Variables:<\/p>\n<table border=\"0\" cellspacing=\"1\" cellpadding=\"0\">\n<tbody>\n<tr>\n<td>\n<div data-rm-block-id=\"block-5\"><strong>Model<\/strong><\/div>\n<\/td>\n<td>\n<div data-rm-block-id=\"block-6\"><strong><span data-scayt_word=\"KD-B\" data-scaytid=\"5\">KD-B<\/span><span class=\"Apple-converted-space\">\u00a0<\/span>90<\/strong><\/div>\n<\/td>\n<td>\n<div data-rm-block-id=\"block-7\"><strong><span data-scayt_word=\"KD-B\" data-scaytid=\"6\">KD-B<\/span><span class=\"Apple-converted-space\">\u00a0<\/span>100<\/strong><\/div>\n<\/td>\n<td>\n<div data-rm-block-id=\"block-8\"><strong><span data-scayt_word=\"KD-B110\" data-scaytid=\"7\">KD-B110<\/span><\/strong><\/div>\n<\/td>\n<td>\n<div data-rm-block-id=\"block-9\"><strong><span data-scayt_word=\"KD-B120\" data-scaytid=\"8\">KD-B120<\/span><\/strong><\/div>\n<\/td>\n<\/tr>\n<tr>\n<td>\n<div data-rm-block-id=\"block-10\">Diameter of Screw<\/div>\n<\/td>\n<td>\n<div data-rm-block-id=\"block-11\"><span data-scayt_word=\"90mm\" data-scaytid=\"9\">90mm<\/span><\/div>\n<\/td>\n<td>\n<div data-rm-block-id=\"block-12\">100 mm<\/div>\n<\/td>\n<td>\n<div data-rm-block-id=\"block-13\">110 mm<\/div>\n<\/td>\n<td>\n<div data-rm-block-id=\"block-14\">120 mm<\/div>\n<\/td>\n<\/tr>\n<tr>\n<td>\n<div data-rm-block-id=\"block-15\">Major Diameter Ratio of Screw L\/D<\/div>\n<\/td>\n<td>\n<div data-rm-block-id=\"block-16\">20:1 -22:1<\/div>\n<\/td>\n<td>\n<div data-rm-block-id=\"block-17\">20:1 -22:1<\/div>\n<\/td>\n<td>\n<div data-rm-block-id=\"block-18\">20:1 -22:1<\/div>\n<\/td>\n<td>\n<div data-rm-block-id=\"block-19\">20:1 -22:1<\/div>\n<\/td>\n<\/tr>\n<tr>\n<td>\n<div data-rm-block-id=\"block-20\">Rational Speed of Screw<\/div>\n<\/td>\n<td>\n<div data-rm-block-id=\"block-21\"><span data-scayt_word=\"10-100r\" data-scaytid=\"10\">10-100r<\/span>\/min<\/div>\n<\/td>\n<td>\n<div data-rm-block-id=\"block-22\"><span data-scayt_word=\"10-100r\" data-scaytid=\"11\">10-100r<\/span>\/min<\/div>\n<\/td>\n<td>\n<div data-rm-block-id=\"block-23\"><span data-scayt_word=\"10-100r\" data-scaytid=\"12\">10-100r<\/span>\/min<\/div>\n<\/td>\n<td>\n<div data-rm-block-id=\"block-24\"><span data-scayt_word=\"10-100r\" data-scaytid=\"13\">10-100r<\/span>\/min<\/div>\n<\/td>\n<\/tr>\n<tr>\n<td>\n<div data-rm-block-id=\"block-25\">Main Motor Power<\/div>\n<\/td>\n<td>\n<div data-rm-block-id=\"block-26\"><span data-scayt_word=\"22kw\" data-scaytid=\"14\">22kw<\/span><\/div>\n<\/td>\n<td>\n<div data-rm-block-id=\"block-27\"><span data-scayt_word=\"30kw\" data-scaytid=\"15\">30kw<\/span><\/div>\n<\/td>\n<td>\n<div data-rm-block-id=\"block-28\"><span data-scayt_word=\"37kw\" data-scaytid=\"16\">37kw<\/span><\/div>\n<\/td>\n<td>\n<div data-rm-block-id=\"block-29\"><span data-scayt_word=\"45kw\" data-scaytid=\"17\">45kw<\/span><\/div>\n<\/td>\n<\/tr>\n<tr>\n<td>\n<div data-rm-block-id=\"block-30\">Output<\/div>\n<\/td>\n<td>\n<div data-rm-block-id=\"block-31\"><span data-scayt_word=\"68kg\" data-scaytid=\"18\">68kg<\/span>\/h<\/div>\n<\/td>\n<td>\n<div data-rm-block-id=\"block-32\"><span data-scayt_word=\"95kg\" data-scaytid=\"19\">95kg<\/span>\/h<\/div>\n<\/td>\n<td>\n<div data-rm-block-id=\"block-33\"><span data-scayt_word=\"120kg\" data-scaytid=\"20\">120kg<\/span>\/h<\/div>\n<\/td>\n<td>\n<div data-rm-block-id=\"block-34\"><span data-scayt_word=\"135kg\" data-scaytid=\"21\">135kg<\/span>\/h<\/div>\n<\/td>\n<\/tr>\n<tr>\n<td>\n<div data-rm-block-id=\"block-35\">Weight of overall(kg)<\/div>\n<\/td>\n<td>\n<div data-rm-block-id=\"block-36\"><span data-scayt_word=\"2000kg\" data-scaytid=\"22\">2000kg<\/span><\/div>\n<\/td>\n<td>\n<div data-rm-block-id=\"block-37\"><span data-scayt_word=\"2100kg\" data-scaytid=\"23\">2100kg<\/span><\/div>\n<\/td>\n<td>\n<div data-rm-block-id=\"block-38\"><span data-scayt_word=\"2200kg\" data-scaytid=\"24\">2200kg<\/span><\/div>\n<\/td>\n<td>\n<div data-rm-block-id=\"block-39\"><span data-scayt_word=\"2500kg\" data-scaytid=\"25\">2500kg<\/span><\/div>\n<\/td>\n<\/tr>\n<tr>\n<td>\n<div data-rm-block-id=\"block-40\">Cover dimensions (m)<\/div>\n<\/td>\n<td>\n<div data-rm-block-id=\"block-41\">8*1.2*1.8<\/div>\n<\/td>\n<td>\n<div data-rm-block-id=\"block-42\">8.2*1.6*1.8<\/div>\n<\/td>\n<td>\n<div data-rm-block-id=\"block-43\">8.5*1.6*1.8<\/div>\n<\/td>\n<td>\n<div data-rm-block-id=\"block-44\">8.8*1.6*1.8<\/div>\n<\/td>\n<\/tr>\n<\/tbody>\n<\/table>\n<p data-rm-block-id=\"block-45\"><\/p>\n","protected":false},"excerpt":{"rendered":"<p>\u00a0peletizadora de pla<\/p>\n","protected":false},"featured_media":29813,"comment_status":"closed","ping_status":"closed","template":"","meta":{"_acf_changed":false},"product_brand":[],"product_cat":[75],"product_tag":[],"class_list":{"0":"post-29767","1":"product","2":"type-product","3":"status-publish","4":"has-post-thumbnail","6":"product_cat-peletizadora-de-plastico","8":"first","9":"instock","10":"shipping-taxable","11":"product-type-simple"},"acf":[],"_links":{"self":[{"href":"https:\/\/maquinasparafabricarbolsas.co\/es\/wp-json\/wp\/v2\/product\/29767","targetHints":{"allow":["GET"]}}],"collection":[{"href":"https:\/\/maquinasparafabricarbolsas.co\/es\/wp-json\/wp\/v2\/product"}],"about":[{"href":"https:\/\/maquinasparafabricarbolsas.co\/es\/wp-json\/wp\/v2\/types\/product"}],"replies":[{"embeddable":true,"href":"https:\/\/maquinasparafabricarbolsas.co\/es\/wp-json\/wp\/v2\/comments?post=29767"}],"version-history":[{"count":2,"href":"https:\/\/maquinasparafabricarbolsas.co\/es\/wp-json\/wp\/v2\/product\/29767\/revisions"}],"predecessor-version":[{"id":30144,"href":"https:\/\/maquinasparafabricarbolsas.co\/es\/wp-json\/wp\/v2\/product\/29767\/revisions\/30144"}],"wp:featuredmedia":[{"embeddable":true,"href":"https:\/\/maquinasparafabricarbolsas.co\/es\/wp-json\/wp\/v2\/media\/29813"}],"wp:attachment":[{"href":"https:\/\/maquinasparafabricarbolsas.co\/es\/wp-json\/wp\/v2\/media?parent=29767"}],"wp:term":[{"taxonomy":"product_brand","embeddable":true,"href":"https:\/\/maquinasparafabricarbolsas.co\/es\/wp-json\/wp\/v2\/product_brand?post=29767"},{"taxonomy":"product_cat","embeddable":true,"href":"https:\/\/maquinasparafabricarbolsas.co\/es\/wp-json\/wp\/v2\/product_cat?post=29767"},{"taxonomy":"product_tag","embeddable":true,"href":"https:\/\/maquinasparafabricarbolsas.co\/es\/wp-json\/wp\/v2\/product_tag?post=29767"}],"curies":[{"name":"wp","href":"https:\/\/api.w.org\/{rel}","templated":true}]}}