{"id":29806,"date":"2025-09-26T21:46:20","date_gmt":"2025-09-26T13:46:20","guid":{"rendered":"https:\/\/maquinasparafabricarbolsas.co\/es\/?post_type=product&#038;p=29806"},"modified":"2025-10-25T21:37:16","modified_gmt":"2025-10-25T13:37:16","slug":"maquinaria-extrusion-de-film-medellin-bogota","status":"publish","type":"product","link":"https:\/\/maquinasparafabricarbolsas.co\/es\/maquinaria-extrusion-de-film-medellin-bogota","title":{"rendered":"Extrusion de pelicula ABA capas"},"content":{"rendered":"<p>Extrusion de pelicula ABA capas<\/p>\n<p>La extrusi\u00f3n de pel\u00edcula ABA capas se emplea en la producci\u00f3n de diversas l\u00e1minas de polietileno de baja densidad (LDPE) y polietileno de alta densidad (HDPE), as\u00ed como en la fabricaci\u00f3n de pl\u00e1sticos con dise\u00f1os crom\u00e1ticos. Sus usos abarcan la creaci\u00f3n de bolsas pl\u00e1sticas, pel\u00edculas para manteles y materiales de embalaje. La estructura de la pel\u00edcula ABA se compone de tres capas, siendo la capa B la intermedia. Es posible incorporar materiales reciclados o aditivos de bajo costo, lo cual contribuye a la reducci\u00f3n de gastos, al incremento de la rentabilidad del producto y a la mejora en la competitividad de las bolsas y pel\u00edculas pl\u00e1sticas.<\/p>\n<p>Consideraciones sobre la extrusi\u00f3n de pel\u00edcula soplada:<br \/>\n&#8211; Husillo y cilindro de alta calidad.<br \/>\n&#8211; Control de velocidad de la m\u00e1quina a trav\u00e9s de un inversor.<br \/>\n&#8211; Dos inversores y dos motores.<br \/>\n&#8211; Control autom\u00e1tico de la temperatura.<br \/>\n&#8211; Bobinadora simple o doble.<br \/>\n&#8211; Materiales utilizados: LDPE, HDPE, LLDPE, material reciclado y material de relleno.<\/p>\n<div id=\"attachment_29824\" style=\"width: 364px\" class=\"wp-caption alignnone\"><img loading=\"lazy\" decoding=\"async\" aria-describedby=\"caption-attachment-29824\" class=\"ABA capas pelicula dos capas film wp-image-29824\" title=\"ABA capas pelicula dos capas film\" src=\"https:\/\/bolseadora.com.mx\/wp-content\/uploads\/2025\/08\/ABA-capas-pelicula-dos-capas-film.jpg\" alt=\"ABA capas pelicula dos capas film\" width=\"354\" height=\"354\" \/><p id=\"caption-attachment-29824\" class=\"wp-caption-text\">ABA capas pelicula dos capas film<\/p><\/div>\n<p data-rm-block-id=\"block-4\">Main Technical Parameter :<\/p>\n<table border=\"0\" cellspacing=\"0\" cellpadding=\"0\">\n<tbody>\n<tr>\n<td width=\"187\" data-rm-block-id=\"block-5\">\u00a0Model<\/td>\n<td width=\"96\" data-rm-block-id=\"block-6\"><span data-scayt_word=\"SJ-45\" data-scaytid=\"13\">SJ-45<\/span>*2<\/td>\n<td width=\"96\" data-rm-block-id=\"block-7\"><span data-scayt_word=\"SJ-50\" data-scaytid=\"1\">SJ-50<\/span>*2<\/td>\n<td width=\"96\" data-rm-block-id=\"block-8\"><span data-scayt_word=\"SJ-55\" data-scaytid=\"2\">SJ-55<\/span>*2<\/td>\n<\/tr>\n<tr>\n<td width=\"187\" data-rm-block-id=\"block-9\"><strong>Diameter of Screw<\/strong><\/td>\n<td width=\"96\" data-rm-block-id=\"block-10\"><span data-scayt_word=\"45mm\" data-scaytid=\"3\">45mm<\/span>*2<\/td>\n<td width=\"96\" data-rm-block-id=\"block-11\"><span data-scayt_word=\"50mm\" data-scaytid=\"4\">50mm<\/span>*2<\/td>\n<td width=\"96\" data-rm-block-id=\"block-12\"><span data-scayt_word=\"55mm\" data-scaytid=\"5\">55mm<\/span>*2<\/td>\n<\/tr>\n<tr>\n<td width=\"187\" data-rm-block-id=\"block-13\"><strong>Max. Width of Folded Film(mm)<\/strong><\/td>\n<td width=\"96\" data-rm-block-id=\"block-14\">100-600<\/td>\n<td width=\"96\" data-rm-block-id=\"block-15\">200-800<\/td>\n<td width=\"96\" data-rm-block-id=\"block-16\">300-1000<\/td>\n<\/tr>\n<tr>\n<td width=\"187\" data-rm-block-id=\"block-17\">Single-face Thickness of Film<\/td>\n<td width=\"96\" data-rm-block-id=\"block-18\">0.01-0.10 mm<\/td>\n<td width=\"96\" data-rm-block-id=\"block-19\">0.01-0.10 mm<\/td>\n<td width=\"96\" data-rm-block-id=\"block-20\">0.01-0.10 mm<\/td>\n<\/tr>\n<tr>\n<td width=\"187\" data-rm-block-id=\"block-21\">Max. Extrusion(kg\/h)<\/td>\n<td width=\"96\" data-rm-block-id=\"block-22\">35<\/td>\n<td width=\"96\" data-rm-block-id=\"block-23\">50<\/td>\n<td width=\"96\" data-rm-block-id=\"block-24\">65<\/td>\n<\/tr>\n<tr>\n<td width=\"187\" data-rm-block-id=\"block-25\">L\/D<\/td>\n<td width=\"96\" data-rm-block-id=\"block-26\">26:1<\/td>\n<td width=\"96\" data-rm-block-id=\"block-27\">26:1<\/td>\n<td width=\"96\" data-rm-block-id=\"block-28\">26:1<\/td>\n<\/tr>\n<tr>\n<td width=\"187\" data-rm-block-id=\"block-29\">Power of Main Motor(kw)<\/td>\n<td width=\"96\" data-rm-block-id=\"block-30\">15<\/td>\n<td width=\"96\" data-rm-block-id=\"block-31\">18.5<\/td>\n<td width=\"96\" data-rm-block-id=\"block-32\">22<\/td>\n<\/tr>\n<tr>\n<td width=\"187\" data-rm-block-id=\"block-33\">Power of Traction Motor(kw)<\/td>\n<td width=\"96\" data-rm-block-id=\"block-34\">1.1<\/td>\n<td width=\"96\" data-rm-block-id=\"block-35\">1.1<\/td>\n<td width=\"96\" data-rm-block-id=\"block-36\">1.5<\/td>\n<\/tr>\n<tr>\n<td width=\"187\" data-rm-block-id=\"block-37\">Heating Power(kw)<\/td>\n<td width=\"96\" data-rm-block-id=\"block-38\">15<\/td>\n<td width=\"96\" data-rm-block-id=\"block-39\">18<\/td>\n<td width=\"96\" data-rm-block-id=\"block-40\">25<\/td>\n<\/tr>\n<tr>\n<td width=\"187\" data-rm-block-id=\"block-41\">Overall Dimensions<\/td>\n<td width=\"96\" data-rm-block-id=\"block-42\">4.8*1.9*4.1m<\/td>\n<td width=\"96\" data-rm-block-id=\"block-43\">5.5*2.1*4.7m<\/td>\n<td width=\"96\" data-rm-block-id=\"block-44\">6.5*2.3*4.9m<\/td>\n<\/tr>\n<tr>\n<td width=\"187\" data-rm-block-id=\"block-45\">Weight(T)<\/td>\n<td width=\"96\" data-rm-block-id=\"block-46\">2T<\/td>\n<td width=\"96\" data-rm-block-id=\"block-47\">2.5T<\/td>\n<td width=\"96\" data-rm-block-id=\"block-48\">3T<\/td>\n<\/tr>\n<\/tbody>\n<\/table>\n<p data-rm-block-id=\"block-49\">\t\t<div data-elementor-type=\"page\" data-elementor-id=\"29869\" class=\"elementor elementor-29869\" data-elementor-post-type=\"elementor_library\">\n\t\t\t\t\t\t<section class=\"elementor-section elementor-top-section elementor-element elementor-element-63d06348 elementor-section-boxed elementor-section-height-default elementor-section-height-default\" data-id=\"63d06348\" data-element_type=\"section\">\n\t\t\t\t\t\t<div class=\"elementor-container elementor-column-gap-default\">\n\t\t\t\t\t<div class=\"elementor-column elementor-col-100 elementor-top-column elementor-element elementor-element-558b0c91\" data-id=\"558b0c91\" data-element_type=\"column\">\n\t\t\t<div class=\"elementor-widget-wrap elementor-element-populated\">\n\t\t\t\t\t\t<div class=\"elementor-element elementor-element-b70ca3c elementor-widget elementor-widget-heading\" data-id=\"b70ca3c\" data-element_type=\"widget\" data-widget_type=\"heading.default\">\n\t\t\t\t<div class=\"elementor-widget-container\">\n\t\t\t\t\t<h2 class=\"elementor-heading-title elementor-size-default\">Shipment<\/h2>\t\t\t\t<\/div>\n\t\t\t\t<\/div>\n\t\t\t\t<div class=\"elementor-element elementor-element-107d862a elementor-widget-divider--view-line elementor-widget elementor-widget-divider\" data-id=\"107d862a\" data-element_type=\"widget\" data-widget_type=\"divider.default\">\n\t\t\t\t<div class=\"elementor-widget-container\">\n\t\t\t\t\t\t\t<div class=\"elementor-divider\">\n\t\t\t<span class=\"elementor-divider-separator\">\n\t\t\t\t\t\t<\/span>\n\t\t<\/div>\n\t\t\t\t\t\t<\/div>\n\t\t\t\t<\/div>\n\t\t\t\t\t<\/div>\n\t\t<\/div>\n\t\t\t\t\t<\/div>\n\t\t<\/section>\n\t\t<div class=\"wd-negative-gap elementor-element elementor-element-3a202bae e-flex e-con-boxed e-con e-parent\" data-id=\"3a202bae\" data-element_type=\"container\">\n\t\t\t\t\t<div class=\"e-con-inner\">\n\t\t\t\t<div class=\"elementor-element elementor-element-cc201c5 elementor-widget elementor-widget-wp-widget-text\" data-id=\"cc201c5\" data-element_type=\"widget\" data-widget_type=\"wp-widget-text.default\">\n\t\t\t\t<div class=\"elementor-widget-container\">\n\t\t\t\t\t<h5>Env\u00edo de m\u00e1quina para fabricar bolsas de pl\u00e1stico<\/h5>\t\t\t<div class=\"textwidget\"><p>Si solo compra una m\u00e1quina, la empacaremos con un paquete de madera y la cargaremos en un contenedor con carga menor a la del contenedor (LCL).<\/p>\n<div id=\"attachment_29396\" style=\"width: 460px\" class=\"wp-caption alignnone\"><img fetchpriority=\"high\" decoding=\"async\" fetchpriority=\"high\" aria-describedby=\"caption-attachment-29396\" class=\"wp-image-29396\" src=\"https:\/\/mx.maquinaparahacerbolsas.com.mx\/wp-content\/uploads\/2025\/09\/Maquina-para-hacer-bolsas-de-plastico-con-paquete-de-madera.webp\" alt=\"M\u00e1quina para hacer bolsas de pl\u00e1stico con paquete de madera\" width=\"450\" height=\"338\" \/><p id=\"caption-attachment-29396\" class=\"wp-caption-text\">M\u00e1quina para hacer bolsas de pl\u00e1stico con paquete de madera<\/p><\/div>\n<p>Si compra m\u00e1s m\u00e1quinas, empacaremos las m\u00e1quinas con pel\u00edcula estirable y las cargaremos en un contenedor completo directamente (carga de contenedor completo FCL).<\/p>\n<div id=\"attachment_29403\" style=\"width: 460px\" class=\"wp-caption alignnone\"><img loading=\"lazy\" decoding=\"async\" aria-describedby=\"caption-attachment-29403\" class=\"wp-image-29403\" src=\"https:\/\/mx.maquinaparahacerbolsas.com.mx\/wp-content\/uploads\/2025\/09\/film-blowing-machine-loading-container-export.webp\" alt=\"contenedor de carga para extrusi\u00f3n de pel\u00edcula soplada\" width=\"450\" height=\"450\" \/><p id=\"caption-attachment-29403\" class=\"wp-caption-text\">contenedor de carga para extrusi\u00f3n de pel\u00edcula soplada<\/p><\/div>\n<div id=\"attachment_29402\" style=\"width: 460px\" class=\"wp-caption alignnone\"><img loading=\"lazy\" decoding=\"async\" aria-describedby=\"caption-attachment-29402\" class=\"wp-image-29402\" src=\"https:\/\/mx.maquinaparahacerbolsas.com.mx\/wp-content\/uploads\/2025\/09\/plasticbagmachinesolution.webp\" alt=\"L\u00ednea completa de m\u00e1quinas para hacer bolsas de pl\u00e1stico\" width=\"450\" height=\"429\" \/><p id=\"caption-attachment-29402\" class=\"wp-caption-text\">L\u00ednea completa de m\u00e1quinas para hacer bolsas de pl\u00e1stico<\/p><\/div>\n<div id=\"attachment_29401\" style=\"width: 460px\" class=\"wp-caption alignnone\"><img loading=\"lazy\" decoding=\"async\" loading=\"lazy\" aria-describedby=\"caption-attachment-29401\" class=\"wp-image-29401\" src=\"https:\/\/mx.maquinaparahacerbolsas.com.mx\/wp-content\/uploads\/2025\/09\/shipmentplasticmachines.webp\" alt=\"Exportar m\u00e1quinas para hacer bolsas de pl\u00e1stico a diferentes pa\u00edses.\" width=\"450\" height=\"227\" \/><p id=\"caption-attachment-29401\" class=\"wp-caption-text\">Exportar m\u00e1quinas para hacer bolsas de pl\u00e1stico a diferentes pa\u00edses.<\/p><\/div>\n<p>&nbsp;<\/p>\n<\/div>\n\t\t\t\t\t\t<\/div>\n\t\t\t\t<\/div>\n\t\t\t\t\t<\/div>\n\t\t\t\t<\/div>\n\t\t<div class=\"wd-negative-gap elementor-element elementor-element-b0849af e-flex e-con-boxed e-con e-parent\" data-id=\"b0849af\" data-element_type=\"container\">\n\t\t\t\t\t<div class=\"e-con-inner\">\n\t\t\t\t<div class=\"elementor-element elementor-element-561aa20e elementor-widget elementor-widget-heading\" data-id=\"561aa20e\" data-element_type=\"widget\" data-widget_type=\"heading.default\">\n\t\t\t\t<div class=\"elementor-widget-container\">\n\t\t\t\t\t<h2 class=\"elementor-heading-title elementor-size-default\">Instalar la m\u00e1quina en la f\u00e1brica del cliente.<\/h2>\t\t\t\t<\/div>\n\t\t\t\t<\/div>\n\t\t\t\t\t<\/div>\n\t\t\t\t<\/div>\n\t\t<div class=\"wd-negative-gap elementor-element elementor-element-342a48c4 e-flex e-con-boxed e-con e-parent\" data-id=\"342a48c4\" data-element_type=\"container\">\n\t\t\t\t\t<div class=\"e-con-inner\">\n\t\t\t\t<div class=\"elementor-element elementor-element-7f087561 elementor-widget elementor-widget-heading\" data-id=\"7f087561\" data-element_type=\"widget\" data-widget_type=\"heading.default\">\n\t\t\t\t<div class=\"elementor-widget-container\">\n\t\t\t\t\t<h2 class=\"elementor-heading-title elementor-size-default\">install machines in customer factory<br><img loading=\"lazy\" decoding=\"async\" class=\"alignnone wp-image-29400\" src=\"https:\/\/mx.maquinaparahacerbolsas.com.mx\/wp-content\/uploads\/2025\/09\/plastic-bag-machine-supplier.webp\" alt=\"\" width=\"450\" height=\"450\"><img loading=\"lazy\" decoding=\"async\" class=\"wp-image-29399\" src=\"https:\/\/mx.maquinaparahacerbolsas.com.mx\/wp-content\/uploads\/2025\/09\/Plastic-bag-machine-factory.webp\" alt=\"M\u00e1quina para fabricar bolsas de pl\u00e1stico en la f\u00e1brica del cliente\" width=\"450\" height=\"457\" style=\"font-size: 15px\"><\/h2>\t\t\t\t<\/div>\n\t\t\t\t<\/div>\n\t\t\t\t\t<\/div>\n\t\t\t\t<\/div>\n\t\t<div class=\"wd-negative-gap elementor-element elementor-element-47052a27 e-flex e-con-boxed e-con e-parent\" data-id=\"47052a27\" data-element_type=\"container\">\n\t\t\t\t\t<div class=\"e-con-inner\">\n\t\t\t\t<div class=\"elementor-element elementor-element-7df32f8e elementor-widget elementor-widget-heading\" data-id=\"7df32f8e\" data-element_type=\"widget\" data-widget_type=\"heading.default\">\n\t\t\t\t<div class=\"elementor-widget-container\">\n\t\t\t\t\t<h2 class=\"elementor-heading-title elementor-size-default\">Proveedor de piezas de maquinaria<\/h2>\t\t\t\t<\/div>\n\t\t\t\t<\/div>\n\t\t\t\t\t<\/div>\n\t\t\t\t<\/div>\n\t\t<div class=\"wd-negative-gap elementor-element elementor-element-4c02f53a e-flex e-con-boxed e-con e-parent\" data-id=\"4c02f53a\" data-element_type=\"container\">\n\t\t\t\t\t<div class=\"e-con-inner\">\n\t\t\t\t<div class=\"elementor-element elementor-element-3294f14e elementor-widget elementor-widget-heading\" data-id=\"3294f14e\" data-element_type=\"widget\" data-widget_type=\"heading.default\">\n\t\t\t\t<div class=\"elementor-widget-container\">\n\t\t\t\t\t<h2 class=\"elementor-heading-title elementor-size-default\"><img loading=\"lazy\" decoding=\"async\" class=\"wp-image-29398\" src=\"https:\/\/mx.maquinaparahacerbolsas.com.mx\/wp-content\/uploads\/2025\/09\/machinepartssupplier.webp\" alt=\"Proveedor de piezas de maquinaria\" width=\"450\" height=\"259\" style=\"font-size: 15px\"><\/h2>\t\t\t\t<\/div>\n\t\t\t\t<\/div>\n\t\t\t\t\t<\/div>\n\t\t\t\t<\/div>\n\t\t<div class=\"wd-negative-gap elementor-element elementor-element-7c911462 e-flex e-con-boxed e-con e-parent\" data-id=\"7c911462\" data-element_type=\"container\">\n\t\t\t\t\t<div class=\"e-con-inner\">\n\t\t\t\t<div class=\"elementor-element elementor-element-6d47fa52 elementor-widget elementor-widget-heading\" data-id=\"6d47fa52\" data-element_type=\"widget\" data-widget_type=\"heading.default\">\n\t\t\t\t<div class=\"elementor-widget-container\">\n\t\t\t\t\t<h2 class=\"elementor-heading-title elementor-size-default\">Proveedor de materia prima de polietileno<\/h2>\t\t\t\t<\/div>\n\t\t\t\t<\/div>\n\t\t\t\t\t<\/div>\n\t\t\t\t<\/div>\n\t\t<div class=\"wd-negative-gap elementor-element elementor-element-5f112e8b e-flex e-con-boxed e-con e-parent\" data-id=\"5f112e8b\" data-element_type=\"container\">\n\t\t\t\t\t<div class=\"e-con-inner\">\n\t\t\t\t<div class=\"elementor-element elementor-element-2b1fef7f elementor-widget elementor-widget-wd_text_block\" data-id=\"2b1fef7f\" data-element_type=\"widget\" data-widget_type=\"wd_text_block.default\">\n\t\t\t\t<div class=\"elementor-widget-container\">\n\t\t\t\t\t\t\t<div class=\"wd-text-block reset-last-child text-left\">\n\t\t\t\n\t\t\t<p><strong>C\u00f3mo encontrar polietileno para la extrusi\u00f3n de pel\u00edcula soplada. La extrusi\u00f3n de pel\u00edcula utiliza polietileno, como polietileno de baja densidad (LDPE), polietileno de alta densidad (HDPE), polietileno lineal de baja densidad (LLDPE) y polipropileno (PP).<\/strong><\/p><p>A continuaci\u00f3n, se presentan importantes proveedores de materiales a nivel mundial con oficinas en todo el mundo. Puede consultarlos en el mercado local.<\/p><p>1.<a href=\"http:\/\/www.sabic.com\/\" target=\"_blank\" rel=\"noopener\"><strong><u>Sabic Saudi Basic Industries Corporation<\/u><\/strong><\/a><\/p><p>2.<a href=\"http:\/\/www.exxonmobilchemical.com\/\" target=\"_blank\" rel=\"noopener\"><strong><u>ExxonMobil Chemical Company<\/u><\/strong><\/a><\/p><p>3.<a href=\"http:\/\/www.dow.com\/\" target=\"_blank\" rel=\"noopener\"><strong><u>Dow Chemical Company<\/u><\/strong><\/a><strong>\u00a0<\/strong><\/p><p><img loading=\"lazy\" decoding=\"async\" class=\"wp-image-29397\" style=\"font-size: 14px;\" src=\"https:\/\/mx.maquinaparahacerbolsas.com.mx\/wp-content\/uploads\/2025\/09\/polyethylene-HDPE-LDPE-supplier.webp\" alt=\"Proveedor de materiales\" width=\"450\" height=\"462\" \/><\/p>\n\t\t\t\t\t<\/div>\n\t\t\t\t\t\t<\/div>\n\t\t\t\t<\/div>\n\t\t\t\t\t<\/div>\n\t\t\t\t<\/div>\n\t\t\t\t<\/div>\n\t\t<\/p>\n","protected":false},"excerpt":{"rendered":"<p>Extrusion de pelicul<\/p>\n","protected":false},"featured_media":29848,"comment_status":"closed","ping_status":"closed","template":"","meta":{"_acf_changed":false},"product_brand":[],"product_cat":[85],"product_tag":[],"class_list":{"0":"post-29806","1":"product","2":"type-product","3":"status-publish","4":"has-post-thumbnail","6":"product_cat-extrusion-de-pelicula","8":"first","9":"instock","10":"shipping-taxable","11":"product-type-simple"},"acf":[],"_links":{"self":[{"href":"https:\/\/maquinasparafabricarbolsas.co\/es\/wp-json\/wp\/v2\/product\/29806","targetHints":{"allow":["GET"]}}],"collection":[{"href":"https:\/\/maquinasparafabricarbolsas.co\/es\/wp-json\/wp\/v2\/product"}],"about":[{"href":"https:\/\/maquinasparafabricarbolsas.co\/es\/wp-json\/wp\/v2\/types\/product"}],"replies":[{"embeddable":true,"href":"https:\/\/maquinasparafabricarbolsas.co\/es\/wp-json\/wp\/v2\/comments?post=29806"}],"version-history":[{"count":4,"href":"https:\/\/maquinasparafabricarbolsas.co\/es\/wp-json\/wp\/v2\/product\/29806\/revisions"}],"predecessor-version":[{"id":30218,"href":"https:\/\/maquinasparafabricarbolsas.co\/es\/wp-json\/wp\/v2\/product\/29806\/revisions\/30218"}],"wp:featuredmedia":[{"embeddable":true,"href":"https:\/\/maquinasparafabricarbolsas.co\/es\/wp-json\/wp\/v2\/media\/29848"}],"wp:attachment":[{"href":"https:\/\/maquinasparafabricarbolsas.co\/es\/wp-json\/wp\/v2\/media?parent=29806"}],"wp:term":[{"taxonomy":"product_brand","embeddable":true,"href":"https:\/\/maquinasparafabricarbolsas.co\/es\/wp-json\/wp\/v2\/product_brand?post=29806"},{"taxonomy":"product_cat","embeddable":true,"href":"https:\/\/maquinasparafabricarbolsas.co\/es\/wp-json\/wp\/v2\/product_cat?post=29806"},{"taxonomy":"product_tag","embeddable":true,"href":"https:\/\/maquinasparafabricarbolsas.co\/es\/wp-json\/wp\/v2\/product_tag?post=29806"}],"curies":[{"name":"wp","href":"https:\/\/api.w.org\/{rel}","templated":true}]}}